{"id":219939,"date":"2025-11-06T13:29:55","date_gmt":"2025-11-06T13:29:55","guid":{"rendered":"https:\/\/www.hqts.com\/chi-siamo\/accreditamenti-e-certificazioni\/"},"modified":"2025-11-06T13:31:47","modified_gmt":"2025-11-06T13:31:47","slug":"accreditamenti-e-certificazioni","status":"publish","type":"page","link":"https:\/\/www.hqts.com\/it\/chi-siamo\/accreditamenti-e-certificazioni\/","title":{"rendered":"Accreditamenti e Certificazioni"},"content":{"rendered":"<h4><strong>Accreditamenti e Certificazioni<\/strong><\/h4>\n<p><strong>L\u2019ambiente normativo \u00e8 in continua evoluzione ed \u00e8 sempre pi\u00f9 importante restare aggiornati per ridurre i rischi, abbassare i costi, proteggere il valore del marchio e mantenere la fedelt\u00e0 dei clienti. Ovunque tu commercializzi i tuoi prodotti nel mondo, sar\u00e0 probabile dover rispettare determinati standard normativi.<\/strong><\/p>\n<p style=\"text-align: left;\">Le <span style=\"text-decoration: underline;\">ispezioni di controllo qualit\u00e0<\/span> e le soluzioni di <span style=\"text-decoration: underline;\">test sui prodotti<\/span> di consumo di HQTS possono aiutarti a garantire che i tuoi prodotti soddisfino tali standard. Siamo un\u2019organizzazione accreditata CNAS ISO, certificata per eseguire ispezioni di controllo qualit\u00e0 e <span style=\"text-decoration: underline;\">test<\/span> <span style=\"text-decoration: underline;\">ISTA<\/span>, oltre a test di conformit\u00e0 a RoHS, REACH, CPSIA, DMF, CA Prop 65, GB e molti altri standard internazionali.<\/p>\n<p style=\"text-align: justify;\">I nostri accreditamenti e certificazioni includono:<\/p>\n<ul style=\"text-align: justify;\">\n<li>Test di imballaggio certificati ISTA<\/li>\n<li>Accettazione USA CPSC<\/li>\n<li>Approvazione CNAS<\/li>\n<li>Certificato di Qualificazione AQSIQ<\/li>\n<li>Associazione Cinese di Metrologia<\/li>\n<\/ul>\n<p style=\"text-align: justify;\">Siamo inoltre attivi in numerose associazioni di categoria, tra cui:<\/p>\n<ul>\n<li style=\"text-align: justify;\">Federazione Internazionale delle Agenzie di Ispezione<\/li>\n<li style=\"text-align: justify;\">Associazione Nazionale dei Prodotti Sportivi<\/li>\n<\/ul>\n","protected":false},"excerpt":{"rendered":"<p>Accreditamenti e Certificazioni L\u2019ambiente normativo \u00e8 in continua evoluzione ed \u00e8 sempre pi\u00f9 importante restare aggiornati per ridurre i rischi, abbassare i costi, proteggere il valore del marchio e mantenere la fedelt\u00e0 dei clienti. Ovunque tu commercializzi i tuoi prodotti nel mondo, sar\u00e0 probabile dover rispettare determinati standard normativi. Le ispezioni di controllo qualit\u00e0 e [&hellip;]<\/p>\n","protected":false},"author":12,"featured_media":219940,"parent":219931,"menu_order":63,"comment_status":"closed","ping_status":"closed","template":"","meta":{"_acf_changed":false,"footnotes":""},"class_list":["post-219939","page","type-page","status-publish","has-post-thumbnail","hentry"],"acf":[],"_links":{"self":[{"href":"https:\/\/www.hqts.com\/it\/wp-json\/wp\/v2\/pages\/219939","targetHints":{"allow":["GET"]}}],"collection":[{"href":"https:\/\/www.hqts.com\/it\/wp-json\/wp\/v2\/pages"}],"about":[{"href":"https:\/\/www.hqts.com\/it\/wp-json\/wp\/v2\/types\/page"}],"author":[{"embeddable":true,"href":"https:\/\/www.hqts.com\/it\/wp-json\/wp\/v2\/users\/12"}],"replies":[{"embeddable":true,"href":"https:\/\/www.hqts.com\/it\/wp-json\/wp\/v2\/comments?post=219939"}],"version-history":[{"count":1,"href":"https:\/\/www.hqts.com\/it\/wp-json\/wp\/v2\/pages\/219939\/revisions"}],"predecessor-version":[{"id":219951,"href":"https:\/\/www.hqts.com\/it\/wp-json\/wp\/v2\/pages\/219939\/revisions\/219951"}],"up":[{"embeddable":true,"href":"https:\/\/www.hqts.com\/it\/wp-json\/wp\/v2\/pages\/219931"}],"wp:featuredmedia":[{"embeddable":true,"href":"https:\/\/www.hqts.com\/it\/wp-json\/wp\/v2\/media\/219940"}],"wp:attachment":[{"href":"https:\/\/www.hqts.com\/it\/wp-json\/wp\/v2\/media?parent=219939"}],"curies":[{"name":"wp","href":"https:\/\/api.w.org\/{rel}","templated":true}]}}