{"id":219972,"date":"2025-11-06T14:19:22","date_gmt":"2025-11-06T14:19:22","guid":{"rendered":"https:\/\/www.hqts.com\/chi-siamo\/societa-di-ispezione-terza-parte-arabia-saudita\/"},"modified":"2025-11-06T14:20:30","modified_gmt":"2025-11-06T14:20:30","slug":"ispezione-terza-parte-arabia","status":"publish","type":"page","link":"https:\/\/www.hqts.com\/it\/chi-siamo\/ispezione-terza-parte-arabia\/","title":{"rendered":"Societ\u00e0 di Ispezione Terza Parte Arabia Saudita"},"content":{"rendered":"<h2><strong>Servizi di Ispezione Terza Parte in Arabia Saudita<\/strong><\/h2>\n<p><strong>Operi nei settori del petrolio e gas, petrolchimico, edilizio, commerciale o dei beni di consumo? HQTS \u00e8 qui per assisterti.<\/strong><\/p>\n<p>L\u2019Arabia Saudita applica standard e regolamenti rigorosi, con requisiti specifici che spesso rappresentano prerequisiti obbligatori per numerosi progetti. Con decenni di esperienza nel servire la regione del Golfo, HQTS \u00e8 una delle principali societ\u00e0 di ispezione terza parte in Arabia Saudita.<\/p>\n<p>Forniamo servizi di ispezione in citt\u00e0 come <strong>Riyadh, Jeddah, Dammam<\/strong> e <strong>Jubail.<\/strong> I nostri servizi di controllo qualit\u00e0 si estendono a livello globale, coprendo oltre 40 paesi, tra cui Emirati Arabi Uniti, Cina, India e Vietnam, principali centri commerciali e manifatturieri.<\/p>\n<h2><strong>Servizi di Controllo Qualit\u00e0 nel Golfo<\/strong><\/h2>\n<p>Come una delle principali societ\u00e0 di ispezione terza parte in Arabia Saudita, offriamo un\u2019ampia gamma di servizi di test, ispezione e certificazione. I nostri servizi di controllo qualit\u00e0 comprendono ispezioni di prodotto, audit di fornitori e fabbriche, gestione di progetti e certificazione dei prodotti.<\/p>\n<p>I nostri esperti tecnici e ispettori sono certificati e formati in conformit\u00e0 agli standard e alle qualifiche internazionali pi\u00f9 rilevanti, tra cui NACE, ASNT, NDT-UT\/RT\/PT\/MT, CWI e IWI.<\/p>\n<h4><strong>Societ\u00e0 di Ispezione Terza Parte in Arabia Saudita<\/strong><\/h4>\n<p>Quando si importano prodotti da paesi lontani, possono sorgere problemi nella catena di fornitura. HQTS pu\u00f2 effettuare ispezioni di prodotto in ogni fase del processo, dalla pre-produzione alla pre-spedizione, fino al caricamento e scarico dei container. Ispezioniamo tutte le principali categorie di prodotti, tra cui acciaio, valvole, macchinari pesanti, utensili di ricambio, elettronica di consumo, prodotti alimentari e altro.<\/p>\n<p>I nostri ispettori esperti eseguono controlli basati su dimensioni, quantit\u00e0, lavorazione, ispezione visiva, tecniche non distruttive e altro ancora, in base alle tue specifiche o agli standard di settore applicabili.<\/p>\n<h6><strong>Tipologie di Servizi di Ispezione Qualit\u00e0<\/strong><\/h6>\n<ul>\n<li>Ispezione FAT Testimoniale Non Distruttiva<\/li>\n<li><strong><a href=\"https:\/\/www.hqts.com\/it\/i-nostri-servizi\/quality-control-inspections\/ispezione-pre-produzione\/\">Ispezione Prima della Produzione<\/a><\/strong><\/li>\n<li><strong><a href=\"https:\/\/www.hqts.com\/it\/i-nostri-servizi\/quality-control-inspections\/ispezione-durante-la-produzione\/\">Ispezione Durante la Produzione<\/a><\/strong><\/li>\n<li><strong><a href=\"https:\/\/www.hqts.com\/it\/i-nostri-servizi\/quality-control-inspections\/ispezione-pre-spedizione\/\">Ispezione Pre-Spedizione<\/a><\/strong><\/li>\n<li><strong><a href=\"https:\/\/www.hqts.com\/it\/i-nostri-servizi\/quality-control-inspections\/ispezione-pezzo-per-pezzo\/\">Ispezione Pezzo per Pezzo<\/a><\/strong><\/li>\n<li><strong><a href=\"https:\/\/www.hqts.com\/it\/i-nostri-servizi\/quality-control-inspections\/supervisione-del-carico-e-scarico\/\">Supervisione del Carico\/Scarico Container<\/a><\/strong><\/li>\n<\/ul>\n<p>Inoltre, possiamo offrire ispezioni in Cina, India, Emirati Arabi Uniti e altri paesi.<\/p>\n<h4><strong>Ispezione alla Fonte \/ Audit di Fabbrica<\/strong><\/h4>\n<p>Possiamo verificare la legittimit\u00e0 del tuo fornitore o valutare la sua capacit\u00e0 di produrre beni che rispettino i tuoi elevati standard di qualit\u00e0. I nostri <strong><a href=\"https:\/\/www.hqts.com\/it\/factory-supplier-audits\/\">audit di fabbrica<\/a><\/strong> coprono punti chiave, tra cui:<\/p>\n<ul>\n<li>Informazioni legali sull\u2019azienda<\/li>\n<li>Informazioni bancarie<\/li>\n<li>Risorse umane<\/li>\n<li>Capacit\u00e0 produttiva<\/li>\n<li>Sistemi di gestione della qualit\u00e0<\/li>\n<li>Capacit\u00e0 di esportazione<\/li>\n<li>Gestione degli ordini<\/li>\n<\/ul>\n<h4><strong>Test di Prodotto<\/strong><\/h4>\n<p>HQTS gestisce <strong><a href=\"https:\/\/www.hqts.com\/it\/i-nostri-servizi\/test-prodotti-materiali\/\">laboratori accreditati all\u2019estero<\/a><\/strong> per test di prodotto, garantendo la conformit\u00e0 agli standard internazionali come RoHS, REACH e SASO.<\/p>\n<p>Oltre ai nostri laboratori, disponiamo di una vasta rete di laboratori partner in tutto il mondo per assicurare che i tuoi prodotti rispettino gli standard di sicurezza e i requisiti pertinenti.<\/p>\n<h4><strong>Servizi di Certificazione Governativa e di Prodotto<\/strong><\/h4>\n<p>HQTS possiede un\u2019ampia esperienza in materia di regolamenti e standard tecnici e partecipa a diversi programmi di valutazione della conformit\u00e0 dei prodotti in tutto il mondo.<\/p>\n<p>Possiamo rilasciare certificati di conformit\u00e0 in vari paesi, tra cui <strong><a href=\"https:\/\/www.hqts.com\/our-services\/uganda-pvoc\/\">Uganda PVoC<\/a><\/strong> e altri.<\/p>\n<h4><strong>Altri Servizi di Controllo Qualit\u00e0 in Arabia Saudita<\/strong><\/h4>\n<p>Oltre ai servizi sopra citati, offriamo anche <strong><a href=\"https:\/\/www.hqts.com\/it\/i-nostri-servizi\/consulenza-controllo-qualita\/servizio-di-formazione\/\">formazione sui sistemi di gestione della qualit\u00e0<\/a><\/strong>, <strong><a href=\"https:\/\/www.hqts.com\/it\/i-nostri-servizi\/audit-di-fabbrica\/audit-di-conformita-sociale\/\">audit di conformit\u00e0 sociale<\/a><\/strong> e <strong><a href=\"https:\/\/www.hqts.com\/it\/sezione-conformita\/\">consulenza in materia di conformit\u00e0 dei prodotti<\/a><\/strong>.<\/p>\n<h2><strong>Accreditamenti<\/strong><\/h2>\n<ul>\n<li>CNAS secondo ISO 17020 e 17025<\/li>\n<li>Membro del Testing Inspection and Certification Council<\/li>\n<li>Ispettori certificati NACE, ASNT, NDT-UT\/RT\/PT\/MT, CWI e IWI<\/li>\n<\/ul>\n<p>&nbsp;<\/p>\n<p><strong><a href=\"https:\/\/www.hqts.com\/it\/contatti\/\">Contatta HQTS<\/a><\/strong> oggi per scoprire come i nostri servizi di ispezione terza parte in Arabia Saudita possono aiutarti a ottenere la qualit\u00e0 che meriti.<\/p>\n","protected":false},"excerpt":{"rendered":"<p>Servizi di Ispezione Terza Parte in Arabia Saudita Operi nei settori del petrolio e gas, petrolchimico, edilizio, commerciale o dei beni di consumo? HQTS \u00e8 qui per assisterti. L\u2019Arabia Saudita applica standard e regolamenti rigorosi, con requisiti specifici che spesso rappresentano prerequisiti obbligatori per numerosi progetti. Con decenni di esperienza nel servire la regione del [&hellip;]<\/p>\n","protected":false},"author":17,"featured_media":219974,"parent":219931,"menu_order":0,"comment_status":"closed","ping_status":"closed","template":"","meta":{"_acf_changed":false,"footnotes":""},"class_list":["post-219972","page","type-page","status-publish","has-post-thumbnail","hentry"],"acf":[],"_links":{"self":[{"href":"https:\/\/www.hqts.com\/it\/wp-json\/wp\/v2\/pages\/219972","targetHints":{"allow":["GET"]}}],"collection":[{"href":"https:\/\/www.hqts.com\/it\/wp-json\/wp\/v2\/pages"}],"about":[{"href":"https:\/\/www.hqts.com\/it\/wp-json\/wp\/v2\/types\/page"}],"author":[{"embeddable":true,"href":"https:\/\/www.hqts.com\/it\/wp-json\/wp\/v2\/users\/17"}],"replies":[{"embeddable":true,"href":"https:\/\/www.hqts.com\/it\/wp-json\/wp\/v2\/comments?post=219972"}],"version-history":[{"count":1,"href":"https:\/\/www.hqts.com\/it\/wp-json\/wp\/v2\/pages\/219972\/revisions"}],"predecessor-version":[{"id":219985,"href":"https:\/\/www.hqts.com\/it\/wp-json\/wp\/v2\/pages\/219972\/revisions\/219985"}],"up":[{"embeddable":true,"href":"https:\/\/www.hqts.com\/it\/wp-json\/wp\/v2\/pages\/219931"}],"wp:featuredmedia":[{"embeddable":true,"href":"https:\/\/www.hqts.com\/it\/wp-json\/wp\/v2\/media\/219974"}],"wp:attachment":[{"href":"https:\/\/www.hqts.com\/it\/wp-json\/wp\/v2\/media?parent=219972"}],"curies":[{"name":"wp","href":"https:\/\/api.w.org\/{rel}","templated":true}]}}