{"id":219986,"date":"2025-11-06T14:28:41","date_gmt":"2025-11-06T14:28:41","guid":{"rendered":"https:\/\/www.hqts.com\/chi-siamo\/societa-di-ispezione-terza-parte-singapore\/"},"modified":"2025-11-06T14:29:25","modified_gmt":"2025-11-06T14:29:25","slug":"ispezione-terza-parte-singapore","status":"publish","type":"page","link":"https:\/\/www.hqts.com\/it\/chi-siamo\/ispezione-terza-parte-singapore\/","title":{"rendered":"Societ\u00e0 di Ispezione Terza Parte Singapore"},"content":{"rendered":"<h2><strong>Servizi di Ispezione Terza Parte a Singapore<\/strong><\/h2>\n<p><strong>Singapore \u00e8 un importante centro economico e finanziario del Sud-Est asiatico. Con infrastrutture altamente sviluppate e uno dei porti di trasbordo container pi\u00f9 trafficati al mondo, il Paese svolge un ruolo fondamentale nel commercio internazionale.<\/strong><\/p>\n<p>Singapore vanta un\u2019industria manifatturiera fiorente, con particolare attenzione ai settori dell\u2019elettronica, petrolchimico, aerospaziale, marittimo e offshore. \u00c8 inoltre un importante hub commerciale globale attraverso cui transitano numerosi prodotti. HQTS \u00e8 presente su tutto il territorio nazionale e pu\u00f2 assisterti con servizi di controllo qualit\u00e0 sia localmente che a livello internazionale, in aree chiave di produzione come Cina, India e oltre 40 paesi in tutto il mondo.<\/p>\n<h2><strong>Societ\u00e0 di Controllo Qualit\u00e0 a Singapore<\/strong><\/h2>\n<p>HQTS offre servizi di controllo qualit\u00e0 personalizzati per una vasta gamma di prodotti. I nostri esperti e ispettori certificati e formati secondo gli standard e le qualifiche internazionali hanno conquistato la fiducia di oltre 15.000 marchi internazionali in tutto il mondo.<\/p>\n<h2><strong>Servizi di Ispezione Terza Parte a Singapore<\/strong><\/h2>\n<p>Come una delle principali societ\u00e0 di ispezione terza parte in Asia, possiamo eseguire ispezioni su praticamente qualsiasi categoria di prodotto, dall\u2019elettronica e prodotti elettrici ai tessuti, abbigliamento, prodotti in acciaio e pannelli solari. Che tu stia cercando societ\u00e0 di ispezione terza parte in <strong><a href=\"https:\/\/www.hqts.com\/who-we-are\/quality-control-company-china\/\">Cina<\/a><\/strong>, <strong><a href=\"https:\/\/www.hqts.com\/who-we-are\/quality-control-company-malaysia\/\">Malesia<\/a><\/strong>, <strong><a href=\"https:\/\/www.hqts.com\/who-we-are\/quality-control-company-india\/\">India<\/a><\/strong> o <strong><a href=\"https:\/\/www.hqts.com\/who-we-are\/quality-control-company-vietnam\/\">Vietnam<\/a><\/strong>, e indipendentemente dalla fase della tua catena di fornitura, siamo qui per supportare la tua attivit\u00e0.<\/p>\n<p>I nostri ispettori valuteranno i tuoi prodotti in base a diversi criteri, tra cui dimensioni, verifica delle quantit\u00e0, lavorazione, funzionalit\u00e0, ispezione visiva e altri fattori, in conformit\u00e0 con le tue specifiche o gli standard di settore applicabili.<\/p>\n<h6><strong>Tipologie di Servizi di Ispezione Qualit\u00e0<\/strong><\/h6>\n<ul>\n<li>Ispezione FAT Testimoniale Non Distruttiva<\/li>\n<li><strong><a href=\"https:\/\/www.hqts.com\/it\/i-nostri-servizi\/quality-control-inspections\/ispezione-pre-spedizione\/\">Ispezione del Primo Articolo<\/a><\/strong><\/li>\n<li><strong><a href=\"https:\/\/www.hqts.com\/it\/i-nostri-servizi\/quality-control-inspections\/ispezione-pre-produzione\/\">Ispezione Prima della Produzione<\/a><\/strong><\/li>\n<li><strong><a href=\"https:\/\/www.hqts.com\/it\/i-nostri-servizi\/quality-control-inspections\/ispezione-durante-la-produzione\/\">Ispezione Durante la Produzione<\/a><\/strong><\/li>\n<li><strong><a href=\"https:\/\/www.hqts.com\/it\/i-nostri-servizi\/quality-control-inspections\/ispezione-pezzo-per-pezzo\/\">Ispezione Pezzo per Pezzo<\/a><\/strong><\/li>\n<li><strong><a href=\"https:\/\/www.hqts.com\/it\/i-nostri-servizi\/quality-control-inspections\/supervisione-del-carico-e-scarico\/\">Supervisione del Carico\/Scarico Container<\/a><\/strong><\/li>\n<\/ul>\n<h2><strong>Ispezione alla Fonte \/ Audit di Fabbrica<\/strong><\/h2>\n<div class=\"flex-1 overflow-hidden\">\n<div class=\"react-scroll-to-bottom--css-tejec-79elbk h-full\">\n<div class=\"react-scroll-to-bottom--css-tejec-1n7m0yu\">\n<div class=\"flex flex-col pb-9 text-sm\">\n<div class=\"w-full text-token-text-primary\" data-testid=\"conversation-turn-25\">\n<div class=\"px-4 py-2 justify-center text-base md:gap-6 m-auto\">\n<div class=\"flex flex-1 text-base mx-auto gap-3 md:px-5 lg:px-1 xl:px-5 md:max-w-3xl lg:max-w-[40rem] xl:max-w-[48rem] group final-completion\">\n<div class=\"relative flex w-full flex-col lg:w-[calc(100%-115px)] agent-turn\">\n<div class=\"flex-col gap-1 md:gap-3\">\n<div class=\"flex flex-grow flex-col max-w-full\">\n<div class=\"min-h-[20px] text-message flex flex-col items-start gap-3 whitespace-pre-wrap break-words [.text-message+&amp;]:mt-5 overflow-x-auto\" data-message-author-role=\"assistant\" data-message-id=\"0020aaca-849e-40da-8a54-e56ce49e78ab\">\n<div class=\"markdown prose w-full break-words dark:prose-invert light\">\n<p>Comprendiamo l\u2019importanza di collaborare con fornitori affidabili e competenti. Possiamo condurre <strong><a href=\"https:\/\/www.hqts.com\/it\/i-nostri-servizi\/audit-di-fabbrica\/\">audit su fornitori e fabbriche<\/a><\/strong> per verificare la legittimit\u00e0 e le capacit\u00e0 produttive del tuo fornitore a Singapore o all\u2019estero. Durante questi audit, valutiamo approfonditamente diversi aspetti, tra cui:<\/p>\n<\/div>\n<\/div>\n<\/div>\n<\/div>\n<\/div>\n<\/div>\n<\/div>\n<\/div>\n<\/div>\n<\/div>\n<\/div>\n<\/div>\n<ul>\n<li>Informazioni legali sull\u2019azienda<\/li>\n<li>Informazioni bancarie<\/li>\n<li>Risorse umane<\/li>\n<li>Capacit\u00e0 produttiva<\/li>\n<li>Sistemi di gestione della qualit\u00e0<\/li>\n<li>Capacit\u00e0 di esportazione<br \/>\nGestione degli ordini<\/li>\n<\/ul>\n<h2><strong>Servizi di Conformit\u00e0 dei Prodotti<\/strong><\/h2>\n<p>Con l\u2019espansione delle aziende sui mercati esteri, \u00e8 essenziale garantire che i prodotti rispettino i diversi standard normativi. I nostri <strong><a href=\"https:\/\/www.hqts.com\/it\/sezione-conformita\/\">servizi di conformit\u00e0 dei prodotti<\/a><\/strong> sono progettati per aiutare le imprese di Singapore a gestire la complessit\u00e0 del commercio globale. Offriamo:<\/p>\n<ul>\n<li>Consulenza e formazione sulla legislazione dei prodotti<\/li>\n<li>Valutazione del rischio di conformit\u00e0 dei prodotti<\/li>\n<li>Audit e gestione della documentazione tecnica<\/li>\n<li>Valutazione e soluzioni di sorveglianza del mercato<\/li>\n<\/ul>\n<p>L\u2019ambito di applicazione include, ma non \u00e8 limitato a: TOY, LVD, EMC, GPSD, Materiali da Costruzione, ROHS, ERP, WEEE, Sirim, SS e molti altri.<\/p>\n<h2><strong>Test di Prodotto<\/strong><\/h2>\n<p>HQTS gestisce laboratori accreditati all\u2019estero per <strong><a href=\"https:\/\/www.hqts.com\/it\/i-nostri-servizi\/test-prodotti-materiali\/\">test di prodotto<\/a><\/strong>, garantendo la conformit\u00e0 agli standard internazionali come CE, RoHS e REACH.<\/p>\n<p>Disponiamo inoltre di una vasta rete di laboratori partner in tutto il mondo per garantire che i tuoi prodotti rispettino gli standard di sicurezza e conformit\u00e0 richiesti.<\/p>\n<h2><strong>Conformit\u00e0 ESG a Singapore<\/strong><\/h2>\n<p>La nostra gamma di <strong><a href=\"https:\/\/www.hqts.com\/it\/i-nostri-servizi\/soluzioni-sostenibili\/servizi-esg\/\">servizi di conformit\u00e0 ESG<\/a><\/strong> \u00e8 pensata per aiutare la tua organizzazione a orientarsi nel panorama in evoluzione delle pratiche aziendali responsabili e sostenibili a Singapore. Offriamo servizi che spaziano dalla valutazione della gestione ESG al reporting, fino agli audit ESG dei fornitori e alla consulenza ESG per IPO. I nostri servizi si articolano nei seguenti ambiti:<\/p>\n<ul>\n<li>Audit ESG<\/li>\n<li>Catena di fornitura ESG<\/li>\n<li>Investimenti ESG<\/li>\n<li>Reporting ESG<\/li>\n<li>Consulenza ESG<\/li>\n<li>Formazione ESG<\/li>\n<\/ul>\n<h4><strong>Servizi di Conformit\u00e0 e Certificazione dei Prodotti<\/strong><\/h4>\n<div class=\"flex-1 overflow-hidden\">\n<div class=\"react-scroll-to-bottom--css-qjwrv-79elbk h-full\">\n<div class=\"react-scroll-to-bottom--css-qjwrv-1n7m0yu\">\n<div class=\"flex flex-col pb-9 text-sm\">\n<div class=\"w-full text-token-text-primary\" data-testid=\"conversation-turn-7\">\n<div class=\"px-4 py-2 justify-center text-base md:gap-6 m-auto\">\n<div class=\"flex flex-1 text-base mx-auto gap-3 md:px-5 lg:px-1 xl:px-5 md:max-w-3xl lg:max-w-[40rem] xl:max-w-[48rem] group final-completion\">\n<div class=\"relative flex w-full flex-col lg:w-[calc(100%-115px)] agent-turn\">\n<div class=\"flex-col gap-1 md:gap-3\">\n<div class=\"flex flex-grow flex-col max-w-full\">\n<div class=\"min-h-[20px] text-message flex flex-col items-start gap-3 whitespace-pre-wrap break-words [.text-message+&amp;]:mt-5 overflow-x-auto\" data-message-author-role=\"assistant\" data-message-id=\"73830beb-88cc-4b63-8da8-ed2df75caaba\">\n<div class=\"markdown prose w-full break-words dark:prose-invert light\">\n<p>HQTS possiede una vasta esperienza in materia di regolamenti e standard tecnici. Possiamo rilasciare certificati di conformit\u00e0 in diversi paesi, tra cui <strong><a href=\"https:\/\/www.hqts.com\/our-services\/uganda-pvoc\/\">Uganda PVoC.<\/a><\/strong><\/p>\n<\/div>\n<\/div>\n<\/div>\n<\/div>\n<\/div>\n<\/div>\n<\/div>\n<\/div>\n<\/div>\n<\/div>\n<\/div>\n<\/div>\n<h4><strong>Altri Servizi di Controllo Qualit\u00e0<\/strong><\/h4>\n<p>Oltre ai servizi di garanzia qualit\u00e0 sopra menzionati, offriamo:<\/p>\n<ul>\n<li><strong><a href=\"https:\/\/www.hqts.com\/it\/i-nostri-servizi\/ingegneria-della-qualita\/monitoraggio-della-produzione\/\">Monitoraggio della Produzione<\/a><\/strong><\/li>\n<li><strong><a href=\"https:\/\/www.hqts.com\/it\/i-nostri-servizi\/test-prodotti-materiali\/test-di-imballaggio-e-trasporto\/\">Test di Imballaggio ISTA<\/a><\/strong><\/li>\n<li><strong><a href=\"https:\/\/www.hqts.com\/it\/i-nostri-servizi\/ingegneria-della-qualita\/ingegneria-qualita-fornitori\/\">Ingegneria della Qualit\u00e0 dei Fornitori<\/a><\/strong><\/li>\n<li><strong><a href=\"https:\/\/www.hqts.com\/it\/i-nostri-servizi\/ispezioni-controllo-qualita\/ispezioni-alimentari-e-agricole\/\">Ispezioni Alimentari<\/a><\/strong><\/li>\n<\/ul>\n<p><strong><a href=\"https:\/\/www.hqts.com\/it\/contatti\/\">Contattaci<\/a><\/strong> oggi per scoprire di pi\u00f9 sui nostri servizi di controllo qualit\u00e0.<\/p>\n","protected":false},"excerpt":{"rendered":"<p>Servizi di Ispezione Terza Parte a Singapore Singapore \u00e8 un importante centro economico e finanziario del Sud-Est asiatico. Con infrastrutture altamente sviluppate e uno dei porti di trasbordo container pi\u00f9 trafficati al mondo, il Paese svolge un ruolo fondamentale nel commercio internazionale. Singapore vanta un\u2019industria manifatturiera fiorente, con particolare attenzione ai settori dell\u2019elettronica, petrolchimico, aerospaziale, [&hellip;]<\/p>\n","protected":false},"author":17,"featured_media":219988,"parent":219931,"menu_order":0,"comment_status":"closed","ping_status":"closed","template":"","meta":{"_acf_changed":false,"footnotes":""},"class_list":["post-219986","page","type-page","status-publish","has-post-thumbnail","hentry"],"acf":[],"_links":{"self":[{"href":"https:\/\/www.hqts.com\/it\/wp-json\/wp\/v2\/pages\/219986","targetHints":{"allow":["GET"]}}],"collection":[{"href":"https:\/\/www.hqts.com\/it\/wp-json\/wp\/v2\/pages"}],"about":[{"href":"https:\/\/www.hqts.com\/it\/wp-json\/wp\/v2\/types\/page"}],"author":[{"embeddable":true,"href":"https:\/\/www.hqts.com\/it\/wp-json\/wp\/v2\/users\/17"}],"replies":[{"embeddable":true,"href":"https:\/\/www.hqts.com\/it\/wp-json\/wp\/v2\/comments?post=219986"}],"version-history":[{"count":1,"href":"https:\/\/www.hqts.com\/it\/wp-json\/wp\/v2\/pages\/219986\/revisions"}],"predecessor-version":[{"id":219999,"href":"https:\/\/www.hqts.com\/it\/wp-json\/wp\/v2\/pages\/219986\/revisions\/219999"}],"up":[{"embeddable":true,"href":"https:\/\/www.hqts.com\/it\/wp-json\/wp\/v2\/pages\/219931"}],"wp:featuredmedia":[{"embeddable":true,"href":"https:\/\/www.hqts.com\/it\/wp-json\/wp\/v2\/media\/219988"}],"wp:attachment":[{"href":"https:\/\/www.hqts.com\/it\/wp-json\/wp\/v2\/media?parent=219986"}],"curies":[{"name":"wp","href":"https:\/\/api.w.org\/{rel}","templated":true}]}}