{"id":220000,"date":"2025-11-06T14:35:15","date_gmt":"2025-11-06T14:35:15","guid":{"rendered":"https:\/\/www.hqts.com\/chi-siamo\/societa-di-ispezione-terza-parte-turchia-servizi-di-controllo-qualita\/"},"modified":"2025-11-06T14:35:59","modified_gmt":"2025-11-06T14:35:59","slug":"ispezione-terza-parte-turchia","status":"publish","type":"page","link":"https:\/\/www.hqts.com\/it\/chi-siamo\/ispezione-terza-parte-turchia\/","title":{"rendered":"Societ\u00e0 di Ispezione Terza Parte Turchia &#8211; Servizi di Controllo Qualit\u00e0"},"content":{"rendered":"<h2><strong>Servizi di Ispezione Terza Parte in Turchia<\/strong><\/h2>\n<p><strong>La Turchia \u00e8 diventata un importante polo manifatturiero. Oggi il Paese produce automobili, componenti automobilistici, beni di consumo, elettronica e prodotti tessili per il mercato globale, rendendolo una destinazione molto attraente per gli acquirenti internazionali.<\/strong><\/p>\n<p>Tuttavia, verificare la qualit\u00e0 dei prodotti pu\u00f2 risultare difficile quando il fornitore si trova lontano. In qualit\u00e0 di azienda leader nei servizi di ispezione in Turchia, HQTS copre i principali centri produttivi, tra cui Istanbul, Kocaeli, Bursa, Izmir e Gaziantep, oltre a pi\u00f9 di 40 paesi in tutto il mondo.<\/p>\n<h2><strong>Societ\u00e0 di Controllo Qualit\u00e0 in Turchia<\/strong><\/h2>\n<p>La nostra azienda fornisce servizi di test, ispezione e certificazione per tutti i tipi di prodotti. I nostri esperti tecnici e ispettori sono certificati e formati in conformit\u00e0 agli standard e alle qualifiche internazionali, tra cui NACE, ASNT, NDT-UT\/RT\/PT\/MT, CWI e IWI.<\/p>\n<h4><strong>Servizi di Ispezione Qualit\u00e0 Terza Parte in Turchia<\/strong><\/h4>\n<p>HQTS pu\u00f2 effettuare ispezioni di qualit\u00e0 in Turchia in qualsiasi fase della catena di fornitura, dalla pre-produzione all\u2019ispezione in linea fino al caricamento dei container. I nostri ispettori esperti sono altamente qualificati nell\u2019ispezione di tessuti, mobili, componenti automobilistici, elettronica, macchinari, prodotti in acciaio e altro ancora.<\/p>\n<p>Le nostre ispezioni valutano i prodotti in base a dimensioni, verifica delle quantit\u00e0, lavorazione, funzionalit\u00e0, ispezione visiva e altri criteri, secondo le tue specifiche o gli standard di settore applicabili.<\/p>\n<h6><strong>Tipologie di Servizi di Ispezione Qualit\u00e0<\/strong><\/h6>\n<ul>\n<li>Ispezione FAT Testimoniale Non Distruttiva<\/li>\n<li><strong><a href=\"https:\/\/www.hqts.com\/it\/i-nostri-servizi\/quality-control-inspections\/ispezione-pre-produzione\/\">Ispezione Prima della Produzione<\/a><\/strong><\/li>\n<li><strong><a href=\"https:\/\/www.hqts.com\/it\/i-nostri-servizi\/quality-control-inspections\/ispezione-durante-la-produzione\/\">Ispezione Durante la Produzione<\/a><\/strong><\/li>\n<li><strong><a href=\"https:\/\/www.hqts.com\/it\/i-nostri-servizi\/quality-control-inspections\/ispezione-pre-spedizione\/\">Ispezione Pre-Spedizione<\/a><\/strong><\/li>\n<li><strong><a href=\"https:\/\/www.hqts.com\/it\/i-nostri-servizi\/quality-control-inspections\/ispezione-pezzo-per-pezzo\/\">Ispezione Pezzo per Pezzo<\/a><\/strong><\/li>\n<li><strong><a href=\"https:\/\/www.hqts.com\/it\/i-nostri-servizi\/quality-control-inspections\/supervisione-del-carico-e-scarico\/\">Supervisione del Carico\/Scarico Container<\/a><\/strong><\/li>\n<\/ul>\n<p>I nostri servizi di ispezione si estendono oltre la Turchia, includendo paesi come Cina, Emirati Arabi Uniti, India e altri ancora.<\/p>\n<h4><strong>Ispezione alla Fonte \/ Audit di Fabbrica<\/strong><\/h4>\n<p>Comprendiamo l\u2019importanza di collaborare con fornitori affidabili e qualificati. I nostri audit di fabbrica ti aiutano a verificare la legittimit\u00e0 e le capacit\u00e0 del tuo fornitore. Gli <strong><a href=\"https:\/\/www.hqts.com\/it\/i-nostri-servizi\/audit-di-fabbrica\/\">audit in Turchia<\/a><\/strong> prendono in considerazione diversi criteri, tra cui:<\/p>\n<ul>\n<li>Informazioni legali sull\u2019azienda<\/li>\n<li>Informazioni bancarie<\/li>\n<li>Risorse umane<\/li>\n<li>Capacit\u00e0 produttiva<\/li>\n<li>Sistemi di gestione della qualit\u00e0<\/li>\n<li>Capacit\u00e0 di esportazione<\/li>\n<li>Gestione degli ordini<\/li>\n<\/ul>\n<h4><strong>Test di Prodotto<\/strong><\/h4>\n<p>HQTS gestisce laboratori accreditati all\u2019estero per i test di prodotto, garantendo la conformit\u00e0 agli standard di settore come CE, RoHS e REACH.<\/p>\n<p>Collaboriamo inoltre con una rete globale di laboratori partner per assicurare che i tuoi prodotti siano sicuri e conformi agli standard richiesti.<\/p>\n<h4><strong>Servizi di Conformit\u00e0 e Certificazione dei Prodotti<\/strong><\/h4>\n<p>HQTS dispone di un\u2019ampia esperienza in materia di regolamenti e standard tecnici e partecipa a <strong><a href=\"https:\/\/www.hqts.com\/it\/i-nostri-servizi\/certificato-di-conformita\/\">programmi di valutazione della conformit\u00e0<\/a><\/strong> dei prodotti in tutto il mondo.<\/p>\n<p>Possiamo rilasciare certificati di conformit\u00e0 in diversi paesi, tra cui <strong><a href=\"https:\/\/www.hqts.com\/our-services\/uganda-pvoc\/\">Uganda PVoC<\/a><\/strong> e altri.<\/p>\n<h4><strong>Altri Servizi di Controllo Qualit\u00e0<\/strong><\/h4>\n<p>Oltre ai servizi di garanzia qualit\u00e0 sopra menzionati, offriamo anche:<\/p>\n<ul>\n<li>Monitoraggio della Produzione<\/li>\n<li>Consulenza sulla Conformit\u00e0 dei Prodotti<\/li>\n<li>Ispezioni Alimentari<\/li>\n<\/ul>\n<p>e molti altri servizi. <strong><a href=\"https:\/\/www.hqts.com\/it\/contatti\/\">Contattaci oggi<\/a><\/strong> per saperne di pi\u00f9 sui nostri servizi di controllo qualit\u00e0 in Turchia.<\/p>\n","protected":false},"excerpt":{"rendered":"<p>Servizi di Ispezione Terza Parte in Turchia La Turchia \u00e8 diventata un importante polo manifatturiero. Oggi il Paese produce automobili, componenti automobilistici, beni di consumo, elettronica e prodotti tessili per il mercato globale, rendendolo una destinazione molto attraente per gli acquirenti internazionali. Tuttavia, verificare la qualit\u00e0 dei prodotti pu\u00f2 risultare difficile quando il fornitore si [&hellip;]<\/p>\n","protected":false},"author":17,"featured_media":220002,"parent":219931,"menu_order":0,"comment_status":"closed","ping_status":"closed","template":"","meta":{"_acf_changed":false,"footnotes":""},"class_list":["post-220000","page","type-page","status-publish","has-post-thumbnail","hentry"],"acf":[],"_links":{"self":[{"href":"https:\/\/www.hqts.com\/it\/wp-json\/wp\/v2\/pages\/220000","targetHints":{"allow":["GET"]}}],"collection":[{"href":"https:\/\/www.hqts.com\/it\/wp-json\/wp\/v2\/pages"}],"about":[{"href":"https:\/\/www.hqts.com\/it\/wp-json\/wp\/v2\/types\/page"}],"author":[{"embeddable":true,"href":"https:\/\/www.hqts.com\/it\/wp-json\/wp\/v2\/users\/17"}],"replies":[{"embeddable":true,"href":"https:\/\/www.hqts.com\/it\/wp-json\/wp\/v2\/comments?post=220000"}],"version-history":[{"count":1,"href":"https:\/\/www.hqts.com\/it\/wp-json\/wp\/v2\/pages\/220000\/revisions"}],"predecessor-version":[{"id":220014,"href":"https:\/\/www.hqts.com\/it\/wp-json\/wp\/v2\/pages\/220000\/revisions\/220014"}],"up":[{"embeddable":true,"href":"https:\/\/www.hqts.com\/it\/wp-json\/wp\/v2\/pages\/219931"}],"wp:featuredmedia":[{"embeddable":true,"href":"https:\/\/www.hqts.com\/it\/wp-json\/wp\/v2\/media\/220002"}],"wp:attachment":[{"href":"https:\/\/www.hqts.com\/it\/wp-json\/wp\/v2\/media?parent=220000"}],"curies":[{"name":"wp","href":"https:\/\/api.w.org\/{rel}","templated":true}]}}