{"id":220016,"date":"2025-11-06T14:51:40","date_gmt":"2025-11-06T14:51:40","guid":{"rendered":"https:\/\/www.hqts.com\/chi-siamo\/controllo-qualita-in-cina\/"},"modified":"2025-11-06T14:52:42","modified_gmt":"2025-11-06T14:52:42","slug":"controllo-qualita-in-cina","status":"publish","type":"page","link":"https:\/\/www.hqts.com\/it\/chi-siamo\/controllo-qualita-in-cina\/","title":{"rendered":"Controllo Qualit\u00e0 in Cina"},"content":{"rendered":"<h4><strong>HQTS \u00e8 la tua societ\u00e0 di controllo qualit\u00e0 per il mercato cinese<\/strong><\/h4>\n<p style=\"text-align: left;\">HQTS \u00e8 la tua azienda di riferimento per il controllo qualit\u00e0 in Cina, offrendo supporto diretto con ispezioni, audit, test di laboratorio e verifiche di conformit\u00e0. Con 30 anni di esperienza in una vasta gamma di settori, HQTS ti aiuta a mantenere il controllo sulla qualit\u00e0 dei prodotti, rispettare i requisiti degli acquirenti e affrontare le complessit\u00e0 della produzione in Cina.<\/p>\n<div style=\"width: 800px;\" class=\"wp-video\"><!--[if lt IE 9]><script>document.createElement('video');<\/script><![endif]-->\n<video class=\"wp-video-shortcode\" id=\"video-220016-1\" width=\"800\" height=\"450\" poster=\"https:\/\/www.hqts.com\/wp-content\/uploads\/2025\/03\/HQTS-img.png\" preload=\"metadata\" controls=\"controls\"><source type=\"video\/mp4\" src=\"https:\/\/www.hqts.com\/wp-content\/uploads\/2025\/03\/1145_raw.mp4?_=1\" \/><a href=\"https:\/\/www.hqts.com\/wp-content\/uploads\/2025\/03\/1145_raw.mp4\">https:\/\/www.hqts.com\/wp-content\/uploads\/2025\/03\/1145_raw.mp4<\/a><\/video><\/div>\n<p>&nbsp;<\/p>\n<h4 style=\"text-align: justify;\"><strong>I nostri Servizi di Controllo Qualit\u00e0 in Cina<\/strong><\/h4>\n<p style=\"text-align: justify;\"><strong>Fondata nel 1987<\/strong>, HQTS \u00e8 una delle principali societ\u00e0 di ispezione qualit\u00e0 in Cina, fornendo ispezioni in fabbrica, ispezioni sul campo, test di prodotti di consumo, gestione e controllo della produzione, e consulenza sul controllo qualit\u00e0 in tutto il paese.<\/p>\n<p style=\"text-align: left;\">HQTS offre servizi completi di garanzia della qualit\u00e0 a clienti di tutto il mondo, tra cui ispezioni di controllo qualit\u00e0, audit di fabbriche e fornitori, test di prodotti di consumo, gestione della produzione, consulenza e formazione, servizi governativi e commerciali, servizi specializzati, supervisione del carico, supervisione delle merci nei porti e accettazione di apparecchiature industriali ed edifici in tutta l\u2019Asia.<\/p>\n<p>&nbsp;<\/p>\n<p style=\"text-align: justify;\">Abbiamo una rete di uffici locali in tutta la Cina, tra cui <a href=\"https:\/\/www.hqts.com\/it\/chi-siamo\/controllo-qualita-in-cina\/servizi-di-controllo-qualita-a-shanghai\/\">Shanghai<\/a>, <a href=\"https:\/\/www.hqts.com\/it\/chi-siamo\/controllo-qualita-in-cina\/servizi-di-controllo-qualita-a-shenzhen\/\">Shenzhen<\/a>, <a href=\"https:\/\/www.hqts.com\/it\/chi-siamo\/controllo-qualita-in-cina\/servizi-di-controllo-qualita-a-dongguan\/\">Dongguan<\/a>, <a href=\"https:\/\/www.hqts.com\/it\/chi-siamo\/controllo-qualita-in-cina\/servizi-di-controllo-qualita-a-hong-kong\/\">Hong Kong<\/a>, <a href=\"https:\/\/www.hqts.com\/it\/chi-siamo\/controllo-qualita-in-cina\/servizi-di-controllo-qualita-a-ningbo-zhejiang\/\">Ningbo<\/a>, <a href=\"https:\/\/www.hqts.com\/it\/chi-siamo\/controllo-qualita-in-cina\/servizi-di-controllo-qualita-a-hangzhou\/\">Hangzhou<\/a>, Urumqi, <a href=\"https:\/\/www.hqts.com\/it\/chi-siamo\/controllo-qualita-in-cina\/servizi-di-controllo-qualita-a-yiwu\/\">Yiwu<\/a>, Zhengzhou e molte altre citt\u00e0. Questi uffici, insieme ai nostri numerosi centri operativi, ci permettono di offrire un supporto completo ai nostri clienti in tutto il territorio cinese.<\/p>\n<p><img fetchpriority=\"high\" decoding=\"async\" class=\"aligncenter size-full wp-image-190504\" src=\"https:\/\/www.hqts.com\/wp-content\/uploads\/2025\/05\/DSC02670-scaled.jpg\" alt=\"\" width=\"2560\" height=\"1708\" srcset=\"https:\/\/www.hqts.com\/wp-content\/uploads\/2025\/05\/DSC02670-scaled.jpg 2560w, https:\/\/www.hqts.com\/wp-content\/uploads\/2025\/05\/DSC02670-300x200.jpg 300w, https:\/\/www.hqts.com\/wp-content\/uploads\/2025\/05\/DSC02670-1024x683.jpg 1024w, https:\/\/www.hqts.com\/wp-content\/uploads\/2025\/05\/DSC02670-768x512.jpg 768w, https:\/\/www.hqts.com\/wp-content\/uploads\/2025\/05\/DSC02670-1536x1025.jpg 1536w, https:\/\/www.hqts.com\/wp-content\/uploads\/2025\/05\/DSC02670-2048x1366.jpg 2048w\" sizes=\"(max-width: 2560px) 100vw, 2560px\" \/><\/p>\n<h4 style=\"text-align: start;\"><strong>Ispezioni di Controllo Qualit\u00e0<\/strong><\/h4>\n<p style=\"text-align: left;\">Le ispezioni di controllo qualit\u00e0 in varie fasi del processo produttivo aiutano a monitorare la qualit\u00e0 dei prodotti per garantire che i requisiti vengano rispettati e supportare una consegna puntuale. HQTS offre ispezioni in fabbrica e supervisione del carico per garantire che i prodotti soddisfino gli standard richiesti. Offriamo le seguenti tipologie di ispezione QC in Cina:<\/p>\n<ul style=\"text-align: justify;\">\n<li><a href=\"https:\/\/www.hqts.com\/our-services\/quality-control-inspections\/pre-production-inspection\/\">Ispezioni Pre-Produzione<\/a><\/li>\n<li><a href=\"https:\/\/www.hqts.com\/it\/i-nostri-servizi\/quality-control-inspections\/ispezione-durante-la-produzione\/\">Ispezioni Durante la Produzione<\/a><\/li>\n<li><a href=\"https:\/\/www.hqts.com\/it\/i-nostri-servizi\/quality-control-inspections\/ispezione-pre-spedizione\/\">Ispezioni Pre-Spedizione<\/a><\/li>\n<li><a href=\"https:\/\/www.hqts.com\/our-services\/piece-by-piece\/\">Ispezioni Pezzo per Pezzo<\/a><\/li>\n<li><a href=\"https:\/\/www.hqts.com\/our-services\/quality-control-inspections\/container-loading-inspection\/\">Ispezioni di Carico Container<\/a><\/li>\n<li><a href=\"https:\/\/www.hqts.com\/our-services\/sample-checking\/\">Controllo Campioni<\/a><\/li>\n<li><a href=\"https:\/\/www.hqts.com\/our-services\/metal-detection\/\">Rilevamento Metalli<\/a><\/li>\n<li><a href=\"https:\/\/www.hqts.com\/it\/i-nostri-servizi\/quality-control-inspections\/supervisione-del-carico-e-scarico\/\">Ispezioni di Carico\/Scarico<\/a><\/li>\n<\/ul>\n<h4 style=\"text-align: justify;\"><strong>Test di Prodotti di Consumo<\/strong><\/h4>\n<p style=\"text-align: left;\">HQTS \u00e8 accreditata per testare in conformit\u00e0 con tutti i principali standard normativi per l\u2019importazione di prodotti di consumo. Garantiamo la conformit\u00e0 e la sicurezza dei prodotti eseguendo i test nei nostri laboratori centrali di Hangzhou. Offriamo i seguenti servizi di test in Cina:<\/p>\n<ul style=\"text-align: justify;\">\n<li><a href=\"https:\/\/www.hqts.com\/our-services\/chemical-testing\/\">Test Chimici<\/a><\/li>\n<li><a href=\"https:\/\/www.hqts.com\/our-services\/reach-testing\/\">Test REACH<\/a><\/li>\n<li><a href=\"https:\/\/www.hqts.com\/it\/guide-rohs-compliance-testing\/rohs-testing\/\">Test RoHS<\/a><\/li>\n<li><a href=\"https:\/\/www.hqts.com\/our-services\/cpsia-testing\/\">Test CPSIA<\/a><\/li>\n<li><a href=\"https:\/\/www.hqts.com\/our-services\/ista-package-test\/\">Test di Imballaggio ISTA<\/a><\/li>\n<\/ul>\n<h5><\/h5>\n<h5><strong>I Nostri Laboratori di Test per Prodotti di Consumo<\/strong><\/h5>\n<ul>\n<li style=\"list-style-type: none;\">\n<ul>\n<li><strong>Hangzhou, Cina<\/strong> &#8211; Laboratorio di 7.400 m\u00b2 per test chimici, funzionali, di sicurezza, tessili e di imballaggio.<\/li>\n<li><strong>Ningbo, Cina<\/strong> &#8211; Laboratorio per test chimici, tessili, giocattoli, elettronici, elettrici e materiali a contatto con alimenti.<\/li>\n<li><strong>Dongguan, Cina<\/strong> &#8211; Laboratorio di test per calzature.<\/li>\n<\/ul>\n<\/li>\n<\/ul>\n<p><em><strong>Qualifiche Internazionali:<\/strong> ISO\/IEC 17025, CMA, CPSC, ISTA.<\/em><\/p>\n<h4><\/h4>\n<h4 class=\"LC20lb MBeuO DKV0Md\"><strong>Laboratori di Test Industriali<\/strong><\/h4>\n<p>Disponiamo di una vasta rete di laboratori partner per il test di materie prime nelle province di Zhejiang e Guangdong, nonch\u00e9 in altre parti del mondo.<\/p>\n<h4 style=\"text-align: justify;\"><strong>Audit di Fabbrica e Fornitore<\/strong><\/h4>\n<p style=\"text-align: justify;\">Il controllo qualit\u00e0 nelle fabbriche cinesi inizia con gli audit HQTS per valutare capacit\u00e0, prestazioni e standard qualitativi dei fornitori. Esaminiamo impianti, politiche, procedure e registri per verificare la capacit\u00e0 della fabbrica di garantire una qualit\u00e0 costante nel tempo.<\/p>\n<p style=\"text-align: justify;\">I nostri audit forniscono un\u2019analisi dettagliata delle condizioni, dei punti di forza e delle aree di miglioramento del fornitore. Aiutano inoltre le fabbriche a comprendere dove intervenire per soddisfare meglio le esigenze dei clienti.<\/p>\n<p style=\"text-align: justify;\">Nel processo di selezione di nuovi fornitori o di miglioramento delle prestazioni complessive, i nostri audit rappresentano un modo efficace e conveniente per ottimizzare la catena di fornitura. Eseguiamo i seguenti tipi di audit:<\/p>\n<ul style=\"text-align: justify;\">\n<li><a href=\"https:\/\/www.hqts.com\/our-services\/environmental-audits\/\">Audit Ambientali<\/a><\/li>\n<li><a href=\"https:\/\/www.hqts.com\/our-services\/social-compliance-audits\/\">Audit di Conformit\u00e0 Sociale<\/a><\/li>\n<li><a href=\"https:\/\/www.hqts.com\/our-services\/manufacturer-audits\/\">Audit del Produttore<\/a><\/li>\n<li><a href=\"https:\/\/www.hqts.com\/our-services\/building-safety-audits\/\">Audit di Sicurezza Edilizia<\/a><\/li>\n<li><a href=\"https:\/\/www.hqts.com\/our-services\/energy-audits\/\">Audit Energetico<\/a><\/li>\n<li><a href=\"https:\/\/www.hqts.com\/factory-production-control\/\">Controllo della Produzione in Fabbrica<\/a><\/li>\n<\/ul>\n<h4 style=\"text-align: justify;\"><strong>Garanzia di Qualit\u00e0 per l\u2019E-commerce<\/strong><\/h4>\n<p style=\"text-align: justify;\">Negli ultimi anni, l\u2019e-commerce \u00e8 diventato lo stile di consumo pi\u00f9 diffuso. Con l\u2019aumento della supervisione governativa sul mercato online, molte piattaforme e-commerce hanno introdotto regole interne per garantire la qualit\u00e0 dei prodotti venduti. HQTS \u00e8 l\u2019organizzazione ufficiale di ispezione designata da piattaforme cinesi come Taobao, Tmall, Juhuasuan, Vipshop e Mushroom Street. I nostri servizi di controllo qualit\u00e0 lungo l\u2019intera catena di fornitura garantiscono che i prodotti vengano lanciati con successo e rispettino i requisiti di qualit\u00e0 richiesti.<\/p>\n<h4 style=\"text-align: justify;\"><strong>Altri Servizi di Controllo Qualit\u00e0 per la Cina<\/strong><\/h4>\n<p style=\"text-align: justify;\">Oltre ai servizi sopra citati, possiamo aiutarti con:<\/p>\n<ul>\n<li style=\"text-align: justify;\"><a href=\"https:\/\/www.hqts.com\/it\/what-is-production-monitoring-in-quality-control\/production-monitoring\/\">Monitoraggio della Produzione<\/a><\/li>\n<li style=\"text-align: justify;\"><a href=\"https:\/\/www.hqts.com\/it\/i-nostri-servizi\/consulenza-controllo-qualita\/servizio-di-formazione\/\">Formazione<\/a><\/li>\n<li style=\"text-align: justify;\"><a href=\"https:\/\/www.hqts.com\/services\/quality-control-services\/\">Consulenza<\/a><\/li>\n<li style=\"text-align: justify;\"><a href=\"https:\/\/www.hqts.com\/services\/government-and-trade-services\/\">Servizi Governativi e Commerciali<\/a><\/li>\n<\/ul>\n<h4 style=\"text-align: justify;\"><strong>I Nostri Servizi di Controllo Qualit\u00e0 in Cina Coprono i Seguenti Settori:<\/strong><\/h4>\n<h5 style=\"text-align: justify;\"><strong>Controllo Qualit\u00e0 nel Settore Agroalimentare<\/strong><\/h5>\n<p style=\"text-align: left;\">Con il frequente verificarsi di incidenti legati alla sicurezza alimentare, la Cina sta intensificando i controlli in questo ambito. HQTS offre servizi completi di controllo qualit\u00e0 lungo tutta la filiera alimentare, dalla coltivazione alla trasformazione, fino al trasporto, per garantire sicurezza e conformit\u00e0.<\/p>\n<h5 style=\"text-align: justify;\"><strong>Ispezioni di Prodotti di Consumo in Cina<\/strong><\/h5>\n<p style=\"text-align: justify;\">HQTS dispone di laboratori di test professionali e centri di ispezione in oltre 60 citt\u00e0 della Cina e dell\u2019Asia meridionale, fornendo servizi rapidi, accurati e professionali per proteggere la reputazione del tuo marchio.<\/p>\n<h5 style=\"text-align: justify;\"><strong>Controllo Qualit\u00e0 di Prodotti Industriali in Cina<\/strong><\/h5>\n<p style=\"text-align: justify;\">HQTS accompagna la modernizzazione industriale cinese offrendo servizi di qualit\u00e0 e sicurezza per la produzione manifatturiera, garantendo il corretto funzionamento dei prodotti e supportando l\u2019accesso al mercato.<\/p>\n<h5 style=\"text-align: justify;\"><strong>Controllo Qualit\u00e0 Elettronico in Cina<\/strong><\/h5>\n<p style=\"text-align: justify;\">HQTS dispone di apparecchiature di test e analisi all\u2019avanguardia e di decenni di esperienza. Le nostre reti di test sono presenti in oltre 60 citt\u00e0 in Cina e nel Sud-Est asiatico. Questa esperienza ci permette di conoscere a fondo le normative e le esigenze dei diversi mercati, per aiutarti a soddisfare i requisiti ambientali e di accesso al mercato globale.<\/p>\n<h5 style=\"text-align: justify;\"><strong>Controllo Qualit\u00e0 per Giocattoli e Prodotti per Bambini in Cina<\/strong><\/h5>\n<p style=\"text-align: justify;\">HQTS offre servizi di test completi conformi agli standard di sicurezza internazionali, come CNAS, CMA e CPSC, per garantire che i tuoi prodotti rispettino tutte le normative applicabili.<\/p>\n<h5 style=\"text-align: justify;\"><strong>Controllo Qualit\u00e0 per Parti Auto in Cina<\/strong><\/h5>\n<p style=\"text-align: justify;\">Il nostro team esperto, con conoscenze approfondite sui programmi PPAP, pu\u00f2 aiutarti a controllare l\u2019intera catena di fornitura, garantendo elevati standard di qualit\u00e0 e sicurezza e migliorando la competitivit\u00e0 del prodotto.<\/p>\n<h5 style=\"text-align: justify;\"><strong>Controllo Qualit\u00e0 per Edilizia e Costruzioni in Cina<\/strong><\/h5>\n<p style=\"text-align: justify;\">Il dipartimento di Ingegneria HQTS opera sul mercato cinese da oltre cinque anni, garantendo qualit\u00e0 e sicurezza nei prodotti e nei progetti edilizi. Offriamo soluzioni complete di test, ispezione, supervisione e certificazione per prodotti come impianti HVAC, ferramenta, porte, finestre, materiali da costruzione e edifici sostenibili.<\/p>\n<h5 style=\"text-align: justify;\"><strong>Garantire la Qualit\u00e0 della Produzione in Cina<\/strong><\/h5>\n<p style=\"text-align: justify;\">HQTS offre servizi di controllo qualit\u00e0 e ispezione per tutte le esigenze di produzione in Cina. Entro 24 ore dalla prenotazione, possiamo effettuare ispezioni direttamente in fabbrica e supervisionare la qualit\u00e0 in ogni fase del processo produttivo, fino al caricamento dei container prima della spedizione.<\/p>\n<p style=\"text-align: justify;\">I nostri esperti di controllo qualit\u00e0, distribuiti nei principali centri produttivi della Cina, sono in grado di valutare fornitori, verificare condizioni e qualifiche, e ispezionare i prodotti dal grezzo al finito.<\/p>\n<h5 style=\"text-align: justify;\"><strong>Certificazioni e Standard di Controllo Qualit\u00e0 per i Nostri Servizi in Cina<\/strong><\/h5>\n<p style=\"text-align: justify;\">Le ispezioni di HQTS e i nostri test sui prodotti di consumo garantiscono la conformit\u00e0 agli standard richiesti. Siamo un\u2019organizzazione accreditata CNAS ISO, certificata per eseguire ispezioni di controllo qualit\u00e0, test ISTA e test secondo RoHS, REACH, CPSIA, DMF, CA Prop 65, GB e molti altri standard internazionali.<\/p>\n<h5 style=\"text-align: justify;\"><strong>Accreditamenti:<\/strong><\/h5>\n<ul>\n<li style=\"text-align: justify;\">CNAS secondo ISO 17020 e 17025<\/li>\n<li style=\"text-align: justify;\">Certificato CMA<\/li>\n<li style=\"text-align: justify;\">Certificato di Qualifica per Ispezione e Verifica Merci Import-Export<\/li>\n<li style=\"text-align: justify;\">Certificato di Membro dell\u2019Associazione per l\u2019Ispezione e la Quarantena delle Merci Import-Export della Cina<\/li>\n<li style=\"text-align: justify;\">Certificato di Impresa High-Tech di Hangzhou<\/li>\n<li style=\"text-align: justify;\">Membro del Consiglio dell\u2019Associazione E-Commerce della Provincia di Canton<\/li>\n<li style=\"text-align: justify;\">Membro dell\u2019Associazione dell\u2019Industria dei Dispositivi Medici della Provincia di Zhejiang<\/li>\n<li style=\"text-align: left;\">Membro dell\u2019Associazione per l\u2019E-Commerce Transfrontaliero di Shenzhen<\/li>\n<li style=\"text-align: left;\">Membro del Comitato Tecnico per la Standardizzazione dell\u2019Industria Tessile<\/li>\n<\/ul>\n","protected":false},"excerpt":{"rendered":"<p>HQTS \u00e8 la tua societ\u00e0 di controllo qualit\u00e0 per il mercato cinese HQTS \u00e8 la tua azienda di riferimento per il controllo qualit\u00e0 in Cina, offrendo supporto diretto con ispezioni, audit, test di laboratorio e verifiche di conformit\u00e0. Con 30 anni di esperienza in una vasta gamma di settori, HQTS ti aiuta a mantenere il [&hellip;]<\/p>\n","protected":false},"author":12,"featured_media":220017,"parent":219931,"menu_order":0,"comment_status":"closed","ping_status":"closed","template":"","meta":{"_acf_changed":false,"footnotes":""},"class_list":["post-220016","page","type-page","status-publish","has-post-thumbnail","hentry"],"acf":[],"_links":{"self":[{"href":"https:\/\/www.hqts.com\/it\/wp-json\/wp\/v2\/pages\/220016","targetHints":{"allow":["GET"]}}],"collection":[{"href":"https:\/\/www.hqts.com\/it\/wp-json\/wp\/v2\/pages"}],"about":[{"href":"https:\/\/www.hqts.com\/it\/wp-json\/wp\/v2\/types\/page"}],"author":[{"embeddable":true,"href":"https:\/\/www.hqts.com\/it\/wp-json\/wp\/v2\/users\/12"}],"replies":[{"embeddable":true,"href":"https:\/\/www.hqts.com\/it\/wp-json\/wp\/v2\/comments?post=220016"}],"version-history":[{"count":1,"href":"https:\/\/www.hqts.com\/it\/wp-json\/wp\/v2\/pages\/220016\/revisions"}],"predecessor-version":[{"id":220035,"href":"https:\/\/www.hqts.com\/it\/wp-json\/wp\/v2\/pages\/220016\/revisions\/220035"}],"up":[{"embeddable":true,"href":"https:\/\/www.hqts.com\/it\/wp-json\/wp\/v2\/pages\/219931"}],"wp:featuredmedia":[{"embeddable":true,"href":"https:\/\/www.hqts.com\/it\/wp-json\/wp\/v2\/media\/220017"}],"wp:attachment":[{"href":"https:\/\/www.hqts.com\/it\/wp-json\/wp\/v2\/media?parent=220016"}],"curies":[{"name":"wp","href":"https:\/\/api.w.org\/{rel}","templated":true}]}}