{"id":220051,"date":"2025-11-06T15:45:32","date_gmt":"2025-11-06T15:45:32","guid":{"rendered":"https:\/\/www.hqts.com\/chi-siamo\/controllo-qualita-in-cina\/servizi-di-controllo-qualita-a-hangzhou\/"},"modified":"2025-11-06T15:46:21","modified_gmt":"2025-11-06T15:46:21","slug":"controllo-qualita-hangzhou","status":"publish","type":"page","link":"https:\/\/www.hqts.com\/it\/chi-siamo\/controllo-qualita-in-cina\/controllo-qualita-hangzhou\/","title":{"rendered":"Servizi di Controllo Qualit\u00e0 a Hangzhou"},"content":{"rendered":"<p>Come capitale della provincia di Zhejiang, Hangzhou \u00e8 diventata un polo tecnologico e industriale dinamico e in continua espansione in Cina. Hangzhou ospita i giganti cinesi dell\u2019e-commerce e numerose altre industrie. HQTS \u00e8 una delle principali agenzie di controllo qualit\u00e0 terza parte in Cina, con un ufficio e un laboratorio situati nel centro di Hangzhou, oltre che nelle citt\u00e0 vicine di <a href=\"https:\/\/www.hqts.com\/who-we-are\/quality-control-company-china\/shanghai-quality-control\/\">Shanghai<\/a> e <a href=\"https:\/\/www.hqts.com\/who-we-are\/quality-control-company-china\/ningbo-zhejiang\/\">Ningbo<\/a> e in molte altre localit\u00e0 in tutto il paese.<\/p>\n<h4><strong>HQTS Hangzhou<\/strong><\/h4>\n<p>Edificio B, Distretto Industriale Taineng, Zona Scientifica e Tecnologica di Sandun, Hangzhou, Zhejiang, Cina<br \/>\n+86 571 8890 7020 \/ 30<br \/>\ninquiry@hqts.com<\/p>\n<h3><strong>I nostri Servizi di Controllo Qualit\u00e0 a Hangzhou, Zhejiang<\/strong><\/h3>\n<p>HQTS ha costruito nel tempo una solida reputazione collaborando con aziende internazionali in diversi settori, tra cui beni di consumo, prodotti industriali, alimenti e agricoltura, e molti altri.<\/p>\n<h4><strong>Ispezioni di Controllo Qualit\u00e0<\/strong><\/h4>\n<p>Offriamo ispezioni professionali di terza parte per verificare la qualit\u00e0 dei prodotti provenienti dai tuoi fornitori o produttori. I nostri ispettori qualificati seguono liste di controllo rigorose e forniscono report di ispezione trasparenti, assicurando che i tuoi prodotti rispettino gli standard internazionali e le specifiche richieste.<\/p>\n<ul>\n<li><a href=\"https:\/\/www.hqts.com\/it\/pre-production-inspection\/\">Ispezione Pre-Produzione<\/a><\/li>\n<li><a href=\"https:\/\/www.hqts.com\/it\/i-nostri-servizi\/quality-control-inspections\/ispezione-durante-la-produzione\/\">Ispezione Durante la Produzione<\/a><\/li>\n<li><a href=\"https:\/\/www.hqts.com\/it\/i-nostri-servizi\/quality-control-inspections\/ispezione-pre-spedizione\/\">Ispezione Pre-Spedizione<\/a><\/li>\n<li><a href=\"https:\/\/www.hqts.com\/our-services\/piece-by-piece\/\">Ispezione Pezzo per Pezzo<\/a><\/li>\n<li><a href=\"https:\/\/www.hqts.com\/container-loading-inspection\/\">Supervisione del Carico Container<\/a><\/li>\n<\/ul>\n<h4><\/h4>\n<h4><strong>Audit dei Fornitori<\/strong><\/h4>\n<p>I nostri audit di fabbrica e dei fornitori ti forniscono un\u2019analisi dettagliata delle condizioni, dei punti di forza e delle aree di miglioramento del tuo fornitore. Questo servizio aiuta anche le fabbriche a individuare i punti da migliorare per soddisfare meglio le esigenze degli acquirenti.<\/p>\n<ul>\n<li><a href=\"https:\/\/www.hqts.com\/our-services\/environmental-audits\/\">Audit Ambientali<\/a><\/li>\n<li><a href=\"https:\/\/www.hqts.com\/our-services\/social-compliance-audits\/\">Audit di Conformit\u00e0 Sociale<\/a><\/li>\n<li><a href=\"https:\/\/www.hqts.com\/our-services\/manufacturer-audits\/\">Audit del Produttore<\/a><\/li>\n<li><a href=\"https:\/\/www.hqts.com\/our-services\/building-safety-audits\/\">Audit di Sicurezza Edilizia<\/a><\/li>\n<li><a href=\"https:\/\/www.hqts.com\/our-services\/energy-audits\/\">Audit Energetici<\/a><\/li>\n<li><a href=\"https:\/\/www.hqts.com\/factory-production-control\/\">Controllo della Produzione in Fabbrica<\/a><\/li>\n<\/ul>\n<p>&nbsp;<\/p>\n<h4><strong>Test di Prodotto<\/strong><\/h4>\n<p>I nostri laboratori interni, dotati di tecnologie all\u2019avanguardia e gestiti da tecnici altamente qualificati, ti aiutano a garantire la qualit\u00e0 e la sicurezza dei tuoi prodotti. Offriamo una vasta gamma di servizi di test, tra cui prove di prestazione del prodotto, test di sicurezza e conformit\u00e0 e analisi dei materiali.<\/p>\n<ul>\n<li><strong>Hangzhou, Cina<\/strong> &#8211; Laboratorio di 7.400 m\u00b2 per test chimici, funzionali, di sicurezza, tessili e di imballaggio.<\/li>\n<li><strong>Ningbo, Cina<\/strong> &#8211; Laboratorio per test chimici, tessili, giocattoli, elettronici, elettrici e materiali a contatto con alimenti.<\/li>\n<li><strong>Dongguan, Cina<\/strong> &#8211; Laboratorio di test per calzature.<\/li>\n<\/ul>\n<h5><\/h5>\n<h5><strong>Accreditamenti:<\/strong><\/h5>\n<ul>\n<li>CNAS secondo ISO 17020 e 17025<\/li>\n<li>Certificato CMA<\/li>\n<li>Certificato di Qualifica per l\u2019Istituto di Ispezione e Verifica delle Merci Import-Export<\/li>\n<li>Certificato di Membro dell\u2019Associazione Cinese per l\u2019Ispezione e la Quarantena delle Merci Import-Export<\/li>\n<li>Certificato di Impresa High-Tech di Hangzhou<\/li>\n<li>Membro del Consiglio dell\u2019Associazione E-Commerce della Provincia di Canton<\/li>\n<li>Membro dell\u2019Associazione dell\u2019Industria dei Dispositivi Medici della Provincia di Zhejiang<\/li>\n<li>Membro dell\u2019Associazione per l\u2019E-Commerce Transfrontaliero di Shenzhen<\/li>\n<li>Membro del Comitato Tecnico per la Standardizzazione della Federazione dell\u2019Industria Tessile<\/li>\n<\/ul>\n","protected":false},"excerpt":{"rendered":"<p>Come capitale della provincia di Zhejiang, Hangzhou \u00e8 diventata un polo tecnologico e industriale dinamico e in continua espansione in Cina. Hangzhou ospita i giganti cinesi dell\u2019e-commerce e numerose altre industrie. HQTS \u00e8 una delle principali agenzie di controllo qualit\u00e0 terza parte in Cina, con un ufficio e un laboratorio situati nel centro di Hangzhou, [&hellip;]<\/p>\n","protected":false},"author":12,"featured_media":220052,"parent":220016,"menu_order":0,"comment_status":"closed","ping_status":"closed","template":"","meta":{"_acf_changed":false,"footnotes":""},"class_list":["post-220051","page","type-page","status-publish","has-post-thumbnail","hentry"],"acf":[],"_links":{"self":[{"href":"https:\/\/www.hqts.com\/it\/wp-json\/wp\/v2\/pages\/220051","targetHints":{"allow":["GET"]}}],"collection":[{"href":"https:\/\/www.hqts.com\/it\/wp-json\/wp\/v2\/pages"}],"about":[{"href":"https:\/\/www.hqts.com\/it\/wp-json\/wp\/v2\/types\/page"}],"author":[{"embeddable":true,"href":"https:\/\/www.hqts.com\/it\/wp-json\/wp\/v2\/users\/12"}],"replies":[{"embeddable":true,"href":"https:\/\/www.hqts.com\/it\/wp-json\/wp\/v2\/comments?post=220051"}],"version-history":[{"count":1,"href":"https:\/\/www.hqts.com\/it\/wp-json\/wp\/v2\/pages\/220051\/revisions"}],"predecessor-version":[{"id":220065,"href":"https:\/\/www.hqts.com\/it\/wp-json\/wp\/v2\/pages\/220051\/revisions\/220065"}],"up":[{"embeddable":true,"href":"https:\/\/www.hqts.com\/it\/wp-json\/wp\/v2\/pages\/220016"}],"wp:featuredmedia":[{"embeddable":true,"href":"https:\/\/www.hqts.com\/it\/wp-json\/wp\/v2\/media\/220052"}],"wp:attachment":[{"href":"https:\/\/www.hqts.com\/it\/wp-json\/wp\/v2\/media?parent=220051"}],"curies":[{"name":"wp","href":"https:\/\/api.w.org\/{rel}","templated":true}]}}