{"id":220066,"date":"2025-11-06T15:55:06","date_gmt":"2025-11-06T15:55:06","guid":{"rendered":"https:\/\/www.hqts.com\/chi-siamo\/controllo-qualita-in-cina\/servizi-di-controllo-qualita-a-hong-kong\/"},"modified":"2025-11-06T15:55:57","modified_gmt":"2025-11-06T15:55:57","slug":"controllo-qualita-hong-kong","status":"publish","type":"page","link":"https:\/\/www.hqts.com\/it\/chi-siamo\/controllo-qualita-in-cina\/controllo-qualita-hong-kong\/","title":{"rendered":"Servizi di Controllo Qualit\u00e0 a Hong Kong"},"content":{"rendered":"<p>Rinomata per il suo ambiente business-friendly e la sua eccellente connettivit\u00e0, Hong Kong attira aziende internazionali alla ricerca di competenze e capacit\u00e0 produttive di alto livello. Come leader globale nel controllo qualit\u00e0 di prodotti e servizi, HQTS dispone di un ufficio commerciale a Hong Kong e di altri uffici nelle citt\u00e0 vicine di Shenzhen, Dongguan e Guangzhou. La nostra ampia presenza nell\u2019area del Delta del Fiume delle Perle e il nostro team interno di ispettori e auditor altamente qualificati ci permettono di offrire soluzioni personalizzate in base alle tue esigenze di controllo qualit\u00e0.<\/p>\n<h4><strong>HQTS Hong Kong Office<\/strong><\/h4>\n<p>6\/ F Manulife Place 348 Kwun Tong Road KL, Hong Kong<br \/>\n+86 400 611 2125<br \/>\ninquiry@hqts.com<\/p>\n<h3><strong>I nostri Servizi di Controllo Qualit\u00e0 a Hong Kong<\/strong><\/h3>\n<p>Offriamo servizi completi di controllo qualit\u00e0 in un\u2019ampia gamma di categorie di prodotto, tra cui beni di consumo, prodotti industriali, alimenti e agricoltura e molto altro. Il nostro team di esperti tecnici affronta qualsiasi problematica di qualit\u00e0, fornendo soluzioni efficaci per garantire i pi\u00f9 alti standard di eccellenza del prodotto.<\/p>\n<h4>Ispezioni di Prodotto<\/h4>\n<p>Le nostre ispezioni di controllo qualit\u00e0 vanno oltre la semplice verifica della qualit\u00e0 e quantit\u00e0 dei prodotti. Con HQTS puoi contare su ispettori esperti che valutano rigorosamente i prodotti in base a specifiche prestabilite, garantendo conformit\u00e0 ai massimi standard. Applichiamo protocolli di ispezione completi e approfonditi, che includono funzionalit\u00e0, aspetto, prestazioni, sicurezza e conformit\u00e0 normativa.<\/p>\n<ul>\n<li><a href=\"https:\/\/www.hqts.com\/our-services\/quality-control-inspections\/pre-production-inspection\/\">Ispezioni Pre-Produzione<\/a><\/li>\n<li><a href=\"https:\/\/www.hqts.com\/it\/i-nostri-servizi\/quality-control-inspections\/ispezione-pre-spedizione\/\">Ispezioni Pre-Spedizione<\/a><\/li>\n<li><a href=\"https:\/\/www.hqts.com\/it\/i-nostri-servizi\/quality-control-inspections\/ispezione-durante-la-produzione\/\">Ispezioni Durante la Produzione<\/a><\/li>\n<li><a href=\"https:\/\/www.hqts.com\/our-services\/piece-by-piece\/\">Ispezioni Pezzo per Pezzo<\/a><\/li>\n<li><a href=\"https:\/\/www.hqts.com\/our-services\/quality-control-inspections\/container-loading-inspection\/\">Ispezioni di Carico Contenitori<\/a><\/li>\n<li><a href=\"https:\/\/www.hqts.com\/our-services\/sample-checking\/\">Verifica dei Campioni<\/a><\/li>\n<li><a href=\"https:\/\/www.hqts.com\/our-services\/metal-detection\/\">Rilevamento Metalli<\/a><\/li>\n<li><a href=\"https:\/\/www.hqts.com\/it\/i-nostri-servizi\/quality-control-inspections\/supervisione-del-carico-e-scarico\/\">Ispezioni di Carico\/Scarico<\/a><\/li>\n<\/ul>\n<p>&nbsp;<\/p>\n<p><strong>Audit di Fornitori e Fabbriche<\/strong><\/p>\n<p>Un audit del fornitore valuta l\u2019applicazione delle pratiche regolamentate del settore, inclusi la salute e la sicurezza, i corretti processi di produzione, le capacit\u00e0 tecniche e molto altro. Generalmente, l\u2019audit di un fornitore copre un\u2019ampia gamma di aree e pratiche, e per questo viene solitamente personalizzato in base alle esigenze del cliente. I principali criteri valutati da un audit HQTS su fabbriche e fornitori comprendono strutture, politiche, procedure e registri che attestano la capacit\u00e0 della fabbrica di fornire prodotti di qualit\u00e0 costante nel tempo, e non solo in un determinato momento o per specifici articoli.<\/p>\n<ul>\n<li><a href=\"https:\/\/www.hqts.com\/our-services\/manufacturer-audits\/\">Audit del Produttore<\/a><\/li>\n<li><a href=\"https:\/\/www.hqts.com\/our-services\/social-compliance-audits\/\">Audit di Conformit\u00e0 Sociale<\/a><\/li>\n<li><a href=\"https:\/\/www.hqts.com\/our-services\/building-safety-audits\/\">Audit di Sicurezza Edilizia<\/a><\/li>\n<li><a href=\"https:\/\/www.hqts.com\/our-services\/energy-audits\/\">Audit Energetici<\/a><\/li>\n<li><a href=\"https:\/\/www.hqts.com\/our-services\/environmental-audits\/\">Audit Ambientali<\/a><\/li>\n<li><a href=\"https:\/\/www.hqts.com\/factory-production-control\/\">Controllo della Produzione in Fabbrica<\/a><\/li>\n<\/ul>\n<h4><strong>Test di Prodotto<\/strong><\/h4>\n<p>HQTS \u00e8 accreditata per effettuare test secondo tutti i principali standard normativi per l\u2019importazione di prodotti di consumo. Garantiamo la conformit\u00e0 e la sicurezza dei tuoi prodotti testandoli nei nostri laboratori interni situati a Hangzhou, Ningbo, Dongguan e Ho Chi Minh. In Cina offriamo i seguenti servizi di test:<\/p>\n<ul>\n<li><strong>Hangzhou, Cina<\/strong> <strong>&#8211;<\/strong> Laboratorio di 80.000 piedi quadrati per test chimici, funzionali, di sicurezza, tessili e di imballaggio.<\/li>\n<li><strong>Ningbo, Cina &#8211;<\/strong> Laboratorio per test chimici, tessili, giocattoli, elettronici ed elettrici, e materiali a contatto con alimenti.<\/li>\n<li><strong>Dongguan, Cina &#8211;<\/strong> Laboratorio di test per calzature.<\/li>\n<\/ul>\n<p>&nbsp;<\/p>\n<h4><strong>Conformit\u00e0 dei Prodotti<\/strong><\/h4>\n<p>HQTS comprende l\u2019importanza della conformit\u00e0 normativa. Possiamo assistere le aziende nell\u2019ottenimento dei certificati di conformit\u00e0 necessari per rispettare le normative e gli standard dei vari paesi. Per saperne di pi\u00f9 visita il nostro <a href=\"http:\/\/hqts.com\/compliance\">Portale di Conformit\u00e0 dei Prodotti<\/a>.<\/p>\n<p>&nbsp;<\/p>\n<h4><strong>Accreditamenti:<\/strong><\/h4>\n<ul>\n<li aria-level=\"1\">CNAS secondo ISO 17020 &amp; 17025<\/li>\n<li aria-level=\"1\">Certificato CMA<\/li>\n<li aria-level=\"1\">Certificato di qualificazione per l\u2019istituzione di ispezione e verifica delle merci di importazione ed esportazione<\/li>\n<li aria-level=\"1\">Certificato di membro dell\u2019Associazione Cinese di Ispezione e Quarantena per le Merci di Importazione ed Esportazione<\/li>\n<li aria-level=\"1\">Certificato di Impresa High-tech di Hangzhou<\/li>\n<li aria-level=\"1\">Certificato di Membro del Consiglio dell\u2019Associazione del Commercio Elettronico della Provincia del Guangdong<\/li>\n<li aria-level=\"1\">Certificato di Membro dell\u2019Associazione dell\u2019Industria dei Dispositivi Medici della Provincia di Zhejiang<\/li>\n<li aria-level=\"1\">Certificato di Membro dell\u2019Associazione del Commercio Elettronico Transfrontaliero di Shenzhen<\/li>\n<li aria-level=\"1\">Membro del Comitato Tecnico per la Standardizzazione della Federazione dell\u2019Industria Tessile<\/li>\n<\/ul>\n","protected":false},"excerpt":{"rendered":"<p>Rinomata per il suo ambiente business-friendly e la sua eccellente connettivit\u00e0, Hong Kong attira aziende internazionali alla ricerca di competenze e capacit\u00e0 produttive di alto livello. Come leader globale nel controllo qualit\u00e0 di prodotti e servizi, HQTS dispone di un ufficio commerciale a Hong Kong e di altri uffici nelle citt\u00e0 vicine di Shenzhen, Dongguan [&hellip;]<\/p>\n","protected":false},"author":12,"featured_media":220068,"parent":220016,"menu_order":0,"comment_status":"closed","ping_status":"closed","template":"","meta":{"_acf_changed":false,"footnotes":""},"class_list":["post-220066","page","type-page","status-publish","has-post-thumbnail","hentry"],"acf":[],"_links":{"self":[{"href":"https:\/\/www.hqts.com\/it\/wp-json\/wp\/v2\/pages\/220066","targetHints":{"allow":["GET"]}}],"collection":[{"href":"https:\/\/www.hqts.com\/it\/wp-json\/wp\/v2\/pages"}],"about":[{"href":"https:\/\/www.hqts.com\/it\/wp-json\/wp\/v2\/types\/page"}],"author":[{"embeddable":true,"href":"https:\/\/www.hqts.com\/it\/wp-json\/wp\/v2\/users\/12"}],"replies":[{"embeddable":true,"href":"https:\/\/www.hqts.com\/it\/wp-json\/wp\/v2\/comments?post=220066"}],"version-history":[{"count":1,"href":"https:\/\/www.hqts.com\/it\/wp-json\/wp\/v2\/pages\/220066\/revisions"}],"predecessor-version":[{"id":220079,"href":"https:\/\/www.hqts.com\/it\/wp-json\/wp\/v2\/pages\/220066\/revisions\/220079"}],"up":[{"embeddable":true,"href":"https:\/\/www.hqts.com\/it\/wp-json\/wp\/v2\/pages\/220016"}],"wp:featuredmedia":[{"embeddable":true,"href":"https:\/\/www.hqts.com\/it\/wp-json\/wp\/v2\/media\/220068"}],"wp:attachment":[{"href":"https:\/\/www.hqts.com\/it\/wp-json\/wp\/v2\/media?parent=220066"}],"curies":[{"name":"wp","href":"https:\/\/api.w.org\/{rel}","templated":true}]}}