{"id":220080,"date":"2025-11-06T16:02:09","date_gmt":"2025-11-06T16:02:09","guid":{"rendered":"https:\/\/www.hqts.com\/chi-siamo\/controllo-qualita-in-cina\/servizi-di-controllo-qualita-a-ningbo-zhejiang\/"},"modified":"2025-11-06T16:07:12","modified_gmt":"2025-11-06T16:07:12","slug":"controllo-qualita-ningbo-zhejiang","status":"publish","type":"page","link":"https:\/\/www.hqts.com\/it\/chi-siamo\/controllo-qualita-in-cina\/controllo-qualita-ningbo-zhejiang\/","title":{"rendered":"Servizi di Controllo Qualit\u00e0 a Ningbo, Zhejiang"},"content":{"rendered":"<p>HQTS \u00e8 il tuo partner di fiducia per servizi completi di controllo qualit\u00e0 a Ningbo. Con un impegno costante verso l\u2019eccellenza e un\u2019attenzione meticolosa ai dettagli, garantiamo i pi\u00f9 alti standard di qualit\u00e0 per i tuoi prodotti e servizi. In qualit\u00e0 di fornitore leader di soluzioni di assicurazione qualit\u00e0, HQTS offre un\u2019ampia gamma di servizi su misura per soddisfare le esigenze specifiche delle aziende di diversi settori.<\/p>\n<p>Contatta oggi il nostro team dedicato di HQTS. Siamo pronti a discutere le tue esigenze di controllo qualit\u00e0 e a offrirti soluzioni all\u2019avanguardia per favorire il tuo successo.<\/p>\n<h5>HQTS Ningbo, Cina<\/h5>\n<p>No. 818 Jinyuan Road, Distretto di Yinzhou, Ningbo, Zhejiang, Cina<br \/>\n+86 574 83028482<br \/>\ninquiry@hqts.com<\/p>\n<h3>I Nostri Servizi di Controllo Qualit\u00e0 a Ningbo e Zhejiang<\/h3>\n<p>HQTS offre una gamma completa di servizi di controllo qualit\u00e0, progettati per soddisfare le esigenze specifiche delle aziende a Ningbo e nella provincia di Zhejiang. Questi servizi includono:<\/p>\n<h5><strong>Audit di Fornitori e Fabbriche<\/strong><\/h5>\n<p>I nostri professionisti esperti conducono audit approfonditi su fornitori e fabbriche, valutando strutture, politiche e procedure per garantire la conformit\u00e0 agli standard di qualit\u00e0.<\/p>\n<ul>\n<li><a href=\"https:\/\/www.hqts.com\/our-services\/manufacturer-audits\/\">Audit del Produttore<\/a><\/li>\n<li><a href=\"https:\/\/www.hqts.com\/our-services\/social-compliance-audits\/\">Audit di Conformit\u00e0 Sociale<\/a><\/li>\n<li><a href=\"https:\/\/www.hqts.com\/our-services\/building-safety-audits\/\">Audit di Sicurezza Edilizia<\/a><\/li>\n<li><a href=\"https:\/\/www.hqts.com\/our-services\/energy-audits\/\">Audit Energetici<\/a><\/li>\n<li><a href=\"https:\/\/www.hqts.com\/our-services\/environmental-audits\/\">Audit Ambientali<\/a><\/li>\n<li><a href=\"https:\/\/www.hqts.com\/factory-production-control\/\">Controllo della Produzione in Fabbrica<\/a><\/li>\n<\/ul>\n<h5><strong>Ispezioni di Controllo Qualit\u00e0<\/strong><\/h5>\n<p>Offriamo ispezioni affidabili e obiettive di terze parti per verificare la qualit\u00e0 delle merci provenienti da fornitori o produttori. I nostri ispettori qualificati seguono liste di controllo dettagliate e forniscono report di ispezione trasparenti.<\/p>\n<ul>\n<li><a href=\"https:\/\/www.hqts.com\/it\/pre-production-inspection\/\">Ispezione Pre-Produzione<\/a><\/li>\n<li><a href=\"https:\/\/www.hqts.com\/it\/i-nostri-servizi\/quality-control-inspections\/ispezione-durante-la-produzione\/\">Ispezione Durante la Produzione<\/a><\/li>\n<li><a href=\"https:\/\/www.hqts.com\/it\/i-nostri-servizi\/quality-control-inspections\/ispezione-pre-spedizione\/\">Ispezione Pre-Spedizione<\/a><\/li>\n<li><a href=\"https:\/\/www.hqts.com\/our-services\/piece-by-piece\/\">Ispezione Pezzo per Pezzo<\/a><\/li>\n<li><a href=\"https:\/\/www.hqts.com\/container-loading-inspection\/\">Supervisione del Carico Contenitori<\/a><\/li>\n<\/ul>\n<h5><strong>Conformit\u00e0 dei Prodotti<\/strong><\/h5>\n<p>HQTS assiste le aziende nell\u2019ottenimento dei certificati di conformit\u00e0 necessari per soddisfare i requisiti normativi a Ningbo e nei mercati internazionali.<\/p>\n<h5><strong>Test di Prodotto<\/strong><\/h5>\n<p>I nostri laboratori interni, dotati di apparecchiature avanzate e supportati da professionisti altamente qualificati, offrono un\u2019ampia gamma di test, tra cui prove di prestazione del prodotto, test di sicurezza e conformit\u00e0, e analisi dei materiali.<\/p>\n<ul>\n<li><strong>Hangzhou, Cina &#8211;<\/strong> Laboratorio di 80.000 piedi quadrati per test chimici, funzionali, di sicurezza, tessili e di imballaggio.<\/li>\n<li><strong>Ningbo, Cina &#8211;<\/strong> Laboratorio per test chimici, tessili, giocattoli, elettronici ed elettrici e materiali a contatto con alimenti.<\/li>\n<li><strong>Dongguan, Cina &#8211;<\/strong> Laboratorio di test per calzature.<\/li>\n<\/ul>\n<p>&nbsp;<\/p>\n<p>&nbsp;<\/p>\n<p><em><strong>Qualifiche Internazionali:<\/strong> ISO\/IEC 17025, CMA, CPSC, ISTA.<\/em><\/p>\n<h5><strong>Soluzioni Personalizzate<\/strong><\/h5>\n<p>Comprendiamo che ogni azienda ha esigenze di controllo qualit\u00e0 uniche. Per questo offriamo soluzioni personalizzate che si allineano ai tuoi requisiti specifici, garantendo misure di controllo qualit\u00e0 precise ed efficaci.<\/p>\n<h3>Perch\u00e9 Scegliere HQTS?<\/h3>\n<p>In HQTS siamo orgogliosi di fornire servizi di controllo qualit\u00e0 di altissimo livello che aiutano le aziende a prosperare in un mercato sempre pi\u00f9 competitivo. Ecco perch\u00e9 dovresti scegliere HQTS come tuo partner di fiducia a Ningbo:<\/p>\n<ol>\n<li><strong>Competenza Impareggiabile:<\/strong> Con decenni di esperienza nel controllo qualit\u00e0, il nostro team di professionisti esperti possiede una profonda conoscenza del settore e comprende le sfide specifiche delle aziende di Ningbo.<\/li>\n<li><strong>Ampia Copertura Settoriale:<\/strong> Che tu operi nel settore retail, dei beni industriali o agroalimentare, HQTS dispone delle competenze e delle risorse necessarie per affrontare efficacemente le tue esigenze di controllo qualit\u00e0.<\/li>\n<li><strong>Presenza Globale:<\/strong> In qualit\u00e0 di azienda internazionale, HQTS \u00e8 presente in oltre 40 paesi e regioni, il che ci consente di fornire servizi localizzati a Ningbo sfruttando al contempo la nostra rete globale quando necessario.<\/li>\n<\/ol>\n<p>&nbsp;<\/p>\n<p>Collabora con HQTS a Ningbo e scopri la differenza che i nostri servizi di controllo qualit\u00e0 possono apportare alla tua azienda. Affidati a noi per proteggere la reputazione del tuo marchio e garantire la soddisfazione dei clienti attraverso una qualit\u00e0 senza compromessi. Contattaci oggi stesso per intraprendere un percorso di eccellenza con HQTS.<\/p>\n<h5><strong>Accreditamenti:<\/strong><\/h5>\n<ul>\n<li>CNAS secondo ISO 17020 &amp; 17025<\/li>\n<li>Certificato CMA<\/li>\n<li>Certificato di qualificazione per l\u2019istituzione di ispezione e verifica delle merci di importazione ed esportazione<\/li>\n<li>Certificato di membro dell\u2019Associazione Cinese di Ispezione e Quarantena per le Merci di Importazione ed Esportazione<\/li>\n<li>Certificato di Impresa High-tech di Hangzhou<\/li>\n<li>Certificato di Membro del Consiglio dell\u2019Associazione del Commercio Elettronico della Provincia del Guangdong<\/li>\n<li>Certificato di Membro dell\u2019Associazione dell\u2019Industria dei Dispositivi Medici della Provincia di Zhejiang<\/li>\n<li>Certificato di Membro dell\u2019Associazione del Commercio Elettronico Transfrontaliero di Shenzhen<\/li>\n<li>Membro del Comitato Tecnico per la Standardizzazione della Federazione dell\u2019Industria Tessile<\/li>\n<\/ul>\n","protected":false},"excerpt":{"rendered":"<p>HQTS \u00e8 il tuo partner di fiducia per servizi completi di controllo qualit\u00e0 a Ningbo. Con un impegno costante verso l\u2019eccellenza e un\u2019attenzione meticolosa ai dettagli, garantiamo i pi\u00f9 alti standard di qualit\u00e0 per i tuoi prodotti e servizi. In qualit\u00e0 di fornitore leader di soluzioni di assicurazione qualit\u00e0, HQTS offre un\u2019ampia gamma di servizi [&hellip;]<\/p>\n","protected":false},"author":12,"featured_media":220083,"parent":220016,"menu_order":0,"comment_status":"closed","ping_status":"closed","template":"","meta":{"_acf_changed":false,"footnotes":""},"class_list":["post-220080","page","type-page","status-publish","has-post-thumbnail","hentry"],"acf":[],"_links":{"self":[{"href":"https:\/\/www.hqts.com\/it\/wp-json\/wp\/v2\/pages\/220080","targetHints":{"allow":["GET"]}}],"collection":[{"href":"https:\/\/www.hqts.com\/it\/wp-json\/wp\/v2\/pages"}],"about":[{"href":"https:\/\/www.hqts.com\/it\/wp-json\/wp\/v2\/types\/page"}],"author":[{"embeddable":true,"href":"https:\/\/www.hqts.com\/it\/wp-json\/wp\/v2\/users\/12"}],"replies":[{"embeddable":true,"href":"https:\/\/www.hqts.com\/it\/wp-json\/wp\/v2\/comments?post=220080"}],"version-history":[{"count":1,"href":"https:\/\/www.hqts.com\/it\/wp-json\/wp\/v2\/pages\/220080\/revisions"}],"predecessor-version":[{"id":220094,"href":"https:\/\/www.hqts.com\/it\/wp-json\/wp\/v2\/pages\/220080\/revisions\/220094"}],"up":[{"embeddable":true,"href":"https:\/\/www.hqts.com\/it\/wp-json\/wp\/v2\/pages\/220016"}],"wp:featuredmedia":[{"embeddable":true,"href":"https:\/\/www.hqts.com\/it\/wp-json\/wp\/v2\/media\/220083"}],"wp:attachment":[{"href":"https:\/\/www.hqts.com\/it\/wp-json\/wp\/v2\/media?parent=220080"}],"curies":[{"name":"wp","href":"https:\/\/api.w.org\/{rel}","templated":true}]}}