{"id":220096,"date":"2025-11-06T16:13:41","date_gmt":"2025-11-06T16:13:41","guid":{"rendered":"https:\/\/www.hqts.com\/chi-siamo\/controllo-qualita-in-cina\/servizi-di-controllo-qualita-a-shanghai\/"},"modified":"2025-11-06T16:14:24","modified_gmt":"2025-11-06T16:14:24","slug":"controllo-qualita-shanghai","status":"publish","type":"page","link":"https:\/\/www.hqts.com\/it\/chi-siamo\/controllo-qualita-in-cina\/controllo-qualita-shanghai\/","title":{"rendered":"Servizi di Controllo Qualit\u00e0 a Shanghai"},"content":{"rendered":"<p>Quando si tratta di servizi di controllo qualit\u00e0 a Shanghai, HQTS \u00e8 il tuo partner di fiducia. Mettiamo al primo posto l\u2019eccellenza, la professionalit\u00e0 e l\u2019attenzione meticolosa ai dettagli per garantire i pi\u00f9 alti standard di qualit\u00e0 per i tuoi prodotti e servizi. Contatta oggi stesso il nostro ufficio di Shanghai per discutere le tue esigenze di controllo qualit\u00e0 e beneficiare della nostra competenza senza pari:<\/p>\n<h4>HQTS Shanghai Office, Cina<\/h4>\n<p>Room 812, New City Center Plaza, 70 Tongchuan Road, Shanghai, CN \u2013 200333<br \/>\n+86 21 6071 0535<br \/>\ninquiry@hqts.com<\/p>\n<p>In qualit\u00e0 di partner di fiducia nel controllo qualit\u00e0, HQTS ha costruito nel tempo una solida reputazione collaborando con aziende globali di diversi settori. La nostra esperienza copre un\u2019ampia gamma di industrie, tra cui:<\/p>\n<ol>\n<li><strong>Settore Retail:<\/strong> Che si tratti di supermercati, grandi magazzini, marchi retail o aziende di e-commerce, HQTS dispone delle competenze necessarie per garantire la qualit\u00e0 dei prodotti e dei servizi nel settore della vendita al dettaglio.<\/li>\n<li><strong>Beni Industriali:<\/strong> Ci rivolgiamo ai settori istituzionale, commerciale, industriale pesante e ingegneristico, offrendo soluzioni di controllo qualit\u00e0 complete per soddisfare le loro esigenze specifiche.<\/li>\n<li><strong>Settore Alimentare e Agricolo:<\/strong> HQTS comprende l\u2019importanza cruciale del controllo qualit\u00e0 nel settore alimentare e agricolo. Siamo specializzati nel garantire la freschezza e la sicurezza dei prodotti agricoli freschi, dei frutti di mare e degli imballaggi.<\/li>\n<\/ol>\n<p>&nbsp;<\/p>\n<p>I Nostri Servizi di Controllo Qualit\u00e0 a Shanghai<br \/>\nFondata nel 1987, HQTS \u00e8 dedicata a fornire un\u2019ampia gamma di servizi di assicurazione qualit\u00e0 per i nostri stimati clienti a Shanghai. I nostri servizi includono, ma non si limitano a:<\/p>\n<h4>Audit di Fabbriche e Fornitori<\/h4>\n<p>HQTS conduce audit approfonditi di fornitori e fabbriche per conto dei nostri clienti. I nostri professionisti esperti valutano rigorosamente le aziende in base a strutture, politiche e procedure, fornendo report di audit dettagliati e trasparenti.<\/p>\n<ul>\n<li><a href=\"https:\/\/www.hqts.com\/our-services\/manufacturer-audits\/\">Audit del Produttore<\/a><\/li>\n<li><a href=\"https:\/\/www.hqts.com\/our-services\/social-compliance-audits\/\">Audit di Conformit\u00e0 Sociale<\/a><\/li>\n<li><a href=\"https:\/\/www.hqts.com\/our-services\/building-safety-audits\/\">Audit di Sicurezza Edilizia<\/a><\/li>\n<li><a href=\"https:\/\/www.hqts.com\/our-services\/energy-audits\/\">Audit Energetici<\/a><\/li>\n<li><a href=\"https:\/\/www.hqts.com\/our-services\/environmental-audits\/\">Audit Ambientali<\/a><\/li>\n<li><a href=\"https:\/\/www.hqts.com\/factory-production-control\/\">Controllo della Produzione in Fabbrica<\/a><\/li>\n<\/ul>\n<h4>Ispezioni di Controllo Qualit\u00e0<\/h4>\n<p>Per garantire la qualit\u00e0 del prodotto, \u00e8 fondamentale ispezionare le merci provenienti da fornitori o produttori attraverso un\u2019azienda terza e indipendente come HQTS. Grazie alla nostra presenza globale, offriamo servizi di ispezione in tutto il mondo e possiamo inviare ispettori esperti con breve preavviso. Essi seguono liste di controllo meticolose e documentano l\u2019ispezione in modo trasparente tramite report completi di test.<\/p>\n<ul>\n<li><a href=\"https:\/\/www.hqts.com\/it\/pre-production-inspection\/\">Ispezione Pre-Produzione<\/a><\/li>\n<li><a href=\"https:\/\/www.hqts.com\/it\/i-nostri-servizi\/quality-control-inspections\/ispezione-durante-la-produzione\/\">Ispezione Durante la Produzione<\/a><\/li>\n<li><a href=\"https:\/\/www.hqts.com\/it\/i-nostri-servizi\/quality-control-inspections\/ispezione-pre-spedizione\/\">Ispezione Pre-Spedizione<\/a><\/li>\n<li><a href=\"https:\/\/www.hqts.com\/our-services\/piece-by-piece\/\">Ispezione Pezzo per Pezzo<\/a><\/li>\n<li><a href=\"https:\/\/www.hqts.com\/container-loading-inspection\/\">Supervisione del Carico Contenitori<\/a><\/li>\n<\/ul>\n<h4>Conformit\u00e0 dei Prodotti<\/h4>\n<p>HQTS comprende l\u2019importanza della conformit\u00e0 normativa. Possiamo assistere le aziende nell\u2019ottenimento dei certificati di conformit\u00e0 necessari per soddisfare le normative e gli standard dei vari paesi.<\/p>\n<h4>Test di Prodotto<\/h4>\n<p>I nostri laboratori interni in Cina sono dotati di apparecchiature avanzate e di tecnici esperti. Offriamo un\u2019ampia gamma di test, tra cui prove di prestazione del prodotto, test di sicurezza e conformit\u00e0, analisi dei materiali e molto altro. Che tu necessiti di certificazioni di prodotto, valutazioni delle prestazioni o soluzioni di test personalizzate, HQTS si impegna a fornire risultati accurati e tempestivi per garantire il pi\u00f9 alto livello di qualit\u00e0 dei tuoi prodotti.<\/p>\n<ul>\n<li><strong>Hangzhou, Cina &#8211;<\/strong> Laboratorio di 80.000 piedi quadrati per test chimici, funzionali, di sicurezza, tessili e di imballaggio.<\/li>\n<li><strong>Ningbo, Cina &#8211;<\/strong> Laboratorio per test chimici, tessili, giocattoli, elettronici ed elettrici, e materiali a contatto con alimenti.<\/li>\n<li><strong>Dongguan, Cina &#8211;<\/strong> Laboratorio di test per calzature.<\/li>\n<\/ul>\n<h4><\/h4>\n<h4>Accreditamenti:<\/h4>\n<ul>\n<li aria-level=\"1\">CNAS secondo ISO 17020 &amp; 17025<\/li>\n<li aria-level=\"1\">Certificato CMA<\/li>\n<li aria-level=\"1\">Certificato di qualificazione per l\u2019istituzione di ispezione e verifica delle merci di importazione ed esportazione<\/li>\n<li aria-level=\"1\">Certificato di membro dell\u2019Associazione Cinese di Ispezione e Quarantena per le Merci di Importazione ed Esportazione<\/li>\n<li aria-level=\"1\">Certificato di Impresa High-tech di Hangzhou<\/li>\n<li aria-level=\"1\">Certificato di Membro del Consiglio dell\u2019Associazione del Commercio Elettronico della Provincia del Guangdong<\/li>\n<li aria-level=\"1\">Certificato di Membro dell\u2019Associazione dell\u2019Industria dei Dispositivi Medici della Provincia di Zhejiang<\/li>\n<li aria-level=\"1\">Certificato di Membro dell\u2019Associazione del Commercio Elettronico Transfrontaliero di Shenzhen<\/li>\n<li aria-level=\"1\">Membro del Comitato Tecnico per la Standardizzazione della Federazione dell\u2019Industria Tessile<\/li>\n<\/ul>\n","protected":false},"excerpt":{"rendered":"<p>Quando si tratta di servizi di controllo qualit\u00e0 a Shanghai, HQTS \u00e8 il tuo partner di fiducia. Mettiamo al primo posto l\u2019eccellenza, la professionalit\u00e0 e l\u2019attenzione meticolosa ai dettagli per garantire i pi\u00f9 alti standard di qualit\u00e0 per i tuoi prodotti e servizi. Contatta oggi stesso il nostro ufficio di Shanghai per discutere le tue [&hellip;]<\/p>\n","protected":false},"author":12,"featured_media":220098,"parent":220016,"menu_order":0,"comment_status":"closed","ping_status":"closed","template":"","meta":{"_acf_changed":false,"footnotes":""},"class_list":["post-220096","page","type-page","status-publish","has-post-thumbnail","hentry"],"acf":[],"_links":{"self":[{"href":"https:\/\/www.hqts.com\/it\/wp-json\/wp\/v2\/pages\/220096","targetHints":{"allow":["GET"]}}],"collection":[{"href":"https:\/\/www.hqts.com\/it\/wp-json\/wp\/v2\/pages"}],"about":[{"href":"https:\/\/www.hqts.com\/it\/wp-json\/wp\/v2\/types\/page"}],"author":[{"embeddable":true,"href":"https:\/\/www.hqts.com\/it\/wp-json\/wp\/v2\/users\/12"}],"replies":[{"embeddable":true,"href":"https:\/\/www.hqts.com\/it\/wp-json\/wp\/v2\/comments?post=220096"}],"version-history":[{"count":1,"href":"https:\/\/www.hqts.com\/it\/wp-json\/wp\/v2\/pages\/220096\/revisions"}],"predecessor-version":[{"id":220109,"href":"https:\/\/www.hqts.com\/it\/wp-json\/wp\/v2\/pages\/220096\/revisions\/220109"}],"up":[{"embeddable":true,"href":"https:\/\/www.hqts.com\/it\/wp-json\/wp\/v2\/pages\/220016"}],"wp:featuredmedia":[{"embeddable":true,"href":"https:\/\/www.hqts.com\/it\/wp-json\/wp\/v2\/media\/220098"}],"wp:attachment":[{"href":"https:\/\/www.hqts.com\/it\/wp-json\/wp\/v2\/media?parent=220096"}],"curies":[{"name":"wp","href":"https:\/\/api.w.org\/{rel}","templated":true}]}}