{"id":220112,"date":"2025-11-06T16:21:46","date_gmt":"2025-11-06T16:21:46","guid":{"rendered":"https:\/\/www.hqts.com\/chi-siamo\/controllo-qualita-in-cina\/servizi-di-controllo-qualita-a-shenzhen\/"},"modified":"2025-11-06T16:22:25","modified_gmt":"2025-11-06T16:22:25","slug":"controllo-qualita-shenzhen","status":"publish","type":"page","link":"https:\/\/www.hqts.com\/it\/chi-siamo\/controllo-qualita-in-cina\/controllo-qualita-shenzhen\/","title":{"rendered":"Servizi di Controllo Qualit\u00e0 a Shenzhen"},"content":{"rendered":"<p>In soli 40 anni, Shenzhen si \u00e8 trasformata da un villaggio di pescatori in una metropoli globale. Oggi rappresenta un importante polo tecnologico e industriale in Cina. Con oltre 25 anni di esperienza, HQTS \u00e8 l\u2019azienda leader in Asia nei servizi di controllo qualit\u00e0. Disponiamo di uffici locali a Shenzhen, Dongguan e Hong Kong, che ci consentono di offrire un supporto efficiente e completo alle aziende della regione.<\/p>\n<h4><strong>HQTS Shenzhen Office<\/strong><\/h4>\n<ul>\n<li>Room 605, ChuangJian Building, No. 6023 Shennan Boulevard, Distretto di Futian, Shenzhen, Provincia di Guangdong, 518040, Cina.<\/li>\n<li>+86 755 21085171<\/li>\n<li>inquiry@hqts.com<\/li>\n<\/ul>\n<h3>I Nostri Servizi di Controllo Qualit\u00e0 a Shenzhen e nell\u2019Area del Delta del Fiume delle Perle<\/h3>\n<h4>Ispezioni di Prodotto<\/h4>\n<p>In HQTS offriamo servizi di ispezione approfonditi per garantire che i tuoi prodotti rispettino i pi\u00f9 alti standard di qualit\u00e0. I nostri ispettori esperti eseguono controlli in diverse fasi del processo produttivo, tra cui ispezioni pre-produzione, in-process e pre-spedizione.<\/p>\n<ul>\n<li><a href=\"https:\/\/www.hqts.com\/it\/pre-production-inspection\/\">Ispezione Pre-Produzione<\/a><\/li>\n<li><a href=\"https:\/\/www.hqts.com\/it\/i-nostri-servizi\/quality-control-inspections\/ispezione-durante-la-produzione\/\">Ispezione Durante la Produzione<\/a><\/li>\n<li><a href=\"https:\/\/www.hqts.com\/it\/i-nostri-servizi\/quality-control-inspections\/ispezione-pre-spedizione\/\">Ispezione Pre-Spedizione<\/a><\/li>\n<li><a href=\"https:\/\/www.hqts.com\/our-services\/piece-by-piece\/\">Ispezione Pezzo per Pezzo<\/a><\/li>\n<li><a href=\"https:\/\/www.hqts.com\/container-loading-inspection\/\">Supervisione del Carico Contenitori<\/a><\/li>\n<\/ul>\n<h4>Audit dei Fornitori<\/h4>\n<p>I nostri auditor esperti effettuano visite in loco, valutano le capacit\u00e0 produttive dei fornitori, i processi di controllo qualit\u00e0 e la conformit\u00e0 alle normative di settore. Forniamo report di audit completi con risultati dettagliati, che ti consentono di prendere decisioni informate sui tuoi fornitori e ridurre i rischi.<\/p>\n<ul>\n<li><a href=\"https:\/\/www.hqts.com\/our-services\/manufacturer-audits\/\">Audit del Produttore<\/a><\/li>\n<li><a href=\"https:\/\/www.hqts.com\/our-services\/social-compliance-audits\/\">Audit di Conformit\u00e0 Sociale<\/a><\/li>\n<li><a href=\"https:\/\/www.hqts.com\/our-services\/building-safety-audits\/\">Audit di Sicurezza Edilizia<\/a><\/li>\n<li><a href=\"https:\/\/www.hqts.com\/our-services\/energy-audits\/\">Audit Energetici<\/a><\/li>\n<li><a href=\"https:\/\/www.hqts.com\/our-services\/environmental-audits\/\">Audit Ambientali<\/a><\/li>\n<li><a href=\"https:\/\/www.hqts.com\/factory-production-control\/\">Controllo della Produzione in Fabbrica<\/a><\/li>\n<\/ul>\n<h4>Test di Prodotto<\/h4>\n<p>I nostri servizi di test ti aiutano a garantire che i tuoi prodotti rispettino gli standard normativi e offrano ai clienti il massimo livello di qualit\u00e0 e sicurezza. Eseguiamo una vasta gamma di test, tra cui prove meccaniche, analisi chimiche, analisi della composizione dei materiali, test di sicurezza elettrica, RoHS\/REACH, materiali a contatto con alimenti e molto altro.<\/p>\n<p>I nostri laboratori interni si trovano a:<\/p>\n<ul>\n<li><strong>Hangzhou, Cina &#8211;<\/strong> Laboratorio di 80.000 piedi quadrati per test chimici, funzionali, di sicurezza, tessili e di imballaggio.<\/li>\n<li><strong>Ningbo, Cina &#8211;<\/strong> Laboratorio per test chimici, tessili, giocattoli, elettronici ed elettrici e materiali a contatto con alimenti.<\/li>\n<li><strong>Dongguan, Cina &#8211;<\/strong> Laboratorio di test per calzature.<\/li>\n<\/ul>\n<p>&nbsp;<\/p>\n<h4>Conformit\u00e0 dei Prodotti<\/h4>\n<p>HQTS offre servizi completi di conformit\u00e0 dei prodotti per aiutarti a gestire con sicurezza contesti normativi complessi. Il nostro team di esperti \u00e8 costantemente aggiornato sulle ultime normative e requisiti dei diversi mercati e settori. Conduciamo valutazioni approfondite per determinare lo stato di conformit\u00e0 dei tuoi prodotti e forniamo indicazioni su eventuali adeguamenti necessari.<\/p>\n<h4><strong>Accreditamenti:<\/strong><\/h4>\n<ul>\n<li aria-level=\"1\">CNAS secondo ISO 17020 &amp; 17025<\/li>\n<li aria-level=\"1\">Certificato CMA<\/li>\n<li aria-level=\"1\">Certificato di qualificazione per l\u2019istituzione di ispezione e verifica delle merci di importazione ed esportazione<\/li>\n<li aria-level=\"1\">Certificato di membro dell\u2019Associazione Cinese di Ispezione e Quarantena per le Merci di Importazione ed Esportazione<\/li>\n<li aria-level=\"1\">Certificato di Impresa High-tech di Hangzhou<\/li>\n<li aria-level=\"1\">Certificato di Membro del Consiglio dell\u2019Associazione del Commercio Elettronico della Provincia del Guangdong<\/li>\n<li aria-level=\"1\">Certificato di Membro dell\u2019Associazione dell\u2019Industria dei Dispositivi Medici della Provincia di Zhejiang<\/li>\n<li aria-level=\"1\">Certificato di Membro dell\u2019Associazione del Commercio Elettronico Transfrontaliero di Shenzhen<\/li>\n<li aria-level=\"1\">Membro del Comitato Tecnico per la Standardizzazione della Federazione dell\u2019Industria Tessile<\/li>\n<\/ul>\n","protected":false},"excerpt":{"rendered":"<p>In soli 40 anni, Shenzhen si \u00e8 trasformata da un villaggio di pescatori in una metropoli globale. Oggi rappresenta un importante polo tecnologico e industriale in Cina. Con oltre 25 anni di esperienza, HQTS \u00e8 l\u2019azienda leader in Asia nei servizi di controllo qualit\u00e0. Disponiamo di uffici locali a Shenzhen, Dongguan e Hong Kong, che [&hellip;]<\/p>\n","protected":false},"author":12,"featured_media":220114,"parent":220016,"menu_order":0,"comment_status":"closed","ping_status":"closed","template":"","meta":{"_acf_changed":false,"footnotes":""},"class_list":["post-220112","page","type-page","status-publish","has-post-thumbnail","hentry"],"acf":[],"_links":{"self":[{"href":"https:\/\/www.hqts.com\/it\/wp-json\/wp\/v2\/pages\/220112","targetHints":{"allow":["GET"]}}],"collection":[{"href":"https:\/\/www.hqts.com\/it\/wp-json\/wp\/v2\/pages"}],"about":[{"href":"https:\/\/www.hqts.com\/it\/wp-json\/wp\/v2\/types\/page"}],"author":[{"embeddable":true,"href":"https:\/\/www.hqts.com\/it\/wp-json\/wp\/v2\/users\/12"}],"replies":[{"embeddable":true,"href":"https:\/\/www.hqts.com\/it\/wp-json\/wp\/v2\/comments?post=220112"}],"version-history":[{"count":1,"href":"https:\/\/www.hqts.com\/it\/wp-json\/wp\/v2\/pages\/220112\/revisions"}],"predecessor-version":[{"id":220125,"href":"https:\/\/www.hqts.com\/it\/wp-json\/wp\/v2\/pages\/220112\/revisions\/220125"}],"up":[{"embeddable":true,"href":"https:\/\/www.hqts.com\/it\/wp-json\/wp\/v2\/pages\/220016"}],"wp:featuredmedia":[{"embeddable":true,"href":"https:\/\/www.hqts.com\/it\/wp-json\/wp\/v2\/media\/220114"}],"wp:attachment":[{"href":"https:\/\/www.hqts.com\/it\/wp-json\/wp\/v2\/media?parent=220112"}],"curies":[{"name":"wp","href":"https:\/\/api.w.org\/{rel}","templated":true}]}}