{"id":220126,"date":"2025-11-06T16:28:20","date_gmt":"2025-11-06T16:28:20","guid":{"rendered":"https:\/\/www.hqts.com\/chi-siamo\/controllo-qualita-in-cina\/servizi-di-controllo-qualita-a-yiwu\/"},"modified":"2025-11-06T16:29:08","modified_gmt":"2025-11-06T16:29:08","slug":"controllo-qualita-yiwu","status":"publish","type":"page","link":"https:\/\/www.hqts.com\/it\/chi-siamo\/controllo-qualita-in-cina\/controllo-qualita-yiwu\/","title":{"rendered":"Servizi di Controllo Qualit\u00e0 a Yiwu"},"content":{"rendered":"<p>Situata nella provincia di Zhejiang, Yiwu \u00e8 un rinomato centro commerciale internazionale. Con oltre 75.000 fornitori e milioni di prodotti disponibili, Yiwu offre un\u2019ampia variet\u00e0 di articoli, tra cui tessuti, accessori, giocattoli e molto altro. HQTS fornisce servizi di controllo qualit\u00e0 a Yiwu e nelle aree circostanti. Con uffici commerciali locali nelle citt\u00e0 vicine di <a href=\"https:\/\/www.hqts.com\/it\/chi-siamo\/controllo-qualita-in-cina\/controllo-qualita-hangzhou\/\">Hangzhou<\/a>, <a href=\"https:\/\/www.hqts.com\/it\/chi-siamo\/controllo-qualita-in-cina\/controllo-qualita-ningbo-zhejiang\/\">Ningbo<\/a> e <a href=\"https:\/\/www.hqts.com\/it\/chi-siamo\/controllo-qualita-in-cina\/controllo-qualita-shanghai\/\">Shanghai<\/a>, siamo pronti a soddisfare le tue esigenze. Il nostro team operativo dedicato e permanente a Yiwu \u00e8 in grado di fornire report di ispezione entro 48 ore, garantendo informazioni accurate e utili per prendere decisioni aziendali informate.<\/p>\n<h3><strong>I Nostri Servizi di Controllo Qualit\u00e0 a Yiwu<\/strong><\/h3>\n<p>Il team HQTS di ispettori e auditor altamente qualificati opera in una vasta gamma di settori e categorie di prodotto. Dai beni di consumo ai beni industriali, dall\u2019alimentare all\u2019agricolo e a molti altri settori, il nostro team possiede l\u2019esperienza e la competenza necessarie per garantire rigorose misure di controllo qualit\u00e0.<\/p>\n<h4><strong>Ispezioni di Prodotto<\/strong><\/h4>\n<p>Il nostro team altamente qualificato di ispettori \u00e8 pronto a raggiungere rapidamente i tuoi fornitori, condurre ispezioni approfondite e fornire report dettagliati entro 48 ore. Seguendo liste di controllo complete, i nostri ispettori valutano con precisione i tuoi prodotti in base agli standard internazionali o ai requisiti specifici che indichi. Con le ispezioni di qualit\u00e0 HQTS, puoi avere la certezza che i tuoi prodotti rispettano i pi\u00f9 alti standard di qualit\u00e0 e sicurezza.<\/p>\n<ul>\n<li><a href=\"https:\/\/www.hqts.com\/our-services\/quality-control-inspections\/pre-production-inspection\/\">Ispezioni Pre-Produzione<\/a><\/li>\n<li><a href=\"https:\/\/www.hqts.com\/it\/i-nostri-servizi\/quality-control-inspections\/ispezione-pre-spedizione\/\">Ispezioni Pre-Spedizione<\/a><\/li>\n<li><a href=\"https:\/\/www.hqts.com\/it\/i-nostri-servizi\/quality-control-inspections\/ispezione-durante-la-produzione\/\">Ispezioni Durante la Produzione<\/a><\/li>\n<li><a href=\"https:\/\/www.hqts.com\/our-services\/piece-by-piece\/\">Ispezioni Pezzo per Pezzo<\/a><\/li>\n<li><a href=\"https:\/\/www.hqts.com\/our-services\/quality-control-inspections\/container-loading-inspection\/\">Ispezioni di Carico Contenitori<\/a><\/li>\n<li><a href=\"https:\/\/www.hqts.com\/our-services\/sample-checking\/\">Verifica dei Campioni<\/a><\/li>\n<li><a href=\"https:\/\/www.hqts.com\/our-services\/metal-detection\/\">Rilevamento Metalli<\/a><\/li>\n<li><a href=\"https:\/\/www.hqts.com\/it\/i-nostri-servizi\/quality-control-inspections\/supervisione-del-carico-e-scarico\/\">Ispezioni di Carico\/Scarico<\/a><\/li>\n<\/ul>\n<p>&nbsp;<\/p>\n<h4><strong>Audit dei Fornitori<\/strong><\/h4>\n<p>Nel mercato competitivo di oggi, \u00e8 fondamentale selezionare partner affidabili in grado di soddisfare tutte le esigenze produttive, inclusi design, qualit\u00e0 e consegna puntuale. Valutare fabbriche e fornitori attraverso audit completi \u00e8 una parte essenziale di questo processo.<\/p>\n<ul>\n<li><a href=\"https:\/\/www.hqts.com\/our-services\/manufacturer-audits\/\">Audit del Produttore<\/a><\/li>\n<li><a href=\"https:\/\/www.hqts.com\/our-services\/social-compliance-audits\/\">Audit di Conformit\u00e0 Sociale<\/a><\/li>\n<li><a href=\"https:\/\/www.hqts.com\/our-services\/building-safety-audits\/\">Audit di Sicurezza Edilizia<\/a><\/li>\n<li><a href=\"https:\/\/www.hqts.com\/our-services\/energy-audits\/\">Audit Energetici<\/a><\/li>\n<li><a href=\"https:\/\/www.hqts.com\/our-services\/environmental-audits\/\">Audit Ambientali<\/a><\/li>\n<li><a href=\"https:\/\/www.hqts.com\/factory-production-control\/\">Controllo della Produzione in Fabbrica<\/a><\/li>\n<\/ul>\n<p>&nbsp;<\/p>\n<h4><strong>Conformit\u00e0 dei Prodotti<\/strong><\/h4>\n<p>Il nostro team di conformit\u00e0 collabora con la tua catena di fornitura per raccogliere e convalidare i campioni dei fornitori e documentare la conformit\u00e0 dei prodotti e le pratiche aziendali sostenibili. HQTS \u00e8 la scelta ideale per assicurare che i tuoi prodotti rispettino le normative ambientali, di sicurezza e governative. Per saperne di pi\u00f9, visita il nostro <a href=\"https:\/\/www.hqts.com\/it\/sezione-conformita\/\">portale di conformit\u00e0<\/a>.<\/p>\n<h4><strong>Test di Prodotto<\/strong><\/h4>\n<p>Offriamo un\u2019ampia gamma di servizi di test, tra cui test di prestazione, sicurezza e conformit\u00e0, oltre ad analisi dei materiali. Che tu abbia bisogno di certificazioni di prodotto, valutazioni delle prestazioni o test personalizzati, i laboratori interni HQTS sono attrezzati per soddisfare ogni esigenza.<\/p>\n<ul>\n<li><strong>Hangzhou, Cina &#8211;<\/strong> Laboratorio di 80.000 piedi quadrati per test chimici, funzionali, di sicurezza, tessili e di imballaggio.<\/li>\n<li><strong>Ningbo, Cina &#8211;<\/strong> Laboratorio per test chimici, tessili, giocattoli, elettronici ed elettrici, e materiali a contatto con alimenti.<\/li>\n<li><strong>Dongguan, Cina &#8211;<\/strong> Laboratorio di test per calzature.<\/li>\n<li style=\"list-style-type: none;\"><\/li>\n<\/ul>\n<p>&nbsp;<\/p>\n<p><em><strong>Qualifiche Internazionali:<\/strong> ISO\/IEC 17025, CMA, CPSC, ISTA.<\/em><\/p>\n<h4><strong>Accreditamenti:<\/strong><\/h4>\n<ul>\n<li aria-level=\"1\">CNAS secondo ISO 17020 &amp; 17025<\/li>\n<li aria-level=\"1\">Certificato CMA<\/li>\n<li aria-level=\"1\">Certificato di qualificazione per l\u2019istituzione di ispezione e verifica delle merci di importazione ed esportazione<\/li>\n<li aria-level=\"1\">Certificato di membro dell\u2019Associazione Cinese di Ispezione e Quarantena per le Merci di Importazione ed Esportazione<\/li>\n<li aria-level=\"1\">Certificato di Impresa High-tech di Hangzhou<\/li>\n<li aria-level=\"1\">Certificato di Membro del Consiglio dell\u2019Associazione del Commercio Elettronico della Provincia del Guangdong<\/li>\n<li aria-level=\"1\">Certificato di Membro dell\u2019Associazione dell\u2019Industria dei Dispositivi Medici della Provincia di Zhejiang<\/li>\n<li aria-level=\"1\">Certificato di Membro dell\u2019Associazione del Commercio Elettronico Transfrontaliero di Shenzhen<\/li>\n<li aria-level=\"1\">Membro del Comitato Tecnico per la Standardizzazione della Federazione dell\u2019Industria Tessile<\/li>\n<\/ul>\n","protected":false},"excerpt":{"rendered":"<p>Situata nella provincia di Zhejiang, Yiwu \u00e8 un rinomato centro commerciale internazionale. Con oltre 75.000 fornitori e milioni di prodotti disponibili, Yiwu offre un\u2019ampia variet\u00e0 di articoli, tra cui tessuti, accessori, giocattoli e molto altro. HQTS fornisce servizi di controllo qualit\u00e0 a Yiwu e nelle aree circostanti. Con uffici commerciali locali nelle citt\u00e0 vicine di [&hellip;]<\/p>\n","protected":false},"author":12,"featured_media":220128,"parent":220016,"menu_order":0,"comment_status":"closed","ping_status":"closed","template":"","meta":{"_acf_changed":false,"footnotes":""},"class_list":["post-220126","page","type-page","status-publish","has-post-thumbnail","hentry"],"acf":[],"_links":{"self":[{"href":"https:\/\/www.hqts.com\/it\/wp-json\/wp\/v2\/pages\/220126","targetHints":{"allow":["GET"]}}],"collection":[{"href":"https:\/\/www.hqts.com\/it\/wp-json\/wp\/v2\/pages"}],"about":[{"href":"https:\/\/www.hqts.com\/it\/wp-json\/wp\/v2\/types\/page"}],"author":[{"embeddable":true,"href":"https:\/\/www.hqts.com\/it\/wp-json\/wp\/v2\/users\/12"}],"replies":[{"embeddable":true,"href":"https:\/\/www.hqts.com\/it\/wp-json\/wp\/v2\/comments?post=220126"}],"version-history":[{"count":1,"href":"https:\/\/www.hqts.com\/it\/wp-json\/wp\/v2\/pages\/220126\/revisions"}],"predecessor-version":[{"id":220140,"href":"https:\/\/www.hqts.com\/it\/wp-json\/wp\/v2\/pages\/220126\/revisions\/220140"}],"up":[{"embeddable":true,"href":"https:\/\/www.hqts.com\/it\/wp-json\/wp\/v2\/pages\/220016"}],"wp:featuredmedia":[{"embeddable":true,"href":"https:\/\/www.hqts.com\/it\/wp-json\/wp\/v2\/media\/220128"}],"wp:attachment":[{"href":"https:\/\/www.hqts.com\/it\/wp-json\/wp\/v2\/media?parent=220126"}],"curies":[{"name":"wp","href":"https:\/\/api.w.org\/{rel}","templated":true}]}}