{"id":220141,"date":"2025-11-06T16:32:09","date_gmt":"2025-11-06T16:32:09","guid":{"rendered":"https:\/\/www.hqts.com\/ispezioni-e-controllo-qualita-dei-componenti-auto\/"},"modified":"2025-11-06T16:32:57","modified_gmt":"2025-11-06T16:32:57","slug":"ispezioni-componenti-auto","status":"publish","type":"page","link":"https:\/\/www.hqts.com\/it\/settori-che-serviamo\/ispezioni-componenti-auto\/","title":{"rendered":"Ispezioni e Controllo Qualit\u00e0 dei Componenti Auto"},"content":{"rendered":"<h5><strong>Ispezioni e Controllo Qualit\u00e0 dei Componenti Auto<\/strong><\/h5>\n<p><strong>La qualit\u00e0 dei componenti automobilistici \u00e8 direttamente proporzionale alla sicurezza e alle prestazioni di un veicolo. \u00c8 fondamentale dedicare particolare attenzione alla qualit\u00e0 dei componenti auto per migliorare la sicurezza e l\u2019affidabilit\u00e0, aumentando cos\u00ec anche il valore del tuo marchio. Il processo di approvvigionamento dei componenti automobilistici pu\u00f2 essere complesso a causa delle diverse specifiche, delle capacit\u00e0 dei fornitori e delle molteplici ubicazioni di produzione.<\/strong><\/p>\n<p>HQTS fornisce servizi di assicurazione qualit\u00e0 per l\u2019industria automobilistica da diversi anni, attraverso le nostre sedi operative in tutto il mondo. Siamo pronti e in grado di soddisfare le tue esigenze in termini di qualit\u00e0, affidabilit\u00e0 e sicurezza dei prodotti automobilistici, migliorando cos\u00ec la tua competitivit\u00e0 sul mercato. I nostri ispettori esperti operano secondo le procedure del Production Part Approval Process (PPAP) e possono aiutarti a controllare la qualit\u00e0 dei prodotti in ogni fase del processo produttivo.<\/p>\n<h5><strong>I componenti auto che ispezioniamo includono:<\/strong><\/h5>\n<p>Parti del motore, interni automobilistici, esterni automobilistici, accessori per trasmissione, raccordi dei freni, accessori per sterzo, sistemi di ruote, sistemi di telaio, accessori per carrozzeria, sistemi di sterzo, accessori da viaggio, strumenti elettrici, accessori, modifiche per auto, sistemi di sicurezza, accessori completi, dispositivi audio e video, prodotti chimici per la cura dell\u2019auto, attrezzature per la manutenzione, utensili elettrici e molto altro.<\/p>\n<h5><strong>I nostri servizi includono:<\/strong><\/h5>\n<p>Audit di Fabbrica<\/p>\n<p>Test<\/p>\n<p>Servizi di Ispezione<\/p>\n<ul>\n<li>Ispezione Pre-Produzione<\/li>\n<li>Procedura PPAP<\/li>\n<li>Ispezione Pre-Spedizione<\/li>\n<li>Ispezione di Carico\/Scarico<\/li>\n<li>Monitoraggio della Produzione<\/li>\n<li>Controllo dei Campioni<\/li>\n<li>Selezione e Riparazione<\/li>\n<\/ul>\n","protected":false},"excerpt":{"rendered":"<p>Ispezioni e Controllo Qualit\u00e0 dei Componenti Auto La qualit\u00e0 dei componenti automobilistici \u00e8 direttamente proporzionale alla sicurezza e alle prestazioni di un veicolo. \u00c8 fondamentale dedicare particolare attenzione alla qualit\u00e0 dei componenti auto per migliorare la sicurezza e l\u2019affidabilit\u00e0, aumentando cos\u00ec anche il valore del tuo marchio. Il processo di approvvigionamento dei componenti automobilistici pu\u00f2 [&hellip;]<\/p>\n","protected":false},"author":12,"featured_media":220144,"parent":220156,"menu_order":21,"comment_status":"closed","ping_status":"closed","template":"","meta":{"_acf_changed":false,"footnotes":""},"class_list":["post-220141","page","type-page","status-publish","has-post-thumbnail","hentry"],"acf":[],"_links":{"self":[{"href":"https:\/\/www.hqts.com\/it\/wp-json\/wp\/v2\/pages\/220141","targetHints":{"allow":["GET"]}}],"collection":[{"href":"https:\/\/www.hqts.com\/it\/wp-json\/wp\/v2\/pages"}],"about":[{"href":"https:\/\/www.hqts.com\/it\/wp-json\/wp\/v2\/types\/page"}],"author":[{"embeddable":true,"href":"https:\/\/www.hqts.com\/it\/wp-json\/wp\/v2\/users\/12"}],"replies":[{"embeddable":true,"href":"https:\/\/www.hqts.com\/it\/wp-json\/wp\/v2\/comments?post=220141"}],"version-history":[{"count":1,"href":"https:\/\/www.hqts.com\/it\/wp-json\/wp\/v2\/pages\/220141\/revisions"}],"predecessor-version":[{"id":220155,"href":"https:\/\/www.hqts.com\/it\/wp-json\/wp\/v2\/pages\/220141\/revisions\/220155"}],"up":[{"embeddable":true,"href":"https:\/\/www.hqts.com\/it\/wp-json\/wp\/v2\/pages\/220156"}],"wp:featuredmedia":[{"embeddable":true,"href":"https:\/\/www.hqts.com\/it\/wp-json\/wp\/v2\/media\/220144"}],"wp:attachment":[{"href":"https:\/\/www.hqts.com\/it\/wp-json\/wp\/v2\/media?parent=220141"}],"curies":[{"name":"wp","href":"https:\/\/api.w.org\/{rel}","templated":true}]}}