{"id":220175,"date":"2025-11-07T02:40:20","date_gmt":"2025-11-07T02:40:20","guid":{"rendered":"https:\/\/www.hqts.com\/chi-siamo\/agenzia-di-ispezione-di-terza-parte-in-india\/"},"modified":"2025-11-07T02:41:09","modified_gmt":"2025-11-07T02:41:09","slug":"ispezione-terza-parte-india","status":"publish","type":"page","link":"https:\/\/www.hqts.com\/it\/chi-siamo\/ispezione-terza-parte-india\/","title":{"rendered":"Agenzia di Ispezione di Terza Parte in India"},"content":{"rendered":"<h2 style=\"text-align: left;\"><strong>HQTS \u00e8 la tua Azienda di Controllo Qualit\u00e0 in India<\/strong><\/h2>\n<p><strong>HQTS \u00e8 una delle principali aziende di controllo qualit\u00e0 in India, che offre servizi di ispezione in tutti i principali centri produttivi del Paese, tra cui <a href=\"https:\/\/www.hqts.com\/it\/chi-siamo\/ispezione-terza-parte-india\/agenzia-di-ispezione-di-terza-parte-a-delhi\/\">Nuova Delhi<\/a>, <a href=\"https:\/\/www.hqts.com\/it\/chi-siamo\/ispezione-terza-parte-india\/agenzia-di-ispezione-di-terza-parte-a-mumbai\/\">Mumbai<\/a>, <a href=\"https:\/\/www.hqts.com\/it\/chi-siamo\/ispezione-terza-parte-india\/ispezioni-di-terza-parte-a-pune\/\">Pune<\/a>, <a href=\"https:\/\/www.hqts.com\/it\/chi-siamo\/ispezione-terza-parte-india\/ispezioni-di-terza-parte-a-chennai\/\">Chennai<\/a>, <a href=\"https:\/\/www.hqts.com\/it\/chi-siamo\/ispezione-terza-parte-india\/ispezioni-di-terza-parte-a-bangalore\/\">Bangalore<\/a>, Jaipur, Kolkata e molte altre regioni.<\/strong><\/p>\n<p>L\u2019India \u00e8 una potenza manifatturiera e una destinazione di approvvigionamento per marchi nazionali e internazionali. Il Paese vanta da tempo una forte presenza in settori come Tessile e Abbigliamento, Agricoltura e Prodotti Alimentari, Automobili e Componenti Auto, Elettronica, Prodotti Rinnovabili e molti altri.<\/p>\n<p>Dal nostro ingresso nel mercato indiano nel 2008, abbiamo costruito una solida posizione e siamo oggi una delle agenzie di ispezione di terza parte pi\u00f9 riconosciute in India. La nostra sede regionale si trova a Nuova Delhi e siamo in grado di coprire l\u2019intero territorio nazionale con i nostri servizi di controllo qualit\u00e0.<\/p>\n<p><strong>HQTS India Ufficio Regionale<\/strong><\/p>\n<ul>\n<li><strong>Sede:<\/strong> 603, 6\u00b0 piano, Best Business Park, Netaji Subhash Place, Pitampura, Nuova Delhi &#8211; 110034, India<\/li>\n<li><strong><strong>Telefono: <\/strong><\/strong>+91 95992 85503<\/li>\n<li><strong>Email:\u00a0<\/strong>inquiry@hqts.com<\/li>\n<\/ul>\n<p>&nbsp;<\/p>\n<p><img fetchpriority=\"high\" decoding=\"async\" class=\"aligncenter size-full wp-image-187087\" src=\"https:\/\/www.hqts.com\/wp-content\/uploads\/2025\/04\/hqts-india.jpg\" alt=\"\" width=\"1616\" height=\"1080\" srcset=\"https:\/\/www.hqts.com\/wp-content\/uploads\/2025\/04\/hqts-india.jpg 1616w, https:\/\/www.hqts.com\/wp-content\/uploads\/2025\/04\/hqts-india-300x200.jpg 300w, https:\/\/www.hqts.com\/wp-content\/uploads\/2025\/04\/hqts-india-1024x684.jpg 1024w, https:\/\/www.hqts.com\/wp-content\/uploads\/2025\/04\/hqts-india-768x513.jpg 768w, https:\/\/www.hqts.com\/wp-content\/uploads\/2025\/04\/hqts-india-1536x1027.jpg 1536w\" sizes=\"(max-width: 1616px) 100vw, 1616px\" \/><\/p>\n<p>&nbsp;<\/p>\n<h2><strong>Servizi di Controllo Qualit\u00e0 HQTS in India<\/strong><\/h2>\n<p>HQTS \u00e8 la tua azienda di ispezione di terza parte in India per tutte le tue esigenze legate alla qualit\u00e0. I nostri servizi sono progettati per affrontare le sfide lungo l\u2019intero ciclo di approvvigionamento e produzione, tenendo conto delle caratteristiche specifiche del settore manifatturiero indiano.<\/p>\n<p>Che si tratti di un audit di fabbrica in India, di un\u2019ispezione di qualit\u00e0 del prodotto o dell\u2019ottenimento di certificazioni governative, il nostro impegno \u00e8 garantire che i tuoi prodotti rispettino i pi\u00f9 alti standard di qualit\u00e0 e sicurezza.<\/p>\n<h4><strong>Audit di Fornitori e Fabbriche in India<\/strong><\/h4>\n<p>I nostri <strong><a href=\"https:\/\/www.hqts.com\/it\/i-nostri-servizi\/audit-di-fabbrica\/\">audit di fornitori e fabbriche<\/a><\/strong> in India ti aiutano a verificare che il tuo fornitore sia legittimo e in grado di soddisfare le tue esigenze e i tuoi standard qualitativi.<\/p>\n<p><strong>I principali punti di verifica di un audit fornitore includono:<\/strong><\/p>\n<ul>\n<li>Informazioni legali sull\u2019azienda<\/li>\n<li>Informazioni bancarie<\/li>\n<li>Risorse umane<\/li>\n<li>Capacit\u00e0 di esportazione<\/li>\n<li>Gestione degli ordini<\/li>\n<\/ul>\n<p><strong>L\u2019audit standard di fabbrica include:<\/strong><\/p>\n<ul>\n<li>Storia del produttore<\/li>\n<li>Manodopera<\/li>\n<li>Capacit\u00e0 produttiva<\/li>\n<li>Macchinari, strutture e attrezzature<\/li>\n<li>Processo produttivo e linea di produzione<\/li>\n<li>Sistema di qualit\u00e0 interno (test e ispezioni)<\/li>\n<li>Sistema e capacit\u00e0 di gestione<\/li>\n<li>Ambiente di lavoro<\/li>\n<\/ul>\n<h4 style=\"text-align: justify;\"><strong>Ispezione dei Prodotti in India<\/strong><\/h4>\n<p>Supportiamo aziende nazionali e internazionali in diversi settori per ridurre i tassi di scarto grazie ai nostri servizi di ispezione della qualit\u00e0 dei prodotti in India. Ciascun servizio \u00e8 mirato a una fase diversa del ciclo produttivo e include:<\/p>\n<ul>\n<li><strong><a href=\"https:\/\/www.hqts.com\/it\/pre-production-inspection\/\">Ispezione Pre-Produzione<\/a><\/strong><\/li>\n<li><strong><a href=\"https:\/\/www.hqts.com\/it\/i-nostri-servizi\/quality-control-inspections\/ispezione-durante-la-produzione\/\">Ispezione Durante la Produzione<\/a><\/strong><\/li>\n<li><strong><a href=\"https:\/\/www.hqts.com\/it\/i-nostri-servizi\/quality-control-inspections\/ispezione-pre-spedizione\/\">Ispezione Pre-Spedizione<\/a><\/strong><\/li>\n<li><strong><a href=\"https:\/\/www.hqts.com\/our-services\/piece-by-piece\/\">Ispezione Pezzo per Pezzo<\/a><\/strong><\/li>\n<li><strong><a href=\"https:\/\/www.hqts.com\/container-loading-inspection\/\">Ispezione di Carico Contenitori<\/a><\/strong><\/li>\n<\/ul>\n<h4><strong>Servizi di Certificazione Governativa in India<\/strong><\/h4>\n<p>Grazie alla nostra esperienza nei programmi di valutazione della conformit\u00e0, HQTS India possiede una conoscenza approfondita delle normative e degli standard tecnici, ed \u00e8 autorizzata a svolgere attivit\u00e0 di valutazione della conformit\u00e0 e a rilasciare certificati di conformit\u00e0 in diversi Paesi del mondo.<\/p>\n<h5><strong>Fornitori di Certificati SASO in India<\/strong><\/h5>\n<p>Possiamo aiutarti a ottenere il <strong><a href=\"https:\/\/www.hqts.com\/it\/i-nostri-servizi\/certificato-di-conformita-arabia\/\">certificato SASO in India<\/a><\/strong> \/ certificato SABER in India e rilasciare il certificato di conformit\u00e0 dei prodotti per l\u2019Arabia Saudita una volta che le tue merci soddisfano gli standard tecnici pertinenti.<\/p>\n<h5><strong>Certificato PVoC dell\u2019Uganda in India<\/strong><\/h5>\n<p>HQTS \u00e8 una delle poche aziende al mondo autorizzate dall\u2019Uganda National Bureau of Standards (UNBS) a fornire servizi di <strong><a href=\"https:\/\/www.hqts.com\/it\/i-nostri-servizi\/uganda-pre-export-verification-of-conformity-pvoc\/\">certificazione PVoC per l\u2019Uganda<\/a><\/strong>.<\/p>\n<h4><strong>Altri Servizi di Controllo Qualit\u00e0<\/strong><\/h4>\n<p>Oltre ai servizi sopra menzionati, offriamo formazione <strong><a href=\"https:\/\/www.hqts.com\/it\/i-nostri-servizi\/consulenza-controllo-qualita\/servizio-di-formazione\/\">specializzata nella gestione della qualit\u00e0<\/a><\/strong>, <strong><a href=\"https:\/\/www.hqts.com\/it\/i-nostri-servizi\/audit-di-fabbrica\/audit-di-conformita-sociale\/\">audit di conformit\u00e0 sociale<\/a><\/strong> e <strong><a href=\"https:\/\/www.hqts.com\/it\/i-nostri-servizi\/test-prodotti-materiali\/\">test di prodotto<\/a><\/strong> secondo gli standard industriali come RoHS, REACH, CPSIA, DMF e Cl Prop 65, nei nostri laboratori all\u2019avanguardia.<\/p>\n<p><strong><a href=\"https:\/\/www.hqts.com\/it\/contatti\/\">Contattaci oggi<\/a><\/strong> per scoprire come possiamo aiutarti.<\/p>\n","protected":false},"excerpt":{"rendered":"<p>HQTS \u00e8 la tua Azienda di Controllo Qualit\u00e0 in India HQTS \u00e8 una delle principali aziende di controllo qualit\u00e0 in India, che offre servizi di ispezione in tutti i principali centri produttivi del Paese, tra cui Nuova Delhi, Mumbai, Pune, Chennai, Bangalore, Jaipur, Kolkata e molte altre regioni. L\u2019India \u00e8 una potenza manifatturiera e una [&hellip;]<\/p>\n","protected":false},"author":12,"featured_media":220177,"parent":219931,"menu_order":0,"comment_status":"closed","ping_status":"closed","template":"","meta":{"_acf_changed":false,"footnotes":""},"class_list":["post-220175","page","type-page","status-publish","has-post-thumbnail","hentry"],"acf":[],"_links":{"self":[{"href":"https:\/\/www.hqts.com\/it\/wp-json\/wp\/v2\/pages\/220175","targetHints":{"allow":["GET"]}}],"collection":[{"href":"https:\/\/www.hqts.com\/it\/wp-json\/wp\/v2\/pages"}],"about":[{"href":"https:\/\/www.hqts.com\/it\/wp-json\/wp\/v2\/types\/page"}],"author":[{"embeddable":true,"href":"https:\/\/www.hqts.com\/it\/wp-json\/wp\/v2\/users\/12"}],"replies":[{"embeddable":true,"href":"https:\/\/www.hqts.com\/it\/wp-json\/wp\/v2\/comments?post=220175"}],"version-history":[{"count":1,"href":"https:\/\/www.hqts.com\/it\/wp-json\/wp\/v2\/pages\/220175\/revisions"}],"predecessor-version":[{"id":220189,"href":"https:\/\/www.hqts.com\/it\/wp-json\/wp\/v2\/pages\/220175\/revisions\/220189"}],"up":[{"embeddable":true,"href":"https:\/\/www.hqts.com\/it\/wp-json\/wp\/v2\/pages\/219931"}],"wp:featuredmedia":[{"embeddable":true,"href":"https:\/\/www.hqts.com\/it\/wp-json\/wp\/v2\/media\/220177"}],"wp:attachment":[{"href":"https:\/\/www.hqts.com\/it\/wp-json\/wp\/v2\/media?parent=220175"}],"curies":[{"name":"wp","href":"https:\/\/api.w.org\/{rel}","templated":true}]}}