{"id":220190,"date":"2025-11-07T02:45:44","date_gmt":"2025-11-07T02:45:44","guid":{"rendered":"https:\/\/www.hqts.com\/chi-siamo\/ispezione-terza-parte-india\/ispezioni-di-terza-parte-a-bangalore\/"},"modified":"2025-11-07T02:46:24","modified_gmt":"2025-11-07T02:46:24","slug":"ispezioni-terza-parte-bangalore","status":"publish","type":"page","link":"https:\/\/www.hqts.com\/it\/chi-siamo\/ispezione-terza-parte-india\/ispezioni-terza-parte-bangalore\/","title":{"rendered":"Ispezioni di Terza Parte a Bangalore"},"content":{"rendered":"<h2><strong>Azienda di Controllo Qualit\u00e0 a Bangalore<\/strong><\/h2>\n<p>HQTS, una rinomata <strong><a href=\"https:\/\/www.hqts.com\/it\/chi-siamo\/ispezione-terza-parte-india\/\">azienda di controllo qualit\u00e0 in India<\/a><\/strong>, porta la sua presenza locale e la sua esperienza a Bangalore. Operiamo in India dal 2006 e siamo tra le principali societ\u00e0 di controllo qualit\u00e0 a Bangalore.<\/p>\n<p>Bangalore \u00e8 una citt\u00e0 dinamica, conosciuta per i suoi settori industriali diversificati, tra cui elettronica e hardware, industria automobilistica ed e-commerce. Qualunque sia il tuo settore, siamo qui per aiutarti.<\/p>\n<h2><strong>Audit di Fabbrica a Bangalore<\/strong><\/h2>\n<p>I nostri <strong><a href=\"https:\/\/www.hqts.com\/it\/i-nostri-servizi\/audit-di-fabbrica\/\">audit di fabbrica<\/a><\/strong> ti aiutano a valutare i potenziali fornitori, analizzandone le condizioni, i punti di forza e le aree di miglioramento.<\/p>\n<p>Effettuiamo controlli sui precedenti, valutiamo la forza lavoro e le capacit\u00e0 produttive, analizziamo macchinari e strutture, esaminiamo i processi produttivi, i sistemi di gestione della qualit\u00e0 e molto altro.<\/p>\n<h2><strong>Ispezioni di Qualit\u00e0 a Bangalore<\/strong><\/h2>\n<p>Offriamo ispezioni di prodotto in loco in diverse fasi del ciclo produttivo a Bangalore. I nostri ispettori esperti eseguiranno la verifica delle quantit\u00e0 e controlleranno le dimensioni, la qualit\u00e0 complessiva della lavorazione, l\u2019imballaggio, l\u2019etichettatura e qualsiasi requisito specifico che tu possa avere.<\/p>\n<p><strong>Questi servizi di ispezione possono essere eseguiti in tutte le fasi della produzione, tra cui:<\/strong><\/p>\n<ul>\n<li><strong><a href=\"https:\/\/www.hqts.com\/it\/i-nostri-servizi\/quality-control-inspections\/ispezione-pre-produzione\/\">Ispezione Pre-Produzione<\/a><\/strong><\/li>\n<li><strong><a href=\"https:\/\/www.hqts.com\/it\/i-nostri-servizi\/quality-control-inspections\/ispezione-durante-la-produzione\/\">Ispezione Durante la Produzione<\/a><\/strong><\/li>\n<li><strong><a href=\"https:\/\/www.hqts.com\/it\/i-nostri-servizi\/quality-control-inspections\/ispezione-pre-spedizione\/\">Ispezione Finale Casuale<\/a><\/strong><\/li>\n<li><strong><a href=\"https:\/\/www.hqts.com\/it\/i-nostri-servizi\/quality-control-inspections\/supervisione-del-carico-e-scarico\/\">Supervisione di Carico\/Scarico Contenitori<\/a><\/strong><\/li>\n<\/ul>\n<h2><strong>Altri Servizi di Controllo Qualit\u00e0<\/strong><\/h2>\n<p>HQTS offre una gamma completa di servizi di assicurazione qualit\u00e0, tra cui:<\/p>\n<ul>\n<li><strong><a href=\"https:\/\/www.hqts.com\/it\/i-nostri-servizi\/certificato-di-conformita-arabia\/\">Certificazione SASO Bangalore<\/a><\/strong><\/li>\n<li><strong><a href=\"https:\/\/www.hqts.com\/our-services\/uganda-pvoc\/\">Certificazione PVoC Uganda a Bangalore<\/a><\/strong><\/li>\n<li><strong><a href=\"https:\/\/www.hqts.com\/it\/i-nostri-servizi\/test-prodotti-materiali\/\">Servizi di Test di Prodotto<\/a><\/strong><\/li>\n<li><strong><a href=\"https:\/\/www.hqts.com\/it\/i-nostri-servizi\/consulenza-controllo-qualita\/\">Servizi di Consulenza per la Conformit\u00e0 dei Prodotti<\/a><\/strong><\/li>\n<\/ul>\n<p><strong><a href=\"https:\/\/www.hqts.com\/it\/contatti\/\">Contattaci oggi<\/a><\/strong> per maggiori informazioni!<\/p>\n","protected":false},"excerpt":{"rendered":"<p>Azienda di Controllo Qualit\u00e0 a Bangalore HQTS, una rinomata azienda di controllo qualit\u00e0 in India, porta la sua presenza locale e la sua esperienza a Bangalore. Operiamo in India dal 2006 e siamo tra le principali societ\u00e0 di controllo qualit\u00e0 a Bangalore. Bangalore \u00e8 una citt\u00e0 dinamica, conosciuta per i suoi settori industriali diversificati, tra [&hellip;]<\/p>\n","protected":false},"author":17,"featured_media":220192,"parent":220175,"menu_order":0,"comment_status":"closed","ping_status":"closed","template":"","meta":{"_acf_changed":false,"footnotes":""},"class_list":["post-220190","page","type-page","status-publish","has-post-thumbnail","hentry"],"acf":[],"_links":{"self":[{"href":"https:\/\/www.hqts.com\/it\/wp-json\/wp\/v2\/pages\/220190","targetHints":{"allow":["GET"]}}],"collection":[{"href":"https:\/\/www.hqts.com\/it\/wp-json\/wp\/v2\/pages"}],"about":[{"href":"https:\/\/www.hqts.com\/it\/wp-json\/wp\/v2\/types\/page"}],"author":[{"embeddable":true,"href":"https:\/\/www.hqts.com\/it\/wp-json\/wp\/v2\/users\/17"}],"replies":[{"embeddable":true,"href":"https:\/\/www.hqts.com\/it\/wp-json\/wp\/v2\/comments?post=220190"}],"version-history":[{"count":1,"href":"https:\/\/www.hqts.com\/it\/wp-json\/wp\/v2\/pages\/220190\/revisions"}],"predecessor-version":[{"id":220203,"href":"https:\/\/www.hqts.com\/it\/wp-json\/wp\/v2\/pages\/220190\/revisions\/220203"}],"up":[{"embeddable":true,"href":"https:\/\/www.hqts.com\/it\/wp-json\/wp\/v2\/pages\/220175"}],"wp:featuredmedia":[{"embeddable":true,"href":"https:\/\/www.hqts.com\/it\/wp-json\/wp\/v2\/media\/220192"}],"wp:attachment":[{"href":"https:\/\/www.hqts.com\/it\/wp-json\/wp\/v2\/media?parent=220190"}],"curies":[{"name":"wp","href":"https:\/\/api.w.org\/{rel}","templated":true}]}}