{"id":220205,"date":"2025-11-07T02:50:48","date_gmt":"2025-11-07T02:50:48","guid":{"rendered":"https:\/\/www.hqts.com\/chi-siamo\/ispezione-terza-parte-india\/ispezioni-di-terza-parte-a-chennai\/"},"modified":"2025-11-07T02:51:31","modified_gmt":"2025-11-07T02:51:31","slug":"ispezioni-terza-parte-chennai","status":"publish","type":"page","link":"https:\/\/www.hqts.com\/it\/chi-siamo\/ispezione-terza-parte-india\/ispezioni-terza-parte-chennai\/","title":{"rendered":"Ispezioni di Terza Parte a Chennai"},"content":{"rendered":"<h2><strong>Servizi di Controllo Qualit\u00e0 a Chennai<\/strong><\/h2>\n<p><strong>HQTS \u00e8 una rinomata <a href=\"https:\/\/www.hqts.com\/it\/chi-siamo\/ispezione-terza-parte-india\/\">azienda di controllo qualit\u00e0 in India<\/a>, presente localmente dal 2006. Oggi siamo riconosciuti come una delle principali societ\u00e0 di ispezione di terza parte a Chennai.<\/strong><\/p>\n<p>Chennai \u00e8 una metropoli vivace, nota per i suoi settori industriali come elettronica, hardware, prodotti chimici e industria tessile. In HQTS disponiamo di ispettori esperti in grado di assisterti, indipendentemente dal settore in cui operi.<\/p>\n<h2><strong>Audit di Fabbrica a Chennai<\/strong><\/h2>\n<p>Possiamo verificare il tuo fornitore tramite un audit di fabbrica o un <strong><a href=\"https:\/\/www.hqts.com\/it\/i-nostri-servizi\/audit-di-fabbrica\/\">audit del fornitore<\/a><\/strong>. Questi audit ti offrono informazioni preziose per capire se l\u2019azienda \u00e8 legittima e se \u00e8 in grado di produrre costantemente beni conformi ai tuoi standard di qualit\u00e0.<\/p>\n<p><strong>L\u2019audit di fabbrica standard include, ma non si limita a:<\/strong><\/p>\n<ul>\n<li>Propriet\u00e0 e storia della fabbrica<\/li>\n<li>Valutazione delle strutture, macchinari di produzione, attrezzature, ecc.<\/li>\n<li>Controllo dei processi di produzione<\/li>\n<li>Valutazione della forza lavoro e dei sistemi di formazione<\/li>\n<li>Sistemi di gestione della qualit\u00e0<\/li>\n<\/ul>\n<h2><strong>Ispezioni di Prodotto a Pune<\/strong><\/h2>\n<p>Affidati ai nostri ispettori esperti per verificare i tuoi prodotti direttamente in fabbrica a Chennai. Utilizziamo diversi criteri per verificare la conformit\u00e0 dei tuoi articoli, tra cui la verifica delle quantit\u00e0, il controllo delle dimensioni, la qualit\u00e0 della lavorazione, l\u2019imballaggio e l\u2019etichettatura, adattandoci a eventuali requisiti specifici.<\/p>\n<p><strong>I nostri servizi di ispezione coprono l\u2019intero ciclo produttivo e includono:<\/strong><\/p>\n<ul>\n<li><strong><a href=\"https:\/\/www.hqts.com\/it\/i-nostri-servizi\/quality-control-inspections\/ispezione-pre-produzione\/\">Ispezioni Pre-Produzione<\/a><\/strong><\/li>\n<li><strong><a href=\"https:\/\/www.hqts.com\/it\/i-nostri-servizi\/quality-control-inspections\/ispezione-durante-la-produzione\/\">Ispezioni Durante la Produzione<\/a><\/strong><\/li>\n<li><strong><a href=\"https:\/\/www.hqts.com\/it\/i-nostri-servizi\/quality-control-inspections\/ispezione-pre-spedizione\/\">Ispezioni Finali Casuali<\/a><\/strong><\/li>\n<li><strong><a href=\"https:\/\/www.hqts.com\/it\/i-nostri-servizi\/quality-control-inspections\/supervisione-del-carico-e-scarico\/\">Supervisione di Carico\/Scarico Contenitori<\/a><\/strong><\/li>\n<\/ul>\n<h2><strong>Servizi di Assicurazione Qualit\u00e0<\/strong><\/h2>\n<p>Offriamo una gamma completa di servizi di assicurazione qualit\u00e0 che coprono tutte le fasi della tua catena di fornitura. Questi servizi includono:<\/p>\n<ul>\n<li><strong><a href=\"https:\/\/www.hqts.com\/it\/i-nostri-servizi\/certificato-di-conformita-arabia\/\">Certificazione per Esportazioni verso l\u2019Arabia Saudita<\/a><\/strong><\/li>\n<li><strong><a href=\"https:\/\/www.hqts.com\/our-services\/uganda-pvoc\/\">Certificazione per Esportazioni verso l\u2019Uganda<\/a><\/strong><\/li>\n<li><strong><a href=\"https:\/\/www.hqts.com\/it\/i-nostri-servizi\/test-prodotti-materiali\/\">Test di Prodotto in Laboratorio<\/a><\/strong><\/li>\n<li><strong><a href=\"https:\/\/www.hqts.com\/it\/sezione-conformita\/\">Servizi di Conformit\u00e0 dei Prodotti<\/a><\/strong><\/li>\n<\/ul>\n<p>Se hai bisogno di assistenza per il controllo qualit\u00e0 a Chennai, non esitare a <strong><a href=\"https:\/\/www.hqts.com\/it\/contatti\/\">contattarci<\/a><\/strong>.<\/p>\n","protected":false},"excerpt":{"rendered":"<p>Servizi di Controllo Qualit\u00e0 a Chennai HQTS \u00e8 una rinomata azienda di controllo qualit\u00e0 in India, presente localmente dal 2006. Oggi siamo riconosciuti come una delle principali societ\u00e0 di ispezione di terza parte a Chennai. Chennai \u00e8 una metropoli vivace, nota per i suoi settori industriali come elettronica, hardware, prodotti chimici e industria tessile. In [&hellip;]<\/p>\n","protected":false},"author":17,"featured_media":220207,"parent":220175,"menu_order":0,"comment_status":"closed","ping_status":"closed","template":"","meta":{"_acf_changed":false,"footnotes":""},"class_list":["post-220205","page","type-page","status-publish","has-post-thumbnail","hentry"],"acf":[],"_links":{"self":[{"href":"https:\/\/www.hqts.com\/it\/wp-json\/wp\/v2\/pages\/220205","targetHints":{"allow":["GET"]}}],"collection":[{"href":"https:\/\/www.hqts.com\/it\/wp-json\/wp\/v2\/pages"}],"about":[{"href":"https:\/\/www.hqts.com\/it\/wp-json\/wp\/v2\/types\/page"}],"author":[{"embeddable":true,"href":"https:\/\/www.hqts.com\/it\/wp-json\/wp\/v2\/users\/17"}],"replies":[{"embeddable":true,"href":"https:\/\/www.hqts.com\/it\/wp-json\/wp\/v2\/comments?post=220205"}],"version-history":[{"count":1,"href":"https:\/\/www.hqts.com\/it\/wp-json\/wp\/v2\/pages\/220205\/revisions"}],"predecessor-version":[{"id":220218,"href":"https:\/\/www.hqts.com\/it\/wp-json\/wp\/v2\/pages\/220205\/revisions\/220218"}],"up":[{"embeddable":true,"href":"https:\/\/www.hqts.com\/it\/wp-json\/wp\/v2\/pages\/220175"}],"wp:featuredmedia":[{"embeddable":true,"href":"https:\/\/www.hqts.com\/it\/wp-json\/wp\/v2\/media\/220207"}],"wp:attachment":[{"href":"https:\/\/www.hqts.com\/it\/wp-json\/wp\/v2\/media?parent=220205"}],"curies":[{"name":"wp","href":"https:\/\/api.w.org\/{rel}","templated":true}]}}