{"id":220235,"date":"2025-11-07T03:04:09","date_gmt":"2025-11-07T03:04:09","guid":{"rendered":"https:\/\/www.hqts.com\/chi-siamo\/ispezione-terza-parte-india\/agenzia-di-ispezione-di-terza-parte-a-mumbai\/"},"modified":"2025-11-07T03:04:48","modified_gmt":"2025-11-07T03:04:48","slug":"ispezione-terza-parte-mumbai","status":"publish","type":"page","link":"https:\/\/www.hqts.com\/it\/chi-siamo\/ispezione-terza-parte-india\/ispezione-terza-parte-mumbai\/","title":{"rendered":"Agenzia di Ispezione di Terza Parte a Mumbai"},"content":{"rendered":"<h2><strong>Agenzia di Ispezione di Terza Parte a Mumbai<\/strong><\/h2>\n<p><strong>Cerchi un\u2019agenzia di ispezione di terza parte esperta a Mumbai? La risposta \u00e8 HQTS. Operando in India dal 2006, siamo una delle <a href=\"https:\/\/www.hqts.com\/it\/chi-siamo\/ispezione-terza-parte-india\/\">aziende di ispezione qualit\u00e0<\/a> pi\u00f9 rinomate del Paese.<\/strong><\/p>\n<p>I nostri ispettori qualificati sono presenti in tutto il territorio nazionale, permettendoci di offrire soluzioni di qualit\u00e0 personalizzate che soddisfano le tue esigenze in tutta l\u2019India.<\/p>\n<h2><strong>Audit di Fabbrica a Mumbai<\/strong><\/h2>\n<p>I nostri <strong><a href=\"https:\/\/www.hqts.com\/it\/i-nostri-servizi\/audit-di-fabbrica\/\">audit di fabbriche e fornitori<\/a><\/strong> valutano le condizioni, i punti di forza e le debolezze del tuo fornitore attuale o potenziale. L\u2019audit standard di fabbrica include i seguenti aspetti:<\/p>\n<ol>\n<li>Verifica dei precedenti del produttore<\/li>\n<li>Valutazione della forza lavoro e delle capacit\u00e0 produttive<\/li>\n<li>Analisi dell\u2019idoneit\u00e0 di macchinari, impianti e attrezzature per la produzione<\/li>\n<li>Valutazione dei processi e della linea di produzione<\/li>\n<li>Esame dei sistemi e delle procedure di gestione della qualit\u00e0 interna<\/li>\n<\/ol>\n<h2><strong>Servizi di Ispezione dei Prodotti a Mumbai<\/strong><\/h2>\n<p>Come una delle principali societ\u00e0 di ispezione di terza parte a Mumbai, possiamo ispezionare diversi tipi di prodotti, dalle ispezioni industriali a Mumbai alle verifiche su prodotti elettronici e tessili nelle aree industriali di Andheri East, Thane, Bhiwandi, MIDC Industrial Area e altre zone.<\/p>\n<p>I nostri ispettori valuteranno i tuoi prodotti utilizzando diversi criteri, tra cui quantit\u00e0, dimensioni, aspetto visivo, qualit\u00e0 della lavorazione, imballaggio, etichettatura e qualsiasi richiesta specifica tu possa avere.<\/p>\n<p>Le ispezioni dei prodotti possono essere effettuate in diverse fasi del ciclo produttivo, tra cui:<\/p>\n<ul>\n<li><strong><a href=\"https:\/\/www.hqts.com\/it\/i-nostri-servizi\/audit-di-fabbrica\/\">Ispezione Pre-Produzione<\/a><\/strong><\/li>\n<li><strong><a href=\"https:\/\/www.hqts.com\/it\/i-nostri-servizi\/quality-control-inspections\/ispezione-durante-la-produzione\/\">Ispezione Durante la Produzione<\/a><\/strong><\/li>\n<li><strong><a href=\"https:\/\/www.hqts.com\/it\/i-nostri-servizi\/quality-control-inspections\/ispezione-pre-spedizione\/\">Ispezione Pre-Spedizione<\/a><\/strong><\/li>\n<li><strong><a href=\"https:\/\/www.hqts.com\/our-services\/piece-by-piece\/\">Ispezione Pezzo per Pezzo<\/a><\/strong><\/li>\n<li><strong><a href=\"https:\/\/www.hqts.com\/our-services\/piece-by-piece\/\">Supervisione di Carico Contenitori<\/a><\/strong><\/li>\n<\/ul>\n<h2><strong>Altri Servizi di Controllo Qualit\u00e0 a Mumbai<\/strong><\/h2>\n<p>Oltre ai nostri servizi di ispezione, siamo orgogliosi di offrire una gamma completa di servizi di assicurazione qualit\u00e0 ai nostri clienti in India e all\u2019estero.<\/p>\n<p><strong>Questi servizi includono:<\/strong><\/p>\n<ul>\n<li><strong><a href=\"https:\/\/www.hqts.com\/our-services\/uganda-pvoc\/\">Certificato SASO a Mumbai<\/a><\/strong><\/li>\n<li><strong><a href=\"https:\/\/www.hqts.com\/our-services\/uganda-pvoc\/\">Certificazione PVoC a Mumbai<\/a><\/strong><\/li>\n<li><strong><a href=\"https:\/\/www.hqts.com\/it\/i-nostri-servizi\/test-prodotti-materiali\/\">Servizi di Test<\/a><\/strong><\/li>\n<li><strong><a href=\"https:\/\/www.hqts.com\/it\/i-nostri-servizi\/consulenza-controllo-qualita\/\">Servizi di Consulenza<\/a><\/strong><\/li>\n<li><strong><a href=\"https:\/\/www.hqts.com\/it\/i-nostri-servizi\/consulenza-controllo-qualita\/servizio-di-formazione\/\">Formazione<\/a><\/strong><\/li>\n<\/ul>\n<p><strong><a href=\"https:\/\/www.hqts.com\/it\/contatti\/\">Contattaci<\/a><\/strong> oggi per saperne di pi\u00f9 sulla nostra azienda di controllo qualit\u00e0 a Mumbai.<\/p>\n","protected":false},"excerpt":{"rendered":"<p>Agenzia di Ispezione di Terza Parte a Mumbai Cerchi un\u2019agenzia di ispezione di terza parte esperta a Mumbai? La risposta \u00e8 HQTS. Operando in India dal 2006, siamo una delle aziende di ispezione qualit\u00e0 pi\u00f9 rinomate del Paese. I nostri ispettori qualificati sono presenti in tutto il territorio nazionale, permettendoci di offrire soluzioni di qualit\u00e0 [&hellip;]<\/p>\n","protected":false},"author":17,"featured_media":220237,"parent":220175,"menu_order":0,"comment_status":"closed","ping_status":"closed","template":"","meta":{"_acf_changed":false,"footnotes":""},"class_list":["post-220235","page","type-page","status-publish","has-post-thumbnail","hentry"],"acf":[],"_links":{"self":[{"href":"https:\/\/www.hqts.com\/it\/wp-json\/wp\/v2\/pages\/220235","targetHints":{"allow":["GET"]}}],"collection":[{"href":"https:\/\/www.hqts.com\/it\/wp-json\/wp\/v2\/pages"}],"about":[{"href":"https:\/\/www.hqts.com\/it\/wp-json\/wp\/v2\/types\/page"}],"author":[{"embeddable":true,"href":"https:\/\/www.hqts.com\/it\/wp-json\/wp\/v2\/users\/17"}],"replies":[{"embeddable":true,"href":"https:\/\/www.hqts.com\/it\/wp-json\/wp\/v2\/comments?post=220235"}],"version-history":[{"count":1,"href":"https:\/\/www.hqts.com\/it\/wp-json\/wp\/v2\/pages\/220235\/revisions"}],"predecessor-version":[{"id":220248,"href":"https:\/\/www.hqts.com\/it\/wp-json\/wp\/v2\/pages\/220235\/revisions\/220248"}],"up":[{"embeddable":true,"href":"https:\/\/www.hqts.com\/it\/wp-json\/wp\/v2\/pages\/220175"}],"wp:featuredmedia":[{"embeddable":true,"href":"https:\/\/www.hqts.com\/it\/wp-json\/wp\/v2\/media\/220237"}],"wp:attachment":[{"href":"https:\/\/www.hqts.com\/it\/wp-json\/wp\/v2\/media?parent=220235"}],"curies":[{"name":"wp","href":"https:\/\/api.w.org\/{rel}","templated":true}]}}