{"id":220250,"date":"2025-11-07T03:09:53","date_gmt":"2025-11-07T03:09:53","guid":{"rendered":"https:\/\/www.hqts.com\/chi-siamo\/ispezione-terza-parte-india\/ispezioni-di-terza-parte-a-pune\/"},"modified":"2025-11-07T03:10:37","modified_gmt":"2025-11-07T03:10:37","slug":"ispezioni-terza-parte-pune","status":"publish","type":"page","link":"https:\/\/www.hqts.com\/it\/chi-siamo\/ispezione-terza-parte-india\/ispezioni-terza-parte-pune\/","title":{"rendered":"Ispezioni di Terza Parte a Pune"},"content":{"rendered":"<h2><strong>HQTS Agenzia di Ispezione di Terza Parte a Pune<\/strong><\/h2>\n<p><strong>HQTS \u00e8 <a href=\"https:\/\/www.hqts.com\/it\/chi-siamo\/ispezione-terza-parte-india\/\">un\u2019azienda di controllo qualit\u00e0 in India<\/a> con una presenza locale dal 2006. In qualit\u00e0 di una delle principali societ\u00e0 di ispezione qualit\u00e0 a Pune, possiamo offrire soluzioni personalizzate che soddisfano le tue esigenze specifiche.<\/strong><\/p>\n<p>Pune, citt\u00e0 nota per il suo variegato panorama industriale, \u00e8 un importante polo per la produzione automobilistica, l\u2019energia solare, l\u2019industria alimentare e delle bevande, nonch\u00e9 un centro per la produzione di macchinari industriali, apparecchiature elettriche e prodotti di ingegneria di precisione. Qualunque sia il settore in cui operi e la localit\u00e0 dell\u2019ispezione di terza parte a Pune, HQTS \u00e8 al tuo fianco.<\/p>\n<h2><strong>Audit di Fabbrica a Pune<\/strong><\/h2>\n<p>Offriamo <strong><a href=\"https:\/\/www.hqts.com\/it\/i-nostri-servizi\/audit-di-fabbrica\/\">audit di fabbrica<\/a><\/strong> che valutano in modo obiettivo le condizioni, i punti di forza e le debolezze dei tuoi potenziali fornitori.<\/p>\n<p><strong>Il nostro audit di fabbrica standard include:<\/strong><\/p>\n<ul>\n<li>Verifiche sui precedenti dei produttori<\/li>\n<li>Valutazione della forza lavoro e delle capacit\u00e0 produttive<\/li>\n<li>Analisi dell\u2019idoneit\u00e0 di macchinari, impianti e attrezzature per la produzione<\/li>\n<li>Analisi dei processi e delle linee di produzione<\/li>\n<li>Valutazione dei sistemi e delle procedure di gestione della qualit\u00e0 interna<\/li>\n<\/ul>\n<h2><strong>Ispezioni di Prodotto a Pune<\/strong><\/h2>\n<p>Offriamo ispezioni di prodotto in loco in diverse aree, tra cui MIDC Bhosari, Ranjangaon Industrial Area, Chakan Industrial Area, Pirangut Industrial Area e nelle zone limitrofe di Pune e in tutta l\u2019India.<\/p>\n<p>Le nostre ispezioni qualit\u00e0 possono essere effettuate in varie fasi del ciclo produttivo, tra cui:<\/p>\n<ul>\n<li><strong><a href=\"https:\/\/www.hqts.com\/it\/i-nostri-servizi\/quality-control-inspections\/ispezione-pre-produzione\/\">Ispezioni Pre-Produzione<\/a><\/strong><\/li>\n<li><strong><a href=\"https:\/\/www.hqts.com\/it\/i-nostri-servizi\/quality-control-inspections\/ispezione-durante-la-produzione\/\">Ispezioni Durante la Produzione<\/a><\/strong><\/li>\n<li><strong><a href=\"https:\/\/www.hqts.com\/it\/i-nostri-servizi\/quality-control-inspections\/ispezione-pre-spedizione\/\">Ispezioni Pre-Spedizione<\/a><\/strong><\/li>\n<li><strong><a href=\"https:\/\/www.hqts.com\/it\/i-nostri-servizi\/quality-control-inspections\/ispezione-pezzo-per-pezzo\/\">Ispezioni Pezzo per Pezzo<\/a><\/strong><\/li>\n<li><strong><a href=\"https:\/\/www.hqts.com\/it\/i-nostri-servizi\/quality-control-inspections\/supervisione-del-carico-e-scarico\/\">Supervisione di Carico Contenitori<\/a><\/strong><\/li>\n<\/ul>\n<p>Il nostro team di ispettori qualificati valuter\u00e0 i tuoi prodotti secondo vari criteri, tra cui quantit\u00e0, dimensioni, estetica, qualit\u00e0 della lavorazione, imballaggio, etichettatura e specifiche tecniche fornite.<\/p>\n<h2><strong>Altri Servizi di Controllo Qualit\u00e0 a Pune<\/strong><\/h2>\n<p>Oltre ai nostri servizi di ispezione, offriamo ai nostri clienti una gamma completa di servizi di assicurazione qualit\u00e0, tra cui:<\/p>\n<ul>\n<li><strong><a href=\"https:\/\/www.hqts.com\/it\/i-nostri-servizi\/certificato-di-conformita-arabia\/\">Certificato SASO a Pune<\/a><\/strong><\/li>\n<li><strong><a href=\"https:\/\/www.hqts.com\/our-services\/uganda-pvoc\/\">Certificazione PVoC a Pune<\/a><\/strong><\/li>\n<li><strong><a href=\"https:\/\/www.hqts.com\/it\/i-nostri-servizi\/test-prodotti-materiali\/\">Servizi di Test<\/a><\/strong><\/li>\n<li><strong><a href=\"https:\/\/www.hqts.com\/it\/sezione-conformita\/\">Servizi di Conformit\u00e0 dei Prodotti<\/a><\/strong><\/li>\n<li><strong><a href=\"https:\/\/www.hqts.com\/it\/i-nostri-servizi\/consulenza-controllo-qualita\/servizio-di-formazione\/\">Formazione sui Sistemi di Gestione della Qualit\u00e0<\/a><\/strong><\/li>\n<\/ul>\n<p>Se desideri saperne di pi\u00f9 sul motivo per cui siamo una delle principali societ\u00e0 di ispezione qualit\u00e0 a Pune, non esitare a <strong><a href=\"https:\/\/www.hqts.com\/it\/contatti\/\">contattarci<\/a><\/strong> oggi.<\/p>\n","protected":false},"excerpt":{"rendered":"<p>HQTS Agenzia di Ispezione di Terza Parte a Pune HQTS \u00e8 un\u2019azienda di controllo qualit\u00e0 in India con una presenza locale dal 2006. In qualit\u00e0 di una delle principali societ\u00e0 di ispezione qualit\u00e0 a Pune, possiamo offrire soluzioni personalizzate che soddisfano le tue esigenze specifiche. Pune, citt\u00e0 nota per il suo variegato panorama industriale, \u00e8 [&hellip;]<\/p>\n","protected":false},"author":17,"featured_media":220251,"parent":220175,"menu_order":0,"comment_status":"closed","ping_status":"closed","template":"","meta":{"_acf_changed":false,"footnotes":""},"class_list":["post-220250","page","type-page","status-publish","has-post-thumbnail","hentry"],"acf":[],"_links":{"self":[{"href":"https:\/\/www.hqts.com\/it\/wp-json\/wp\/v2\/pages\/220250","targetHints":{"allow":["GET"]}}],"collection":[{"href":"https:\/\/www.hqts.com\/it\/wp-json\/wp\/v2\/pages"}],"about":[{"href":"https:\/\/www.hqts.com\/it\/wp-json\/wp\/v2\/types\/page"}],"author":[{"embeddable":true,"href":"https:\/\/www.hqts.com\/it\/wp-json\/wp\/v2\/users\/17"}],"replies":[{"embeddable":true,"href":"https:\/\/www.hqts.com\/it\/wp-json\/wp\/v2\/comments?post=220250"}],"version-history":[{"count":1,"href":"https:\/\/www.hqts.com\/it\/wp-json\/wp\/v2\/pages\/220250\/revisions"}],"predecessor-version":[{"id":220263,"href":"https:\/\/www.hqts.com\/it\/wp-json\/wp\/v2\/pages\/220250\/revisions\/220263"}],"up":[{"embeddable":true,"href":"https:\/\/www.hqts.com\/it\/wp-json\/wp\/v2\/pages\/220175"}],"wp:featuredmedia":[{"embeddable":true,"href":"https:\/\/www.hqts.com\/it\/wp-json\/wp\/v2\/media\/220251"}],"wp:attachment":[{"href":"https:\/\/www.hqts.com\/it\/wp-json\/wp\/v2\/media?parent=220250"}],"curies":[{"name":"wp","href":"https:\/\/api.w.org\/{rel}","templated":true}]}}