{"id":220264,"date":"2025-11-07T03:16:25","date_gmt":"2025-11-07T03:16:25","guid":{"rendered":"https:\/\/www.hqts.com\/settori-che-serviamo\/ispezioni-e-test-delle-attrezzature-da-costruzione\/"},"modified":"2025-11-07T03:17:23","modified_gmt":"2025-11-07T03:17:23","slug":"test-attrezzature-costruzione","status":"publish","type":"page","link":"https:\/\/www.hqts.com\/it\/settori-che-serviamo\/test-attrezzature-costruzione\/","title":{"rendered":"Ispezioni e Test delle Attrezzature da Costruzione"},"content":{"rendered":"<p><strong>Aiutiamo le aziende a garantire la qualit\u00e0 dei propri materiali, attrezzature e macchinari attraverso i nostri servizi di ispezione delle attrezzature da costruzione.<\/strong><\/p>\n<p>L\u2019industria delle costruzioni \u00e8 soggetta a severi standard di qualit\u00e0 e regolamenti. In HQTS collaboriamo da anni con numerose imprese del settore. I nostri ispettori sono esperti nelle pratiche di gestione della qualit\u00e0 e possiedono una conoscenza approfondita dei principali meccanismi di guasto del settore, sapendo quali servizi di controllo qualit\u00e0 risultano pi\u00f9 efficaci.<\/p>\n<h2><strong>Servizi di Controllo Qualit\u00e0 per Attrezzature e Materiali da Costruzione<\/strong><\/h2>\n<p>Offriamo diversi servizi di controllo qualit\u00e0 di terza parte che valutano in modo oggettivo la qualit\u00e0 delle attrezzature e dei materiali da costruzione. I nostri servizi verificano inoltre che i tuoi prodotti rispettino gli standard, le specifiche e i codici di settore.<\/p>\n<p><strong>Alcune delle categorie di prodotti con cui lavoriamo frequentemente includono:<\/strong><\/p>\n<ul>\n<li><strong><a href=\"https:\/\/www.hqts.com\/your-industries\/construction-equipment-materials\/steel-quality-control\/\">Prodotti in Acciaio<\/a><\/strong><\/li>\n<li>Alluminio<\/li>\n<li><strong><a href=\"https:\/\/www.hqts.com\/your-industries\/machinery-quality-control\/excavator-inspection\/\">Escavatori<\/a><\/strong><\/li>\n<li><strong><a href=\"https:\/\/www.hqts.com\/your-industries\/construction-equipment-materials\/crane-inspection\/\">Gru<\/a><\/strong><\/li>\n<li><strong><a href=\"https:\/\/www.hqts.com\/your-industries\/machinery-quality-control\/heavy-machinery\/\">Macchinari Pesanti<\/a><\/strong><\/li>\n<li><strong><a href=\"https:\/\/www.hqts.com\/your-industries\/machinery-quality-control\/\">Altri Macchinari<\/a><\/strong><\/li>\n<\/ul>\n<h2><strong>Ispezioni delle Attrezzature da Costruzione<\/strong><\/h2>\n<p>I nostri ispettori sono professionisti altamente qualificati ed esperti che esaminano attentamente tutte le attrezzature da costruzione per individuare eventuali problemi di sicurezza o compromissioni delle prestazioni. Forniamo ispezioni delle attrezzature da costruzione in diverse fasi della tua catena di fornitura, dalle<a href=\"https:\/\/www.hqts.com\/it\/i-nostri-servizi\/quality-control-inspections\/ispezione-pre-produzione\/\"><strong> ispezioni pre-produzione<\/strong><\/a> e <strong><a href=\"https:\/\/www.hqts.com\/it\/i-nostri-servizi\/quality-control-inspections\/ispezione-pre-spedizione\/\">pre-spedizione<\/a><\/strong> fino ai <strong><a href=\"https:\/\/www.hqts.com\/it\/i-nostri-servizi\/quality-control-inspections\/supervisione-del-carico-e-scarico\/\">processi di carico e scarico dei container<\/a><\/strong>.<\/p>\n<p><strong>I nostri ispettori utilizzano una checklist dedicata all\u2019ispezione delle attrezzature da costruzione per valutare i prodotti in base a diversi criteri, tra cui:<\/strong><\/p>\n<ul>\n<li><strong>Ispezione Visiva<\/strong>: Esamina la macchina o il materiale per individuare segni di danni, perdite o usura.<\/li>\n<li><strong>Test Funzionali<\/strong>: Verifica il corretto funzionamento dell\u2019attrezzatura in condizioni d\u2019uso normali, compresi test su freni, sistemi idraulici, impianti elettrici e altri componenti.<\/li>\n<li><strong>Controllo Dimensionale<\/strong>: Verifica che il materiale o l\u2019attrezzatura rispettino le specifiche tecniche.<\/li>\n<li><strong>Verifica Quantit\u00e0 \/ Peso<\/strong>: Controlla che le quantit\u00e0 e i pesi siano conformi alle specifiche previste.<\/li>\n<\/ul>\n<p>&nbsp;<\/p>\n<p><strong>I nostri report di ispezione delle attrezzature da costruzione includono:<\/strong><\/p>\n<ul>\n<li>Informazioni dettagliate su eventuali problemi riscontrati.<\/li>\n<li>Raccomandazioni per riparazioni o interventi di manutenzione.<\/li>\n<li>Documentazione a supporto della conformit\u00e0 e per identificare potenziali problemi prima che diventino gravi.<\/li>\n<\/ul>\n<p>&nbsp;<\/p>\n<h2><strong>Test delle Attrezzature da Costruzione<\/strong><\/h2>\n<p>Che tu stia acquistando attrezzature usate dalla Cina o commissionando nuovi macchinari, possiamo eseguire test sulle attrezzature da costruzione. Questi test vengono spesso integrati nei nostri servizi di ispezione delle attrezzature da costruzione. Generalmente eseguiamo i test secondo i seguenti criteri:<\/p>\n<ul>\n<li><strong>Test sul Campo:<\/strong> Verifica dell\u2019attrezzatura in condizioni reali per valutarne le prestazioni.<\/li>\n<li><strong>Test delle Funzioni di Base:<\/strong> Verifica delle funzioni critiche dell\u2019attrezzatura, come sterzo, freni e sistemi idraulici, per garantirne il corretto funzionamento.<\/li>\n<li><strong>Test Radiografico (RT):<\/strong> Valutazione della struttura interna dei materiali per individuare difetti, imperfezioni o irregolarit\u00e0 non visibili in superficie.<\/li>\n<\/ul>\n<p>&nbsp;<\/p>\n<p>In qualit\u00e0 di azienda indipendente di controllo qualit\u00e0 di terza parte, forniamo valutazioni imparziali sulla qualit\u00e0 delle attrezzature e dei materiali da costruzione per assicurarne la conformit\u00e0 a standard, specifiche e normative di settore. Per programmare un\u2019ispezione, non esitare a <strong><a href=\"https:\/\/www.hqts.com\/it\/contatti\/\">contattarci<\/a><\/strong> oggi.<\/p>\n","protected":false},"excerpt":{"rendered":"<p>Aiutiamo le aziende a garantire la qualit\u00e0 dei propri materiali, attrezzature e macchinari attraverso i nostri servizi di ispezione delle attrezzature da costruzione. L\u2019industria delle costruzioni \u00e8 soggetta a severi standard di qualit\u00e0 e regolamenti. In HQTS collaboriamo da anni con numerose imprese del settore. I nostri ispettori sono esperti nelle pratiche di gestione della [&hellip;]<\/p>\n","protected":false},"author":12,"featured_media":219924,"parent":220156,"menu_order":20,"comment_status":"closed","ping_status":"closed","template":"","meta":{"_acf_changed":false,"footnotes":""},"class_list":["post-220264","page","type-page","status-publish","has-post-thumbnail","hentry"],"acf":[],"_links":{"self":[{"href":"https:\/\/www.hqts.com\/it\/wp-json\/wp\/v2\/pages\/220264","targetHints":{"allow":["GET"]}}],"collection":[{"href":"https:\/\/www.hqts.com\/it\/wp-json\/wp\/v2\/pages"}],"about":[{"href":"https:\/\/www.hqts.com\/it\/wp-json\/wp\/v2\/types\/page"}],"author":[{"embeddable":true,"href":"https:\/\/www.hqts.com\/it\/wp-json\/wp\/v2\/users\/12"}],"replies":[{"embeddable":true,"href":"https:\/\/www.hqts.com\/it\/wp-json\/wp\/v2\/comments?post=220264"}],"version-history":[{"count":1,"href":"https:\/\/www.hqts.com\/it\/wp-json\/wp\/v2\/pages\/220264\/revisions"}],"predecessor-version":[{"id":220277,"href":"https:\/\/www.hqts.com\/it\/wp-json\/wp\/v2\/pages\/220264\/revisions\/220277"}],"up":[{"embeddable":true,"href":"https:\/\/www.hqts.com\/it\/wp-json\/wp\/v2\/pages\/220156"}],"wp:featuredmedia":[{"embeddable":true,"href":"https:\/\/www.hqts.com\/it\/wp-json\/wp\/v2\/media\/219924"}],"wp:attachment":[{"href":"https:\/\/www.hqts.com\/it\/wp-json\/wp\/v2\/media?parent=220264"}],"curies":[{"name":"wp","href":"https:\/\/api.w.org\/{rel}","templated":true}]}}