{"id":220359,"date":"2025-11-09T14:43:40","date_gmt":"2025-11-09T14:43:40","guid":{"rendered":"https:\/\/www.hqts.com\/chi-siamo\/controllo-qualita-in-malesia\/"},"modified":"2025-11-09T14:44:17","modified_gmt":"2025-11-09T14:44:17","slug":"controllo-qualita-in-malesia","status":"publish","type":"page","link":"https:\/\/www.hqts.com\/it\/chi-siamo\/controllo-qualita-in-malesia\/","title":{"rendered":"Controllo Qualit\u00e0 in Malesia"},"content":{"rendered":"<h2 class=\"p1\"><strong>HQTS Kuala Lumpur &#8211; Azienda di Controllo Qualit\u00e0 in Malesia<\/strong><\/h2>\n<p class=\"p1\"><strong>HQTS \u00e8 una delle principali societ\u00e0 di ispezione di terza parte in Malesia. Disponiamo di un team locale di esperti e di una copertura nazionale che include <a href=\"https:\/\/www.hqts.com\/it\/chi-siamo\/controllo-qualita-in-malesia\/societa-di-ispezione-di-terza-parte-a-selangor\/\">Selangor<\/a>, <a href=\"https:\/\/www.hqts.com\/it\/chi-siamo\/controllo-qualita-in-malesia\/societa-di-ispezione-di-terza-parte-a-penang\/\">Penang<\/a>, <a href=\"https:\/\/www.hqts.com\/it\/chi-siamo\/controllo-qualita-in-malesia\/societa-di-ispezione-di-terza-parte-a-johor\/\">Johor<\/a> e altre aree.<\/strong><\/p>\n<p class=\"p1\">Forniamo servizi di controllo qualit\u00e0 in Malesia e all\u2019estero, tra cui ispezioni di terza parte, audit di fabbrica, monitoraggio della produzione, audit ESG, consulenza sulla conformit\u00e0 dei prodotti e molto altro.<\/p>\n<h5 class=\"p1\"><strong>HQTS Malesia<\/strong><\/h5>\n<ul class=\"ul1\">\n<li class=\"li1\"><strong>Sede:<\/strong> NO: 16-D, Jalan Suarasa 8\/4, Bandar Tun Hussein Onn, 43200 Cheras, Selangor, Malesia<\/li>\n<li class=\"li1\"><b>Email:\u00a0<\/b>inquiry@hqts.com<\/li>\n<\/ul>\n<p>&nbsp;<\/p>\n<p><img fetchpriority=\"high\" decoding=\"async\" class=\"alignnone wp-image-154836\" src=\"https:\/\/www.hqts.com\/wp-content\/uploads\/2024\/01\/HQTS-Malaysia-1024x576.jpeg\" alt=\"HQTS inspection company in malaysia\" width=\"756\" height=\"425\" srcset=\"https:\/\/www.hqts.com\/wp-content\/uploads\/2024\/01\/HQTS-Malaysia-1024x576.jpeg 1024w, https:\/\/www.hqts.com\/wp-content\/uploads\/2024\/01\/HQTS-Malaysia-300x169.jpeg 300w, https:\/\/www.hqts.com\/wp-content\/uploads\/2024\/01\/HQTS-Malaysia-768x432.jpeg 768w, https:\/\/www.hqts.com\/wp-content\/uploads\/2024\/01\/HQTS-Malaysia-1536x864.jpeg 1536w, https:\/\/www.hqts.com\/wp-content\/uploads\/2024\/01\/HQTS-Malaysia-2048x1152.jpeg 2048w\" sizes=\"(max-width: 756px) 100vw, 756px\" \/><\/p>\n<p>&nbsp;<\/p>\n<h2 class=\"p1\"><strong>Controllo Qualit\u00e0 in Malesia<\/strong><\/h2>\n<p class=\"p1\">La Malesia \u00e8 una delle economie pi\u00f9 performanti del Sud-est asiatico, apprezzata per le sue industrie manifatturiere ad alto valore aggiunto, tra cui Elettronica ed Elettrotecnica, Macchinari e Attrezzature, Chimica e Petrolchimica, oltre al fiorente settore Alimentare e Agricolo.<\/p>\n<h2 class=\"p1\"><strong>Servizi HQTS in Malesia<\/strong><\/h2>\n<p class=\"p1\">HQTS \u00e8 una delle pi\u00f9 grandi e antiche aziende asiatiche nel campo dei test, delle ispezioni e delle certificazioni. Negli ultimi 25 anni, abbiamo aiutato pi\u00f9 di 15.000 marchi internazionali a prevenire problemi di qualit\u00e0 nella loro catena di fornitura e a garantire la conformit\u00e0.<\/p>\n<p class=\"p1\">Assistiamo sia le aziende straniere che le imprese malesi con servizi di controllo qualit\u00e0 sul territorio nazionale e in oltre 40 paesi nel mondo. I nostri clienti spaziano dai settori dei beni di consumo e industriali, fino a quelli alimentari e agricoli.<\/p>\n<h2 class=\"p1\"><strong>Ispezioni di Terza Parte in Malesia<\/strong><\/h2>\n<p class=\"p1\">In qualit\u00e0 di azienda leader nelle ispezioni di terza parte in Malesia, offriamo ispezioni lungo l\u2019intera catena di fornitura per aiutarvi a garantire l\u2019integrit\u00e0 dei vostri processi e ridurre il rischio di ricevere prodotti non conformi o di scarsa qualit\u00e0.<\/p>\n<p class=\"p1\"><strong>Siamo orgogliosi di offrire i nostri servizi di ispezione di terza parte in Malesia e in altre sedi internazionali come Cina, India, Vietnam e altre.<\/strong><\/p>\n<ul class=\"ul1\">\n<li class=\"li1\"><strong><span class=\"s1\"><span class=\"s2\"><a href=\"https:\/\/www.hqts.com\/our-services\/quality-control-inspections\/pre-production-inspection\/\">Ispezioni Pre-Produzione<\/a><br \/>\n<\/span><\/span><\/strong><\/li>\n<li class=\"li1\"><strong><span class=\"s1\"><span class=\"s2\"><a href=\"https:\/\/www.hqts.com\/it\/i-nostri-servizi\/quality-control-inspections\/ispezione-pre-spedizione\/\">Ispezioni Pre-Spedizione \/ Ispezione del Primo Articolo<\/a><br \/>\n<\/span><\/span><\/strong><\/li>\n<li class=\"li1\"><strong><span class=\"s1\"><span class=\"s2\"><a href=\"https:\/\/www.hqts.com\/it\/i-nostri-servizi\/quality-control-inspections\/ispezione-durante-la-produzione\/\">Ispezioni Durante la Produzione<\/a><br \/>\n<\/span><\/span><\/strong><\/li>\n<li class=\"li1\"><strong><span class=\"s1\"><span class=\"s2\"><a href=\"https:\/\/www.hqts.com\/our-services\/piece-by-piece\/\">Ispezioni Pezzo per Pezzo<\/a><br \/>\n<\/span><\/span><\/strong><\/li>\n<li class=\"li1\"><strong><span class=\"s1\"><span class=\"s2\"><a href=\"https:\/\/www.hqts.com\/our-services\/quality-control-inspections\/container-loading-inspection\/\">Ispezioni di Caricamento Contenitori<\/a><br \/>\n<\/span><\/span><\/strong><\/li>\n<li class=\"li1\"><strong><span class=\"s1\"><span class=\"s2\"><a href=\"https:\/\/www.hqts.com\/our-services\/sample-checking\/\">Verifica dei Campioni<\/a><br \/>\n<\/span><\/span><\/strong><\/li>\n<li class=\"li1\"><strong><span class=\"s1\"><span class=\"s2\"><a href=\"https:\/\/www.hqts.com\/our-services\/metal-detection\/\">Rilevamento Metalli<\/a><br \/>\n<\/span><\/span><\/strong><\/li>\n<li class=\"li1\"><a href=\"https:\/\/www.hqts.com\/it\/i-nostri-servizi\/quality-control-inspections\/supervisione-del-carico-e-scarico\/\"><strong><span class=\"s1\"><span class=\"s2\">Ispezioni di Carico\/Scarico<\/span><\/span><\/strong><\/a><\/li>\n<\/ul>\n<h2><strong>Audit di Fabbrica e dei Fornitori in Malesia<\/strong><\/h2>\n<p class=\"p1\">I nostri auditor possono valutare l\u2019integrit\u00e0 della vostra catena di fornitura e verificare se il vostro partner \u00e8 legittimo e in grado di soddisfare le vostre esigenze produttive, dal design e dalla qualit\u00e0 fino ai requisiti di consegna del prodotto.<\/p>\n<h2><strong>Test di Laboratorio sui Prodotti<\/strong><\/h2>\n<p>Il nostro laboratorio di test sui prodotti, riconosciuto a livello internazionale, vi offre la sicurezza necessaria per portare il vostro prodotto sul mercato. La nostra posizione centrale garantisce tempi di esecuzione rapidi per i vostri progetti.<\/p>\n<ul>\n<li><a href=\"https:\/\/www.hqts.com\/it\/i-nostri-servizi\/test-prodotti-materiali\/test-chimici\/\">Test Chimici<\/a><\/li>\n<li><a href=\"https:\/\/www.hqts.com\/it\/i-nostri-servizi\/test-prodotti-materiali\/test-rohs\/\">Test RoHS<\/a><\/li>\n<li><a href=\"https:\/\/www.hqts.com\/it\/i-nostri-servizi\/test-prodotti-materiali\/test-reach\/\">Test Reach<\/a><\/li>\n<li><a href=\"https:\/\/www.hqts.com\/it\/i-nostri-servizi\/test-prodotti-materiali\/test-di-conformita-cpsia\/\">Test CPSIA<\/a><\/li>\n<li><a href=\"https:\/\/www.hqts.com\/your-industries\/machinery-quality-control\/construction-equipment-materials\/\">Test sui Materiali<\/a><\/li>\n<li><a href=\"https:\/\/www.hqts.com\/it\/settori-che-serviamo\/controllo-qualita-prodotti-retail\/controllo-qualita-testing-e-ispezioni-per-calzature\/\">Test su Calzature<\/a><\/li>\n<li><a href=\"https:\/\/www.hqts.com\/it\/i-nostri-servizi\/test-prodotti-materiali\/test-di-imballaggio-e-trasporto\/\">Test sugli Imballaggi (ISTA)<\/a><\/li>\n<li>Test Fisici<\/li>\n<li><a href=\"https:\/\/www.hqts.com\/it\/settori-che-serviamo\/controllo-qualita-prodotti-retail\/servizi-di-controllo-qualita-per-abbigliamento-e-tessuti\/\">Test su Tessuti e Abbigliamento<\/a><\/li>\n<li><a href=\"https:\/\/www.hqts.com\/it\/settori-che-serviamo\/controllo-qualita-prodotti-retail\/childrens-products-and-toys-quality-control-and-inspections\/\">Test su Giocattoli<\/a><\/li>\n<li>Test di Resistenza al Fuoco e Infiammabilit\u00e0<\/li>\n<li>Test di Sicurezza dei Prodotti<\/li>\n<li>Test di Qualit\u00e0 e Prestazioni<\/li>\n<li><a href=\"https:\/\/www.hqts.com\/our-services\/testing\/saudi-arabia-sqm-mark\/\">Marchio di Qualit\u00e0 Saudita<\/a><\/li>\n<\/ul>\n<h2 class=\"p1\"><strong>Consulenza ESG<\/strong><\/h2>\n<p class=\"p1\">HQTS offre <a href=\"https:\/\/www.hqts.com\/it\/i-nostri-servizi\/soluzioni-sostenibili\/servizi-esg\/\"><strong>consulenza ESG<\/strong><\/a> per aiutarvi a soddisfare le richieste di clienti, investitori e stakeholder. Dalla valutazione dei rischi ESG e due diligence, agli audit ESG dei fornitori, alla consulenza sulla rendicontazione e alla costruzione di sistemi di gestione ESG, fino alla formazione ESG di livello internazionale in Malesia. Possiamo creare una soluzione personalizzata per accompagnarvi nel vostro percorso verso la sostenibilit\u00e0.<\/p>\n<ul>\n<li class=\"p1\">Audit ESG<\/li>\n<li class=\"p1\">Catena di Fornitura ESG<\/li>\n<li class=\"p1\">Investimenti ESG<\/li>\n<li class=\"p1\">Rendicontazione ESG<\/li>\n<li class=\"p1\">Consulenza ESG<\/li>\n<li class=\"p1\">Formazione ESG<\/li>\n<\/ul>\n<h2><strong>Altri Servizi di Controllo Qualit\u00e0 in Malesia<\/strong><\/h2>\n<p class=\"p1\">Oltre ai servizi sopra menzionati, possiamo assistervi con:<\/p>\n<ul class=\"ul1\">\n<li class=\"li1\"><strong><a href=\"https:\/\/www.hqts.com\/it\/what-is-production-monitoring-in-quality-control\/production-monitoring\/\">Monitoraggio della Produzione<\/a><\/strong><\/li>\n<li class=\"li1\"><strong><a href=\"https:\/\/www.hqts.com\/it\/sezione-conformita\/\">Consulenza sulla Conformit\u00e0 dei Prodotti<\/a><\/strong><\/li>\n<li class=\"li1\"><strong><a href=\"https:\/\/www.hqts.com\/it\/i-nostri-servizi\/consulenza-controllo-qualita\/servizio-di-formazione\/\">Formazione<\/a><\/strong><\/li>\n<li class=\"li1\"><strong><a href=\"https:\/\/www.hqts.com\/services\/quality-control-services\/\">Consulenza<\/a><\/strong><\/li>\n<li class=\"li1\"><strong><a href=\"https:\/\/www.hqts.com\/it\/i-nostri-servizi\/uganda-pre-export-verification-of-conformity-pvoc\/\">Certificazione PVoC Uganda<\/a><\/strong><\/li>\n<\/ul>\n<p class=\"p1\">Contattateci oggi stesso all\u2019indirizzo <strong>inquiry@hqts.com<\/strong> per maggiori informazioni.<\/p>\n","protected":false},"excerpt":{"rendered":"<p>HQTS Kuala Lumpur &#8211; Azienda di Controllo Qualit\u00e0 in Malesia HQTS \u00e8 una delle principali societ\u00e0 di ispezione di terza parte in Malesia. Disponiamo di un team locale di esperti e di una copertura nazionale che include Selangor, Penang, Johor e altre aree. Forniamo servizi di controllo qualit\u00e0 in Malesia e all\u2019estero, tra cui ispezioni [&hellip;]<\/p>\n","protected":false},"author":17,"featured_media":220017,"parent":219931,"menu_order":0,"comment_status":"closed","ping_status":"closed","template":"","meta":{"_acf_changed":false,"footnotes":""},"class_list":["post-220359","page","type-page","status-publish","has-post-thumbnail","hentry"],"acf":[],"_links":{"self":[{"href":"https:\/\/www.hqts.com\/it\/wp-json\/wp\/v2\/pages\/220359","targetHints":{"allow":["GET"]}}],"collection":[{"href":"https:\/\/www.hqts.com\/it\/wp-json\/wp\/v2\/pages"}],"about":[{"href":"https:\/\/www.hqts.com\/it\/wp-json\/wp\/v2\/types\/page"}],"author":[{"embeddable":true,"href":"https:\/\/www.hqts.com\/it\/wp-json\/wp\/v2\/users\/17"}],"replies":[{"embeddable":true,"href":"https:\/\/www.hqts.com\/it\/wp-json\/wp\/v2\/comments?post=220359"}],"version-history":[{"count":1,"href":"https:\/\/www.hqts.com\/it\/wp-json\/wp\/v2\/pages\/220359\/revisions"}],"predecessor-version":[{"id":220372,"href":"https:\/\/www.hqts.com\/it\/wp-json\/wp\/v2\/pages\/220359\/revisions\/220372"}],"up":[{"embeddable":true,"href":"https:\/\/www.hqts.com\/it\/wp-json\/wp\/v2\/pages\/219931"}],"wp:featuredmedia":[{"embeddable":true,"href":"https:\/\/www.hqts.com\/it\/wp-json\/wp\/v2\/media\/220017"}],"wp:attachment":[{"href":"https:\/\/www.hqts.com\/it\/wp-json\/wp\/v2\/media?parent=220359"}],"curies":[{"name":"wp","href":"https:\/\/api.w.org\/{rel}","templated":true}]}}