{"id":220373,"date":"2025-11-09T15:19:10","date_gmt":"2025-11-09T15:19:10","guid":{"rendered":"https:\/\/www.hqts.com\/chi-siamo\/controllo-qualita-in-malesia\/societa-di-ispezione-di-terza-parte-a-johor\/"},"modified":"2025-11-09T15:20:00","modified_gmt":"2025-11-09T15:20:00","slug":"ispezione-terza-parte-johor","status":"publish","type":"page","link":"https:\/\/www.hqts.com\/it\/chi-siamo\/controllo-qualita-in-malesia\/ispezione-terza-parte-johor\/","title":{"rendered":"Societ\u00e0 di Ispezione di Terza Parte a Johor"},"content":{"rendered":"<h2 class=\"p1\"><strong>HQTS &#8211; Azienda di Controllo Qualit\u00e0 a Johor<\/strong><\/h2>\n<p><strong><a href=\"https:\/\/www.hqts.com\/it\/chi-siamo\/controllo-qualita-in-malesia\/\">HQTS<\/a><\/strong> \u00e8 una societ\u00e0 di ispezione di terza parte in Malesia che offre servizi di controllo qualit\u00e0 a importatori, grossisti, rivenditori, start-up e produttori in tutta la Malesia e in oltre 40 paesi in tutto il mondo.<\/p>\n<p>Scelta da oltre 15.000 marchi internazionali, HQTS fornisce servizi di garanzia della qualit\u00e0 lungo l\u2019intera catena di fornitura, tra cui ispezioni di terza parte, audit di fornitori e fabbriche, test di laboratorio sui prodotti, audit di conformit\u00e0 ESG e consulenza sulla conformit\u00e0 dei prodotti, oltre ad altri servizi.<\/p>\n<p>&nbsp;<\/p>\n<h2 class=\"p1\"><strong>Controllo Qualit\u00e0 a Johor<\/strong><\/h2>\n<div class=\"flex-1 overflow-hidden\">\n<div class=\"react-scroll-to-bottom--css-vismc-79elbk h-full\">\n<div class=\"react-scroll-to-bottom--css-vismc-1n7m0yu\">\n<div class=\"flex flex-col pb-9 text-sm\">\n<div class=\"w-full text-token-text-primary\" data-testid=\"conversation-turn-7\">\n<div class=\"px-4 py-2 justify-center text-base md:gap-6 m-auto\">\n<div class=\"flex flex-1 text-base mx-auto gap-3 md:px-5 lg:px-1 xl:px-5 md:max-w-3xl lg:max-w-[40rem] xl:max-w-[48rem] group final-completion\">\n<div class=\"relative flex w-full flex-col lg:w-[calc(100%-115px)] agent-turn\">\n<div class=\"flex-col gap-1 md:gap-3\">\n<div class=\"flex flex-grow flex-col max-w-full\">\n<div class=\"min-h-[20px] text-message flex flex-col items-start gap-3 whitespace-pre-wrap break-words [.text-message+&amp;]:mt-5 overflow-x-auto\" data-message-author-role=\"assistant\" data-message-id=\"b200c66e-e40e-4013-899c-99eeb2566583\">\n<div class=\"markdown prose w-full break-words dark:prose-invert light\">\n<p>Johor, il secondo stato pi\u00f9 grande della Malesia peninsulare, ospita una delle citt\u00e0 in pi\u00f9 rapida crescita del Paese: Johor Bahru. Grazie alla sua posizione strategica accanto a Singapore, Johor \u00e8 spesso definita \u201cLa Porta Sud della Malesia\u201d. Lo stato ospita numerosi parchi industriali strategici ed \u00e8 attivo in diversi settori, tra cui elettronica ed elettrotecnica, petrolchimico, petrolio e gas, trasformazione agroalimentare, logistica, tessile, gomma e legno.<\/p>\n<\/div>\n<\/div>\n<\/div>\n<\/div>\n<\/div>\n<\/div>\n<\/div>\n<\/div>\n<\/div>\n<\/div>\n<\/div>\n<\/div>\n<div id=\"TQOhZaSlBMyJxc8Pv-OL-A4__149\">\n<div class=\"g\">\n<div lang=\"en\" data-hveid=\"CGIQAA\" data-ved=\"2ahUKEwjk__rkwdeDAxXMRPEDHb_xAu8QFSgAegQIYhAA\">\n<div class=\"tF2Cxc\"><\/div>\n<\/div>\n<\/div>\n<\/div>\n<h2 class=\"p1\"><strong>Ispezioni di Terza Parte a Johor<\/strong><\/h2>\n<p>Come una delle principali societ\u00e0 di ispezione di terza parte, <strong><a href=\"https:\/\/www.hqts.com\/it\/chi-siamo\/controllo-qualita-in-malesia\/\">HQTS Malesia<\/a><\/strong> vanta anni di esperienza nell\u2019assistere le aziende con ispezioni di terza parte a Johor, in altri stati della Malesia e in importanti regioni manifatturiere estere come Cina e India. Che abbiate bisogno di un\u2019ispezione del primo articolo, di un\u2019ispezione completa o della supervisione del caricamento a Johor, siamo qui per supportare la vostra attivit\u00e0.<\/p>\n<p><strong>Servizi di Ispezione di Terza Parte<\/strong><\/p>\n<ul class=\"ul1\">\n<li class=\"li1\"><strong><a href=\"https:\/\/www.hqts.com\/our-services\/quality-control-inspections\/pre-production-inspection\/\">Ispezioni Pre-Produzione<\/a><\/strong><\/li>\n<li><strong><a href=\"https:\/\/www.hqts.com\/it\/i-nostri-servizi\/quality-control-inspections\/ispezione-pre-spedizione\/\">Ispezioni Pre-Spedizione \/ Ispezione del Primo Articolo<\/a><\/strong><\/li>\n<li><strong><a href=\"https:\/\/www.hqts.com\/it\/i-nostri-servizi\/quality-control-inspections\/ispezione-durante-la-produzione\/\">Ispezioni Durante la Produzione<\/a><\/strong><\/li>\n<li><strong><a href=\"https:\/\/www.hqts.com\/our-services\/piece-by-piece\/\">Ispezioni Pezzo per Pezzo<\/a><\/strong><\/li>\n<li><strong><a href=\"https:\/\/www.hqts.com\/our-services\/quality-control-inspections\/container-loading-inspection\/\">Ispezioni di Caricamento Contenitori<\/a><\/strong><\/li>\n<li><strong><a href=\"https:\/\/www.hqts.com\/our-services\/sample-checking\/\">Verifica dei Campioni<\/a><\/strong><\/li>\n<li><strong><a href=\"https:\/\/www.hqts.com\/our-services\/metal-detection\/\">Rilevamento Metalli<\/a><\/strong><\/li>\n<li><strong><a href=\"https:\/\/www.hqts.com\/it\/i-nostri-servizi\/quality-control-inspections\/supervisione-del-carico-e-scarico\/\">Ispezioni di Carico\/Scarico<\/a><\/strong><\/li>\n<\/ul>\n<h2><strong>Audit a Johor<\/strong><\/h2>\n<p>Gli auditor esperti di HQTS possono verificare la legittimit\u00e0 del vostro potenziale fornitore e valutarne la capacit\u00e0 di rispettare i vostri standard di qualit\u00e0. I nostri audit spaziano da semplici <strong><a href=\"https:\/\/www.hqts.com\/it\/i-nostri-servizi\/audit-di-fabbrica\/\">valutazioni dei fornitori<\/a><\/strong> a revisioni approfondite dei processi produttivi e delle capacit\u00e0 manifatturiere attraverso audit di fabbrica. <strong><a href=\"https:\/\/www.hqts.com\/it\/contatti\/\">Contattateci<\/a><\/strong> per maggiori informazioni.<\/p>\n<h2 class=\"p1\"><strong>Consulenza ESG<\/strong><\/h2>\n<p>Per aiutare le aziende a soddisfare i requisiti di clienti, investitori e stakeholder, HQTS offre <strong><a href=\"https:\/\/www.hqts.com\/it\/i-nostri-servizi\/soluzioni-sostenibili\/servizi-esg\/\">servizi ESG<\/a><\/strong> personalizzati a Johor, che comprendono:<\/p>\n<ul>\n<li>Audit ESG<\/li>\n<li>Catena di Fornitura ESG<\/li>\n<li>Investimenti ESG<\/li>\n<li>Rendicontazione ESG<\/li>\n<li>Consulenza ESG<\/li>\n<li>Formazione ESG<\/li>\n<\/ul>\n<h2><strong>Altri Servizi di Controllo Qualit\u00e0 in Malesia<\/strong><\/h2>\n<div class=\"flex-1 overflow-hidden\">\n<div class=\"react-scroll-to-bottom--css-sauew-79elbk h-full\">\n<div class=\"react-scroll-to-bottom--css-sauew-1n7m0yu\">\n<div class=\"flex flex-col pb-9 text-sm\">\n<div class=\"w-full text-token-text-primary\" data-testid=\"conversation-turn-47\">\n<div class=\"px-4 py-2 justify-center text-base md:gap-6 m-auto\">\n<div class=\"flex flex-1 text-base mx-auto gap-3 md:px-5 lg:px-1 xl:px-5 md:max-w-3xl lg:max-w-[40rem] xl:max-w-[48rem] group final-completion\">\n<div class=\"relative flex w-full flex-col lg:w-[calc(100%-115px)] agent-turn\">\n<div class=\"flex-col gap-1 md:gap-3\">\n<div class=\"flex flex-grow flex-col max-w-full\">\n<div class=\"min-h-[20px] text-message flex flex-col items-start gap-3 whitespace-pre-wrap break-words [.text-message+&amp;]:mt-5 overflow-x-auto\" data-message-author-role=\"assistant\" data-message-id=\"76322590-4be4-401c-88d7-24cb5e2a54a8\">\n<div class=\"markdown prose w-full break-words dark:prose-invert light\">\n<div class=\"flex-1 overflow-hidden\">\n<div class=\"react-scroll-to-bottom--css-vismc-79elbk h-full\">\n<div class=\"react-scroll-to-bottom--css-vismc-1n7m0yu\">\n<div class=\"flex flex-col pb-9 text-sm\">\n<div class=\"w-full text-token-text-primary\" data-testid=\"conversation-turn-15\">\n<div class=\"px-4 py-2 justify-center text-base md:gap-6 m-auto\">\n<div class=\"flex flex-1 text-base mx-auto gap-3 md:px-5 lg:px-1 xl:px-5 md:max-w-3xl lg:max-w-[40rem] xl:max-w-[48rem] group final-completion\">\n<div class=\"relative flex w-full flex-col lg:w-[calc(100%-115px)] agent-turn\">\n<div class=\"flex-col gap-1 md:gap-3\">\n<div class=\"flex flex-grow flex-col max-w-full\">\n<div class=\"min-h-[20px] text-message flex flex-col items-start gap-3 whitespace-pre-wrap break-words [.text-message+&amp;]:mt-5 overflow-x-auto\" data-message-author-role=\"assistant\" data-message-id=\"6f8cda3b-ee1a-40f7-afa6-b0957bcdac4c\">\n<div class=\"markdown prose w-full break-words dark:prose-invert light\">\n<p>HQTS Malesia offre una vasta gamma di servizi aggiuntivi per aiutarvi a garantire la qualit\u00e0 in ogni fase della vostra catena di fornitura, tra cui:<\/p>\n<\/div>\n<\/div>\n<\/div>\n<\/div>\n<\/div>\n<\/div>\n<\/div>\n<\/div>\n<\/div>\n<\/div>\n<\/div>\n<\/div>\n<\/div>\n<\/div>\n<\/div>\n<\/div>\n<\/div>\n<\/div>\n<\/div>\n<\/div>\n<\/div>\n<\/div>\n<\/div>\n<\/div>\n<ul class=\"ul1\">\n<li class=\"li1\"><strong><span class=\"s1\"><span class=\"s2\"><a href=\"https:\/\/www.hqts.com\/it\/sezione-conformita\/\">Consulenza sulla Conformit\u00e0 dei Prodotti<\/a><\/span><\/span><\/strong><strong style=\"font-family: -apple-system, BlinkMacSystemFont, 'Segoe UI', Roboto, 'Helvetica Neue', Arial, 'Noto Sans', sans-serif, 'Apple Color Emoji', 'Segoe UI Emoji', 'Segoe UI Symbol', 'Noto Color Emoji';\"><span class=\"s1\"><span class=\"s2\"><br \/>\n<\/span><\/span><\/strong><\/li>\n<li class=\"li1\"><strong style=\"font-family: -apple-system, BlinkMacSystemFont, 'Segoe UI', Roboto, 'Helvetica Neue', Arial, 'Noto Sans', sans-serif, 'Apple Color Emoji', 'Segoe UI Emoji', 'Segoe UI Symbol', 'Noto Color Emoji';\"><span class=\"s1\"><span class=\"s2\"><a href=\"https:\/\/www.hqts.com\/it\/i-nostri-servizi\/test-prodotti-materiali\/\">Test sui Prodotti<\/a><br \/>\n<\/span><\/span><\/strong><\/li>\n<li class=\"li1\"><strong style=\"font-family: -apple-system, BlinkMacSystemFont, 'Segoe UI', Roboto, 'Helvetica Neue', Arial, 'Noto Sans', sans-serif, 'Apple Color Emoji', 'Segoe UI Emoji', 'Segoe UI Symbol', 'Noto Color Emoji';\"><span class=\"s1\"><span class=\"s2\"><a href=\"https:\/\/www.hqts.com\/our-services\/uganda-pvoc\/\">Certificazione PVoC Uganda<\/a><br \/>\n<\/span><\/span><\/strong><\/li>\n<li class=\"li1\"><strong style=\"font-family: -apple-system, BlinkMacSystemFont, 'Segoe UI', Roboto, 'Helvetica Neue', Arial, 'Noto Sans', sans-serif, 'Apple Color Emoji', 'Segoe UI Emoji', 'Segoe UI Symbol', 'Noto Color Emoji';\"><span class=\"s1\"><span class=\"s2\"><a href=\"https:\/\/www.hqts.com\/it\/what-is-production-monitoring-in-quality-control\/production-monitoring\/\">Monitoraggio della Produzione<\/a><br \/>\n<\/span><\/span><\/strong><\/li>\n<li class=\"li1\"><strong style=\"font-family: -apple-system, BlinkMacSystemFont, 'Segoe UI', Roboto, 'Helvetica Neue', Arial, 'Noto Sans', sans-serif, 'Apple Color Emoji', 'Segoe UI Emoji', 'Segoe UI Symbol', 'Noto Color Emoji';\"><span class=\"s1\"><span class=\"s2\"><a href=\"https:\/\/www.hqts.com\/it\/i-nostri-servizi\/consulenza-controllo-qualita\/servizio-di-formazione\/\">Formazione<\/a><br \/>\n<\/span><\/span><\/strong><\/li>\n<li class=\"li1\"><a href=\"https:\/\/www.hqts.com\/services\/quality-control-services\/\"><strong style=\"font-family: -apple-system, BlinkMacSystemFont, 'Segoe UI', Roboto, 'Helvetica Neue', Arial, 'Noto Sans', sans-serif, 'Apple Color Emoji', 'Segoe UI Emoji', 'Segoe UI Symbol', 'Noto Color Emoji';\"><span class=\"s1\"><span class=\"s2\">Consulenza<\/span><\/span><\/strong><\/a><\/li>\n<\/ul>\n<div class=\"flex-1 overflow-hidden\">\n<div class=\"react-scroll-to-bottom--css-sauew-79elbk h-full\">\n<div class=\"react-scroll-to-bottom--css-sauew-1n7m0yu\">\n<div class=\"flex flex-col pb-9 text-sm\">\n<div class=\"w-full text-token-text-primary\" data-testid=\"conversation-turn-49\">\n<div class=\"px-4 py-2 justify-center text-base md:gap-6 m-auto\">\n<div class=\"flex flex-1 text-base mx-auto gap-3 md:px-5 lg:px-1 xl:px-5 md:max-w-3xl lg:max-w-[40rem] xl:max-w-[48rem] group final-completion\">\n<div class=\"relative flex w-full flex-col lg:w-[calc(100%-115px)] agent-turn\">\n<div class=\"flex-col gap-1 md:gap-3\">\n<div class=\"flex flex-grow flex-col max-w-full\">\n<div class=\"min-h-[20px] text-message flex flex-col items-start gap-3 whitespace-pre-wrap break-words [.text-message+&amp;]:mt-5 overflow-x-auto\" data-message-author-role=\"assistant\" data-message-id=\"aab6e313-c6db-4b36-bc5b-0ded7e3a4aaf\">\n<div class=\"markdown prose w-full break-words dark:prose-invert light\">\n<p>Per ulteriori informazioni, non esitate a contattarci oggi stesso all\u2019indirizzo inquiry@hqts.com.<\/p>\n<\/div>\n<\/div>\n<\/div>\n<\/div>\n<\/div>\n<\/div>\n<\/div>\n<\/div>\n<\/div>\n<\/div>\n<\/div>\n<\/div>\n","protected":false},"excerpt":{"rendered":"<p>HQTS &#8211; Azienda di Controllo Qualit\u00e0 a Johor HQTS \u00e8 una societ\u00e0 di ispezione di terza parte in Malesia che offre servizi di controllo qualit\u00e0 a importatori, grossisti, rivenditori, start-up e produttori in tutta la Malesia e in oltre 40 paesi in tutto il mondo. Scelta da oltre 15.000 marchi internazionali, HQTS fornisce servizi di [&hellip;]<\/p>\n","protected":false},"author":17,"featured_media":220375,"parent":220359,"menu_order":0,"comment_status":"closed","ping_status":"closed","template":"","meta":{"_acf_changed":false,"footnotes":""},"class_list":["post-220373","page","type-page","status-publish","has-post-thumbnail","hentry"],"acf":[],"_links":{"self":[{"href":"https:\/\/www.hqts.com\/it\/wp-json\/wp\/v2\/pages\/220373","targetHints":{"allow":["GET"]}}],"collection":[{"href":"https:\/\/www.hqts.com\/it\/wp-json\/wp\/v2\/pages"}],"about":[{"href":"https:\/\/www.hqts.com\/it\/wp-json\/wp\/v2\/types\/page"}],"author":[{"embeddable":true,"href":"https:\/\/www.hqts.com\/it\/wp-json\/wp\/v2\/users\/17"}],"replies":[{"embeddable":true,"href":"https:\/\/www.hqts.com\/it\/wp-json\/wp\/v2\/comments?post=220373"}],"version-history":[{"count":1,"href":"https:\/\/www.hqts.com\/it\/wp-json\/wp\/v2\/pages\/220373\/revisions"}],"predecessor-version":[{"id":220386,"href":"https:\/\/www.hqts.com\/it\/wp-json\/wp\/v2\/pages\/220373\/revisions\/220386"}],"up":[{"embeddable":true,"href":"https:\/\/www.hqts.com\/it\/wp-json\/wp\/v2\/pages\/220359"}],"wp:featuredmedia":[{"embeddable":true,"href":"https:\/\/www.hqts.com\/it\/wp-json\/wp\/v2\/media\/220375"}],"wp:attachment":[{"href":"https:\/\/www.hqts.com\/it\/wp-json\/wp\/v2\/media?parent=220373"}],"curies":[{"name":"wp","href":"https:\/\/api.w.org\/{rel}","templated":true}]}}