{"id":220387,"date":"2025-11-09T15:31:23","date_gmt":"2025-11-09T15:31:23","guid":{"rendered":"https:\/\/www.hqts.com\/chi-siamo\/controllo-qualita-in-malesia\/societa-di-ispezione-di-terza-parte-a-penang\/"},"modified":"2025-11-09T15:32:00","modified_gmt":"2025-11-09T15:32:00","slug":"ispezione-terza-parte-penang","status":"publish","type":"page","link":"https:\/\/www.hqts.com\/it\/chi-siamo\/controllo-qualita-in-malesia\/ispezione-terza-parte-penang\/","title":{"rendered":"Societ\u00e0 di Ispezione di Terza Parte a Penang"},"content":{"rendered":"<h2 class=\"p1\"><strong>HQTS &#8211; Azienda di Controllo Qualit\u00e0 a Penang<\/strong><\/h2>\n<div class=\"flex-1 overflow-hidden\">\n<div class=\"react-scroll-to-bottom--css-vismc-79elbk h-full\">\n<div class=\"react-scroll-to-bottom--css-vismc-1n7m0yu\">\n<div class=\"flex flex-col pb-9 text-sm\">\n<div class=\"w-full text-token-text-primary\" data-testid=\"conversation-turn-27\">\n<div class=\"px-4 py-2 justify-center text-base md:gap-6 m-auto\">\n<div class=\"flex flex-1 text-base mx-auto gap-3 md:px-5 lg:px-1 xl:px-5 md:max-w-3xl lg:max-w-[40rem] xl:max-w-[48rem] group final-completion\">\n<div class=\"relative flex w-full flex-col lg:w-[calc(100%-115px)] agent-turn\">\n<div class=\"flex-col gap-1 md:gap-3\">\n<div class=\"flex flex-grow flex-col max-w-full\">\n<div class=\"min-h-[20px] text-message flex flex-col items-start gap-3 whitespace-pre-wrap break-words [.text-message+&amp;]:mt-5 overflow-x-auto\" data-message-author-role=\"assistant\" data-message-id=\"27b23f5f-4445-40ef-83d8-a3f046093204\">\n<div class=\"markdown prose w-full break-words dark:prose-invert light\">\n<p><strong><a href=\"https:\/\/www.hqts.com\/it\/chi-siamo\/controllo-qualita-in-malesia\/\">HQTS<\/a><\/strong> \u00e8 una delle principali societ\u00e0 di ispezione di terza parte in Malesia. Siamo specializzati nella fornitura di servizi di controllo qualit\u00e0 a clienti di tutto il mondo. Con oltre 15.000 marchi internazionali che si affidano a noi, offriamo soluzioni personalizzate per la vostra catena di fornitura, tra cui ispezioni di terza parte, audit, test sui prodotti, conformit\u00e0 ESG e consulenza sui prodotti. Che siate rivenditori, produttori o importatori, abbiamo le soluzioni adatte alle vostre esigenze in continua evoluzione.<\/p>\n<p>&nbsp;<\/p>\n<\/div>\n<\/div>\n<\/div>\n<\/div>\n<\/div>\n<\/div>\n<\/div>\n<\/div>\n<\/div>\n<\/div>\n<\/div>\n<\/div>\n<h2 class=\"p1\"><strong>Controllo Qualit\u00e0 a Penang<\/strong><\/h2>\n<div class=\"flex-1 overflow-hidden\">\n<div class=\"react-scroll-to-bottom--css-vismc-79elbk h-full\">\n<div class=\"react-scroll-to-bottom--css-vismc-1n7m0yu\">\n<div class=\"flex flex-col pb-9 text-sm\">\n<div class=\"w-full text-token-text-primary\" data-testid=\"conversation-turn-7\">\n<div class=\"px-4 py-2 justify-center text-base md:gap-6 m-auto\">\n<div class=\"flex flex-1 text-base mx-auto gap-3 md:px-5 lg:px-1 xl:px-5 md:max-w-3xl lg:max-w-[40rem] xl:max-w-[48rem] group final-completion\">\n<div class=\"relative flex w-full flex-col lg:w-[calc(100%-115px)] agent-turn\">\n<div class=\"flex-col gap-1 md:gap-3\">\n<div class=\"flex flex-grow flex-col max-w-full\">\n<div class=\"min-h-[20px] text-message flex flex-col items-start gap-3 whitespace-pre-wrap break-words [.text-message+&amp;]:mt-5 overflow-x-auto\" data-message-author-role=\"assistant\" data-message-id=\"b200c66e-e40e-4013-899c-99eeb2566583\">\n<div class=\"markdown prose w-full break-words dark:prose-invert light\">\n<p>Penang svolge un ruolo importante in molti settori, in particolare in quello dell\u2019elettronica e dell\u2019elettrotecnica, dove la produzione di semiconduttori e la presenza di numerose multinazionali hanno reso lo stato un punto chiave della catena di fornitura, tanto da essere soprannominato la \u201cSilicon Valley dell\u2019Est\u201d. Lo stato ospita numerosi fornitori locali specializzati in plastica, automazione, imballaggi e ingegneria.<\/p>\n<\/div>\n<\/div>\n<\/div>\n<\/div>\n<\/div>\n<\/div>\n<\/div>\n<\/div>\n<\/div>\n<\/div>\n<\/div>\n<\/div>\n<div><\/div>\n<h2 class=\"p1\"><strong>Ispezioni di Terza Parte a Penang<\/strong><\/h2>\n<p>HQTS pu\u00f2 eseguire ispezioni di terza parte a Penang, in tutta la Malesia e in oltre 40 paesi in tutto il mondo. Il nostro team di ispettori esperti \u00e8 specializzato in componenti per semiconduttori, apparecchi elettrici, materie prime e altri aspetti chiave della produzione a Penang. I nostri servizi di ispezione su misura includono:<\/p>\n<ul class=\"ul1\">\n<li class=\"li1\"><strong><a href=\"https:\/\/www.hqts.com\/our-services\/quality-control-inspections\/pre-production-inspection\/\">Ispezioni Pre-Produzione<\/a><\/strong><\/li>\n<li class=\"li1\"><strong><a href=\"https:\/\/www.hqts.com\/it\/i-nostri-servizi\/quality-control-inspections\/ispezione-pre-spedizione\/\">Ispezioni Pre-Spedizione \/ Ispezione del Primo Articolo<\/a><\/strong><\/li>\n<li class=\"li1\"><strong><a href=\"https:\/\/www.hqts.com\/it\/i-nostri-servizi\/quality-control-inspections\/ispezione-durante-la-produzione\/\">Ispezioni Durante la Produzione<\/a><\/strong><\/li>\n<li class=\"li1\"><strong><a href=\"https:\/\/www.hqts.com\/our-services\/piece-by-piece\/\">Ispezioni Pezzo per Pezzo<\/a><\/strong><\/li>\n<li class=\"li1\"><strong><a href=\"https:\/\/www.hqts.com\/our-services\/quality-control-inspections\/container-loading-inspection\/\">Ispezioni di Caricamento Contenitori<\/a><\/strong><\/li>\n<li class=\"li1\"><strong><a href=\"https:\/\/www.hqts.com\/our-services\/sample-checking\/\">Verifica dei Campioni<\/a><\/strong><\/li>\n<li class=\"li1\"><strong><a href=\"https:\/\/www.hqts.com\/our-services\/metal-detection\/\">Rilevamento Metalli<\/a><\/strong><\/li>\n<li class=\"li1\"><strong><a href=\"https:\/\/www.hqts.com\/it\/i-nostri-servizi\/quality-control-inspections\/supervisione-del-carico-e-scarico\/\">Ispezioni di Carico\/Scarico<\/a><\/strong><\/li>\n<\/ul>\n<h2><strong>Audit dei Fornitori a Penang<\/strong><\/h2>\n<p>Che vogliate <strong><a href=\"https:\/\/www.hqts.com\/it\/i-nostri-servizi\/audit-di-fabbrica\/\">verificare se il vostro fornitore opera legalmente in Malesia<\/a> <\/strong>o desideriate ricevere un\u2019analisi dettagliata delle sue condizioni, dei punti di forza e di debolezza, HQTS \u00e8 qui per supportarvi.<\/p>\n<h2><strong>Test sui Prodotti a Penang<\/strong><\/h2>\n<div class=\"flex-1 overflow-hidden\">\n<div class=\"react-scroll-to-bottom--css-vismc-79elbk h-full\">\n<div class=\"react-scroll-to-bottom--css-vismc-1n7m0yu\">\n<div class=\"flex flex-col pb-9 text-sm\">\n<div class=\"w-full text-token-text-primary\" data-testid=\"conversation-turn-35\">\n<div class=\"px-4 py-2 justify-center text-base md:gap-6 m-auto\">\n<div class=\"flex flex-1 text-base mx-auto gap-3 md:px-5 lg:px-1 xl:px-5 md:max-w-3xl lg:max-w-[40rem] xl:max-w-[48rem] group final-completion\">\n<div class=\"relative flex w-full flex-col lg:w-[calc(100%-115px)] agent-turn\">\n<div class=\"flex-col gap-1 md:gap-3\">\n<div class=\"flex flex-grow flex-col max-w-full\">\n<div class=\"min-h-[20px] text-message flex flex-col items-start gap-3 whitespace-pre-wrap break-words [.text-message+&amp;]:mt-5 overflow-x-auto\" data-message-author-role=\"assistant\" data-message-id=\"aff3096a-3c49-4b08-90eb-ba6b6eb58466\">\n<div class=\"markdown prose w-full break-words dark:prose-invert light\">\n<p>Offriamo <strong><a href=\"https:\/\/www.hqts.com\/it\/i-nostri-servizi\/test-prodotti-materiali\/\">servizi di test<\/a><\/strong> eseguiti nei nostri laboratori all\u2019avanguardia o attraverso la nostra rete di laboratori partner, garantendo il rispetto dei pi\u00f9 severi standard di qualit\u00e0 e conformit\u00e0. La nostra esperienza copre un\u2019ampia gamma di prodotti, tra cui componenti elettronici, semiconduttori, test RoHS, test Reach e molto altro. Per informazioni dettagliate sulle nostre capacit\u00e0 di test, non esitate a contattarci oggi stesso.<\/p>\n<\/div>\n<\/div>\n<\/div>\n<\/div>\n<\/div>\n<\/div>\n<\/div>\n<\/div>\n<\/div>\n<\/div>\n<\/div>\n<\/div>\n<h2 class=\"p1\"><strong>Consulenza ESG a Penang<\/strong><\/h2>\n<p>Per aiutare le aziende a soddisfare le aspettative di clienti, investitori e stakeholder, HQTS offre <strong><a href=\"https:\/\/www.hqts.com\/it\/i-nostri-servizi\/soluzioni-sostenibili\/servizi-esg\/\">servizi ESG<\/a> <\/strong>personalizzati a Penang e in tutta la Malesia, che comprendono:<\/p>\n<ul>\n<li>Audit ESG<\/li>\n<li>Catena di Fornitura ESG<\/li>\n<li>Investimenti ESG<\/li>\n<li>Rendicontazione ESG<\/li>\n<li>Consulenza ESG<\/li>\n<li>Formazione ESG<\/li>\n<\/ul>\n<h2><strong>Altri Servizi di Controllo Qualit\u00e0 a Penang<\/strong><\/h2>\n<div class=\"flex-1 overflow-hidden\">\n<div class=\"react-scroll-to-bottom--css-sauew-79elbk h-full\">\n<div class=\"react-scroll-to-bottom--css-sauew-1n7m0yu\">\n<div class=\"flex flex-col pb-9 text-sm\">\n<div class=\"w-full text-token-text-primary\" data-testid=\"conversation-turn-47\">\n<div class=\"px-4 py-2 justify-center text-base md:gap-6 m-auto\">\n<div class=\"flex flex-1 text-base mx-auto gap-3 md:px-5 lg:px-1 xl:px-5 md:max-w-3xl lg:max-w-[40rem] xl:max-w-[48rem] group final-completion\">\n<div class=\"relative flex w-full flex-col lg:w-[calc(100%-115px)] agent-turn\">\n<div class=\"flex-col gap-1 md:gap-3\">\n<div class=\"flex flex-grow flex-col max-w-full\">\n<div class=\"min-h-[20px] text-message flex flex-col items-start gap-3 whitespace-pre-wrap break-words [.text-message+&amp;]:mt-5 overflow-x-auto\" data-message-author-role=\"assistant\" data-message-id=\"76322590-4be4-401c-88d7-24cb5e2a54a8\">\n<div class=\"markdown prose w-full break-words dark:prose-invert light\">\n<div class=\"flex-1 overflow-hidden\">\n<div class=\"react-scroll-to-bottom--css-vismc-79elbk h-full\">\n<div class=\"react-scroll-to-bottom--css-vismc-1n7m0yu\">\n<div class=\"flex flex-col pb-9 text-sm\">\n<div class=\"w-full text-token-text-primary\" data-testid=\"conversation-turn-15\">\n<div class=\"px-4 py-2 justify-center text-base md:gap-6 m-auto\">\n<div class=\"flex flex-1 text-base mx-auto gap-3 md:px-5 lg:px-1 xl:px-5 md:max-w-3xl lg:max-w-[40rem] xl:max-w-[48rem] group final-completion\">\n<div class=\"relative flex w-full flex-col lg:w-[calc(100%-115px)] agent-turn\">\n<div class=\"flex-col gap-1 md:gap-3\">\n<div class=\"flex flex-grow flex-col max-w-full\">\n<div class=\"min-h-[20px] text-message flex flex-col items-start gap-3 whitespace-pre-wrap break-words [.text-message+&amp;]:mt-5 overflow-x-auto\" data-message-author-role=\"assistant\" data-message-id=\"6f8cda3b-ee1a-40f7-afa6-b0957bcdac4c\">\n<div class=\"markdown prose w-full break-words dark:prose-invert light\">\n<p><strong><a href=\"https:\/\/www.hqts.com\/it\/chi-siamo\/controllo-qualita-in-malesia\/\">HQTS Malesia<\/a><\/strong> offre una vasta gamma di servizi aggiuntivi per aiutarvi a garantire la qualit\u00e0 in ogni fase della vostra catena di fornitura, tra cui:<\/p>\n<\/div>\n<\/div>\n<\/div>\n<\/div>\n<\/div>\n<\/div>\n<\/div>\n<\/div>\n<\/div>\n<\/div>\n<\/div>\n<\/div>\n<\/div>\n<\/div>\n<\/div>\n<\/div>\n<\/div>\n<\/div>\n<\/div>\n<\/div>\n<\/div>\n<\/div>\n<\/div>\n<\/div>\n<ul class=\"ul1\">\n<li class=\"li1\"><strong><a href=\"https:\/\/www.hqts.com\/it\/sezione-conformita\/\">Consulenza sulla Conformit\u00e0 dei Prodotti<\/a><\/strong><\/li>\n<li class=\"li1\"><strong><a href=\"https:\/\/www.hqts.com\/it\/i-nostri-servizi\/test-prodotti-materiali\/\">Test sui Prodotti<\/a><\/strong><\/li>\n<li class=\"li1\"><strong><a href=\"https:\/\/www.hqts.com\/our-services\/uganda-pvoc\/\">Certificazione PVoC Uganda<\/a><\/strong><\/li>\n<li class=\"li1\"><strong><a href=\"https:\/\/www.hqts.com\/it\/what-is-production-monitoring-in-quality-control\/production-monitoring\/\">Monitoraggio della Produzione<\/a><\/strong><\/li>\n<li class=\"li1\"><strong><a href=\"https:\/\/www.hqts.com\/it\/i-nostri-servizi\/consulenza-controllo-qualita\/servizio-di-formazione\/\">Formazione<\/a><\/strong><\/li>\n<li class=\"li1\"><strong><a href=\"https:\/\/www.hqts.com\/services\/quality-control-services\/\">Consulenza<\/a><\/strong><\/li>\n<\/ul>\n<div class=\"flex-1 overflow-hidden\">\n<div class=\"react-scroll-to-bottom--css-sauew-79elbk h-full\">\n<div class=\"react-scroll-to-bottom--css-sauew-1n7m0yu\">\n<div class=\"flex flex-col pb-9 text-sm\">\n<div class=\"w-full text-token-text-primary\" data-testid=\"conversation-turn-49\">\n<div class=\"px-4 py-2 justify-center text-base md:gap-6 m-auto\">\n<div class=\"flex flex-1 text-base mx-auto gap-3 md:px-5 lg:px-1 xl:px-5 md:max-w-3xl lg:max-w-[40rem] xl:max-w-[48rem] group final-completion\">\n<div class=\"relative flex w-full flex-col lg:w-[calc(100%-115px)] agent-turn\">\n<div class=\"flex-col gap-1 md:gap-3\">\n<div class=\"flex flex-grow flex-col max-w-full\">\n<div class=\"min-h-[20px] text-message flex flex-col items-start gap-3 whitespace-pre-wrap break-words [.text-message+&amp;]:mt-5 overflow-x-auto\" data-message-author-role=\"assistant\" data-message-id=\"aab6e313-c6db-4b36-bc5b-0ded7e3a4aaf\">\n<div class=\"markdown prose w-full break-words dark:prose-invert light\">\n<p>Per ulteriori informazioni, non esitate a contattarci oggi stesso all\u2019indirizzo inquiry@hqts.com.<\/p>\n<\/div>\n<\/div>\n<\/div>\n<\/div>\n<\/div>\n<\/div>\n<\/div>\n<\/div>\n<\/div>\n<\/div>\n<\/div>\n<\/div>\n","protected":false},"excerpt":{"rendered":"<p>HQTS &#8211; Azienda di Controllo Qualit\u00e0 a Penang HQTS \u00e8 una delle principali societ\u00e0 di ispezione di terza parte in Malesia. Siamo specializzati nella fornitura di servizi di controllo qualit\u00e0 a clienti di tutto il mondo. Con oltre 15.000 marchi internazionali che si affidano a noi, offriamo soluzioni personalizzate per la vostra catena di fornitura, [&hellip;]<\/p>\n","protected":false},"author":17,"featured_media":220390,"parent":220359,"menu_order":0,"comment_status":"closed","ping_status":"closed","template":"","meta":{"_acf_changed":false,"footnotes":""},"class_list":["post-220387","page","type-page","status-publish","has-post-thumbnail","hentry"],"acf":[],"_links":{"self":[{"href":"https:\/\/www.hqts.com\/it\/wp-json\/wp\/v2\/pages\/220387","targetHints":{"allow":["GET"]}}],"collection":[{"href":"https:\/\/www.hqts.com\/it\/wp-json\/wp\/v2\/pages"}],"about":[{"href":"https:\/\/www.hqts.com\/it\/wp-json\/wp\/v2\/types\/page"}],"author":[{"embeddable":true,"href":"https:\/\/www.hqts.com\/it\/wp-json\/wp\/v2\/users\/17"}],"replies":[{"embeddable":true,"href":"https:\/\/www.hqts.com\/it\/wp-json\/wp\/v2\/comments?post=220387"}],"version-history":[{"count":1,"href":"https:\/\/www.hqts.com\/it\/wp-json\/wp\/v2\/pages\/220387\/revisions"}],"predecessor-version":[{"id":220401,"href":"https:\/\/www.hqts.com\/it\/wp-json\/wp\/v2\/pages\/220387\/revisions\/220401"}],"up":[{"embeddable":true,"href":"https:\/\/www.hqts.com\/it\/wp-json\/wp\/v2\/pages\/220359"}],"wp:featuredmedia":[{"embeddable":true,"href":"https:\/\/www.hqts.com\/it\/wp-json\/wp\/v2\/media\/220390"}],"wp:attachment":[{"href":"https:\/\/www.hqts.com\/it\/wp-json\/wp\/v2\/media?parent=220387"}],"curies":[{"name":"wp","href":"https:\/\/api.w.org\/{rel}","templated":true}]}}