{"id":220402,"date":"2025-11-09T15:37:51","date_gmt":"2025-11-09T15:37:51","guid":{"rendered":"https:\/\/www.hqts.com\/chi-siamo\/controllo-qualita-in-malesia\/societa-di-ispezione-di-terza-parte-a-selangor\/"},"modified":"2025-11-09T15:38:48","modified_gmt":"2025-11-09T15:38:48","slug":"ispezione-terza-parte-selangor","status":"publish","type":"page","link":"https:\/\/www.hqts.com\/it\/chi-siamo\/controllo-qualita-in-malesia\/ispezione-terza-parte-selangor\/","title":{"rendered":"Societ\u00e0 di Ispezione di Terza Parte a Selangor"},"content":{"rendered":"<h2 class=\"p1\"><strong>HQTS &#8211; Azienda di Controllo Qualit\u00e0 a Selangor<\/strong><\/h2>\n<p><strong><a href=\"https:\/\/www.hqts.com\/it\/chi-siamo\/controllo-qualita-in-malesia\/\">HQTS Malesia<\/a><\/strong> \u00e8 una delle principali societ\u00e0 di ispezione di terza parte, con un ufficio a Selangor e una copertura che si estende in tutta la Malesia e all\u2019estero. HQTS fornisce servizi di garanzia della qualit\u00e0 di terza parte sia a livello nazionale che in oltre 40 paesi nel mondo.<\/p>\n<p>I nostri servizi spaziano dalle ispezioni del primo articolo, agli audit di fabbrica e al monitoraggio della produzione, fino agli audit ESG, alla consulenza sulla conformit\u00e0 dei prodotti e a molti altri servizi.<\/p>\n<h5 class=\"p1\"><strong>HQTS Malesia<\/strong><\/h5>\n<ul class=\"ul1\">\n<li class=\"li1\"><strong>Sede:<\/strong> NO: 16-D, Jalan Suarasa 8\/4, Bandar Tun Hussein Onn, 43200 Cheras, Selangor, Malesia<\/li>\n<li class=\"li1\"><b>Email:\u00a0<\/b>inquiry@hqts.com<\/li>\n<\/ul>\n<p>&nbsp;<\/p>\n<p><img fetchpriority=\"high\" decoding=\"async\" class=\"alignnone wp-image-154836\" src=\"https:\/\/www.hqts.com\/wp-content\/uploads\/2024\/01\/HQTS-Malaysia-1024x576.jpeg\" alt=\"HQTS inspection company in malaysia\" width=\"756\" height=\"425\" srcset=\"https:\/\/www.hqts.com\/wp-content\/uploads\/2024\/01\/HQTS-Malaysia-1024x576.jpeg 1024w, https:\/\/www.hqts.com\/wp-content\/uploads\/2024\/01\/HQTS-Malaysia-300x169.jpeg 300w, https:\/\/www.hqts.com\/wp-content\/uploads\/2024\/01\/HQTS-Malaysia-768x432.jpeg 768w, https:\/\/www.hqts.com\/wp-content\/uploads\/2024\/01\/HQTS-Malaysia-1536x864.jpeg 1536w, https:\/\/www.hqts.com\/wp-content\/uploads\/2024\/01\/HQTS-Malaysia-2048x1152.jpeg 2048w\" sizes=\"(max-width: 756px) 100vw, 756px\" \/><\/p>\n<p>&nbsp;<\/p>\n<h2 class=\"p1\"><strong>Controllo Qualit\u00e0 a Selangor<\/strong><\/h2>\n<p>Selangor \u00e8 uno dei motori economici e logistici della Malesia, ospitando il pi\u00f9 grande porto marittimo e il principale aeroporto del Paese. In questo stato densamente popolato operano numerose aziende con magazzini, uffici e stabilimenti attivi in vari settori, tra cui elettronica ed elettrotecnica, scienze della vita, industria alimentare e delle bevande, produzione di apparecchiature di trasporto, macchinari e attrezzature.<\/p>\n<div id=\"TQOhZaSlBMyJxc8Pv-OL-A4__149\">\n<div class=\"g\">\n<div lang=\"en\" data-hveid=\"CGIQAA\" data-ved=\"2ahUKEwjk__rkwdeDAxXMRPEDHb_xAu8QFSgAegQIYhAA\">\n<div class=\"tF2Cxc\"><\/div>\n<\/div>\n<\/div>\n<\/div>\n<h2 class=\"p1\"><strong>Ispezioni di Terza Parte a Selangor<\/strong><\/h2>\n<p>HQTS pu\u00f2 eseguire ispezioni di terza parte locali a Selangor e nelle aree circostanti. Dall\u2019elettronica e apparecchiature meccaniche fino al tessile e all\u2019abbigliamento, siamo al vostro fianco in ogni fase della catena di fornitura.<\/p>\n<p><strong>Ispezioni di Terza Parte a Selangor, in Malesia e all\u2019Estero<\/strong><\/p>\n<ul class=\"ul1\">\n<li class=\"li1\"><strong><span class=\"s1\"><span class=\"s2\"><a href=\"https:\/\/www.hqts.com\/our-services\/quality-control-inspections\/pre-production-inspection\/\">Ispezioni Pre-Produzione<\/a><br \/>\n<\/span><\/span><\/strong><\/li>\n<li class=\"li1\"><a href=\"https:\/\/www.hqts.com\/it\/i-nostri-servizi\/quality-control-inspections\/ispezione-pre-spedizione\/\"><strong><span class=\"s1\"><span class=\"s2\">Ispezioni Pre-Spedizione \/ Ispezione del Primo <\/span><\/span><\/strong><\/a><strong><span class=\"s1\"><span class=\"s2\"><a href=\"https:\/\/www.hqts.com\/it\/i-nostri-servizi\/quality-control-inspections\/ispezione-pre-spedizione\/\">Articolo<\/a><br \/>\n<\/span><\/span><\/strong><\/li>\n<li class=\"li1\"><strong><span class=\"s1\"><span class=\"s2\"><a href=\"https:\/\/www.hqts.com\/it\/i-nostri-servizi\/quality-control-inspections\/ispezione-durante-la-produzione\/\">Ispezioni Durante la Produzione<\/a><br \/>\n<\/span><\/span><\/strong><\/li>\n<li class=\"li1\"><strong><span class=\"s1\"><span class=\"s2\"><a href=\"https:\/\/www.hqts.com\/our-services\/piece-by-piece\/\">Ispezioni Pezzo per Pezzo<\/a><br \/>\n<\/span><\/span><\/strong><\/li>\n<li class=\"li1\"><strong><span class=\"s1\"><span class=\"s2\"><a href=\"https:\/\/www.hqts.com\/our-services\/quality-control-inspections\/container-loading-inspection\/\">Ispezioni di Caricamento Contenitori<\/a><br \/>\n<\/span><\/span><\/strong><\/li>\n<li class=\"li1\"><strong><span class=\"s1\"><span class=\"s2\"><a href=\"https:\/\/www.hqts.com\/our-services\/sample-checking\/\">Verifica dei Campioni<\/a><br \/>\n<\/span><\/span><\/strong><\/li>\n<li class=\"li1\"><strong><span class=\"s1\"><span class=\"s2\"><a href=\"https:\/\/www.hqts.com\/our-services\/metal-detection\/\">Rilevamento Metalli<\/a><br \/>\n<\/span><\/span><\/strong><\/li>\n<li class=\"li1\"><a href=\"https:\/\/www.hqts.com\/it\/i-nostri-servizi\/quality-control-inspections\/supervisione-del-carico-e-scarico\/\"><strong><span class=\"s1\"><span class=\"s2\">Ispezioni di Carico\/Scarico<\/span><\/span><\/strong><\/a><\/li>\n<\/ul>\n<h2><strong>Audit di Fabbrica e dei Fornitori in Malesia<\/strong><\/h2>\n<p class=\"p1\">I nostri auditor possono valutare l\u2019integrit\u00e0 della vostra catena di fornitura e verificare se il vostro partner \u00e8 legittimo e in grado di soddisfare le vostre esigenze produttive, dal design e dalla qualit\u00e0 fino ai requisiti di consegna dei prodotti.<\/p>\n<h2 class=\"p1\"><strong>Consulenza ESG<\/strong><\/h2>\n<p>HQTS offre <strong><a href=\"https:\/\/www.hqts.com\/it\/i-nostri-servizi\/soluzioni-sostenibili\/servizi-esg\/\">servizi di consulenza ESG<\/a><\/strong> progettati per rispondere alle diverse esigenze di clienti, investitori e stakeholder. Le nostre soluzioni comprendono la valutazione dei rischi ESG, la due diligence, gli audit ESG dei fornitori, la consulenza sulla rendicontazione ESG e lo sviluppo di sistemi di gestione ESG.<\/p>\n<p>Inoltre, offriamo corsi di formazione ESG a Selangor. Il nostro impegno nel creare soluzioni personalizzate ci consente di supportarvi efficacemente nel vostro percorso verso la sostenibilit\u00e0.<\/p>\n<ul>\n<li>Audit ESG<\/li>\n<li>Catena di Fornitura ESG<\/li>\n<li>Investimenti ESG<\/li>\n<li>Rendicontazione ESG<\/li>\n<li>Consulenza ESG<\/li>\n<li>Formazione ESG<\/li>\n<\/ul>\n<h2><strong>Altri Servizi di Controllo Qualit\u00e0 in Malesia<\/strong><\/h2>\n<div class=\"flex-1 overflow-hidden\">\n<div class=\"react-scroll-to-bottom--css-sauew-79elbk h-full\">\n<div class=\"react-scroll-to-bottom--css-sauew-1n7m0yu\">\n<div class=\"flex flex-col pb-9 text-sm\">\n<div class=\"w-full text-token-text-primary\" data-testid=\"conversation-turn-47\">\n<div class=\"px-4 py-2 justify-center text-base md:gap-6 m-auto\">\n<div class=\"flex flex-1 text-base mx-auto gap-3 md:px-5 lg:px-1 xl:px-5 md:max-w-3xl lg:max-w-[40rem] xl:max-w-[48rem] group final-completion\">\n<div class=\"relative flex w-full flex-col lg:w-[calc(100%-115px)] agent-turn\">\n<div class=\"flex-col gap-1 md:gap-3\">\n<div class=\"flex flex-grow flex-col max-w-full\">\n<div class=\"min-h-[20px] text-message flex flex-col items-start gap-3 whitespace-pre-wrap break-words [.text-message+&amp;]:mt-5 overflow-x-auto\" data-message-author-role=\"assistant\" data-message-id=\"76322590-4be4-401c-88d7-24cb5e2a54a8\">\n<div class=\"markdown prose w-full break-words dark:prose-invert light\">\n<p>Oltre ai servizi sopra elencati, possiamo assistervi anche con:<\/p>\n<\/div>\n<\/div>\n<\/div>\n<\/div>\n<\/div>\n<\/div>\n<\/div>\n<\/div>\n<\/div>\n<\/div>\n<\/div>\n<\/div>\n<ul class=\"ul1\">\n<li class=\"li1\"><strong><a href=\"https:\/\/www.hqts.com\/it\/sezione-conformita\/\">Consulenza sulla Conformit\u00e0 dei Prodotti<\/a><\/strong><\/li>\n<li class=\"li1\"><strong><a href=\"https:\/\/www.hqts.com\/our-services\/uganda-pvoc\/\">Certificazione PVoC Uganda<\/a><\/strong><\/li>\n<li class=\"li1\"><strong><a href=\"https:\/\/www.hqts.com\/it\/what-is-production-monitoring-in-quality-control\/production-monitoring\/\">Monitoraggio della Produzione<\/a><\/strong><\/li>\n<li class=\"li1\"><strong><a href=\"https:\/\/www.hqts.com\/it\/i-nostri-servizi\/consulenza-controllo-qualita\/servizio-di-formazione\/\">Formazione<\/a><\/strong><\/li>\n<li class=\"li1\"><strong><a href=\"https:\/\/www.hqts.com\/services\/quality-control-services\/\">Consulenza<\/a><\/strong><\/li>\n<\/ul>\n<div class=\"flex-1 overflow-hidden\">\n<div class=\"react-scroll-to-bottom--css-sauew-79elbk h-full\">\n<div class=\"react-scroll-to-bottom--css-sauew-1n7m0yu\">\n<div class=\"flex flex-col pb-9 text-sm\">\n<div class=\"w-full text-token-text-primary\" data-testid=\"conversation-turn-49\">\n<div class=\"px-4 py-2 justify-center text-base md:gap-6 m-auto\">\n<div class=\"flex flex-1 text-base mx-auto gap-3 md:px-5 lg:px-1 xl:px-5 md:max-w-3xl lg:max-w-[40rem] xl:max-w-[48rem] group final-completion\">\n<div class=\"relative flex w-full flex-col lg:w-[calc(100%-115px)] agent-turn\">\n<div class=\"flex-col gap-1 md:gap-3\">\n<div class=\"flex flex-grow flex-col max-w-full\">\n<div class=\"min-h-[20px] text-message flex flex-col items-start gap-3 whitespace-pre-wrap break-words [.text-message+&amp;]:mt-5 overflow-x-auto\" data-message-author-role=\"assistant\" data-message-id=\"aab6e313-c6db-4b36-bc5b-0ded7e3a4aaf\">\n<div class=\"markdown prose w-full break-words dark:prose-invert light\">\n<p>Per ulteriori informazioni, contattateci oggi all\u2019indirizzo inquiry@hqts.com.<\/p>\n<\/div>\n<\/div>\n<\/div>\n<\/div>\n<\/div>\n<\/div>\n<\/div>\n<\/div>\n<\/div>\n<\/div>\n<\/div>\n<\/div>\n","protected":false},"excerpt":{"rendered":"<p>HQTS &#8211; Azienda di Controllo Qualit\u00e0 a Selangor HQTS Malesia \u00e8 una delle principali societ\u00e0 di ispezione di terza parte, con un ufficio a Selangor e una copertura che si estende in tutta la Malesia e all\u2019estero. HQTS fornisce servizi di garanzia della qualit\u00e0 di terza parte sia a livello nazionale che in oltre 40 [&hellip;]<\/p>\n","protected":false},"author":17,"featured_media":220017,"parent":220359,"menu_order":0,"comment_status":"closed","ping_status":"closed","template":"","meta":{"_acf_changed":false,"footnotes":""},"class_list":["post-220402","page","type-page","status-publish","has-post-thumbnail","hentry"],"acf":[],"_links":{"self":[{"href":"https:\/\/www.hqts.com\/it\/wp-json\/wp\/v2\/pages\/220402","targetHints":{"allow":["GET"]}}],"collection":[{"href":"https:\/\/www.hqts.com\/it\/wp-json\/wp\/v2\/pages"}],"about":[{"href":"https:\/\/www.hqts.com\/it\/wp-json\/wp\/v2\/types\/page"}],"author":[{"embeddable":true,"href":"https:\/\/www.hqts.com\/it\/wp-json\/wp\/v2\/users\/17"}],"replies":[{"embeddable":true,"href":"https:\/\/www.hqts.com\/it\/wp-json\/wp\/v2\/comments?post=220402"}],"version-history":[{"count":1,"href":"https:\/\/www.hqts.com\/it\/wp-json\/wp\/v2\/pages\/220402\/revisions"}],"predecessor-version":[{"id":220403,"href":"https:\/\/www.hqts.com\/it\/wp-json\/wp\/v2\/pages\/220402\/revisions\/220403"}],"up":[{"embeddable":true,"href":"https:\/\/www.hqts.com\/it\/wp-json\/wp\/v2\/pages\/220359"}],"wp:featuredmedia":[{"embeddable":true,"href":"https:\/\/www.hqts.com\/it\/wp-json\/wp\/v2\/media\/220017"}],"wp:attachment":[{"href":"https:\/\/www.hqts.com\/it\/wp-json\/wp\/v2\/media?parent=220402"}],"curies":[{"name":"wp","href":"https:\/\/api.w.org\/{rel}","templated":true}]}}