{"id":220404,"date":"2025-11-09T15:45:13","date_gmt":"2025-11-09T15:45:13","guid":{"rendered":"https:\/\/www.hqts.com\/chi-siamo\/controllo-qualita-in-vietnam\/"},"modified":"2025-11-09T15:45:49","modified_gmt":"2025-11-09T15:45:49","slug":"controllo-qualita-in-vietnam","status":"publish","type":"page","link":"https:\/\/www.hqts.com\/it\/chi-siamo\/controllo-qualita-in-vietnam\/","title":{"rendered":"Controllo Qualit\u00e0 in Vietnam"},"content":{"rendered":"<h4 style=\"text-align: justify;\"><strong>HQTS \u00e8 la tua azienda di controllo qualit\u00e0 per il mercato vietnamita<\/strong><\/h4>\n<p>HQTS \u00e8 il tuo partner di fiducia per il controllo qualit\u00e0 sul mercato vietnamita, offrendo servizi completi di <strong><a href=\"https:\/\/www.hqts.com\/it\/i-nostri-servizi\/quality-control-inspections\/\">ispezione<\/a><\/strong>, <strong><a href=\"https:\/\/www.hqts.com\/it\/i-nostri-servizi\/test-prodotti-materiali\/\">test<\/a><\/strong>, <strong><a href=\"https:\/\/www.hqts.com\/it\/i-nostri-servizi\/audit-di-fabbrica\/\">audit<\/a><\/strong> e certificazione per garantire che i tuoi prodotti rispettino gli standard internazionali. Con una profonda conoscenza locale e una solida rete globale, HQTS aiuta le aziende a ridurre i rischi, mantenere la qualit\u00e0 e costruire la fiducia dei consumatori lungo l\u2019intera catena di fornitura in Vietnam.<\/p>\n<p><img fetchpriority=\"high\" decoding=\"async\" class=\"aligncenter size-full wp-image-187116\" src=\"https:\/\/www.hqts.com\/wp-content\/uploads\/2025\/04\/hqts-viet.png\" alt=\"\" width=\"1920\" height=\"1080\" srcset=\"https:\/\/www.hqts.com\/wp-content\/uploads\/2025\/04\/hqts-viet.png 1920w, https:\/\/www.hqts.com\/wp-content\/uploads\/2025\/04\/hqts-viet-300x169.png 300w, https:\/\/www.hqts.com\/wp-content\/uploads\/2025\/04\/hqts-viet-1024x576.png 1024w, https:\/\/www.hqts.com\/wp-content\/uploads\/2025\/04\/hqts-viet-768x432.png 768w, https:\/\/www.hqts.com\/wp-content\/uploads\/2025\/04\/hqts-viet-1536x864.png 1536w\" sizes=\"(max-width: 1920px) 100vw, 1920px\" \/><\/p>\n<h4 style=\"text-align: justify;\"><strong>I nostri Servizi di Controllo Qualit\u00e0 in Vietnam<\/strong><\/h4>\n<p style=\"text-align: left;\">HQTS \u00e8 una delle principali aziende di ispezione per il controllo qualit\u00e0 in Vietnam, fornendo ispezioni in fabbrica, ispezioni sul campo, ispezioni di controllo qualit\u00e0, monitoraggio della produzione e attivit\u00e0 di sourcing ai propri clienti.<\/p>\n<p><img decoding=\"async\" class=\"aligncenter size-full wp-image-187148\" src=\"https:\/\/www.hqts.com\/wp-content\/uploads\/2025\/04\/DSC02670-scaled.jpg\" alt=\"\" width=\"2560\" height=\"1708\" srcset=\"https:\/\/www.hqts.com\/wp-content\/uploads\/2025\/04\/DSC02670-scaled.jpg 2560w, https:\/\/www.hqts.com\/wp-content\/uploads\/2025\/04\/DSC02670-300x200.jpg 300w, https:\/\/www.hqts.com\/wp-content\/uploads\/2025\/04\/DSC02670-1024x683.jpg 1024w, https:\/\/www.hqts.com\/wp-content\/uploads\/2025\/04\/DSC02670-768x512.jpg 768w, https:\/\/www.hqts.com\/wp-content\/uploads\/2025\/04\/DSC02670-1536x1025.jpg 1536w, https:\/\/www.hqts.com\/wp-content\/uploads\/2025\/04\/DSC02670-2048x1366.jpg 2048w\" sizes=\"(max-width: 2560px) 100vw, 2560px\" \/><\/p>\n<p style=\"text-align: justify;\">Offre con orgoglio una gamma completa di servizi di garanzia della qualit\u00e0 per clienti in tutto il mondo. Tra questi figurano, ma non si limitano a: ispezioni di controllo qualit\u00e0, audit di fabbrica e fornitori, test sui beni di consumo, controllo e gestione della produzione, consulenza sulla qualit\u00e0, formazione, servizi governativi\/commerciali, servizi aziendali specializzati, supervisione del carico, supervisione del carico portuale e collaudi di attrezzature industriali o edifici in tutta l\u2019Asia.<\/p>\n<h4 style=\"text-align: justify;\"><strong>Audit di Fabbrica e dei Fornitori<\/strong><\/h4>\n<p style=\"text-align: left;\">I principali criteri valutati da un <span style=\"text-decoration: underline;\">audit HQTS di fabbrica o fornitore<\/span> riguardano strutture, politiche, procedure e documentazione che attestano la capacit\u00e0 di uno stabilimento di fornire prodotti di qualit\u00e0 costante nel tempo, e non solo in un determinato giorno o per particolari articoli.<\/p>\n<p style=\"text-align: left;\">I principali punti di controllo di un audit del fornitore includono:<\/p>\n<ul style=\"text-align: justify;\">\n<li>Informazioni legali sull\u2019azienda<\/li>\n<li>Informazioni bancarie<\/li>\n<li>Risorse umane<\/li>\n<li>Capacit\u00e0 di esportazione<\/li>\n<li>Gestione degli ordini<\/li>\n<\/ul>\n<p style=\"text-align: justify;\">L\u2019audit standard di fabbrica comprende:<\/p>\n<ul style=\"text-align: justify;\">\n<li>Profilo del produttore<\/li>\n<li>Forza lavoro<\/li>\n<li>Capacit\u00e0 produttiva<\/li>\n<li>Macchinari, strutture e attrezzature<\/li>\n<li>Processo di produzione e linea di assemblaggio<\/li>\n<li>Sistema di controllo qualit\u00e0 interno (test e ispezioni)<\/li>\n<li>Sistema e capacit\u00e0 di gestione<\/li>\n<li>Ambiente di lavoro<\/li>\n<\/ul>\n<h4 style=\"text-align: justify;\"><strong>Ispezioni di Controllo Qualit\u00e0<\/strong><\/h4>\n<p style=\"text-align: justify;\">La riduzione dei cicli di vita dei prodotti e dei tempi di immissione sul mercato aumenta la difficolt\u00e0 di garantire la consegna di prodotti di qualit\u00e0 nei tempi previsti. Quando un prodotto non soddisfa le specifiche di qualit\u00e0 richieste per la sua accettazione sul mercato, le conseguenze possono includere perdita di reputazione, danni economici, ritardi nelle spedizioni, sprechi di materiale e persino richiami di prodotto.<br \/>\nLe ispezioni pi\u00f9 comuni che eseguiamo in Vietnam includono:<\/p>\n<ul style=\"text-align: justify;\">\n<li><a href=\"https:\/\/www.hqts.com\/it\/pre-production-inspection\/\">Ispezione Pre-Produzione<\/a><\/li>\n<li><a href=\"https:\/\/www.hqts.com\/it\/i-nostri-servizi\/quality-control-inspections\/ispezione-durante-la-produzione\/\">Ispezione Durante la Produzione<\/a><\/li>\n<li><a href=\"https:\/\/www.hqts.com\/it\/i-nostri-servizi\/quality-control-inspections\/ispezione-pre-spedizione\/\">Ispezione Pre-Spedizione<\/a><\/li>\n<li><a href=\"https:\/\/www.hqts.com\/our-services\/piece-by-piece\/\">Ispezione Pezzo per Pezzo<\/a><\/li>\n<li><a href=\"https:\/\/www.hqts.com\/container-loading-inspection\/\">Ispezione di Caricamento Contenitori<\/a><\/li>\n<\/ul>\n<h4 style=\"text-align: justify;\"><strong>Monitoraggio della Produzione<\/strong><\/h4>\n<p style=\"text-align: justify;\">Il nostro servizio di monitoraggio della produzione aiuta la tua catena di fornitura a essere il pi\u00f9 efficiente possibile. Si tratta di un servizio end-to-end che consente di controllare l\u2019intero processo produttivo, offrendo ai clienti maggiore visibilit\u00e0 e controllo, senza spiacevoli sorprese.<\/p>\n<p style=\"text-align: justify;\">Valutiamo:<\/p>\n<ul style=\"text-align: justify;\">\n<li>Materiali e componenti<\/li>\n<li>Capacit\u00e0 produttiva<\/li>\n<li>Stato della produzione<\/li>\n<li>Disponibilit\u00e0 degli operatori<\/li>\n<li>Capacit\u00e0 di controllo qualit\u00e0<\/li>\n<\/ul>\n<p style=\"text-align: justify;\"><strong><a href=\"https:\/\/www.hqts.com\/it\/what-is-production-monitoring-in-quality-control\/production-monitoring\/\">Scopri di pi\u00f9<\/a><\/strong> sul nostro approccio operativo in tre fasi in loco.<\/p>\n<h4 style=\"text-align: justify;\"><strong>Sourcing<\/strong><\/h4>\n<p style=\"text-align: left;\">Il sourcing in Asia \u00e8 diventato un aspetto cruciale per le aziende di tutto il mondo. Garantire efficienza nella catena di fornitura mantenendo alti standard di qualit\u00e0 e costi contenuti \u00e8, per molte imprese, una questione di sopravvivenza. Per questo motivo, numerose aziende stanno ampliando o spostando le proprie operazioni dalla Cina al Vietnam e ad altre localit\u00e0 dell\u2019ASEAN. I paesi di questa regione continueranno a svolgere un ruolo sempre pi\u00f9 importante per i professionisti del sourcing in Asia.<\/p>\n<p style=\"text-align: left;\">La crescente domanda globale di prodotti tessili e di abbigliamento accompagna questa evoluzione delle opportunit\u00e0 di approvvigionamento. Il Vietnam ha dimostrato di essere in grado di produrre articoli ad alta intensit\u00e0 di manodopera, come tessuti e abbigliamento, a costi inferiori, diventando cos\u00ec una delle principali destinazioni per il sourcing in questi settori.<\/p>\n<h4 style=\"text-align: justify;\"><strong>Certificazioni e Standard di Controllo Qualit\u00e0 per i nostri Servizi in Vietnam<\/strong><\/h4>\n<p style=\"text-align: left;\">Le ispezioni di controllo qualit\u00e0 e le soluzioni di test sui prodotti di consumo di HQTS ti aiutano a garantire che i tuoi prodotti rispettino gli standard richiesti. Siamo un\u2019organizzazione accreditata CNAS ISO, certificata per condurre ispezioni di controllo qualit\u00e0 e test ISTA, nonch\u00e9 per effettuare test conformi agli standard RoHS, REACH, CPSIA, DMF, Cl Prop 65, GB e molti altri standard internazionali.<\/p>\n<h4 style=\"text-align: justify;\"><strong>Accreditamenti:<\/strong><\/h4>\n<p style=\"text-align: justify;\">CNAS secondo ISO 17020 &amp; 17025<br \/>\nCertificato CMA<br \/>\nCertificato di qualificazione per istituzioni di ispezione e indagine su merci import\/export<br \/>\nCertificato di membro dell\u2019Associazione cinese di ispezione e quarantena per il commercio import\/export<br \/>\nCertificato di Impresa High-tech di Hangzhou<br \/>\nCertificato di Membro del Consiglio dell\u2019Associazione E-Commerce della Provincia di Canton<br \/>\nCertificato di Membro dell\u2019Associazione dell\u2019Industria dei Dispositivi Medici della Provincia di Zhejiang<br \/>\nCertificato di Membro dell\u2019Associazione per l\u2019E-Commerce Transfrontaliero di Shenzhen<br \/>\nMembro del Comitato Tecnico per la Standardizzazione dell\u2019Industria Tessile<\/p>\n","protected":false},"excerpt":{"rendered":"<p>HQTS \u00e8 la tua azienda di controllo qualit\u00e0 per il mercato vietnamita HQTS \u00e8 il tuo partner di fiducia per il controllo qualit\u00e0 sul mercato vietnamita, offrendo servizi completi di ispezione, test, audit e certificazione per garantire che i tuoi prodotti rispettino gli standard internazionali. Con una profonda conoscenza locale e una solida rete globale, [&hellip;]<\/p>\n","protected":false},"author":12,"featured_media":220405,"parent":219931,"menu_order":0,"comment_status":"closed","ping_status":"closed","template":"","meta":{"_acf_changed":false,"footnotes":""},"class_list":["post-220404","page","type-page","status-publish","has-post-thumbnail","hentry"],"acf":[],"_links":{"self":[{"href":"https:\/\/www.hqts.com\/it\/wp-json\/wp\/v2\/pages\/220404","targetHints":{"allow":["GET"]}}],"collection":[{"href":"https:\/\/www.hqts.com\/it\/wp-json\/wp\/v2\/pages"}],"about":[{"href":"https:\/\/www.hqts.com\/it\/wp-json\/wp\/v2\/types\/page"}],"author":[{"embeddable":true,"href":"https:\/\/www.hqts.com\/it\/wp-json\/wp\/v2\/users\/12"}],"replies":[{"embeddable":true,"href":"https:\/\/www.hqts.com\/it\/wp-json\/wp\/v2\/comments?post=220404"}],"version-history":[{"count":1,"href":"https:\/\/www.hqts.com\/it\/wp-json\/wp\/v2\/pages\/220404\/revisions"}],"predecessor-version":[{"id":220421,"href":"https:\/\/www.hqts.com\/it\/wp-json\/wp\/v2\/pages\/220404\/revisions\/220421"}],"up":[{"embeddable":true,"href":"https:\/\/www.hqts.com\/it\/wp-json\/wp\/v2\/pages\/219931"}],"wp:featuredmedia":[{"embeddable":true,"href":"https:\/\/www.hqts.com\/it\/wp-json\/wp\/v2\/media\/220405"}],"wp:attachment":[{"href":"https:\/\/www.hqts.com\/it\/wp-json\/wp\/v2\/media?parent=220404"}],"curies":[{"name":"wp","href":"https:\/\/api.w.org\/{rel}","templated":true}]}}