{"id":220423,"date":"2025-11-09T15:55:05","date_gmt":"2025-11-09T15:55:05","guid":{"rendered":"https:\/\/www.hqts.com\/chi-siamo\/ufficio-regionale-regno-unito-ed-europa\/"},"modified":"2025-11-09T15:55:39","modified_gmt":"2025-11-09T15:55:39","slug":"ufficio-regionale-regno-unito-ed-europa","status":"publish","type":"page","link":"https:\/\/www.hqts.com\/it\/chi-siamo\/ufficio-regionale-regno-unito-ed-europa\/","title":{"rendered":"Ufficio Regionale Regno Unito ed Europa"},"content":{"rendered":"<h3><strong>Controllo Qualit\u00e0 per l\u2019Europa e il Regno Unito<\/strong><\/h3>\n<p>HQTS \u00e8 la principale azienda mondiale nel controllo qualit\u00e0 di prodotti e servizi. L\u2019azienda dispone di un ufficio locale nel Regno Unito (UK) e pu\u00f2 fornire servizi di controllo qualit\u00e0 per clienti in tutta la Gran Bretagna e in altri paesi europei come Germania, Spagna, Francia, Italia, Paesi Bassi, Belgio e Polonia.<\/p>\n<p><strong>Ufficio Regionale HQTS Regno Unito<\/strong><\/p>\n<p>Potters Bar, Hertfordshire, UK<br \/>\n1st Metropolitan House Darkes Lane, EN61AG<br \/>\n+44 (0)7763035940<\/p>\n<p>inquiry@hqts.com<\/p>\n<p>HQTS vanta anni di esperienza nella collaborazione con aziende locali appartenenti a diversi settori, tra cui:<br \/>\nIndustria del retail &#8211; Supermercati, grandi magazzini, marchi al dettaglio, e-commerce.<br \/>\nBeni industriali &#8211; Istituzionale, commerciale, industria pesante, ingegneria.<br \/>\nAlimentare e agricolo &#8211; Prodotti freschi, frutti di mare, imballaggi.<\/p>\n<p>I nostri clienti con sede nel Regno Unito e in Europa possono usufruire della nostra rete di servizi senza eguali, disponibile in oltre 40 paesi e regioni nel mondo, per richiedere rapidamente specialisti tecnici qualificati in qualsiasi parte del globo.<\/p>\n<h4><strong>I nostri Servizi di Controllo Qualit\u00e0 in Europa e Regno Unito<\/strong><\/h4>\n<p>Fondata nel 1987, HQTS pu\u00f2 offrire una gamma completa di servizi di garanzia della qualit\u00e0 per i clienti in Europa e nel Regno Unito. Tra questi figurano, ma non si limitano a: controlli di fabbrica e fornitori, monitoraggio della produzione, supervisione di progetto, ispezioni di controllo qualit\u00e0 e altro ancora.<\/p>\n<p>Siamo il tuo partner nel controllo qualit\u00e0, indipendentemente dal settore in cui operi.<\/p>\n<h4><strong>Audit di Fabbrica e dei Fornitori<\/strong><\/h4>\n<p>HQTS vanta anni di esperienza nella conduzione di audit di fornitori e fabbriche per conto dei propri clienti. I nostri esperti valutano attentamente le aziende sulla base delle loro strutture, politiche e procedure, registrando ogni dettaglio in modo trasparente.<\/p>\n<h4><strong>Ispezioni di Controllo Qualit\u00e0<\/strong><\/h4>\n<p>Ispezionare un prodotto proveniente da un fornitore o produttore tramite una societ\u00e0 terza e indipendente come HQTS \u00e8 fondamentale per garantire la qualit\u00e0 del prodotto. Grazie alla nostra presenza globale, possiamo offrire servizi di ispezione in tutto il mondo e intervenire in loco con breve preavviso. I nostri ispettori esperti seguono una checklist rigorosa e documentano in modo trasparente l\u2019ispezione tramite un report di test.<\/p>\n<h4><strong>Certificato di Conformit\u00e0<\/strong><\/h4>\n<p>Il Certificato di Conformit\u00e0 (COC) \u00e8 una certificazione rilasciata da un ente autorizzato che attesta che un prodotto \u00e8 conforme alle normative e agli standard del paese di origine. HQTS pu\u00f2 emettere il Certificato di Conformit\u00e0 per l\u2019Iraq alle aziende con sede negli Emirati Arabi Uniti e nella regione che desiderano esportare merci in Iraq. Inoltre, possiamo assistervi con i seguenti servizi governativi:<\/p>\n<p>Forniamo anche altri Servizi Governativi nella regione, tra cui:<\/p>\n<ul>\n<li aria-level=\"1\"><strong><a href=\"https:\/\/www.hqts.com\/it\/i-nostri-servizi\/ispezioni-pre-spedizione-uzbekistan\/\">Ispezioni Pre-Spedizione in Uzbekistan<\/a><\/strong><\/li>\n<li aria-level=\"1\"><strong><a href=\"https:\/\/www.hqts.com\/it\/i-nostri-servizi\/certificato-di-conformita\/\">COC\/COI per l\u2019Iraq<\/a><\/strong><\/li>\n<li aria-level=\"1\"><strong><a href=\"https:\/\/www.hqts.com\/it\/i-nostri-servizi\/ispezioni-approvate-dal-governo\/ispezioni-pre-spedizione-pakistan\/\">Ispezioni Pre-Spedizione di Pesticidi in Pakistan<\/a><\/strong><\/li>\n<\/ul>\n<h4><strong>Accreditamenti:<\/strong><\/h4>\n<ul>\n<li aria-level=\"1\">CNAS secondo ISO 17020 &amp; 17025<\/li>\n<li aria-level=\"1\">Certificato CMA<\/li>\n<li aria-level=\"1\">Certificato di qualificazione per istituzioni di ispezione e indagine su merci import\/export<\/li>\n<li aria-level=\"1\">Certificato di membro dell\u2019Associazione cinese di ispezione e quarantena per il commercio import\/export<\/li>\n<li aria-level=\"1\">Certificato di Impresa High-tech di Hangzhou<\/li>\n<li aria-level=\"1\">Certificato di Membro del Consiglio dell\u2019Associazione E-Commerce della Provincia di Canton<\/li>\n<li aria-level=\"1\">Certificato di Membro dell\u2019Associazione dell\u2019Industria dei Dispositivi Medici della Provincia di Zhejiang<\/li>\n<li aria-level=\"1\">Certificato di Membro dell\u2019Associazione per l\u2019E-Commerce Transfrontaliero di Shenzhen<\/li>\n<li aria-level=\"1\">Membro del Comitato Tecnico per la Standardizzazione dell\u2019Industria Tessile<\/li>\n<\/ul>\n","protected":false},"excerpt":{"rendered":"<p>Controllo Qualit\u00e0 per l\u2019Europa e il Regno Unito HQTS \u00e8 la principale azienda mondiale nel controllo qualit\u00e0 di prodotti e servizi. L\u2019azienda dispone di un ufficio locale nel Regno Unito (UK) e pu\u00f2 fornire servizi di controllo qualit\u00e0 per clienti in tutta la Gran Bretagna e in altri paesi europei come Germania, Spagna, Francia, Italia, [&hellip;]<\/p>\n","protected":false},"author":12,"featured_media":220424,"parent":219931,"menu_order":0,"comment_status":"closed","ping_status":"closed","template":"","meta":{"_acf_changed":false,"footnotes":""},"class_list":["post-220423","page","type-page","status-publish","has-post-thumbnail","hentry"],"acf":[],"_links":{"self":[{"href":"https:\/\/www.hqts.com\/it\/wp-json\/wp\/v2\/pages\/220423","targetHints":{"allow":["GET"]}}],"collection":[{"href":"https:\/\/www.hqts.com\/it\/wp-json\/wp\/v2\/pages"}],"about":[{"href":"https:\/\/www.hqts.com\/it\/wp-json\/wp\/v2\/types\/page"}],"author":[{"embeddable":true,"href":"https:\/\/www.hqts.com\/it\/wp-json\/wp\/v2\/users\/12"}],"replies":[{"embeddable":true,"href":"https:\/\/www.hqts.com\/it\/wp-json\/wp\/v2\/comments?post=220423"}],"version-history":[{"count":1,"href":"https:\/\/www.hqts.com\/it\/wp-json\/wp\/v2\/pages\/220423\/revisions"}],"predecessor-version":[{"id":220436,"href":"https:\/\/www.hqts.com\/it\/wp-json\/wp\/v2\/pages\/220423\/revisions\/220436"}],"up":[{"embeddable":true,"href":"https:\/\/www.hqts.com\/it\/wp-json\/wp\/v2\/pages\/219931"}],"wp:featuredmedia":[{"embeddable":true,"href":"https:\/\/www.hqts.com\/it\/wp-json\/wp\/v2\/media\/220424"}],"wp:attachment":[{"href":"https:\/\/www.hqts.com\/it\/wp-json\/wp\/v2\/media?parent=220423"}],"curies":[{"name":"wp","href":"https:\/\/api.w.org\/{rel}","templated":true}]}}