{"id":220439,"date":"2025-11-09T16:30:05","date_gmt":"2025-11-09T16:30:05","guid":{"rendered":"https:\/\/www.hqts.com\/chi-siamo\/controllo-qualita-in-bangladesh\/"},"modified":"2025-11-09T16:30:45","modified_gmt":"2025-11-09T16:30:45","slug":"controllo-qualita-in-bangladesh","status":"publish","type":"page","link":"https:\/\/www.hqts.com\/it\/chi-siamo\/controllo-qualita-in-bangladesh\/","title":{"rendered":"Controllo Qualit\u00e0 in Bangladesh"},"content":{"rendered":"<h2><strong>Controllo Qualit\u00e0 in Bangladesh<\/strong><\/h2>\n<p><strong>Il Bangladesh \u00e8 uno dei maggiori esportatori mondiali nei settori dell\u2019abbigliamento confezionato, della pelle e dei prodotti in cuoio, nonch\u00e9 dell\u2019agricoltura.<\/strong><\/p>\n<p>HQTS \u00e8 una delle principali societ\u00e0 di ispezione di terza parte in Bangladesh che assiste aziende internazionali e locali con servizi di garanzia della qualit\u00e0. Che tu abbia bisogno di un\u2019ispezione del prodotto a Dhaka, di un audit di fabbrica a Chittagong o di un monitoraggio della produzione a Gazipur, siamo pronti a supportarti.<\/p>\n<p><strong>Indirizzo dell\u2019azienda<\/strong>: HQTS &#8211; IRG Quality Management Ltd. House-Holy Heaven, 1\/3, 2E, Asad Avenue, Asad Gate, Mohammadpur, Dhaka-1207, Bangladesh.<\/p>\n<h2><strong>I nostri Servizi di Controllo Qualit\u00e0 in Bangladesh<\/strong><\/h2>\n<p>Il controllo qualit\u00e0 in Bangladesh \u00e8 fondamentale a causa dell\u2019elevato volume di produzione, dei processi manifatturieri spesso ad alta intensit\u00e0 di manodopera e delle catene di fornitura complesse nei principali settori industriali del Paese.<\/p>\n<p>HQTS \u00e8 una delle societ\u00e0 leader nelle ispezioni di terza parte in Bangladesh. Forniamo servizi di garanzia della qualit\u00e0 ad aziende di tutto il mondo. Il nostro team di ispettori vanta anni di esperienza nel controllo di beni sia morbidi che rigidi ed \u00e8 formato sugli standard internazionali pertinenti per ispezioni, audit e migliori pratiche di gestione della qualit\u00e0.<\/p>\n<h2><strong>Audit di Fabbrica in Bangladesh<\/strong><\/h2>\n<p>Verifica che il tuo nuovo fornitore sia conforme agli standard e alle normative internazionali e che sia in grado di soddisfare i tuoi requisiti di qualit\u00e0. I nostri <strong><a href=\"https:\/\/www.hqts.com\/it\/i-nostri-servizi\/audit-di-fabbrica\/\">audit di fornitori e fabbriche<\/a><\/strong> in Bangladesh offrono una panoramica completa e trasparente sulla legittimit\u00e0 del fornitore e sui suoi processi di controllo qualit\u00e0.<\/p>\n<p><strong>I principali punti di controllo di un audit del fornitore in Bangladesh includono:<\/strong><\/p>\n<ul>\n<li>Informazioni legali sull\u2019azienda<\/li>\n<li>Informazioni bancarie<\/li>\n<li>Risorse umane<\/li>\n<\/ul>\n<p><strong>L\u2019audit standard di fabbrica in Bangladesh comprende:<\/strong><\/p>\n<ul>\n<li>Propriet\u00e0 e storia della fabbrica<\/li>\n<li>Macchinari, attrezzature e strumenti di produzione<\/li>\n<li>Capacit\u00e0 produttiva<\/li>\n<li>Processo produttivo e linea di assemblaggio<\/li>\n<li>Sistemi di formazione interna<\/li>\n<li>Sistemi di controllo qualit\u00e0<\/li>\n<\/ul>\n<h2><strong>Ispezione dei Prodotti in Bangladesh<\/strong><\/h2>\n<p>HQTS fornisce servizi di ispezione dei prodotti in loco presso le fabbriche in Bangladesh in qualsiasi fase del ciclo produttivo, comprese le ispezioni pre-spedizione e le fasi di carico\/scarico. Possiamo ispezionare tutte le categorie di prodotti, tra cui tessuti, abbigliamento confezionato, articoli in pelle, calzature, prodotti alimentari e altro ancora.<\/p>\n<h6><strong>Le principali ispezioni di qualit\u00e0 includono:<\/strong><\/h6>\n<ul>\n<li><strong><a href=\"https:\/\/www.hqts.com\/it\/i-nostri-servizi\/quality-control-inspections\/ispezione-pre-produzione\/\">Ispezione Pre-Produzione<\/a><\/strong><\/li>\n<li><strong><a href=\"https:\/\/www.hqts.com\/it\/i-nostri-servizi\/quality-control-inspections\/ispezione-durante-la-produzione\/\">Ispezione Durante la Produzione<\/a><\/strong><\/li>\n<li><strong><a href=\"https:\/\/www.hqts.com\/it\/i-nostri-servizi\/quality-control-inspections\/ispezione-pre-spedizione\/\">Ispezione Pre-Spedizione<\/a><\/strong><\/li>\n<li><strong><a href=\"https:\/\/www.hqts.com\/it\/i-nostri-servizi\/quality-control-inspections\/ispezione-pezzo-per-pezzo\/\">Ispezione Pezzo per Pezzo<\/a><\/strong><\/li>\n<li><strong><a href=\"https:\/\/www.hqts.com\/it\/i-nostri-servizi\/ingegneria-della-qualita\/monitoraggio-della-produzione\/\">Monitoraggio della Produzione<\/a><\/strong><\/li>\n<li><strong><a href=\"https:\/\/www.hqts.com\/it\/i-nostri-servizi\/quality-control-inspections\/supervisione-del-carico-e-scarico\/\">Supervisione di Carico\/Scarico<\/a><\/strong><\/li>\n<\/ul>\n<h2><strong>Altri Servizi di Garanzia della Qualit\u00e0 in Bangladesh<\/strong><\/h2>\n<p>HQTS offre una gamma di servizi di controllo qualit\u00e0 in Bangladesh, tra cui:<\/p>\n<ul>\n<li><strong><a href=\"https:\/\/www.hqts.com\/it\/i-nostri-servizi\/audit-di-fabbrica\/audit-di-conformita-sociale\/\">Audit di Conformit\u00e0 Sociale<\/a><\/strong><\/li>\n<li><strong><a href=\"https:\/\/www.hqts.com\/it\/i-nostri-servizi\/certificato-di-conformita\/\">Certificazioni Governative<\/a><\/strong><\/li>\n<li><strong><a href=\"https:\/\/www.hqts.com\/it\/i-nostri-servizi\/consulenza-controllo-qualita\/\">Formazione sui Sistemi di Gestione della Qualit\u00e0<\/a><\/strong><\/li>\n<li><strong><a href=\"https:\/\/www.hqts.com\/it\/sezione-conformita\/\">Consulenza<\/a><\/strong><\/li>\n<li><strong><a href=\"https:\/\/www.hqts.com\/it\/i-nostri-servizi\/test-prodotti-materiali\/\">Test sui Prodotti<\/a><\/strong><\/li>\n<\/ul>\n<p><strong><a href=\"https:\/\/www.hqts.com\/it\/contatti\/\">Contattaci<\/a><\/strong> oggi per saperne di pi\u00f9 sui nostri servizi di garanzia della qualit\u00e0 in Bangladesh.<\/p>\n","protected":false},"excerpt":{"rendered":"<p>Controllo Qualit\u00e0 in Bangladesh Il Bangladesh \u00e8 uno dei maggiori esportatori mondiali nei settori dell\u2019abbigliamento confezionato, della pelle e dei prodotti in cuoio, nonch\u00e9 dell\u2019agricoltura. HQTS \u00e8 una delle principali societ\u00e0 di ispezione di terza parte in Bangladesh che assiste aziende internazionali e locali con servizi di garanzia della qualit\u00e0. Che tu abbia bisogno di [&hellip;]<\/p>\n","protected":false},"author":12,"featured_media":220177,"parent":219931,"menu_order":0,"comment_status":"closed","ping_status":"closed","template":"","meta":{"_acf_changed":false,"footnotes":""},"class_list":["post-220439","page","type-page","status-publish","has-post-thumbnail","hentry"],"acf":[],"_links":{"self":[{"href":"https:\/\/www.hqts.com\/it\/wp-json\/wp\/v2\/pages\/220439","targetHints":{"allow":["GET"]}}],"collection":[{"href":"https:\/\/www.hqts.com\/it\/wp-json\/wp\/v2\/pages"}],"about":[{"href":"https:\/\/www.hqts.com\/it\/wp-json\/wp\/v2\/types\/page"}],"author":[{"embeddable":true,"href":"https:\/\/www.hqts.com\/it\/wp-json\/wp\/v2\/users\/12"}],"replies":[{"embeddable":true,"href":"https:\/\/www.hqts.com\/it\/wp-json\/wp\/v2\/comments?post=220439"}],"version-history":[{"count":1,"href":"https:\/\/www.hqts.com\/it\/wp-json\/wp\/v2\/pages\/220439\/revisions"}],"predecessor-version":[{"id":220451,"href":"https:\/\/www.hqts.com\/it\/wp-json\/wp\/v2\/pages\/220439\/revisions\/220451"}],"up":[{"embeddable":true,"href":"https:\/\/www.hqts.com\/it\/wp-json\/wp\/v2\/pages\/219931"}],"wp:featuredmedia":[{"embeddable":true,"href":"https:\/\/www.hqts.com\/it\/wp-json\/wp\/v2\/media\/220177"}],"wp:attachment":[{"href":"https:\/\/www.hqts.com\/it\/wp-json\/wp\/v2\/media?parent=220439"}],"curies":[{"name":"wp","href":"https:\/\/api.w.org\/{rel}","templated":true}]}}