{"id":220482,"date":"2025-11-09T16:52:35","date_gmt":"2025-11-09T16:52:35","guid":{"rendered":"https:\/\/www.hqts.com\/chi-siamo\/servizi-di-controllo-qualita-in-sri-lanka\/"},"modified":"2025-11-09T16:53:53","modified_gmt":"2025-11-09T16:53:53","slug":"controllo-qualita-sri-lanka","status":"publish","type":"page","link":"https:\/\/www.hqts.com\/it\/chi-siamo\/controllo-qualita-sri-lanka\/","title":{"rendered":"Servizi di Controllo Qualit\u00e0 in Sri Lanka"},"content":{"rendered":"<h2><strong>Servizi di Controllo Qualit\u00e0 in Sri Lanka<\/strong><\/h2>\n<p><strong>Lo Sri Lanka occupa una posizione di rilievo in diversi settori, come tessile e abbigliamento, t\u00e8, spezie, artigianato e molti altri, esportando questi prodotti in tutto il mondo.<\/strong><\/p>\n<p>Fondata nel 1995, HQTS ha una solida presenza in Sri Lanka. I nostri ispettori altamente qualificati offrono servizi di controllo qualit\u00e0 su tutto il territorio nazionale per clienti internazionali e locali, coprendo le principali citt\u00e0 come Colombo, Kandy, Kurunegala, Gampaha e Moratuwa, e tutte le principali categorie di prodotti.<\/p>\n<h2><strong>Audit di Fabbrica in Sri Lanka<\/strong><\/h2>\n<p>Che tu abbia bisogno di verificare la legittimit\u00e0 del tuo fornitore o di assicurarti che sia in grado di rispettare i tuoi standard di qualit\u00e0, HQTS \u00e8 il tuo partner di fiducia. I nostri <strong><a href=\"https:\/\/www.hqts.com\/it\/i-nostri-servizi\/audit-di-fabbrica\/\">audit<\/a><\/strong> coprono aspetti fondamentali, tra cui:<\/p>\n<ul>\n<li>Profilo del Produttore<\/li>\n<li>Forza Lavoro<\/li>\n<li>Capacit\u00e0 Produttiva<\/li>\n<li>Macchinari, Strutture e Attrezzature<\/li>\n<li>Processi e Linee di Produzione<\/li>\n<li>Sistemi di Qualit\u00e0 Interni<\/li>\n<li>Sistemi e Capacit\u00e0 di Gestione<\/li>\n<\/ul>\n<h2><strong>Ispezione dei Prodotti in Sri Lanka<\/strong><\/h2>\n<p>Il nostro team pu\u00f2 eseguire ispezioni dei prodotti presso fabbriche e magazzini in Sri Lanka in ogni fase del ciclo produttivo. I nostri ispettori esperti valutano diversi aspetti, tra cui dimensioni, verifica delle quantit\u00e0, ispezione visiva, funzionalit\u00e0, imballaggio, etichettatura e qualsiasi requisito specifico richiesto. Al termine delle ispezioni in Sri Lanka, ti forniremo un rapporto dettagliato dell\u2019ispezione, garantendoti la massima trasparenza.<\/p>\n<h6><strong>Tipologie di Servizi di Ispezione Qualit\u00e0 in Sri Lanka:<\/strong><\/h6>\n<ul>\n<li><strong><a href=\"https:\/\/www.hqts.com\/it\/i-nostri-servizi\/ispezioni-controllo-qualita\/ispezioni-alimentari-e-agricole\/\">Ispezioni Alimentari in Sri Lanka<\/a><\/strong><\/li>\n<li><strong><a href=\"https:\/\/www.hqts.com\/it\/i-nostri-servizi\/quality-control-inspections\/ispezione-pre-produzione\/\">Ispezione Prima della Produzione<\/a><\/strong><\/li>\n<li><strong><a href=\"https:\/\/www.hqts.com\/it\/i-nostri-servizi\/quality-control-inspections\/ispezione-durante-la-produzione\/\">Ispezione Durante la Produzione<\/a><\/strong><\/li>\n<li><strong><a href=\"https:\/\/www.hqts.com\/it\/i-nostri-servizi\/quality-control-inspections\/ispezione-pre-spedizione\/\">Ispezione Pre-Spedizione<\/a><\/strong><\/li>\n<li><strong><a href=\"https:\/\/www.hqts.com\/it\/i-nostri-servizi\/quality-control-inspections\/ispezione-pezzo-per-pezzo\/\">Ispezione Pezzo per Pezzo<\/a><\/strong><\/li>\n<li><strong><a href=\"https:\/\/www.hqts.com\/it\/i-nostri-servizi\/quality-control-inspections\/supervisione-del-carico-e-scarico\/\">Supervisione di Carico\/Scarico Contenitori<\/a><\/strong><\/li>\n<\/ul>\n<h2><strong>Altri Servizi di Controllo Qualit\u00e0<\/strong><\/h2>\n<p>HQTS offre diverse soluzioni avanzate di controllo qualit\u00e0 oltre ai nostri servizi principali. Questi includono:<\/p>\n<ul>\n<li><strong><a href=\"https:\/\/www.hqts.com\/it\/i-nostri-servizi\/test-prodotti-materiali\/\">Test sui Prodotti in Laboratori Terzi<\/a><\/strong><\/li>\n<li><strong><a href=\"https:\/\/www.hqts.com\/it\/sezione-conformita\/\">Consulenza sulla Conformit\u00e0 dei Prodotti<\/a><\/strong><\/li>\n<li><strong><a href=\"https:\/\/www.hqts.com\/it\/i-nostri-servizi\/ingegneria-della-qualita\/monitoraggio-della-produzione\/\">Monitoraggio della Produzione<\/a><\/strong><\/li>\n<li><strong><a href=\"https:\/\/www.hqts.com\/it\/i-nostri-servizi\/certificato-di-conformita\/\">Certificazioni Governative per l\u2019Esportazione<\/a><\/strong><\/li>\n<\/ul>\n<p><strong><a href=\"https:\/\/www.hqts.com\/it\/contatti\/\">Contattaci oggi<\/a><\/strong> per scoprire come HQTS pu\u00f2 aiutarti a verificare la qualit\u00e0 dei tuoi prodotti in Sri Lanka.<\/p>\n","protected":false},"excerpt":{"rendered":"<p>Servizi di Controllo Qualit\u00e0 in Sri Lanka Lo Sri Lanka occupa una posizione di rilievo in diversi settori, come tessile e abbigliamento, t\u00e8, spezie, artigianato e molti altri, esportando questi prodotti in tutto il mondo. Fondata nel 1995, HQTS ha una solida presenza in Sri Lanka. I nostri ispettori altamente qualificati offrono servizi di controllo [&hellip;]<\/p>\n","protected":false},"author":17,"featured_media":220484,"parent":219931,"menu_order":0,"comment_status":"closed","ping_status":"closed","template":"","meta":{"_acf_changed":false,"footnotes":""},"class_list":["post-220482","page","type-page","status-publish","has-post-thumbnail","hentry"],"acf":[],"_links":{"self":[{"href":"https:\/\/www.hqts.com\/it\/wp-json\/wp\/v2\/pages\/220482","targetHints":{"allow":["GET"]}}],"collection":[{"href":"https:\/\/www.hqts.com\/it\/wp-json\/wp\/v2\/pages"}],"about":[{"href":"https:\/\/www.hqts.com\/it\/wp-json\/wp\/v2\/types\/page"}],"author":[{"embeddable":true,"href":"https:\/\/www.hqts.com\/it\/wp-json\/wp\/v2\/users\/17"}],"replies":[{"embeddable":true,"href":"https:\/\/www.hqts.com\/it\/wp-json\/wp\/v2\/comments?post=220482"}],"version-history":[{"count":1,"href":"https:\/\/www.hqts.com\/it\/wp-json\/wp\/v2\/pages\/220482\/revisions"}],"predecessor-version":[{"id":220495,"href":"https:\/\/www.hqts.com\/it\/wp-json\/wp\/v2\/pages\/220482\/revisions\/220495"}],"up":[{"embeddable":true,"href":"https:\/\/www.hqts.com\/it\/wp-json\/wp\/v2\/pages\/219931"}],"wp:featuredmedia":[{"embeddable":true,"href":"https:\/\/www.hqts.com\/it\/wp-json\/wp\/v2\/media\/220484"}],"wp:attachment":[{"href":"https:\/\/www.hqts.com\/it\/wp-json\/wp\/v2\/media?parent=220482"}],"curies":[{"name":"wp","href":"https:\/\/api.w.org\/{rel}","templated":true}]}}