{"id":220498,"date":"2025-11-09T17:12:32","date_gmt":"2025-11-09T17:12:32","guid":{"rendered":"https:\/\/www.hqts.com\/chi-siamo\/ispezione-di-qualita-ad-abu-dhabi\/"},"modified":"2025-11-09T17:14:27","modified_gmt":"2025-11-09T17:14:27","slug":"ispezione-di-qualita-ad-abu-dhabi","status":"publish","type":"page","link":"https:\/\/www.hqts.com\/it\/chi-siamo\/ispezione-di-qualita-ad-abu-dhabi\/","title":{"rendered":"Ispezione di Qualit\u00e0 ad Abu Dhabi"},"content":{"rendered":"<h2><strong>Ispezione di Qualit\u00e0 ad Abu Dhabi<\/strong><\/h2>\n<p>HQTS \u00e8 una delle principali societ\u00e0 di ispezione di terza parte ad Abu Dhabi e oltre, che offre <strong><a href=\"https:\/\/www.hqts.com\/who-we-are\/third-party-inspection-uae\/\">servizi di controllo qualit\u00e0 in tutti gli Emirati Arabi Uniti<\/a><\/strong>. Che si tratti di <strong><a href=\"https:\/\/www.hqts.com\/who-we-are\/quality-inspection-dubai\/\">ispezioni di qualit\u00e0 a Dubai<\/a><\/strong>, Fujairah, Ras al Khaimah o Sharjah, siamo qui per te.<\/p>\n<p>Dalla ricchezza di petrolio e gas naturale ai settori in forte crescita dell\u2019infrastruttura, costruzione, turismo e commercio, le aziende di Abu Dhabi si approvvigionano di prodotti che spaziano dai tessuti e alimenti alle materie prime e ai macchinari, provenienti da ogni parte del mondo.<\/p>\n<p>HQTS fornisce da diversi anni servizi di ispezione qualit\u00e0 per clienti ad Abu Dhabi. L\u2019azienda offre ispezioni di qualit\u00e0 in numerosi settori industriali e categorie di prodotti, dal controllo qualit\u00e0 di utensili, macchinari, acciaio e tessuti e abbigliamento fino ai giocattoli per bambini.<\/p>\n<p>&nbsp;<\/p>\n<h4><strong>Controllo Qualit\u00e0 ad Abu Dhabi<\/strong><\/h4>\n<p>Da oltre un decennio, HQTS offre ispezioni di controllo qualit\u00e0 complete a pi\u00f9 di 50.000 clienti provenienti da oltre 80 paesi. La nostra esperienza e competenza senza pari ci hanno permesso di mantenere una posizione di leadership nel settore per molti anni.<\/p>\n<p>HQTS dispone di <strong><a href=\"https:\/\/www.hqts.com\/who-we-are\/overview\/\">laboratori di test riconosciuti a livello internazionale<\/a><\/strong> in diverse regioni manifatturiere, accreditati dal China National Accreditation Service for Conformity Assessment (CNAS) per le ispezioni (ISO17020:2012) e i test (ISO17025:2005).<\/p>\n<p>L\u2019azienda dispone di un ufficio locale presso Jumeirah Lakes Towers, Dubai, e fornisce una vasta gamma di servizi di ispezione qualit\u00e0, tra cui ispezioni pre-produzione, ispezioni PSI, ispezioni e supervisione di carico\/scarico container ad Abu Dhabi.<\/p>\n<p>Oltre ai nostri servizi di ispezione qualit\u00e0, offriamo anche altri servizi specializzati come <strong><a href=\"https:\/\/www.hqts.com\/it\/i-nostri-servizi\/audit-di-fabbrica\/\">audit di fabbrica<\/a><\/strong>, <strong><a href=\"https:\/\/www.hqts.com\/it\/i-nostri-servizi\/consulenza-controllo-qualita\/\">consulenza<\/a><\/strong> e sessioni di <strong><a href=\"https:\/\/www.hqts.com\/it\/i-nostri-servizi\/consulenza-controllo-qualita\/servizio-di-formazione\/\">formazione<\/a><\/strong>, <strong><a href=\"https:\/\/www.hqts.com\/it\/i-nostri-servizi\/certificato-di-conformita\/\">certificazioni governative<\/a><\/strong> e varie soluzioni aggiuntive.<\/p>\n<p><strong>Sede:<\/strong> 2201, Uptown Tower, Uptown Dubai PO Box 48800, Dubai, Emirati Arabi Uniti<\/p>\n<p><strong>Email:\u00a0<\/strong>inquiry@hqts.com<\/p>\n<p><img fetchpriority=\"high\" decoding=\"async\" class=\"\" src=\"https:\/\/www.hqts.com\/wp-content\/uploads\/2023\/01\/Quality-Inspection-Company-Dubai-1024x768.jpg\" width=\"736\" height=\"552\" \/><\/p>\n<h4><strong>Ispezioni di Qualit\u00e0 ad Abu Dhabi<\/strong><\/h4>\n<p>Siamo la principale societ\u00e0 di ispezione di terza parte ad Abu Dhabi e offriamo ispezioni sui prodotti in ogni fase della produzione manifatturiera. I nostri servizi ti garantiscono tranquillit\u00e0, assicurando l\u2019affidabilit\u00e0 della tua catena di fornitura e riducendo i rischi associati a prodotti non conformi.<\/p>\n<ul>\n<li><strong><a href=\"https:\/\/www.hqts.com\/our-services\/quality-control-inspections\/pre-production-inspection\/\">Ispezioni Pre-Produzione<\/a><\/strong><\/li>\n<li><strong><a href=\"https:\/\/www.hqts.com\/it\/i-nostri-servizi\/quality-control-inspections\/ispezione-pre-spedizione\/\">Ispezioni Pre-Spedizione<\/a><\/strong><\/li>\n<li><strong><a href=\"https:\/\/www.hqts.com\/it\/i-nostri-servizi\/quality-control-inspections\/ispezione-durante-la-produzione\/\">Ispezioni di Qualit\u00e0 Durante la Produzione<\/a><\/strong><\/li>\n<li><strong><a href=\"https:\/\/www.hqts.com\/our-services\/piece-by-piece\/\">Ispezioni Pezzo per Pezzo<\/a><\/strong><\/li>\n<li><strong><a href=\"https:\/\/www.hqts.com\/our-services\/quality-control-inspections\/container-loading-inspection\/\">Ispezioni di Caricamento Contenitori<\/a><\/strong><\/li>\n<li><strong><a href=\"https:\/\/www.hqts.com\/our-services\/sample-checking\/\">Verifica dei Campioni<\/a><\/strong><\/li>\n<li><strong><a href=\"https:\/\/www.hqts.com\/our-services\/metal-detection\/\">Rilevamento Metalli<\/a><\/strong><\/li>\n<li><strong><a href=\"https:\/\/www.hqts.com\/it\/i-nostri-servizi\/quality-control-inspections\/supervisione-del-carico-e-scarico\/\">Ispezioni di Carico\/Scarico<\/a><\/strong><\/li>\n<li><strong><a href=\"https:\/\/www.hqts.com\/it\/i-nostri-servizi\/quality-control-inspections\/ispezione-lavori-civili\/\">Ispezioni di Lavori Civili<\/a><\/strong><\/li>\n<li>Ispezioni di Saldatura<\/li>\n<li>Ispezioni di Verniciatura<\/li>\n<\/ul>\n<h4><\/h4>\n<h4><strong>Audit ad Abu Dhabi<\/strong><\/h4>\n<p>I nostri servizi di audit coprono un\u2019ampia gamma di esigenze, dall\u2019autenticazione dei fornitori attraverso audit completi, alla verifica della loro compatibilit\u00e0 ESG per gli obiettivi di sostenibilit\u00e0, fino a valutazioni approfondite dei loro sistemi, prodotti, processi e personale mediante audit di fabbrica.<\/p>\n<p><strong>Eseguiamo i seguenti tipi di audit negli Emirati Arabi Uniti:<\/strong><\/p>\n<ul>\n<li><strong><a href=\"https:\/\/www.hqts.com\/our-services\/environmental-audits\/\">Audit Ambientali<\/a><\/strong><\/li>\n<li><strong><a href=\"https:\/\/www.hqts.com\/our-services\/social-compliance-audits\/\">Audit di Conformit\u00e0 Sociale<\/a><\/strong><\/li>\n<li><strong><a href=\"https:\/\/www.hqts.com\/our-services\/manufacturer-audits\/\">Audit del Produttore<\/a><\/strong><\/li>\n<li><strong><a href=\"https:\/\/www.hqts.com\/our-services\/building-safety-audits\/\">Audit di Sicurezza degli Edifici<\/a><\/strong><\/li>\n<\/ul>\n<h4><strong>Accreditamenti<\/strong><\/h4>\n<p>I nostri accreditamenti includono:<\/p>\n<ul>\n<li>CNAS \u2013 ISO\/IEC 17020:2012, ISO\/IEC 17025:2005<\/li>\n<li>Societ\u00e0 di Ispezione di Terza Parte accreditata per centrali elettriche dal Bangladesh Power Development Board<\/li>\n<li>Autorizzata dalla Petroleum Authority of Uganda per la valutazione di conformit\u00e0 di materiali e attrezzature per il settore petrolifero e del gas<\/li>\n<li>Approvata dall\u2019UNBS per il rilascio della Verifica di Conformit\u00e0 Pre-Esportazione (PVoC) dell\u2019Uganda<\/li>\n<li>Autorizzata dal governo dell\u2019Uzbekistan a fornire servizi di Ispezione Pre-Spedizione (PSI)<\/li>\n<\/ul>\n","protected":false},"excerpt":{"rendered":"<p>Ispezione di Qualit\u00e0 ad Abu Dhabi HQTS \u00e8 una delle principali societ\u00e0 di ispezione di terza parte ad Abu Dhabi e oltre, che offre servizi di controllo qualit\u00e0 in tutti gli Emirati Arabi Uniti. Che si tratti di ispezioni di qualit\u00e0 a Dubai, Fujairah, Ras al Khaimah o Sharjah, siamo qui per te. Dalla ricchezza [&hellip;]<\/p>\n","protected":false},"author":17,"featured_media":220500,"parent":219931,"menu_order":0,"comment_status":"closed","ping_status":"closed","template":"","meta":{"_acf_changed":false,"footnotes":""},"class_list":["post-220498","page","type-page","status-publish","has-post-thumbnail","hentry"],"acf":[],"_links":{"self":[{"href":"https:\/\/www.hqts.com\/it\/wp-json\/wp\/v2\/pages\/220498","targetHints":{"allow":["GET"]}}],"collection":[{"href":"https:\/\/www.hqts.com\/it\/wp-json\/wp\/v2\/pages"}],"about":[{"href":"https:\/\/www.hqts.com\/it\/wp-json\/wp\/v2\/types\/page"}],"author":[{"embeddable":true,"href":"https:\/\/www.hqts.com\/it\/wp-json\/wp\/v2\/users\/17"}],"replies":[{"embeddable":true,"href":"https:\/\/www.hqts.com\/it\/wp-json\/wp\/v2\/comments?post=220498"}],"version-history":[{"count":1,"href":"https:\/\/www.hqts.com\/it\/wp-json\/wp\/v2\/pages\/220498\/revisions"}],"predecessor-version":[{"id":220511,"href":"https:\/\/www.hqts.com\/it\/wp-json\/wp\/v2\/pages\/220498\/revisions\/220511"}],"up":[{"embeddable":true,"href":"https:\/\/www.hqts.com\/it\/wp-json\/wp\/v2\/pages\/219931"}],"wp:featuredmedia":[{"embeddable":true,"href":"https:\/\/www.hqts.com\/it\/wp-json\/wp\/v2\/media\/220500"}],"wp:attachment":[{"href":"https:\/\/www.hqts.com\/it\/wp-json\/wp\/v2\/media?parent=220498"}],"curies":[{"name":"wp","href":"https:\/\/api.w.org\/{rel}","templated":true}]}}