{"id":220530,"date":"2025-11-10T01:42:53","date_gmt":"2025-11-10T01:42:53","guid":{"rendered":"https:\/\/www.hqts.com\/chi-siamo\/ispezione-di-qualita-a-dubai\/"},"modified":"2025-11-10T01:43:29","modified_gmt":"2025-11-10T01:43:29","slug":"ispezione-di-qualita-a-dubai","status":"publish","type":"page","link":"https:\/\/www.hqts.com\/it\/chi-siamo\/ispezione-di-qualita-a-dubai\/","title":{"rendered":"Ispezione di Qualit\u00e0 a Dubai"},"content":{"rendered":"<h2><strong>HQTS \u00e8 il tuo fornitore di servizi di ispezione di qualit\u00e0 di terza parte a Dubai<\/strong><\/h2>\n<p>HQTS \u00e8 una delle <strong><a href=\"https:\/\/www.hqts.com\/who-we-are\/third-party-inspection-uae\/\">principali societ\u00e0 di ispezione di terza parte<\/a><\/strong> negli Emirati Arabi Uniti, con un team di professionisti esperti e copertura in tutti gli Emirati. Da Abu Dhabi a Fujairah, Ras al Khaimah, Sharjah e ovunque nel mondo \u2013 siamo qui per te.<\/p>\n<p>Gli Emirati Arabi Uniti rappresentano una delle economie in pi\u00f9 rapida crescita del Medio Oriente. Il Paese \u00e8 rinomato per le sue riserve di petrolio e gas naturale, le infrastrutture e costruzioni in forte espansione, il turismo e il commercio.<\/p>\n<p>Da oltre un decennio, HQTS esegue controlli di qualit\u00e0 su prodotti complessi, dal controllo qualit\u00e0 di utensili, macchinari e acciaio alle ispezioni su tessuti, mobili e giocattoli per bambini, molti dei quali provengono da fabbriche situate a migliaia di chilometri di distanza in India, Cina, Vietnam e altre parti del mondo.<\/p>\n<p>&nbsp;<\/p>\n<h4><strong>Le nostre Ispezioni di Controllo Qualit\u00e0 a Dubai<\/strong><\/h4>\n<p>HQTS \u00e8 un\u2019azienda con oltre dieci anni di esperienza nello svolgimento di ispezioni di controllo qualit\u00e0 per oltre 50.000 clienti in pi\u00f9 di 80 paesi nel mondo. L\u2019azienda dispone di <strong><a href=\"https:\/\/www.hqts.com\/who-we-are\/overview\/\">laboratori di test riconosciuti a livello internazionale<\/a><\/strong> nelle principali aree manifatturiere, accreditati da diversi enti di regolamentazione e standard internazionali, tra cui ISO17020:2012 per le ispezioni e ISO17025:2005 per i test, rilasciati dal China National Accreditation Service for Conformity Assessment (CNAS).<\/p>\n<p>Il nostro ufficio di Dubai, negli Emirati Arabi Uniti, fornisce vari servizi di controllo qualit\u00e0 per assistere aziende locali e internazionali. Questi includono ispezioni di qualit\u00e0 come le ispezioni pre-spedizione a Dubai, le ispezioni pezzo per pezzo e le ispezioni di carico\/scarico container. Offriamo anche altri servizi, tra cui audit di fabbrica, consulenza e formazione, certificazioni governative e molto altro. Che tu abbia bisogno di un <strong><a href=\"https:\/\/www.hqts.com\/who-we-are\/quality-inspection-dubai\/jebel-ali\/\">ispettore di terza parte a Jebel Ali<\/a> <\/strong>o di un\u2019ispezione qualit\u00e0 in Cina, possiamo aiutarti.<\/p>\n<p><strong>Sede:<\/strong> 2201, Uptown Tower, Uptown Dubai PO Box 48800, Dubai, Emirati Arabi Uniti<\/p>\n<p><strong>Email:\u00a0<\/strong>inquiry@hqts.com<\/p>\n<p><img fetchpriority=\"high\" decoding=\"async\" class=\"alignnone wp-image-132769\" src=\"https:\/\/www.hqts.com\/wp-content\/uploads\/2023\/01\/Quality-Inspection-Company-Dubai-1024x768.jpg\" alt=\"Quality Inspection Dubai Company\" width=\"559\" height=\"419\" srcset=\"https:\/\/www.hqts.com\/wp-content\/uploads\/2023\/01\/Quality-Inspection-Company-Dubai-1024x768.jpg 1024w, https:\/\/www.hqts.com\/wp-content\/uploads\/2023\/01\/Quality-Inspection-Company-Dubai-300x225.jpg 300w, https:\/\/www.hqts.com\/wp-content\/uploads\/2023\/01\/Quality-Inspection-Company-Dubai-768x576.jpg 768w, https:\/\/www.hqts.com\/wp-content\/uploads\/2023\/01\/Quality-Inspection-Company-Dubai.jpg 1440w\" sizes=\"(max-width: 559px) 100vw, 559px\" \/><\/p>\n<h4><strong>Ispezioni di Qualit\u00e0 a Dubai<\/strong><\/h4>\n<p>Come principale societ\u00e0 di ispezione di terza parte negli Emirati Arabi Uniti, forniamo ispezioni sui prodotti in ogni fase della produzione. I nostri servizi ti aiutano a garantire l\u2019affidabilit\u00e0 della tua catena di fornitura e a ridurre i rischi associati a prodotti di qualit\u00e0 inferiore.<\/p>\n<ul>\n<li><a href=\"https:\/\/www.hqts.com\/our-services\/quality-control-inspections\/pre-production-inspection\/\">Ispezioni Pre-Produzione<\/a><\/li>\n<li><a href=\"https:\/\/www.hqts.com\/it\/i-nostri-servizi\/quality-control-inspections\/ispezione-pre-spedizione\/\">Ispezioni Pre-Spedizione<\/a><\/li>\n<li><a href=\"https:\/\/www.hqts.com\/it\/i-nostri-servizi\/quality-control-inspections\/ispezione-durante-la-produzione\/\">Ispezioni di Qualit\u00e0 Durante la Produzione<\/a><\/li>\n<li><a href=\"https:\/\/www.hqts.com\/our-services\/piece-by-piece\/\">Ispezioni Pezzo per Pezzo<\/a><\/li>\n<li><a href=\"https:\/\/www.hqts.com\/our-services\/quality-control-inspections\/container-loading-inspection\/\">Ispezioni di Caricamento Contenitori<\/a><\/li>\n<li><a href=\"https:\/\/www.hqts.com\/our-services\/sample-checking\/\">Verifica dei Campioni<\/a><\/li>\n<li><a href=\"https:\/\/www.hqts.com\/our-services\/metal-detection\/\">Rilevamento Metalli<\/a><\/li>\n<li><a href=\"https:\/\/www.hqts.com\/it\/i-nostri-servizi\/quality-control-inspections\/supervisione-del-carico-e-scarico\/\">Ispezioni di Carico\/Scarico<\/a><\/li>\n<li>Ispezioni di Saldatura (negli EAU)<\/li>\n<li>Ispezioni di Verniciatura (negli EAU)<\/li>\n<li><a href=\"https:\/\/www.hqts.com\/it\/i-nostri-servizi\/quality-control-inspections\/ispezione-lavori-civili\/\">Ispezioni di Lavori Civili<\/a><\/li>\n<\/ul>\n<h4><\/h4>\n<h4><strong>Audit di Fabbrica e dei Fornitori a Dubai<\/strong><\/h4>\n<p>Il nostro team di audit pu\u00f2 valutare la solidit\u00e0 della tua catena di fornitura e verificare che ogni partner rispetti i tuoi requisiti di produzione, dal design alla consegna del prodotto.<\/p>\n<p>Offriamo servizi di audit che spaziano dalla verifica dell\u2019autenticit\u00e0 dei fornitori tramite audit approfonditi, al controllo della conformit\u00e0 ESG per gli obiettivi di sostenibilit\u00e0, fino alla valutazione dettagliata dei sistemi, prodotti, processi e personale tramite audit di fabbrica.<\/p>\n<p><strong>Eseguiamo i seguenti tipi di audit negli Emirati Arabi Uniti:<\/strong><\/p>\n<ul>\n<li><a href=\"https:\/\/www.hqts.com\/our-services\/environmental-audits\/\">Audit Ambientali<\/a><\/li>\n<li><a href=\"https:\/\/www.hqts.com\/our-services\/social-compliance-audits\/\">Audit di Conformit\u00e0 Sociale<\/a><\/li>\n<li><a href=\"https:\/\/www.hqts.com\/our-services\/manufacturer-audits\/\">Audit del Produttore<\/a><\/li>\n<li><a href=\"https:\/\/www.hqts.com\/our-services\/building-safety-audits\/\">Audit di Sicurezza degli Edifici<\/a><\/li>\n<li><a href=\"https:\/\/www.hqts.com\/our-services\/energy-audits\/\">Audit Energetici<\/a><\/li>\n<li><a href=\"https:\/\/www.hqts.com\/factory-production-control\/\">Controllo della Produzione in Fabbrica<\/a><\/li>\n<\/ul>\n<p><span data-preserver-spaces=\"true\">\u00a0<\/span><\/p>\n<h4><strong>Altri Servizi di Controllo Qualit\u00e0 a Dubai<\/strong><\/h4>\n<p>Oltre ai servizi sopra elencati, possiamo assisterti anche con:<\/p>\n<ul>\n<li><a href=\"https:\/\/www.hqts.com\/it\/what-is-production-monitoring-in-quality-control\/production-monitoring\/\">Monitoraggio della Produzione<\/a><\/li>\n<li><a href=\"https:\/\/www.hqts.com\/it\/i-nostri-servizi\/consulenza-controllo-qualita\/servizio-di-formazione\/\">Formazione<\/a><\/li>\n<li><a href=\"https:\/\/www.hqts.com\/services\/quality-control-services\/\">Consulenza<\/a><\/li>\n<li><a href=\"https:\/\/www.hqts.com\/services\/government-and-trade-services\/\">Servizi Governativi e Commerciali<\/a><\/li>\n<\/ul>\n<p>&nbsp;<\/p>\n<h4><strong>Accreditamenti<\/strong><\/h4>\n<p>I nostri accreditamenti includono:<\/p>\n<ul>\n<li>CNAS \u2013 ISO\/IEC 17020:2012, ISO\/IEC 17025:2005<\/li>\n<li>Societ\u00e0 di Ispezione di Terza Parte accreditata per centrali elettriche dal Bangladesh Power Development Board<\/li>\n<li>Autorizzata dalla Petroleum Authority of Uganda per la valutazione di conformit\u00e0 di materiali e attrezzature per il settore petrolifero e del gas<\/li>\n<li>Approvata dall\u2019UNBS per il rilascio della Verifica di Conformit\u00e0 Pre-Esportazione (PVoC) dell\u2019Uganda<\/li>\n<li>Autorizzata dal governo dell\u2019Uzbekistan a fornire servizi di Ispezione Pre-Spedizione (PSI)<\/li>\n<\/ul>\n","protected":false},"excerpt":{"rendered":"<p>HQTS \u00e8 il tuo fornitore di servizi di ispezione di qualit\u00e0 di terza parte a Dubai HQTS \u00e8 una delle principali societ\u00e0 di ispezione di terza parte negli Emirati Arabi Uniti, con un team di professionisti esperti e copertura in tutti gli Emirati. Da Abu Dhabi a Fujairah, Ras al Khaimah, Sharjah e ovunque nel [&hellip;]<\/p>\n","protected":false},"author":17,"featured_media":220533,"parent":219931,"menu_order":0,"comment_status":"closed","ping_status":"closed","template":"","meta":{"_acf_changed":false,"footnotes":""},"class_list":["post-220530","page","type-page","status-publish","has-post-thumbnail","hentry"],"acf":[],"_links":{"self":[{"href":"https:\/\/www.hqts.com\/it\/wp-json\/wp\/v2\/pages\/220530","targetHints":{"allow":["GET"]}}],"collection":[{"href":"https:\/\/www.hqts.com\/it\/wp-json\/wp\/v2\/pages"}],"about":[{"href":"https:\/\/www.hqts.com\/it\/wp-json\/wp\/v2\/types\/page"}],"author":[{"embeddable":true,"href":"https:\/\/www.hqts.com\/it\/wp-json\/wp\/v2\/users\/17"}],"replies":[{"embeddable":true,"href":"https:\/\/www.hqts.com\/it\/wp-json\/wp\/v2\/comments?post=220530"}],"version-history":[{"count":2,"href":"https:\/\/www.hqts.com\/it\/wp-json\/wp\/v2\/pages\/220530\/revisions"}],"predecessor-version":[{"id":220545,"href":"https:\/\/www.hqts.com\/it\/wp-json\/wp\/v2\/pages\/220530\/revisions\/220545"}],"up":[{"embeddable":true,"href":"https:\/\/www.hqts.com\/it\/wp-json\/wp\/v2\/pages\/219931"}],"wp:featuredmedia":[{"embeddable":true,"href":"https:\/\/www.hqts.com\/it\/wp-json\/wp\/v2\/media\/220533"}],"wp:attachment":[{"href":"https:\/\/www.hqts.com\/it\/wp-json\/wp\/v2\/media?parent=220530"}],"curies":[{"name":"wp","href":"https:\/\/api.w.org\/{rel}","templated":true}]}}