{"id":220579,"date":"2025-11-10T02:42:39","date_gmt":"2025-11-10T02:42:39","guid":{"rendered":"https:\/\/www.hqts.com\/chi-siamo\/societa-di-ispezione-di-terza-parte-in-indonesia\/"},"modified":"2025-11-10T02:43:26","modified_gmt":"2025-11-10T02:43:26","slug":"ispezione-terza-parte-indonesia","status":"publish","type":"page","link":"https:\/\/www.hqts.com\/it\/chi-siamo\/ispezione-terza-parte-indonesia\/","title":{"rendered":"Societ\u00e0 di Ispezione di Terza Parte in Indonesia"},"content":{"rendered":"<h2><strong>Servizi di Ispezione di Terza Parte in Indonesia<\/strong><\/h2>\n<p><strong>L\u2019Indonesia, con le sue industrie manifatturiere in rapida crescita nei settori dell\u2019elettronica, dei giocattoli, dei tessuti e dei macchinari, sta diventando una destinazione sempre pi\u00f9 popolare per l\u2019approvvigionamento. Che tu sia un rivenditore internazionale o un produttore che necessita di servizi di controllo qualit\u00e0 per materiali fondamentali nella produzione, HQTS \u00e8 qui per te.<\/strong><\/p>\n<p class=\"p1\">HQTS offre copertura nazionale in Indonesia e pu\u00f2 assisterti con servizi di controllo qualit\u00e0 sia a livello locale che internazionale, coprendo aree manifatturiere estere come <strong><a href=\"https:\/\/www.hqts.com\/it\/chi-siamo\/controllo-qualita-in-cina\/\">Cina<\/a><\/strong>, <strong><a href=\"https:\/\/www.hqts.com\/it\/chi-siamo\/controllo-qualita-in-vietnam\/\">Vietnam<\/a><\/strong>, <strong><a href=\"https:\/\/www.hqts.com\/it\/chi-siamo\/controllo-qualita-in-vietnam\/\">India<\/a><\/strong> e oltre 40 altri paesi.<\/p>\n<h2><strong>Azienda di Controllo Qualit\u00e0 in Indonesia<\/strong><\/h2>\n<p>HQTS \u00e8 una delle societ\u00e0 di ispezione di terza parte pi\u00f9 antiche e grandi dell\u2019Asia. Offriamo servizi di controllo qualit\u00e0 personalizzati a oltre 15.000 marchi internazionali nei settori dei beni di consumo, industriali e governativi. I nostri servizi spaziano dalle ispezioni di qualit\u00e0, agli audit, ai test, fino alla consulenza ESG. I nostri dipendenti sono formati secondo gli standard e le qualifiche internazionali per supportare al meglio le esigenze della tua azienda.<\/p>\n<h2><strong>Servizi di Ispezione di Terza Parte in Indonesia<\/strong><\/h2>\n<p>Possiamo eseguire <strong><a href=\"https:\/\/www.hqts.com\/it\/i-nostri-servizi\/quality-control-inspections\/\">ispezioni di qualit\u00e0<\/a><\/strong> su tutti i tipi di prodotti. Che tu stia acquistando prodotti elettrici ed elettronici, articoli in acciaio o necessiti di un\u2019ispezione sui tessuti, siamo qui per aiutarti.<\/p>\n<p>I nostri ispettori esperti valuteranno i prodotti in base a criteri come la verifica delle dimensioni e delle quantit\u00e0, la qualit\u00e0 della lavorazione, l\u2019ispezione visiva, la funzionalit\u00e0 e altri parametri rilevanti.<\/p>\n<h6><strong>Tipologie di Servizi di Ispezione Qualit\u00e0<\/strong><\/h6>\n<ul>\n<li><strong><a href=\"https:\/\/www.hqts.com\/it\/i-nostri-servizi\/quality-control-inspections\/ispezione-pre-spedizione\/\">Ispezione Pre-Spedizione<\/a><\/strong><\/li>\n<li><strong><a href=\"https:\/\/www.hqts.com\/it\/i-nostri-servizi\/quality-control-inspections\/ispezione-pre-produzione\/\">Ispezione Prima della Produzione<\/a><\/strong><\/li>\n<li><strong><a href=\"https:\/\/www.hqts.com\/it\/i-nostri-servizi\/quality-control-inspections\/ispezione-durante-la-produzione\/\">Ispezione Durante la Produzione<\/a><\/strong><\/li>\n<li>Ispezione in Ingresso<\/li>\n<li><strong><a href=\"https:\/\/www.hqts.com\/it\/i-nostri-servizi\/quality-control-inspections\/ispezione-pezzo-per-pezzo\/\">Ispezione Pezzo per Pezzo<\/a><\/strong><\/li>\n<li>Ispezione Finale<\/li>\n<li><strong><a href=\"https:\/\/www.hqts.com\/it\/i-nostri-servizi\/quality-control-inspections\/supervisione-del-carico-e-scarico\/\">Supervisione di Carico\/Scarico Contenitori<\/a><\/strong><\/li>\n<\/ul>\n<h2><strong>Ispezione alla Fonte \/ Audit di Fabbrica<\/strong><\/h2>\n<div class=\"flex-1 overflow-hidden\">\n<div class=\"react-scroll-to-bottom--css-tejec-79elbk h-full\">\n<div class=\"react-scroll-to-bottom--css-tejec-1n7m0yu\">\n<div class=\"flex flex-col pb-9 text-sm\">\n<div class=\"w-full text-token-text-primary\" data-testid=\"conversation-turn-25\">\n<div class=\"px-4 py-2 justify-center text-base md:gap-6 m-auto\">\n<div class=\"flex flex-1 text-base mx-auto gap-3 md:px-5 lg:px-1 xl:px-5 md:max-w-3xl lg:max-w-[40rem] xl:max-w-[48rem] group final-completion\">\n<div class=\"relative flex w-full flex-col lg:w-[calc(100%-115px)] agent-turn\">\n<div class=\"flex-col gap-1 md:gap-3\">\n<div class=\"flex flex-grow flex-col max-w-full\">\n<div class=\"min-h-[20px] text-message flex flex-col items-start gap-3 whitespace-pre-wrap break-words [.text-message+&amp;]:mt-5 overflow-x-auto\" data-message-author-role=\"assistant\" data-message-id=\"0020aaca-849e-40da-8a54-e56ce49e78ab\">\n<div class=\"markdown prose w-full break-words dark:prose-invert light\">\n<p>Per aiutare le aziende a comprendere la legittimit\u00e0 e la capacit\u00e0 dei propri fornitori nel produrre beni conformi ai requisiti richiesti, HQTS pu\u00f2 condurre <strong><a href=\"https:\/\/www.hqts.com\/it\/i-nostri-servizi\/audit-di-fabbrica\/\">audit di fornitori e fabbriche<\/a><\/strong> in Indonesia o all\u2019estero. I nostri audit forniranno un report dettagliato che include fattori quali:<\/p>\n<\/div>\n<\/div>\n<\/div>\n<\/div>\n<\/div>\n<\/div>\n<\/div>\n<\/div>\n<\/div>\n<\/div>\n<\/div>\n<\/div>\n<ul>\n<li><span style=\"font-family: -apple-system, BlinkMacSystemFont, 'Segoe UI', Roboto, 'Helvetica Neue', Arial, 'Noto Sans', sans-serif, 'Apple Color Emoji', 'Segoe UI Emoji', 'Segoe UI Symbol', 'Noto Color Emoji';\">Informazioni legali sull\u2019azienda<br \/>\n<\/span><\/li>\n<li><span style=\"font-family: -apple-system, BlinkMacSystemFont, 'Segoe UI', Roboto, 'Helvetica Neue', Arial, 'Noto Sans', sans-serif, 'Apple Color Emoji', 'Segoe UI Emoji', 'Segoe UI Symbol', 'Noto Color Emoji';\">Informazioni bancarie<br \/>\n<\/span><\/li>\n<li><span style=\"font-family: -apple-system, BlinkMacSystemFont, 'Segoe UI', Roboto, 'Helvetica Neue', Arial, 'Noto Sans', sans-serif, 'Apple Color Emoji', 'Segoe UI Emoji', 'Segoe UI Symbol', 'Noto Color Emoji';\">Risorse umane<br \/>\n<\/span><\/li>\n<li><span style=\"font-family: -apple-system, BlinkMacSystemFont, 'Segoe UI', Roboto, 'Helvetica Neue', Arial, 'Noto Sans', sans-serif, 'Apple Color Emoji', 'Segoe UI Emoji', 'Segoe UI Symbol', 'Noto Color Emoji';\">Capacit\u00e0 produttiva<br \/>\n<\/span><\/li>\n<li><span style=\"font-family: -apple-system, BlinkMacSystemFont, 'Segoe UI', Roboto, 'Helvetica Neue', Arial, 'Noto Sans', sans-serif, 'Apple Color Emoji', 'Segoe UI Emoji', 'Segoe UI Symbol', 'Noto Color Emoji';\">Sistemi di gestione della qualit\u00e0<br \/>\n<\/span><\/li>\n<li><span style=\"font-family: -apple-system, BlinkMacSystemFont, 'Segoe UI', Roboto, 'Helvetica Neue', Arial, 'Noto Sans', sans-serif, 'Apple Color Emoji', 'Segoe UI Emoji', 'Segoe UI Symbol', 'Noto Color Emoji';\">Capacit\u00e0 di esportazione<br \/>\n<\/span><\/li>\n<li><span style=\"font-family: -apple-system, BlinkMacSystemFont, 'Segoe UI', Roboto, 'Helvetica Neue', Arial, 'Noto Sans', sans-serif, 'Apple Color Emoji', 'Segoe UI Emoji', 'Segoe UI Symbol', 'Noto Color Emoji';\">Gestione degli ordini<\/span><\/li>\n<\/ul>\n<h2><strong>Test sui Prodotti<\/strong><\/h2>\n<p>HQTS dispone di propri laboratori nelle principali regioni manifatturiere e di una vasta rete di laboratori partner per i test su prodotti di consumo e industriali. Il nostro laboratorio \u00e8 approvato per i <strong><a href=\"https:\/\/www.hqts.com\/your-industries\/ecommerce\/amazon-fba-inspection\/\">test dei prodotti Amazon<\/a><\/strong> e pu\u00f2 eseguire una vasta gamma di prove, tra cui:<\/p>\n<ul>\n<li><strong><a href=\"https:\/\/www.hqts.com\/it\/i-nostri-servizi\/test-prodotti-materiali\/test-chimici\/\">Test Chimici<\/a><\/strong><\/li>\n<li><strong><a href=\"https:\/\/www.hqts.com\/it\/i-nostri-servizi\/test-prodotti-materiali\/test-rohs\/\">Test RoHS<\/a><\/strong><\/li>\n<li><strong><a href=\"https:\/\/www.hqts.com\/it\/i-nostri-servizi\/test-prodotti-materiali\/test-reach\/\">Test REACH<\/a><\/strong><\/li>\n<li><strong><a href=\"https:\/\/www.hqts.com\/it\/settori-che-serviamo\/test-attrezzature-costruzione\/\">Test sui Materiali<\/a><\/strong><\/li>\n<li><strong><a href=\"https:\/\/www.hqts.com\/your-industries\/consumer-retail\/footwear\/\">Test su Calzature<\/a><\/strong><\/li>\n<li><strong><a href=\"https:\/\/www.hqts.com\/it\/i-nostri-servizi\/test-prodotti-materiali\/test-di-imballaggio-e-trasporto\/\">Test sugli Imballaggi (ISTA)<\/a><\/strong><\/li>\n<li>Test Fisici<\/li>\n<li><strong><a href=\"https:\/\/www.hqts.com\/it\/i-nostri-servizi\/test-prodotti-materiali\/\">Test CPSIA<\/a><\/strong><\/li>\n<\/ul>\n<h4><strong>Altri Servizi di Controllo Qualit\u00e0<\/strong><\/h4>\n<p>Oltre ai servizi di garanzia della qualit\u00e0 menzionati in precedenza, offriamo anche:<\/p>\n<ul>\n<li><strong><a href=\"https:\/\/www.hqts.com\/our-services\/uganda-pvoc\/\">Certificazione PVoC Uganda<\/a><\/strong><\/li>\n<li><strong><a href=\"https:\/\/www.hqts.com\/it\/sezione-conformita\/\">Servizi di Consulenza sulla Conformit\u00e0 dei Prodotti<\/a><\/strong><\/li>\n<li><strong><a href=\"https:\/\/www.hqts.com\/it\/i-nostri-servizi\/ingegneria-della-qualita\/monitoraggio-della-produzione\/\">Monitoraggio della Produzione<\/a><\/strong><\/li>\n<li><strong><a href=\"https:\/\/www.hqts.com\/it\/i-nostri-servizi\/test-prodotti-materiali\/test-di-imballaggio-e-trasporto\/\">Test ISTA sugli Imballaggi<\/a><\/strong><\/li>\n<li><strong><a href=\"https:\/\/www.hqts.com\/it\/i-nostri-servizi\/ingegneria-della-qualita\/ingegneria-qualita-fornitori\/\">Ingegneria della Qualit\u00e0 dei Fornitori<\/a><\/strong><\/li>\n<li><strong><a href=\"https:\/\/www.hqts.com\/it\/i-nostri-servizi\/ispezioni-controllo-qualita\/ispezioni-alimentari-e-agricole\/\">Ispezioni Alimentari<\/a><\/strong><\/li>\n<\/ul>\n<div class=\"flex-1 overflow-hidden\">\n<div class=\"react-scroll-to-bottom--css-qjwrv-79elbk h-full\">\n<div class=\"react-scroll-to-bottom--css-qjwrv-1n7m0yu\">\n<div class=\"flex flex-col pb-9 text-sm\">\n<div class=\"w-full text-token-text-primary\" data-testid=\"conversation-turn-45\">\n<div class=\"px-4 py-2 justify-center text-base md:gap-6 m-auto\">\n<div class=\"flex flex-1 text-base mx-auto gap-3 md:px-5 lg:px-1 xl:px-5 md:max-w-3xl lg:max-w-[40rem] xl:max-w-[48rem] group final-completion\">\n<div class=\"relative flex w-full flex-col lg:w-[calc(100%-115px)] agent-turn\">\n<div class=\"flex-col gap-1 md:gap-3\">\n<div class=\"flex flex-grow flex-col max-w-full\">\n<div class=\"min-h-[20px] text-message flex flex-col items-start gap-3 whitespace-pre-wrap break-words [.text-message+&amp;]:mt-5 overflow-x-auto\" data-message-author-role=\"assistant\" data-message-id=\"5d51ceff-53ba-4503-bff1-1c66a5185248\">\n<div class=\"markdown prose w-full break-words dark:prose-invert light\">\n<p>Non esitare a <strong><a href=\"https:\/\/www.hqts.com\/it\/contatti\/\">contattarci oggi<\/a><\/strong> per scoprire ulteriori dettagli sui nostri servizi di controllo qualit\u00e0.<\/p>\n<\/div>\n<\/div>\n<\/div>\n<\/div>\n<\/div>\n<\/div>\n<\/div>\n<\/div>\n<\/div>\n<\/div>\n<\/div>\n<\/div>\n","protected":false},"excerpt":{"rendered":"<p>Servizi di Ispezione di Terza Parte in Indonesia L\u2019Indonesia, con le sue industrie manifatturiere in rapida crescita nei settori dell\u2019elettronica, dei giocattoli, dei tessuti e dei macchinari, sta diventando una destinazione sempre pi\u00f9 popolare per l\u2019approvvigionamento. Che tu sia un rivenditore internazionale o un produttore che necessita di servizi di controllo qualit\u00e0 per materiali fondamentali [&hellip;]<\/p>\n","protected":false},"author":17,"featured_media":220580,"parent":219931,"menu_order":0,"comment_status":"closed","ping_status":"closed","template":"","meta":{"_acf_changed":false,"footnotes":""},"class_list":["post-220579","page","type-page","status-publish","has-post-thumbnail","hentry"],"acf":[],"_links":{"self":[{"href":"https:\/\/www.hqts.com\/it\/wp-json\/wp\/v2\/pages\/220579","targetHints":{"allow":["GET"]}}],"collection":[{"href":"https:\/\/www.hqts.com\/it\/wp-json\/wp\/v2\/pages"}],"about":[{"href":"https:\/\/www.hqts.com\/it\/wp-json\/wp\/v2\/types\/page"}],"author":[{"embeddable":true,"href":"https:\/\/www.hqts.com\/it\/wp-json\/wp\/v2\/users\/17"}],"replies":[{"embeddable":true,"href":"https:\/\/www.hqts.com\/it\/wp-json\/wp\/v2\/comments?post=220579"}],"version-history":[{"count":1,"href":"https:\/\/www.hqts.com\/it\/wp-json\/wp\/v2\/pages\/220579\/revisions"}],"predecessor-version":[{"id":220592,"href":"https:\/\/www.hqts.com\/it\/wp-json\/wp\/v2\/pages\/220579\/revisions\/220592"}],"up":[{"embeddable":true,"href":"https:\/\/www.hqts.com\/it\/wp-json\/wp\/v2\/pages\/219931"}],"wp:featuredmedia":[{"embeddable":true,"href":"https:\/\/www.hqts.com\/it\/wp-json\/wp\/v2\/media\/220580"}],"wp:attachment":[{"href":"https:\/\/www.hqts.com\/it\/wp-json\/wp\/v2\/media?parent=220579"}],"curies":[{"name":"wp","href":"https:\/\/api.w.org\/{rel}","templated":true}]}}