{"id":220593,"date":"2025-11-10T02:50:56","date_gmt":"2025-11-10T02:50:56","guid":{"rendered":"https:\/\/www.hqts.com\/chi-siamo\/societa-di-ispezione-di-terza-parte-negli-emirati-arabi-uniti\/"},"modified":"2025-11-10T02:51:48","modified_gmt":"2025-11-10T02:51:48","slug":"ispezione-terza-parte-eau","status":"publish","type":"page","link":"https:\/\/www.hqts.com\/it\/chi-siamo\/ispezione-terza-parte-eau\/","title":{"rendered":"Societ\u00e0 di Ispezione di Terza Parte negli Emirati Arabi Uniti"},"content":{"rendered":"<h2><strong>HQTS Dubai &#8211; Azienda di Controllo Qualit\u00e0 negli Emirati Arabi Uniti<\/strong><\/h2>\n<p>HQTS vanta oltre 25 anni di esperienza ed \u00e8 una delle principali societ\u00e0 di ispezione negli Emirati Arabi Uniti, offrendo copertura in tutti gli emirati, tra cui <strong><a href=\"https:\/\/www.hqts.com\/it\/chi-siamo\/ispezione-di-qualita-ad-abu-dhabi\/\">Abu Dhabi<\/a><\/strong>, <strong><a href=\"https:\/\/www.hqts.com\/it\/chi-siamo\/ispezione-di-qualita-a-dubai\/\">Dubai<\/a><\/strong> e Fujairah, oltre che in tutta la regione del Golfo. Che tu stia cercando una societ\u00e0 di ispezione di terza parte negli EAU per ispezioni di prodotto a Dubai, o che tu debba effettuare un audit del tuo fornitore in Cina, HQTS pu\u00f2 aiutarti a raggiungere la qualit\u00e0 che meriti.<\/p>\n<p><strong>Ufficio Regionale HQTS a Dubai<\/strong><\/p>\n<p><strong>Sede:<\/strong><\/p>\n<p>2201, Uptown Tower,<br \/>\nUptown Dubai<br \/>\nPO Box 48800<br \/>\nDubai, Emirati Arabi Uniti<\/p>\n<p><strong>Email:\u00a0<\/strong>inquiry@hqts.com<\/p>\n<p><img fetchpriority=\"high\" decoding=\"async\" class=\"alignnone wp-image-132769\" src=\"https:\/\/www.hqts.com\/wp-content\/uploads\/2023\/01\/Quality-Inspection-Company-Dubai-1024x768.jpg\" alt=\"inspection companies in uae\" width=\"559\" height=\"419\" srcset=\"https:\/\/www.hqts.com\/wp-content\/uploads\/2023\/01\/Quality-Inspection-Company-Dubai-1024x768.jpg 1024w, https:\/\/www.hqts.com\/wp-content\/uploads\/2023\/01\/Quality-Inspection-Company-Dubai-300x225.jpg 300w, https:\/\/www.hqts.com\/wp-content\/uploads\/2023\/01\/Quality-Inspection-Company-Dubai-768x576.jpg 768w, https:\/\/www.hqts.com\/wp-content\/uploads\/2023\/01\/Quality-Inspection-Company-Dubai.jpg 1440w\" sizes=\"(max-width: 559px) 100vw, 559px\" \/><\/p>\n<p>&nbsp;<\/p>\n<h2><strong>Servizi di Controllo Qualit\u00e0 negli Emirati Arabi Uniti<\/strong><\/h2>\n<p>In HQTS forniamo servizi di controllo qualit\u00e0 per aiutarti a ridurre i rischi legati all\u2019approvvigionamento di prodotti difettosi. I nostri servizi coprono diverse aree, tra cui controlli su fabbriche e fornitori, monitoraggio della produzione, supervisione dei progetti, ispezioni di qualit\u00e0 e molto altro.<\/p>\n<h4><strong>Societ\u00e0 di Ispezione di Terza Parte negli Emirati Arabi Uniti<\/strong><\/h4>\n<p>I nostri ispettori eseguono le ispezioni dei prodotti basandosi su criteri come dimensioni, quantit\u00e0, qualit\u00e0 della lavorazione, ispezione visiva, tecniche non distruttive e altri parametri, inclusi quelli specificati dal cliente o previsti dagli standard di settore. Offriamo servizi di ispezione sui prodotti che coprono tutte le fasi del ciclo produttivo.<\/p>\n<h5><strong>Tipologie di Servizi di Ispezione Qualit\u00e0:<\/strong><\/h5>\n<ul>\n<li>Ispezione di Saldatura negli EAU<\/li>\n<li>Ispezione di Verniciatura negli EAU<\/li>\n<li><strong><a href=\"https:\/\/www.hqts.com\/it\/i-nostri-servizi\/quality-control-inspections\/ispezione-pre-produzione\/\">Ispezione Prima della Produzione<\/a><\/strong><\/li>\n<li><strong><a href=\"https:\/\/www.hqts.com\/it\/i-nostri-servizi\/quality-control-inspections\/ispezione-durante-la-produzione\/\">Ispezione Durante la Produzione<\/a><\/strong><\/li>\n<li><strong><a href=\"https:\/\/www.hqts.com\/it\/i-nostri-servizi\/quality-control-inspections\/ispezione-pre-spedizione\/\">Ispezione Pre-Spedizione<\/a><\/strong><\/li>\n<li><strong><a href=\"https:\/\/www.hqts.com\/it\/i-nostri-servizi\/quality-control-inspections\/ispezione-pezzo-per-pezzo\/\">Ispezione Pezzo per Pezzo<\/a><\/strong><\/li>\n<li><strong><a href=\"https:\/\/www.hqts.com\/it\/i-nostri-servizi\/quality-control-inspections\/supervisione-del-carico-e-scarico\/\">Supervisione di Carico\/Scarico Contenitori<\/a><\/strong><\/li>\n<\/ul>\n<h4><strong>Audit di Fornitori e Fabbriche<\/strong><\/h4>\n<p>I nostri <strong><a href=\"https:\/\/www.hqts.com\/it\/factory-supplier-audits\/\">audit su fornitori e fabbriche<\/a><\/strong> aiutano a ridurre il rischio di ricevere prodotti di qualit\u00e0 inferiore o di collaborare con fornitori non affidabili. Gli audit possono essere organizzati localmente negli Emirati Arabi Uniti, presso la fabbrica del tuo fornitore in Cina, India o in qualsiasi altra sede della rete globale HQTS. Copriamo i principali punti di verifica di un audit del fornitore, tra cui:<\/p>\n<ul>\n<li><span style=\"font-family: -apple-system, BlinkMacSystemFont, 'Segoe UI', Roboto, 'Helvetica Neue', Arial, 'Noto Sans', sans-serif, 'Apple Color Emoji', 'Segoe UI Emoji', 'Segoe UI Symbol', 'Noto Color Emoji';\">Informazioni legali sull\u2019azienda<br \/>\n<\/span><\/li>\n<li><span style=\"font-family: -apple-system, BlinkMacSystemFont, 'Segoe UI', Roboto, 'Helvetica Neue', Arial, 'Noto Sans', sans-serif, 'Apple Color Emoji', 'Segoe UI Emoji', 'Segoe UI Symbol', 'Noto Color Emoji';\">Informazioni bancarie<br \/>\n<\/span><\/li>\n<li><span style=\"font-family: -apple-system, BlinkMacSystemFont, 'Segoe UI', Roboto, 'Helvetica Neue', Arial, 'Noto Sans', sans-serif, 'Apple Color Emoji', 'Segoe UI Emoji', 'Segoe UI Symbol', 'Noto Color Emoji';\">Risorse umane<br \/>\n<\/span><\/li>\n<li><span style=\"font-family: -apple-system, BlinkMacSystemFont, 'Segoe UI', Roboto, 'Helvetica Neue', Arial, 'Noto Sans', sans-serif, 'Apple Color Emoji', 'Segoe UI Emoji', 'Segoe UI Symbol', 'Noto Color Emoji';\">Capacit\u00e0 di esportazione<br \/>\n<\/span><\/li>\n<li><span style=\"font-family: -apple-system, BlinkMacSystemFont, 'Segoe UI', Roboto, 'Helvetica Neue', Arial, 'Noto Sans', sans-serif, 'Apple Color Emoji', 'Segoe UI Emoji', 'Segoe UI Symbol', 'Noto Color Emoji';\">Gestione degli ordini<\/span><\/li>\n<\/ul>\n<h4><strong>Test sui Prodotti negli Emirati Arabi Uniti<\/strong><\/h4>\n<p>HQTS dispone di laboratori accreditati per <strong><a href=\"https:\/\/www.hqts.com\/it\/i-nostri-servizi\/test-prodotti-materiali\/\">testare i prodotti<\/a><\/strong> secondo gli standard di settore, come la Certificazione CE, RoHS, REACH, CPSIA, DMF e California Prop 65, nei nostri laboratori all\u2019avanguardia in Asia e nella rete di laboratori partner. Le nostre attrezzature e servizi di test e ispezione qualit\u00e0 ti aiutano a garantire che i tuoi prodotti rispettino gli standard di sicurezza e i requisiti applicabili.<\/p>\n<h4><strong>Servizi di Certificazione Governativa e dei Prodotti negli Emirati Arabi Uniti<\/strong><\/h4>\n<p>HQTS possiede una conoscenza approfondita delle normative e degli standard tecnici. L\u2019azienda partecipa a numerosi programmi di valutazione della conformit\u00e0 dei prodotti in tutto il mondo e pu\u00f2 emettere certificati di conformit\u00e0 in diversi paesi, come la Certificazione <strong><a href=\"https:\/\/www.hqts.com\/our-services\/uganda-pvoc\/\">PVoC per l\u2019Uganda<\/a><\/strong>, la <strong><a href=\"https:\/\/www.hqts.com\/it\/i-nostri-servizi\/certificato-di-conformita-arabia\/\">Certificazione SASO<\/a><\/strong>, il <strong><a href=\"https:\/\/www.hqts.com\/it\/i-nostri-servizi\/certificato-di-conformita-iraq\/\">CoC per l\u2019Iraq<\/a><\/strong> e altri.<\/p>\n<h4><strong>Altri Servizi di Controllo Qualit\u00e0 negli Emirati Arabi Uniti<\/strong><\/h4>\n<p>Oltre ai servizi sopra menzionati, offriamo <strong><a href=\"https:\/\/www.hqts.com\/it\/i-nostri-servizi\/consulenza-controllo-qualita\/servizio-di-formazione\/\">formazione specializzata nella gestione della qualit\u00e0<\/a><\/strong>, <strong><a href=\"https:\/\/www.hqts.com\/it\/i-nostri-servizi\/ingegneria-della-qualita\/\">ingegneria della qualit\u00e0 dei fornitori<\/a><\/strong>, <strong><a href=\"https:\/\/www.hqts.com\/it\/i-nostri-servizi\/ingegneria-della-qualita\/monitoraggio-della-produzione\/\">monitoraggio della produzione<\/a><\/strong> e <strong><a href=\"https:\/\/www.hqts.com\/it\/i-nostri-servizi\/quality-control-inspections\/ispezione-lavori-civili\/\">soluzioni di personale per il controllo qualit\u00e0 nei lavori civili<\/a><\/strong> (ispettori\/ingegneri).<\/p>\n<h4><strong>Accreditamenti<\/strong><\/h4>\n<ul>\n<li>CNAS secondo ISO 17020 e 17025<\/li>\n<li>Membro del Testing Inspection and Certification Council<\/li>\n<\/ul>\n<p><strong><a href=\"https:\/\/www.hqts.com\/it\/contatti\/\">Contatta HQTS<\/a><\/strong> oggi stesso per scoprire come possiamo aiutarti a ottenere la qualit\u00e0 che meriti grazie ai nostri servizi di ispezione di terza parte e alle soluzioni di controllo qualit\u00e0 negli Emirati Arabi Uniti.<\/p>\n","protected":false},"excerpt":{"rendered":"<p>HQTS Dubai &#8211; Azienda di Controllo Qualit\u00e0 negli Emirati Arabi Uniti HQTS vanta oltre 25 anni di esperienza ed \u00e8 una delle principali societ\u00e0 di ispezione negli Emirati Arabi Uniti, offrendo copertura in tutti gli emirati, tra cui Abu Dhabi, Dubai e Fujairah, oltre che in tutta la regione del Golfo. Che tu stia cercando [&hellip;]<\/p>\n","protected":false},"author":12,"featured_media":220533,"parent":219931,"menu_order":0,"comment_status":"closed","ping_status":"closed","template":"","meta":{"_acf_changed":false,"footnotes":""},"class_list":["post-220593","page","type-page","status-publish","has-post-thumbnail","hentry"],"acf":[],"_links":{"self":[{"href":"https:\/\/www.hqts.com\/it\/wp-json\/wp\/v2\/pages\/220593","targetHints":{"allow":["GET"]}}],"collection":[{"href":"https:\/\/www.hqts.com\/it\/wp-json\/wp\/v2\/pages"}],"about":[{"href":"https:\/\/www.hqts.com\/it\/wp-json\/wp\/v2\/types\/page"}],"author":[{"embeddable":true,"href":"https:\/\/www.hqts.com\/it\/wp-json\/wp\/v2\/users\/12"}],"replies":[{"embeddable":true,"href":"https:\/\/www.hqts.com\/it\/wp-json\/wp\/v2\/comments?post=220593"}],"version-history":[{"count":1,"href":"https:\/\/www.hqts.com\/it\/wp-json\/wp\/v2\/pages\/220593\/revisions"}],"predecessor-version":[{"id":220606,"href":"https:\/\/www.hqts.com\/it\/wp-json\/wp\/v2\/pages\/220593\/revisions\/220606"}],"up":[{"embeddable":true,"href":"https:\/\/www.hqts.com\/it\/wp-json\/wp\/v2\/pages\/219931"}],"wp:featuredmedia":[{"embeddable":true,"href":"https:\/\/www.hqts.com\/it\/wp-json\/wp\/v2\/media\/220533"}],"wp:attachment":[{"href":"https:\/\/www.hqts.com\/it\/wp-json\/wp\/v2\/media?parent=220593"}],"curies":[{"name":"wp","href":"https:\/\/api.w.org\/{rel}","templated":true}]}}