{"id":220607,"date":"2025-11-10T02:56:39","date_gmt":"2025-11-10T02:56:39","guid":{"rendered":"https:\/\/www.hqts.com\/chi-siamo\/ufficio-regionale-uganda\/"},"modified":"2026-05-08T11:31:08","modified_gmt":"2026-05-08T11:31:08","slug":"ufficio-regionale-uganda","status":"publish","type":"page","link":"https:\/\/www.hqts.com\/it\/chi-siamo\/ufficio-regionale-uganda\/","title":{"rendered":"Ufficio Regionale Uganda"},"content":{"rendered":"<h3><strong>Controllo Qualit\u00e0 per l\u2019Uganda e l\u2019Africa Orientale<\/strong><\/h3>\n<p>HQTS \u00e8 la principale azienda mondiale nel controllo qualit\u00e0 di prodotti e servizi. L\u2019azienda dispone di un ufficio locale in Uganda, dove possiamo fornire servizi di controllo qualit\u00e0 per clienti in tutta l\u2019Africa orientale, inclusi Uganda, Kenya e Tanzania.<\/p>\n<p><strong>Ufficio Regionale HQTS Uganda<\/strong><\/p>\n<ul>\n<li><strong>Indirizzo:<\/strong> Plot 24, Wampewo Close P.O Box 11458, Kampala Uganda<\/li>\n<li><strong>Telefono:<\/strong> +256 0706161212 \/ +256 0730931279<\/li>\n<li><strong>Email:<\/strong> inquiry@hqts.com<\/li>\n<\/ul>\n<p><strong><br \/>\nKampala, Uganda<\/strong><\/p>\n<p>HQTS vanta anni di esperienza nella collaborazione con aziende locali appartenenti a diversi settori, tra cui:<br \/>\nIndustria del retail &#8211; Supermercati, grandi magazzini, marchi al dettaglio, e-commerce.<br \/>\nBeni industriali &#8211; Istituzionale, commerciale, industria pesante, ingegneria.<br \/>\nAlimentare e agricolo &#8211; Prodotti freschi, frutti di mare, imballaggi.<\/p>\n<p>I nostri clienti con sede in Uganda possono usufruire della nostra rete di servizi senza eguali, disponibile in oltre 40 paesi e regioni nel mondo, per richiedere rapidamente specialisti tecnici qualificati in qualsiasi parte del globo.<\/p>\n<h4><strong>I nostri Servizi di Controllo Qualit\u00e0 in Africa Orientale<\/strong><\/h4>\n<p>HQTS offre una gamma completa di servizi di garanzia della qualit\u00e0 per i clienti in Africa orientale. Questi servizi includono, ma non si limitano a, controlli su fabbriche e fornitori, monitoraggio della produzione, supervisione di progetti, ispezioni di controllo qualit\u00e0 e molto altro.<\/p>\n<p>Siamo il tuo partner nel controllo qualit\u00e0, indipendentemente dal settore in cui operi.<\/p>\n<h4><strong>Audit di Fabbrica e dei Fornitori<\/strong><\/h4>\n<p>HQTS vanta anni di esperienza nella realizzazione di audit di fornitori e fabbriche per conto dei propri clienti. I nostri esperti valutano le aziende in modo rigoroso sulla base delle loro strutture, politiche e procedure, documentando tutto in modo trasparente.<\/p>\n<h4><strong>Ispezioni di Controllo Qualit\u00e0<\/strong><\/h4>\n<p>Ispezionare un prodotto proveniente da un fornitore o produttore tramite una societ\u00e0 indipendente come HQTS \u00e8 fondamentale per garantire la qualit\u00e0 del prodotto. Grazie alla nostra presenza globale, possiamo offrire servizi di ispezione in tutto il mondo e intervenire in loco con breve preavviso. I nostri ispettori esperti seguono una checklist rigorosa e documentano ogni ispezione in modo trasparente tramite un report di prova.<\/p>\n<h4><strong>Certificato di Conformit\u00e0<\/strong><\/h4>\n<p>Il Certificato di Conformit\u00e0 (COC) \u00e8 una certificazione rilasciata da un ente autorizzato che attesta che un prodotto \u00e8 conforme alle normative e agli standard del paese di origine. HQTS pu\u00f2 rilasciare il Certificato di Conformit\u00e0 PVoC per l\u2019Uganda alle aziende che desiderano esportare merci nel Paese. Inoltre, possiamo assistervi con i seguenti servizi governativi:<\/p>\n<p>Forniamo anche altri Servizi Governativi nella regione, tra cui:<\/p>\n<ul>\n<li aria-level=\"1\"><b><a href=\"https:\/\/www.hqts.com\/it\/i-nostri-servizi\/certificato-di-conformita\/verifica-conformita-uganda\/uganda-pvoc-6\/\">Certificazione PVoC per l\u2019Uganda<\/a><br \/>\n<\/b><\/li>\n<li aria-level=\"1\"><b><a href=\"https:\/\/www.hqts.com\/it\/i-nostri-servizi\/certificato-di-conformita-arabia\/\">Certificazione SASO<\/a><br \/>\n<\/b><\/li>\n<li aria-level=\"1\"><b><a href=\"https:\/\/www.hqts.com\/it\/i-nostri-servizi\/ispezioni-pre-spedizione-uzbekistan\/\">Ispezioni Pre-Spedizione in Uzbekistan<\/a><br \/>\n<\/b><\/li>\n<li aria-level=\"1\"><a href=\"https:\/\/www.hqts.com\/it\/i-nostri-servizi\/ispezioni-approvate-dal-governo\/ispezioni-pre-spedizione-pakistan\/\"><b>Ispezioni Pre-Spedizione di Pesticidi in Pakistan<\/b><\/a><\/li>\n<\/ul>\n<p><img fetchpriority=\"high\" decoding=\"async\" class=\"alignnone size-full wp-image-136945\" src=\"https:\/\/www.hqts.com\/wp-content\/uploads\/2023\/03\/Uganda-PVOC-Public-Notice-HQTS.jpeg\" alt=\"Uganda PVoC Notice\" width=\"523\" height=\"479\" srcset=\"https:\/\/www.hqts.com\/wp-content\/uploads\/2023\/03\/Uganda-PVOC-Public-Notice-HQTS.jpeg 523w, https:\/\/www.hqts.com\/wp-content\/uploads\/2023\/03\/Uganda-PVOC-Public-Notice-HQTS-300x275.jpeg 300w\" sizes=\"(max-width: 523px) 100vw, 523px\" \/><\/p>\n<h4><strong>Accreditamenti:<\/strong><\/h4>\n<ul>\n<li aria-level=\"1\">CNAS secondo ISO 17020 &amp; 17025<\/li>\n<li aria-level=\"1\">Certificato CMA<\/li>\n<li aria-level=\"1\">Certificato di qualificazione per istituzioni di ispezione e indagine su merci import\/export<\/li>\n<li aria-level=\"1\">Certificato di membro dell\u2019Associazione cinese di ispezione e quarantena per il commercio import\/export<\/li>\n<li aria-level=\"1\">Certificato di Impresa High-tech di Hangzhou<\/li>\n<li aria-level=\"1\">Certificato di Membro del Consiglio dell\u2019Associazione E-Commerce della Provincia di Canton<\/li>\n<li aria-level=\"1\">Certificato di Membro dell\u2019Associazione dell\u2019Industria dei Dispositivi Medici della Provincia di Zhejiang<\/li>\n<li aria-level=\"1\">Certificato di Membro dell\u2019Associazione per l\u2019E-Commerce Transfrontaliero di Shenzhen<\/li>\n<li aria-level=\"1\">Membro del Comitato Tecnico per la Standardizzazione dell\u2019Industria Tessile<\/li>\n<\/ul>\n","protected":false},"excerpt":{"rendered":"<p>Controllo Qualit\u00e0 per l\u2019Uganda e l\u2019Africa Orientale HQTS \u00e8 la principale azienda mondiale nel controllo qualit\u00e0 di prodotti e servizi. L\u2019azienda dispone di un ufficio locale in Uganda, dove possiamo fornire servizi di controllo qualit\u00e0 per clienti in tutta l\u2019Africa orientale, inclusi Uganda, Kenya e Tanzania. Ufficio Regionale HQTS Uganda Indirizzo: Plot 24, Wampewo Close [&hellip;]<\/p>\n","protected":false},"author":12,"featured_media":220608,"parent":219931,"menu_order":0,"comment_status":"closed","ping_status":"closed","template":"","meta":{"_acf_changed":false,"footnotes":""},"class_list":["post-220607","page","type-page","status-publish","has-post-thumbnail","hentry"],"acf":[],"_links":{"self":[{"href":"https:\/\/www.hqts.com\/it\/wp-json\/wp\/v2\/pages\/220607","targetHints":{"allow":["GET"]}}],"collection":[{"href":"https:\/\/www.hqts.com\/it\/wp-json\/wp\/v2\/pages"}],"about":[{"href":"https:\/\/www.hqts.com\/it\/wp-json\/wp\/v2\/types\/page"}],"author":[{"embeddable":true,"href":"https:\/\/www.hqts.com\/it\/wp-json\/wp\/v2\/users\/12"}],"replies":[{"embeddable":true,"href":"https:\/\/www.hqts.com\/it\/wp-json\/wp\/v2\/comments?post=220607"}],"version-history":[{"count":2,"href":"https:\/\/www.hqts.com\/it\/wp-json\/wp\/v2\/pages\/220607\/revisions"}],"predecessor-version":[{"id":233911,"href":"https:\/\/www.hqts.com\/it\/wp-json\/wp\/v2\/pages\/220607\/revisions\/233911"}],"up":[{"embeddable":true,"href":"https:\/\/www.hqts.com\/it\/wp-json\/wp\/v2\/pages\/219931"}],"wp:featuredmedia":[{"embeddable":true,"href":"https:\/\/www.hqts.com\/it\/wp-json\/wp\/v2\/media\/220608"}],"wp:attachment":[{"href":"https:\/\/www.hqts.com\/it\/wp-json\/wp\/v2\/media?parent=220607"}],"curies":[{"name":"wp","href":"https:\/\/api.w.org\/{rel}","templated":true}]}}