{"id":220649,"date":"2025-11-10T16:00:42","date_gmt":"2025-11-10T16:00:42","guid":{"rendered":"https:\/\/www.hqts.com\/settori-che-serviamo\/test-attrezzature-costruzione\/servizi-di-ispezione-e-controllo-qualita-per-gru\/"},"modified":"2025-11-10T16:01:29","modified_gmt":"2025-11-10T16:01:29","slug":"ispezione-qualita-gru","status":"publish","type":"page","link":"https:\/\/www.hqts.com\/it\/settori-che-serviamo\/test-attrezzature-costruzione\/ispezione-qualita-gru\/","title":{"rendered":"Servizi di Ispezione e Controllo Qualit\u00e0 per Gru"},"content":{"rendered":"<p><strong>HQTS offre servizi professionali di ispezione per gru che riducono il rischio di non conformit\u00e0.<\/strong><\/p>\n<p>Che tu gestisca, produca o rivenda gru o attrezzature di sollevamento, garantire che siano sicure e conformi ai requisiti normativi \u00e8 fondamentale. Utilizzare gru non conformi provenienti da fornitori pu\u00f2 causare incidenti, tempi di inattivit\u00e0 e danni alla reputazione.<\/p>\n<h2><strong>Variet\u00e0 di Servizi di Garanzia della Qualit\u00e0 per Gru<\/strong><\/h2>\n<p>In HQTS, i nostri servizi di garanzia qualit\u00e0 per gru mirano a ridurre al minimo i rischi legati all\u2019acquisto di tali attrezzature. I nostri principali servizi includono ispezioni, test e audit sulle gru.<\/p>\n<p><strong>Offriamo inoltre servizi per molte altre categorie di prodotti ampiamente utilizzati nelle <a href=\"https:\/\/www.hqts.com\/it\/settori-che-serviamo\/test-attrezzature-costruzione\/\">ispezioni di attrezzature<\/a> per costruzioni, tra cui:<\/strong><\/p>\n<ul>\n<li>Gru (es. gru a torre, gru mobili, gru cingolate e gru a ponte)<\/li>\n<li><strong><a href=\"https:\/\/www.hqts.com\/your-industries\/machinery-quality-control\/excavator-inspection\/\">Escavatori<\/a><\/strong><\/li>\n<li>Bulldozer<\/li>\n<li>Carrelli elevatori<\/li>\n<li><strong><a href=\"https:\/\/www.hqts.com\/your-industries\/industrial\/steel-quality-control\/\">Prodotti in acciaio<\/a><\/strong><\/li>\n<li>Ricambi vari<\/li>\n<li>Altri <strong><a href=\"https:\/\/www.hqts.com\/your-industries\/machinery-quality-control\/\">macchinari<\/a><\/strong><\/li>\n<\/ul>\n<h2><strong>Servizi di Ispezione e Collaudo per Gru<\/strong><\/h2>\n<p>Possiamo assisterti sia che tu abbia bisogno di un\u2019ispezione su gru usate in Cina, sia di un rapporto di collaudo in fabbrica. Le nostre ispezioni vengono generalmente eseguite durante le fasi di <strong><a href=\"https:\/\/www.hqts.com\/it\/i-nostri-servizi\/quality-control-inspections\/ispezione-pre-spedizione\/\">pre-spedizione<\/a><\/strong> o di <strong><a href=\"https:\/\/www.hqts.com\/it\/i-nostri-servizi\/quality-control-inspections\/supervisione-del-carico-e-scarico\/\">carico\/scarico.<\/a><\/strong><\/p>\n<p>Il nostro team di ispettori esperti utilizza una checklist dedicata all\u2019ispezione delle gru per valutare vari aspetti come ispezione visiva, verifica delle quantit\u00e0, certificazioni, registri di manutenzione e altro ancora. Possiamo inoltre personalizzare la checklist in base alle tue esigenze specifiche di ispezione.<\/p>\n<p>Includiamo diversi metodi di test nelle nostre ispezioni di qualit\u00e0 per gru, tra cui:<\/p>\n<ul>\n<li><span style=\"font-family: -apple-system, BlinkMacSystemFont, 'Segoe UI', Roboto, 'Helvetica Neue', Arial, 'Noto Sans', sans-serif, 'Apple Color Emoji', 'Segoe UI Emoji', 'Segoe UI Symbol', 'Noto Color Emoji';\"><strong>Test di Funzionalit\u00e0<\/strong>: verifica il regolare funzionamento del motore, la capacit\u00e0 di sollevamento e le prestazioni del sistema idraulico.<br \/>\n<\/span><\/li>\n<li><span style=\"font-family: -apple-system, BlinkMacSystemFont, 'Segoe UI', Roboto, 'Helvetica Neue', Arial, 'Noto Sans', sans-serif, 'Apple Color Emoji', 'Segoe UI Emoji', 'Segoe UI Symbol', 'Noto Color Emoji';\"><strong>Test sul Campo<\/strong>: analizza la struttura, i componenti principali, il sistema di trasmissione, l\u2019elettronica e le parti elettroniche.<\/span><\/li>\n<\/ul>\n<h2><strong>Audit dei Fornitori di Gru<\/strong><\/h2>\n<p>Raccomandiamo di eseguire un audit sui nuovi fornitori prima dell\u2019acquisto, per ridurre il rischio di trattare con aziende non affidabili o incapaci di produrre gru conformi ai tuoi standard qualitativi.<\/p>\n<p>HQTS offre vari <strong><a href=\"https:\/\/www.hqts.com\/it\/i-nostri-servizi\/audit-di-fabbrica\/\">servizi di audit<\/a><\/strong>, inclusi audit di fornitori e fabbriche. I nostri audit coprono le procedure produttive del fornitore, i sistemi di gestione della qualit\u00e0 e molto altro.<\/p>\n<h2><strong>Altri Servizi di Garanzia della Qualit\u00e0<\/strong><\/h2>\n<p>HQTS possiede una comprovata esperienza nei servizi di garanzia qualit\u00e0. Siamo il tuo partner completo per il controllo qualit\u00e0 e offriamo:<\/p>\n<ul>\n<li><strong><a href=\"https:\/\/www.hqts.com\/it\/sezione-conformita\/\">Consulenza<\/a><\/strong><\/li>\n<li><strong><a href=\"https:\/\/www.hqts.com\/it\/i-nostri-servizi\/consulenza-controllo-qualita\/servizio-di-formazione\/\">Formazione sui Sistemi di Gestione della Qualit\u00e0<\/a><\/strong><\/li>\n<li><strong><a href=\"https:\/\/www.hqts.com\/it\/i-nostri-servizi\/ingegneria-della-qualita\/monitoraggio-della-produzione\/\">Monitoraggio della Produzione<\/a><\/strong><\/li>\n<\/ul>\n<p><strong><a href=\"https:\/\/www.hqts.com\/it\/contatti\/\">Contattaci<\/a><\/strong> oggi per saperne di pi\u00f9 sui nostri servizi di garanzia qualit\u00e0 o per ricevere gratuitamente un report di ispezione su gru.<\/p>\n","protected":false},"excerpt":{"rendered":"<p>Il controllo qualit\u00e0 su macchinari e attrezzature \u00e8 essenziale per ottimizzare l\u2019efficienza e migliorare i risultati economici della tua azienda.<\/p>\n","protected":false},"author":17,"featured_media":220651,"parent":220264,"menu_order":1,"comment_status":"closed","ping_status":"closed","template":"","meta":{"_acf_changed":false,"footnotes":""},"class_list":["post-220649","page","type-page","status-publish","has-post-thumbnail","hentry"],"acf":[],"_links":{"self":[{"href":"https:\/\/www.hqts.com\/it\/wp-json\/wp\/v2\/pages\/220649","targetHints":{"allow":["GET"]}}],"collection":[{"href":"https:\/\/www.hqts.com\/it\/wp-json\/wp\/v2\/pages"}],"about":[{"href":"https:\/\/www.hqts.com\/it\/wp-json\/wp\/v2\/types\/page"}],"author":[{"embeddable":true,"href":"https:\/\/www.hqts.com\/it\/wp-json\/wp\/v2\/users\/17"}],"replies":[{"embeddable":true,"href":"https:\/\/www.hqts.com\/it\/wp-json\/wp\/v2\/comments?post=220649"}],"version-history":[{"count":1,"href":"https:\/\/www.hqts.com\/it\/wp-json\/wp\/v2\/pages\/220649\/revisions"}],"predecessor-version":[{"id":220662,"href":"https:\/\/www.hqts.com\/it\/wp-json\/wp\/v2\/pages\/220649\/revisions\/220662"}],"up":[{"embeddable":true,"href":"https:\/\/www.hqts.com\/it\/wp-json\/wp\/v2\/pages\/220264"}],"wp:featuredmedia":[{"embeddable":true,"href":"https:\/\/www.hqts.com\/it\/wp-json\/wp\/v2\/media\/220651"}],"wp:attachment":[{"href":"https:\/\/www.hqts.com\/it\/wp-json\/wp\/v2\/media?parent=220649"}],"curies":[{"name":"wp","href":"https:\/\/api.w.org\/{rel}","templated":true}]}}