{"id":220663,"date":"2025-11-10T16:07:42","date_gmt":"2025-11-10T16:07:42","guid":{"rendered":"https:\/\/www.hqts.com\/settori-che-serviamo\/test-attrezzature-costruzione\/controllo-qualita-dellacciaio-ispezione-e-test\/"},"modified":"2025-11-10T16:08:41","modified_gmt":"2025-11-10T16:08:41","slug":"controllo-accaio-ispezione","status":"publish","type":"page","link":"https:\/\/www.hqts.com\/it\/settori-che-serviamo\/test-attrezzature-costruzione\/controllo-accaio-ispezione\/","title":{"rendered":"Controllo Qualit\u00e0 dell\u2019Acciaio &#8211; Ispezione e Test"},"content":{"rendered":"<h2><strong>Servizi di Controllo Qualit\u00e0 per Prodotti in Acciaio<\/strong><\/h2>\n<p><strong>Riduci i rischi di acquistare prodotti che non rispettano le tue specifiche grazie ai servizi di ispezione e controllo qualit\u00e0 per l\u2019acciaio personalizzati da HQTS.<\/strong><\/p>\n<p>L\u2019acquisto di prodotti in acciaio pu\u00f2 risultare complesso a causa di aziende fraudolente e del rischio di ottenere materiali con dimensioni errate, propriet\u00e0 meccaniche non conformi o superfici difettose, rendendo il controllo qualit\u00e0 particolarmente cruciale per le aziende del <strong><a href=\"https:\/\/www.hqts.com\/it\/settori-che-serviamo\/test-attrezzature-costruzione\/controllo-qualita-dellacciaio-ispezione-e-test\/\">settore delle costruzioni<\/a><\/strong>.<\/p>\n<p>In HQTS offriamo una gamma completa di servizi di controllo qualit\u00e0 per l\u2019acciaio, che includono ispezioni e test indipendenti per garantire che i tuoi prodotti in acciaio soddisfino gli standard pi\u00f9 rigorosi. Che tu abbia bisogno di un test chimico per la classificazione dell\u2019acciaio inossidabile, di una verifica dimensionale o di un\u2019ispezione su acciaio strutturale, il nostro team pu\u00f2 assisterti.<\/p>\n<p>&nbsp;<\/p>\n<h2><strong>Servizi di Controllo Qualit\u00e0 per l\u2019Acciaio<\/strong><\/h2>\n<p>HQTS \u00e8 un\u2019azienda leader nel controllo qualit\u00e0 con anni di esperienza in diversi settori industriali. Forniamo servizi di controllo qualit\u00e0 sull\u2019acciaio sia ai produttori che agli importatori nelle seguenti categorie:<\/p>\n<p><strong>Le principali categorie di prodotti industriali che serviamo includono:<\/strong><\/p>\n<ul>\n<li>Prodotti in Acciaio (tutti i tipi di componenti metallici \u2013 barre d\u2019acciaio, bobine d\u2019acciaio, flange, tubi e altro)<\/li>\n<li><a href=\"https:\/\/www.hqts.com\/your-industries\/industrial\/oil-gas-quality-control\/\"><strong>Attrezzature e Materiali per il Settore Petrolifero e del<\/strong> Gas<\/a><\/li>\n<li><strong><a href=\"https:\/\/www.hqts.com\/your-industries\/industrial\/chemical-quality-control\/\">Prodotti Chimici<\/a><\/strong><\/li>\n<li>Altri tipi di materie prime per la produzione industriale<\/li>\n<\/ul>\n<h5><strong>Servizi di Ispezione dell\u2019Acciaio<\/strong><\/h5>\n<p>I nostri servizi di ispezione sull\u2019acciaio coprono l\u2019intero ciclo produttivo, dalla produzione al caricamento dei container, e si basano su checklist di controllo qualit\u00e0 rigorose. Offriamo una gamma di servizi di ispezione per l\u2019acciaio, tra cui:<\/p>\n<ul>\n<li><strong><a href=\"https:\/\/www.hqts.com\/it\/pre-production-inspection\/\">Ispezione Prima della Produzione<\/a><\/strong><\/li>\n<li><strong><a href=\"https:\/\/www.hqts.com\/our-services\/during-production-inspection\/\">Ispezione Durante la Produzione<\/a><\/strong><\/li>\n<li><strong><a href=\"https:\/\/www.hqts.com\/it\/i-nostri-servizi\/quality-control-inspections\/ispezione-pre-spedizione\/\">Ispezione Pre-Spedizione<\/a><\/strong><\/li>\n<li><strong><a href=\"https:\/\/www.hqts.com\/it\/i-nostri-servizi\/quality-control-inspections\/ispezione-pezzo-per-pezzo\/\">Ispezione Pezzo per Pezzo<\/a><\/strong><\/li>\n<li><strong><a href=\"https:\/\/www.hqts.com\/it\/i-nostri-servizi\/quality-control-inspections\/supervisione-del-carico-e-scarico\/\">Supervisione di Carico\/Scarico Container<\/a><\/strong><\/li>\n<\/ul>\n<p>I nostri ispettori sono pronti a essere inviati presso acciaierie per eseguire controlli qualit\u00e0, che si trovino in Cina, India o in qualsiasi altra parte del mondo. I nostri metodi di ispezione sull\u2019acciaio includono la verifica delle quantit\u00e0, ispezioni non distruttive (comprese verifiche visive della qualit\u00e0), controllo della precisione dimensionale e revisione dei rapporti MTC e dei test, tra gli altri.<\/p>\n<h5><strong>Audit di Fabbrica per l\u2019Acciaio<\/strong><\/h5>\n<p>Possiamo eseguire <strong><a href=\"https:\/\/www.hqts.com\/it\/i-nostri-servizi\/audit-di-fabbrica\/\">audit sui tuoi fornitori<\/a><\/strong> basandoci su diversi criteri, tra cui la verifica della legittimit\u00e0 dell\u2019azienda, delle attrezzature e dei processi di produzione, per offrirti la massima fiducia nei confronti del tuo fornitore.<\/p>\n<h5><strong>Test di Controllo Qualit\u00e0 per l\u2019Acciaio<\/strong><\/h5>\n<p>Forniamo una gamma di <strong><a href=\"https:\/\/www.hqts.com\/it\/i-nostri-servizi\/test-prodotti-materiali\/\">test sull\u2019acciaio<\/a><\/strong>, sia indipendenti che in combinazione con le nostre ispezioni. Questi test comprendono:<\/p>\n<ul>\n<li><strong>Test di Composizione Chimica e Test Chimico per la Classificazione dell\u2019Acciaio Inossidabile<\/strong>: determinano la composizione chimica dell\u2019acciaio e ne misurano la qualit\u00e0.<\/li>\n<li><strong>Test delle Propriet\u00e0 Meccaniche<\/strong>: valuta la resistenza alla trazione, il limite di snervamento e l\u2019allungamento del materiale.<\/li>\n<li><strong>Test di Durezza<\/strong>: misura la resistenza del materiale alla penetrazione.<\/li>\n<li><strong>Test Ultrasonico (UT) sull\u2019Acciaio<\/strong>: individua eventuali difetti o imperfezioni nel materiale.<\/li>\n<\/ul>\n<h5><strong>Altri Servizi di Controllo Qualit\u00e0 per l\u2019Acciaio<\/strong><\/h5>\n<p>Oltre ai nostri servizi principali di controllo qualit\u00e0, offriamo anche:<\/p>\n<ul>\n<li><strong><a href=\"https:\/\/www.hqts.com\/it\/i-nostri-servizi\/test-prodotti-materiali\/test-normativi-conformita\/\">Consulenza Normativa<\/a><\/strong><\/li>\n<li><strong><a href=\"https:\/\/www.hqts.com\/it\/i-nostri-servizi\/certificato-di-conformita\/\">Certificazioni Governative<\/a><\/strong><\/li>\n<\/ul>\n<p>Cerchi un\u2019azienda di ispezione per l\u2019acciaio che ti supporti con servizi di test e verifica? Contattaci oggi stesso per richiedere un preventivo!<\/p>\n","protected":false},"excerpt":{"rendered":"<p>HQTS collabora con diverse piattaforme di e-commerce in Asia per fornire una vasta gamma di servizi di controllo e garanzia della qualit\u00e0.<\/p>\n","protected":false},"author":17,"featured_media":220664,"parent":220264,"menu_order":5,"comment_status":"closed","ping_status":"closed","template":"","meta":{"_acf_changed":false,"footnotes":""},"class_list":["post-220663","page","type-page","status-publish","has-post-thumbnail","hentry"],"acf":[],"_links":{"self":[{"href":"https:\/\/www.hqts.com\/it\/wp-json\/wp\/v2\/pages\/220663","targetHints":{"allow":["GET"]}}],"collection":[{"href":"https:\/\/www.hqts.com\/it\/wp-json\/wp\/v2\/pages"}],"about":[{"href":"https:\/\/www.hqts.com\/it\/wp-json\/wp\/v2\/types\/page"}],"author":[{"embeddable":true,"href":"https:\/\/www.hqts.com\/it\/wp-json\/wp\/v2\/users\/17"}],"replies":[{"embeddable":true,"href":"https:\/\/www.hqts.com\/it\/wp-json\/wp\/v2\/comments?post=220663"}],"version-history":[{"count":1,"href":"https:\/\/www.hqts.com\/it\/wp-json\/wp\/v2\/pages\/220663\/revisions"}],"predecessor-version":[{"id":220676,"href":"https:\/\/www.hqts.com\/it\/wp-json\/wp\/v2\/pages\/220663\/revisions\/220676"}],"up":[{"embeddable":true,"href":"https:\/\/www.hqts.com\/it\/wp-json\/wp\/v2\/pages\/220264"}],"wp:featuredmedia":[{"embeddable":true,"href":"https:\/\/www.hqts.com\/it\/wp-json\/wp\/v2\/media\/220664"}],"wp:attachment":[{"href":"https:\/\/www.hqts.com\/it\/wp-json\/wp\/v2\/media?parent=220663"}],"curies":[{"name":"wp","href":"https:\/\/api.w.org\/{rel}","templated":true}]}}