{"id":220677,"date":"2025-11-10T16:13:10","date_gmt":"2025-11-10T16:13:10","guid":{"rendered":"https:\/\/www.hqts.com\/settori-che-serviamo\/controllo-qualita-dei-prodotti-e-garanzia-di-qualita-nel-retail\/"},"modified":"2025-11-10T16:14:00","modified_gmt":"2025-11-10T16:14:00","slug":"controllo-qualita-prodotti-retail","status":"publish","type":"page","link":"https:\/\/www.hqts.com\/it\/settori-che-serviamo\/controllo-qualita-prodotti-retail\/","title":{"rendered":"Controllo Qualit\u00e0 dei Prodotti e Garanzia di Qualit\u00e0 nel Retail"},"content":{"rendered":"<h2><strong>Controllo Qualit\u00e0 dei Prodotti e Garanzia di Qualit\u00e0 nel Retail<\/strong><\/h2>\n<p><strong>Il controllo qualit\u00e0 e la garanzia di qualit\u00e0 si riferiscono ai processi utilizzati dalle aziende per assicurarsi che la qualit\u00e0 dei prodotti venga mantenuta. Questi processi aiutano inoltre a ridurre o eliminare i difetti nella produzione, cos\u00ec da soddisfare le aspettative dei clienti e rispettare le normative vigenti. Indipendentemente dal settore in cui operi, HQTS offre un\u2019ampia gamma di servizi di controllo qualit\u00e0 per i prodotti di consumo.<\/strong><\/p>\n<p style=\"text-align: justify;\">Dalle <a href=\"https:\/\/www.hqts.com\/our-services\/quality-control-inspections\/\">ispezioni di controllo qualit\u00e0<\/a> ai <a href=\"https:\/\/www.hqts.com\/our-services\/consumer-product-testing\/\">test sui prodotti di consumo<\/a> secondo gli standard REACH, RoHS, CA Prop 65 e altri, HQTS garantisce che i tuoi fornitori consegnino prodotti conformi ai tuoi requisiti di qualit\u00e0.<\/p>\n<p style=\"text-align: justify;\">Forniamo servizi per una vasta gamma di beni di consumo, tra cui:<\/p>\n<ul>\n<li><a href=\"https:\/\/www.hqts.com\/your-industries\/consumer-retail\/apparel-and-textiles\/\">Abbigliamento e tessuti<\/a><\/li>\n<li><a href=\"https:\/\/www.hqts.com\/automotive-accessories\/\">Parti e accessori per auto<\/a><\/li>\n<li><a href=\"https:\/\/www.hqts.com\/it\/electronics\/\">Elettronica<\/a><\/li>\n<li><a href=\"https:\/\/www.hqts.com\/your-industries\/consumer-retail\/personal-care-and-cosmetics\/\">Cura personale e cosmetici<\/a><\/li>\n<li>Casa e giardino<\/li>\n<li><a href=\"https:\/\/www.hqts.com\/your-industries\/consumer-retail\/toys-and-childrens-products\/\">Giocattoli e prodotti per bambini<\/a><\/li>\n<li><a href=\"https:\/\/www.hqts.com\/it\/footwear\/\">Calzature<\/a><\/li>\n<li><a href=\"https:\/\/www.hqts.com\/your-industries\/consumer-retail\/bags-and-accessories\/\">Borse e accessori<\/a><\/li>\n<li><a href=\"https:\/\/www.hqts.com\/your-industries\/consumer-retail\/hardgoods-testing\/\">Articoli per la casa<\/a><\/li>\n<li>Altro<\/li>\n<\/ul>\n<h4><strong>Cos\u2019\u00e8 il Controllo Qualit\u00e0 dei Prodotti?<\/strong><\/h4>\n<p style=\"text-align: justify;\">Il Controllo Qualit\u00e0 (QC) si riferisce alle attivit\u00e0 legate alla qualit\u00e0 associate alla creazione dei risultati di un progetto. Il controllo qualit\u00e0 viene utilizzato per verificare che i risultati siano di qualit\u00e0 accettabile, completi e corretti. Esempi di attivit\u00e0 di controllo qualit\u00e0 includono ispezioni, revisioni tra pari e processi di test.<\/p>\n<h4><strong>Cos\u2019\u00e8 la Garanzia di Qualit\u00e0 nel Retail?<\/strong><\/h4>\n<p style=\"text-align: justify;\">Le aziende del settore retail si distinguono dagli altri tipi di imprese perch\u00e9 si specializzano nella vendita di beni gi\u00e0 prodotti, piuttosto che nella produzione di beni a partire da materie prime. Il settore retail comprende una grande variet\u00e0 di canali, tra cui e-commerce, vendita per corrispondenza, distributori automatici, vendite a domicilio e fornitori di servizi. La garanzia di qualit\u00e0 mira a prevenire che difetti o problemi noti arrivino sul mercato.<\/p>\n<p style=\"text-align: justify;\">Essa offre l\u2019opportunit\u00e0 di correggere eventuali problemi prima che un prodotto o un aggiornamento venga lanciato. Conducendo attivit\u00e0 di QA nelle fasi iniziali di un progetto, le aziende possono mitigare i rischi individuati prima che abbiano un impatto negativo sull\u2019attivit\u00e0 o sull\u2019esperienza del cliente.<\/p>\n<h4><strong>Garanzia di Qualit\u00e0 vs Controllo Qualit\u00e0<\/strong><\/h4>\n<p style=\"text-align: justify;\">Il controllo qualit\u00e0 (QC) \u00e8 simile, ma non identico, alla garanzia di qualit\u00e0 (QA). La Garanzia di Qualit\u00e0 (QA) si riferisce al processo utilizzato per creare i risultati finali e pu\u00f2 essere eseguita da un responsabile, da un cliente o da un revisore esterno. Esempi di garanzia di qualit\u00e0 includono liste di controllo dei processi, audit di progetto e sviluppo di metodologie e standard.<\/p>\n<p style=\"text-align: justify;\">La Garanzia di Qualit\u00e0 \u00e8 orientata al processo e si concentra sulla prevenzione dei difetti, mentre il Controllo Qualit\u00e0 \u00e8 orientato al prodotto e si concentra sull\u2019identificazione dei difetti.<\/p>\n<h4><strong>Come possono il controllo e la garanzia di qualit\u00e0 migliorare un prodotto nel retail?<\/strong><\/h4>\n<p style=\"text-align: justify;\">Con catene di fornitura sempre pi\u00f9 complesse, i richiami e i resi dei prodotti sono diventati un problema significativo. Produttori, marchi e rivenditori devono avere la certezza che i prodotti consegnati rispettino le aspettative dei consumatori, le normative internazionali e gli standard di sicurezza e qualit\u00e0.<\/p>\n<p style=\"text-align: justify;\">I servizi di controllo qualit\u00e0 HQTS vengono forniti dal nostro personale tecnico e professionale situato nei principali centri produttivi dell\u2019Asia. Collaboriamo strettamente con te per identificare eventuali problemi di qualit\u00e0 prima della distribuzione, riducendo cos\u00ec ritardi, costi imprevisti e rischi per i tuoi consumatori e il tuo marchio.<\/p>\n","protected":false},"excerpt":{"rendered":"<p>Il controllo qualit\u00e0 e la garanzia di qualit\u00e0 si riferiscono ai processi utilizzati dalle aziende per garantire il mantenimento della qualit\u00e0 dei prodotti.<\/p>\n","protected":false},"author":12,"featured_media":220680,"parent":220156,"menu_order":0,"comment_status":"closed","ping_status":"closed","template":"","meta":{"_acf_changed":false,"footnotes":""},"class_list":["post-220677","page","type-page","status-publish","has-post-thumbnail","hentry"],"acf":[],"_links":{"self":[{"href":"https:\/\/www.hqts.com\/it\/wp-json\/wp\/v2\/pages\/220677","targetHints":{"allow":["GET"]}}],"collection":[{"href":"https:\/\/www.hqts.com\/it\/wp-json\/wp\/v2\/pages"}],"about":[{"href":"https:\/\/www.hqts.com\/it\/wp-json\/wp\/v2\/types\/page"}],"author":[{"embeddable":true,"href":"https:\/\/www.hqts.com\/it\/wp-json\/wp\/v2\/users\/12"}],"replies":[{"embeddable":true,"href":"https:\/\/www.hqts.com\/it\/wp-json\/wp\/v2\/comments?post=220677"}],"version-history":[{"count":1,"href":"https:\/\/www.hqts.com\/it\/wp-json\/wp\/v2\/pages\/220677\/revisions"}],"predecessor-version":[{"id":220691,"href":"https:\/\/www.hqts.com\/it\/wp-json\/wp\/v2\/pages\/220677\/revisions\/220691"}],"up":[{"embeddable":true,"href":"https:\/\/www.hqts.com\/it\/wp-json\/wp\/v2\/pages\/220156"}],"wp:featuredmedia":[{"embeddable":true,"href":"https:\/\/www.hqts.com\/it\/wp-json\/wp\/v2\/media\/220680"}],"wp:attachment":[{"href":"https:\/\/www.hqts.com\/it\/wp-json\/wp\/v2\/media?parent=220677"}],"curies":[{"name":"wp","href":"https:\/\/api.w.org\/{rel}","templated":true}]}}