{"id":220721,"date":"2025-11-10T16:30:39","date_gmt":"2025-11-10T16:30:39","guid":{"rendered":"https:\/\/www.hqts.com\/settori-che-serviamo\/controllo-qualita-prodotti-retail\/electronics-quality-control-and-testing-services\/"},"modified":"2025-11-21T13:56:18","modified_gmt":"2025-11-21T13:56:18","slug":"controllo-qualita-elettronica","status":"publish","type":"page","link":"https:\/\/www.hqts.com\/it\/settori-che-serviamo\/controllo-qualita-prodotti-retail\/controllo-qualita-elettronica\/","title":{"rendered":"Servizi di Controllo Qualit\u00e0 ed Esecuzione di Test per l\u2019Elettronica"},"content":{"rendered":"\t\t<div data-elementor-type=\"wp-page\" data-elementor-id=\"220721\" class=\"elementor elementor-220721 elementor-3570\" data-elementor-post-type=\"page\">\n\t\t\t\t\t\t<section class=\"elementor-section elementor-top-section elementor-element elementor-element-49e02d69 elementor-section-boxed elementor-section-height-default elementor-section-height-default\" data-id=\"49e02d69\" data-element_type=\"section\">\n\t\t\t\t\t\t<div class=\"elementor-container elementor-column-gap-default\">\n\t\t\t\t\t<div class=\"elementor-column elementor-col-100 elementor-top-column elementor-element elementor-element-5da373c7\" data-id=\"5da373c7\" data-element_type=\"column\">\n\t\t\t<div class=\"elementor-widget-wrap elementor-element-populated\">\n\t\t\t\t\t\t<div class=\"elementor-element elementor-element-28ece57b elementor-widget elementor-widget-text-editor\" data-id=\"28ece57b\" data-element_type=\"widget\" data-widget_type=\"text-editor.default\">\n\t\t\t\t<div class=\"elementor-widget-container\">\n\t\t\t\t\t\t\t\t\t<h2><strong>Controllo Qualit\u00e0 nel Settore Elettronico<\/strong><\/h2><p><strong>Garantisci che i tuoi prodotti elettronici siano privi di componenti o materiali di bassa qualit\u00e0 grazie alle soluzioni di controllo qualit\u00e0 di HQTS, progettate appositamente per l\u2019industria elettronica.<\/strong><\/p><p dir=\"auto\" data-pm-slice=\"1 1 []\">Raggiungi la conformit\u00e0 alle severe normative di sicurezza e offri prodotti di alta qualit\u00e0 con i nostri servizi di controllo qualit\u00e0. Conosciamo a fondo regolamenti e marchi di conformit\u00e0 come RoHS, Marcatura CE e WEEE, e ci impegniamo a garantire che i tuoi prodotti rispettino i tuoi requisiti e gli standard specifici del settore.<\/p><h2 dir=\"auto\" data-pm-slice=\"1 1 []\"><strong>Controllo Qualit\u00e0 nella Produzione e nei Prodotti Elettronici<\/strong><\/h2><p dir=\"auto\" data-pm-slice=\"1 1 []\"><strong>HQTS vanta decenni di esperienza ed \u00e8 il partner di fiducia per le aziende di tutto il mondo.<\/strong> Se hai bisogno di assistenza per eseguire un audit presso un produttore di elettronica in Cina, ispezionare componenti elettronici in uno stabilimento in India o verificare marchi e normative di conformit\u00e0 per i tuoi prodotti, siamo qui per aiutarti.<\/p><h5 dir=\"auto\" data-pm-slice=\"1 1 []\"><strong>Prodotti inclusi:<\/strong><\/h5><ul><li dir=\"auto\" data-pm-slice=\"1 1 []\"><strong><a href=\"https:\/\/www.hqts.com\/it\/settori-che-serviamo\/controllo-qualita-prodotti-retail\/controllo-qualita-elettronica\/controllo-qualita-lluminazione\/\">Prodotti di illuminazione AC e LED<\/a><\/strong><\/li><li dir=\"auto\" data-pm-slice=\"1 1 []\"><strong><a href=\"https:\/\/www.hqts.com\/your-industries\/consumer-retail\/electronics\/consumer-electronics-quality-control\/\">Elettronica di consumo<\/a><\/strong><\/li><li dir=\"auto\" data-pm-slice=\"1 1 []\"><strong><a href=\"https:\/\/www.hqts.com\/it\/settori-che-serviamo\/controllo-qualita-prodotti-retail\/controllo-qualita-elettronica\/controllo-qualita-elettrodomestici\/\">Elettrodomestici<\/a><\/strong><\/li><li dir=\"auto\" data-pm-slice=\"1 1 []\">Altri componenti elettrici e prodotti elettronici finiti<\/li><\/ul><h5 dir=\"auto\" data-pm-slice=\"1 1 []\"><strong>Ispezioni di Qualit\u00e0 per l\u2019Elettronica<\/strong><\/h5><p dir=\"auto\" data-pm-slice=\"1 1 []\">HQTS \u00e8 accreditata dal CNAS secondo la norma ISO17020:2012 per le ispezioni. I nostri ispettori esperti in controllo qualit\u00e0 per l\u2019elettronica seguono una checklist completa per verificare nei siti produttivi la qualit\u00e0 della lavorazione, le specifiche, la funzionalit\u00e0, la sicurezza e la conformit\u00e0 ai marchi come UL e Marcatura CE.<\/p><p dir=\"auto\" data-pm-slice=\"1 1 []\"><strong>I nostri servizi di ispezione qualit\u00e0 includono:<\/strong><\/p><ul><li>Ispezione pre-produzione<\/li><li>Ispezione durante la produzione<\/li><li>Ispezione pre-spedizione<\/li><li>Ispezione pezzo per pezzo<\/li><li>Supervisione del carico<\/li><\/ul><h5><strong>Audit per il Settore Elettronico<\/strong><\/h5><p>Oltre alle ispezioni di controllo qualit\u00e0, HQTS offre diversi tipi di audit per la produzione elettronica, tra cui:<\/p><ul><li>Audit di fabbrica<\/li><li>Audit dei fornitori<\/li><li>Audit di conformit\u00e0 sociale<\/li><\/ul><h5><strong>Test per l\u2019Elettronica<\/strong><\/h5><p>Il nostro laboratorio accreditato CNAS ISO17025:2005 e i laboratori partner eseguono test completi e servizi di certificazione per l\u2019elettronica, tra cui Marcatura CE, test di conformit\u00e0 RoHS, test di caduta delle confezioni (carton drop test) e altri ancora.<\/p><h5><strong>Altri Servizi di Controllo Qualit\u00e0 per l\u2019Elettronica<\/strong><\/h5><p>In HQTS, i nostri tecnici e ispettori conoscono in profondit\u00e0 il settore elettronico e possiedono competenze sugli standard internazionali e sulle migliori pratiche di gestione della qualit\u00e0. Oltre ai servizi di controllo qualit\u00e0 per l\u2019elettronica, offriamo anche:<\/p><ul><li><strong>Certificazioni governative e di prodotto<\/strong><\/li><li><strong>Consulenza<\/strong><\/li><li><strong>Formazione<\/strong><\/li><li><strong>Ingegneria della qualit\u00e0 dei fornitori<\/strong><\/li><\/ul><p style=\"text-align: justify;\">Contattaci oggi stesso per discutere le tue esigenze tecniche e scoprire come possiamo supportare la tua azienda.<\/p>\t\t\t\t\t\t\t\t<\/div>\n\t\t\t\t<\/div>\n\t\t\t\t\t<\/div>\n\t\t<\/div>\n\t\t\t\t\t<\/div>\n\t\t<\/section>\n\t\t\t\t<\/div>\n\t\t","protected":false},"excerpt":{"rendered":"<p>Controllo Qualit\u00e0 nel Settore Elettronico Garantisci che i tuoi prodotti elettronici siano privi di componenti o materiali di bassa qualit\u00e0 grazie alle soluzioni di controllo qualit\u00e0 di HQTS, progettate appositamente per l\u2019industria elettronica. Raggiungi la conformit\u00e0 alle severe normative di sicurezza e offri prodotti di alta qualit\u00e0 con i nostri servizi di controllo qualit\u00e0. Conosciamo [&hellip;]<\/p>\n","protected":false},"author":12,"featured_media":220723,"parent":220677,"menu_order":22,"comment_status":"closed","ping_status":"closed","template":"","meta":{"_acf_changed":false,"footnotes":""},"class_list":["post-220721","page","type-page","status-publish","has-post-thumbnail","hentry"],"acf":[],"_links":{"self":[{"href":"https:\/\/www.hqts.com\/it\/wp-json\/wp\/v2\/pages\/220721","targetHints":{"allow":["GET"]}}],"collection":[{"href":"https:\/\/www.hqts.com\/it\/wp-json\/wp\/v2\/pages"}],"about":[{"href":"https:\/\/www.hqts.com\/it\/wp-json\/wp\/v2\/types\/page"}],"author":[{"embeddable":true,"href":"https:\/\/www.hqts.com\/it\/wp-json\/wp\/v2\/users\/12"}],"replies":[{"embeddable":true,"href":"https:\/\/www.hqts.com\/it\/wp-json\/wp\/v2\/comments?post=220721"}],"version-history":[{"count":5,"href":"https:\/\/www.hqts.com\/it\/wp-json\/wp\/v2\/pages\/220721\/revisions"}],"predecessor-version":[{"id":222537,"href":"https:\/\/www.hqts.com\/it\/wp-json\/wp\/v2\/pages\/220721\/revisions\/222537"}],"up":[{"embeddable":true,"href":"https:\/\/www.hqts.com\/it\/wp-json\/wp\/v2\/pages\/220677"}],"wp:featuredmedia":[{"embeddable":true,"href":"https:\/\/www.hqts.com\/it\/wp-json\/wp\/v2\/media\/220723"}],"wp:attachment":[{"href":"https:\/\/www.hqts.com\/it\/wp-json\/wp\/v2\/media?parent=220721"}],"curies":[{"name":"wp","href":"https:\/\/api.w.org\/{rel}","templated":true}]}}