{"id":220740,"date":"2025-11-10T16:42:19","date_gmt":"2025-11-10T16:42:19","guid":{"rendered":"https:\/\/www.hqts.com\/settori-che-serviamo\/controllo-qualita-prodotti-retail\/controllo-qualita-elettronica\/controllo-qualita-per-lelettronica-di-consumo\/"},"modified":"2025-11-10T16:43:16","modified_gmt":"2025-11-10T16:43:16","slug":"controllo-qualita-elettronica-di-consumo","status":"publish","type":"page","link":"https:\/\/www.hqts.com\/it\/settori-che-serviamo\/controllo-qualita-prodotti-retail\/controllo-qualita-elettronica\/controllo-qualita-elettronica-di-consumo\/","title":{"rendered":"Controllo Qualit\u00e0 per l\u2019Elettronica di Consumo"},"content":{"rendered":"<h3><strong>Controllo Qualit\u00e0 per l\u2019Elettronica di Consumo<\/strong><\/h3>\n<p><strong>Evita la frustrazione di ricevere prodotti elettronici difettosi dai tuoi produttori. In HQTS comprendiamo l\u2019importanza di garantire la qualit\u00e0 e l\u2019affidabilit\u00e0 di laptop, tablet e altri dispositivi elettronici di consumo prima che arrivino ai tuoi clienti.<\/strong><\/p>\n<p>Il settore dell\u2019elettronica di consumo \u00e8 soggetto a rigorosi standard di sicurezza e marchi di conformit\u00e0, come RoHS, regolamenti FCC, direttiva WEEE, marcatura CE e alte aspettative da parte dei clienti. Tuttavia, i prodotti vengono spesso realizzati in pi\u00f9 fabbriche, con componenti come batterie, circuiti stampati, chip integrati, interruttori e display provenienti da numerosi fornitori. Tutto ci\u00f2 rende pi\u00f9 difficile assicurarsi che i prodotti, e ogni loro componente, rispettino i tuoi standard di qualit\u00e0 e le specifiche richieste.<\/p>\n<p>&nbsp;<\/p>\n<h3><strong>Controllo Qualit\u00e0 per l\u2019Elettronica di Consumo<\/strong><\/h3>\n<p>In HQTS vantiamo anni di esperienza nel supportare le <strong><a href=\"https:\/\/www.hqts.com\/it\/settori-che-serviamo\/controllo-qualita-prodotti-retail\/controllo-qualita-elettronica\/\">aziende elettroniche<\/a><\/strong> lungo tutta la catena di fornitura. Dall\u2019audit dei produttori e l\u2019ispezione delle schede madri e dei componenti principali, ai test di conformit\u00e0 sugli apparecchi elettronici e al rilascio di certificati di conformit\u00e0 per mercati specifici.<\/p>\n<h4><strong>Ispezioni per l\u2019Elettronica di Consumo<\/strong><\/h4>\n<p>I nostri ispettori esperti utilizzano una checklist dettagliata per ispezionare accuratamente i prodotti elettronici di consumo e integrare eventuali requisiti specifici forniti da te. Le ispezioni sono progettate per valutare non solo la durabilit\u00e0 e la qualit\u00e0 costruttiva del prodotto, ma anche le sue prestazioni e funzionalit\u00e0. I nostri servizi includono:<\/p>\n<ul>\n<li><strong><a href=\"https:\/\/www.hqts.com\/it\/i-nostri-servizi\/quality-control-inspections\/ispezione-pre-produzione\/\">Ispezione Pre-Produzione<\/a><\/strong>: Garantisce che il produttore di elettronica di consumo possa avviare la produzione nei tempi previsti e che tutte le specifiche e i requisiti di qualit\u00e0 siano rispettati ai massimi livelli.<\/li>\n<li><strong><a href=\"https:\/\/www.hqts.com\/it\/i-nostri-servizi\/quality-control-inspections\/ispezione-durante-la-produzione\/\">Ispezione Durante la Produzione (DPI)<\/a><\/strong>: I prodotti vengono ispezionati durante il processo produttivo per verificare che rispettino gli standard specificati e per individuare e risolvere tempestivamente eventuali difetti.<\/li>\n<li><strong><a href=\"https:\/\/www.hqts.com\/it\/i-nostri-servizi\/quality-control-inspections\/ispezione-pre-spedizione\/\">Ispezione Pre-Spedizione (PSI)<\/a><\/strong>: Controllo di un campione dei prodotti finiti per verificare che rispettino i tuoi requisiti e standard di qualit\u00e0, inclusa un\u2019ispezione visiva, la valutazione dell\u2019aspetto generale, della lavorazione, della funzionalit\u00e0, della sicurezza e di altre specifiche da te definite.<\/li>\n<li><strong><a href=\"https:\/\/www.hqts.com\/it\/i-nostri-servizi\/quality-control-inspections\/ispezione-pre-spedizione\/\">Ispezione Pezzo per Pezzo<\/a><\/strong>: Valutazione di ogni singolo articolo del lotto di produzione, considerando vari aspetti come funzionalit\u00e0, sicurezza, qualit\u00e0 costruttiva e altro.<\/li>\n<li><strong><a href=\"https:\/\/www.hqts.com\/our-services\/loading-and-unloading-supervision\/\">Supervisione del Carico<\/a><\/strong>: Ispezione del processo di imballaggio e carico per garantire che i prodotti vengano confezionati e spediti in conformit\u00e0 agli standard concordati.<\/li>\n<li><strong>Verifica del Corretto Assemblaggio<\/strong>: Controllo che tutti i componenti del prodotto siano montati e assemblati correttamente utilizzando un modulo di dati dei componenti.<\/li>\n<\/ul>\n<h4><strong>Audit per l\u2019Elettronica di Consumo<\/strong><\/h4>\n<p>HQTS pu\u00f2 aiutarti a verificare la legittimit\u00e0 del tuo produttore di elettronica e a valutarne i sistemi di qualit\u00e0, le procedure di gestione e le capacit\u00e0 operative secondo gli standard internazionali.<\/p>\n<ul>\n<li><strong><a href=\"https:\/\/www.hqts.com\/it\/i-nostri-servizi\/audit-di-fabbrica\/\">Audit di Fabbrica<\/a><\/strong>: Valutazione dei sistemi di controllo qualit\u00e0 del produttore, dei macchinari, delle strutture, delle attrezzature e della capacit\u00e0 produttiva.<\/li>\n<li><strong><a href=\"https:\/\/www.hqts.com\/it\/i-nostri-servizi\/audit-di-fabbrica\/\">Audit del Fornitore<\/a><\/strong>: Verifica delle informazioni legali dell\u2019azienda, dei dati bancari, delle risorse umane, delle capacit\u00e0 di esportazione e di altri aspetti rilevanti.<\/li>\n<\/ul>\n<h4><strong>Test per l\u2019Elettronica di Consumo<\/strong><\/h4>\n<p>HQTS dispone di propri laboratori e di una vasta rete di laboratori partner in tutto il mondo. Offriamo vari servizi, tra cui test funzionali, test software in loco, <strong><a href=\"https:\/\/www.hqts.com\/it\/i-nostri-servizi\/test-prodotti-materiali\/test-rohs\/\">test RoHS<\/a><\/strong>, marcatura CE, <strong><a href=\"https:\/\/www.hqts.com\/it\/i-nostri-servizi\/test-prodotti-materiali\/test-di-imballaggio-e-trasporto\/\">test di caduta delle confezioni<\/a><\/strong> (carton drop test) e altro ancora.<\/p>\n<h4><strong>Altri Servizi per l\u2019Elettronica di Consumo<\/strong><\/h4>\n<p>I nostri tecnici e ispettori vantano una lunga esperienza nel settore dell\u2019elettronica di consumo, con conoscenze approfondite sugli standard internazionali e sulle migliori pratiche di gestione della qualit\u00e0. Siamo qui per aiutarti a garantire che i tuoi prodotti rispettino i requisiti richiesti e siano conformi alle normative e agli standard applicabili.<\/p>\n<ul>\n<li><strong><a href=\"https:\/\/www.hqts.com\/it\/i-nostri-servizi\/ispezioni-approvate-dal-governo\/\">Certificazioni Governative e di Prodotto<\/a><\/strong><\/li>\n<li><strong><a href=\"https:\/\/www.hqts.com\/it\/i-nostri-servizi\/consulenza-controllo-qualita\/\">Consulenza<\/a><\/strong><\/li>\n<li><strong><a href=\"https:\/\/www.hqts.com\/it\/i-nostri-servizi\/consulenza-controllo-qualita\/servizio-di-formazione\/\">Formazione<\/a><\/strong><\/li>\n<li><strong><a href=\"https:\/\/www.hqts.com\/it\/i-nostri-servizi\/ingegneria-della-qualita\/ingegneria-qualita-fornitori\/\">Ingegneria della Qualit\u00e0 dei Fornitori<\/a><\/strong><\/li>\n<\/ul>\n<p>&nbsp;<\/p>\n","protected":false},"excerpt":{"rendered":"<p>Controllo Qualit\u00e0 per l\u2019Elettronica di Consumo Evita la frustrazione di ricevere prodotti elettronici difettosi dai tuoi produttori. In HQTS comprendiamo l\u2019importanza di garantire la qualit\u00e0 e l\u2019affidabilit\u00e0 di laptop, tablet e altri dispositivi elettronici di consumo prima che arrivino ai tuoi clienti. Il settore dell\u2019elettronica di consumo \u00e8 soggetto a rigorosi standard di sicurezza e [&hellip;]<\/p>\n","protected":false},"author":17,"featured_media":220742,"parent":220721,"menu_order":28,"comment_status":"closed","ping_status":"closed","template":"","meta":{"_acf_changed":false,"footnotes":""},"class_list":["post-220740","page","type-page","status-publish","has-post-thumbnail","hentry"],"acf":[],"_links":{"self":[{"href":"https:\/\/www.hqts.com\/it\/wp-json\/wp\/v2\/pages\/220740","targetHints":{"allow":["GET"]}}],"collection":[{"href":"https:\/\/www.hqts.com\/it\/wp-json\/wp\/v2\/pages"}],"about":[{"href":"https:\/\/www.hqts.com\/it\/wp-json\/wp\/v2\/types\/page"}],"author":[{"embeddable":true,"href":"https:\/\/www.hqts.com\/it\/wp-json\/wp\/v2\/users\/17"}],"replies":[{"embeddable":true,"href":"https:\/\/www.hqts.com\/it\/wp-json\/wp\/v2\/comments?post=220740"}],"version-history":[{"count":1,"href":"https:\/\/www.hqts.com\/it\/wp-json\/wp\/v2\/pages\/220740\/revisions"}],"predecessor-version":[{"id":220753,"href":"https:\/\/www.hqts.com\/it\/wp-json\/wp\/v2\/pages\/220740\/revisions\/220753"}],"up":[{"embeddable":true,"href":"https:\/\/www.hqts.com\/it\/wp-json\/wp\/v2\/pages\/220721"}],"wp:featuredmedia":[{"embeddable":true,"href":"https:\/\/www.hqts.com\/it\/wp-json\/wp\/v2\/media\/220742"}],"wp:attachment":[{"href":"https:\/\/www.hqts.com\/it\/wp-json\/wp\/v2\/media?parent=220740"}],"curies":[{"name":"wp","href":"https:\/\/api.w.org\/{rel}","templated":true}]}}