{"id":220760,"date":"2025-11-11T00:54:18","date_gmt":"2025-11-11T00:54:18","guid":{"rendered":"https:\/\/www.hqts.com\/settori-che-serviamo\/controllo-qualita-prodotti-retail\/controllo-qualita-elettronica\/controllo-qualita-per-gli-elettrodomestici\/"},"modified":"2025-11-11T00:55:05","modified_gmt":"2025-11-11T00:55:05","slug":"controllo-qualita-elettrodomestici","status":"publish","type":"page","link":"https:\/\/www.hqts.com\/it\/settori-che-serviamo\/controllo-qualita-prodotti-retail\/controllo-qualita-elettronica\/controllo-qualita-elettrodomestici\/","title":{"rendered":"Controllo Qualit\u00e0 per gli Elettrodomestici"},"content":{"rendered":"<h3><strong>Controllo Qualit\u00e0 per gli Elettrodomestici<\/strong><\/h3>\n<p><strong>Migliora la qualit\u00e0 dei tuoi elettrodomestici per soddisfare i pi\u00f9 alti standard con le soluzioni complete di controllo qualit\u00e0 di HQTS, progettate appositamente per l\u2019industria degli apparecchi domestici.<\/strong><\/p>\n<p>Gli elettrodomestici da cucina e per la casa sono soggetti a rigide normative, come RoHS, Marcatura CE, Direttiva EMC, CCC e WEEE, poich\u00e9 destinati all\u2019uso da parte dei consumatori finali. A causa della natura del settore, con la produzione spesso distribuita in diversi stabilimenti, il controllo qualit\u00e0 pu\u00f2 risultare complesso.<\/p>\n<p>Per garantire la conformit\u00e0 alle specifiche, alla sicurezza e ai requisiti normativi, \u00e8 fondamentale adottare una strategia di controllo qualit\u00e0 ben definita per l\u2019approvvigionamento e la produzione degli elettrodomestici.<\/p>\n<h3><strong>Controllo Qualit\u00e0 in Ogni Fase della Catena di Fornitura degli Elettrodomestici<\/strong><\/h3>\n<p>HQTS vanta decenni di esperienza ed \u00e8 il partner di fiducia di aziende in tutto il mondo per la fornitura di soluzioni di controllo qualit\u00e0 per prodotti elettronici. Disponiamo di un team altamente qualificato e offriamo <strong><a href=\"https:\/\/www.hqts.com\/it\/settori-che-serviamo\/controllo-qualita-prodotti-retail\/controllo-qualita-elettronica\/\">servizi di ispezione<\/a><\/strong>, test e certificazione per tutti i tipi di elettrodomestici, tra cui frigoriferi, lavatrici, ferri da stiro, bollitori elettrici e molti altri.<\/p>\n<h4><strong>Ispezioni di Qualit\u00e0 per Elettrodomestici<\/strong><\/h4>\n<p>Durante tutte le nostre ispezioni per elettrodomestici da cucina, i nostri ispettori valutano la qualit\u00e0 dei prodotti elettronici utilizzando una checklist che copre aree chiave come la lavorazione, le specifiche tecniche, la funzionalit\u00e0 e la sicurezza. I nostri servizi di ispezione possono anche verificare la conformit\u00e0 del prodotto con la Marcatura CE, UL e altri standard e marchi di conformit\u00e0 del settore.<\/p>\n<ul>\n<li><strong><a href=\"https:\/\/www.hqts.com\/it\/i-nostri-servizi\/quality-control-inspections\/ispezione-pre-produzione\/\">Ispezione Pre-Produzione<\/a><\/strong>: Assicura che il produttore disponga delle risorse e delle capacit\u00e0 per rispettare le specifiche e i requisiti di qualit\u00e0 del prodotto, e valuta la durabilit\u00e0 dei materiali prima dell\u2019avvio della produzione.<\/li>\n<li><strong><a href=\"https:\/\/www.hqts.com\/it\/i-nostri-servizi\/quality-control-inspections\/ispezione-durante-la-produzione\/\">Ispezione Durante la Produzione (DPI)<\/a><\/strong>: Monitora il processo produttivo per garantire che i prodotti rispettino gli standard previsti e identifica eventuali difetti o aree di miglioramento nella produzione.<\/li>\n<li><strong><a href=\"https:\/\/www.hqts.com\/it\/i-nostri-servizi\/quality-control-inspections\/ispezione-pre-spedizione\/\">Ispezione Pre-Spedizione (PSI)<\/a><\/strong>: Ispeziona un campione dei prodotti in base al limite di qualit\u00e0 accettabile (AQL) per verificare che soddisfino i requisiti, includendo il controllo visivo, la verifica delle quantit\u00e0, l\u2019etichettatura, l\u2019imballaggio, la lavorazione, la funzionalit\u00e0 e la sicurezza.<\/li>\n<li><strong><a href=\"https:\/\/www.hqts.com\/it\/i-nostri-servizi\/quality-control-inspections\/ispezione-pre-spedizione\/\">Ispezione Pezzo per Pezzo<\/a><\/strong>: Valuta le prestazioni di ogni singolo elettrodomestico del lotto, analizzando vari aspetti come funzionalit\u00e0, sicurezza e qualit\u00e0 costruttiva.<\/li>\n<li><strong><a href=\"https:\/\/www.hqts.com\/our-services\/loading-and-unloading-supervision\/\">Supervisione del Carico:<\/a><\/strong> Monitora il processo di imballaggio e carico per garantire che i prodotti vengano confezionati e spediti correttamente.<\/li>\n<li><strong>Verifica del Corretto Assemblaggio<\/strong>: Assicura che tutti i componenti siano montati e assemblati correttamente utilizzando un modulo di dati dei componenti.<\/li>\n<\/ul>\n<h4><strong>Audit per Elettrodomestici<\/strong><\/h4>\n<p>Oltre alle ispezioni, HQTS offre servizi di audit per elettrodomestici condotti in Cina, India, Vietnam e altri principali paesi produttori, tra cui:<\/p>\n<ul>\n<li><strong><a href=\"https:\/\/www.hqts.com\/it\/i-nostri-servizi\/audit-di-fabbrica\/\">Audit di Fabbrica<\/a><\/strong> &#8211; Valutazione dei sistemi di controllo qualit\u00e0, dei macchinari, delle strutture e della capacit\u00e0 produttiva del produttore.<\/li>\n<li><strong><a href=\"https:\/\/www.hqts.com\/it\/i-nostri-servizi\/audit-di-fabbrica\/\">Audit dei Fornitori<\/a> <\/strong>&#8211; Verifica della legittimit\u00e0 del fornitore e valutazione dei suoi sistemi di gestione della qualit\u00e0 e delle capacit\u00e0 di esportazione.<\/li>\n<li><strong><a href=\"https:\/\/www.hqts.com\/it\/i-nostri-servizi\/audit-di-fabbrica\/audit-di-conformita-sociale\/\">Audit di Conformit\u00e0 Sociale<\/a><\/strong> &#8211; Valutazione delle operazioni aziendali in base a standard di conformit\u00e0 riconosciuti a livello globale.<\/li>\n<\/ul>\n<h4><strong>Test per Elettrodomestici<\/strong><\/h4>\n<p>Il nostro laboratorio accreditato e i laboratori partner sono pienamente attrezzati per eseguire test e servizi di certificazione completi per gli elettrodomestici, come test di sicurezza, <strong><a href=\"https:\/\/www.hqts.com\/it\/i-nostri-servizi\/test-prodotti-materiali\/test-rohs\/\">test di conformit\u00e0 RoHS<\/a><\/strong>, <strong><a href=\"https:\/\/www.hqts.com\/it\/i-nostri-servizi\/test-prodotti-materiali\/test-di-imballaggio-e-trasporto\/\">test di caduta delle confezioni<\/a><\/strong>, revisione della costruzione interna, certificazione di Marcatura CE e molto altro.<\/p>\n<h4><strong>Altri Servizi di Controllo Qualit\u00e0 per Elettrodomestici<\/strong><\/h4>\n<p>In HQTS, i nostri tecnici e ispettori conoscono a fondo il settore degli elettrodomestici e le migliori pratiche di gestione della qualit\u00e0. Oltre ai servizi di controllo qualit\u00e0, offriamo una serie di servizi aggiuntivi per supportare la tua attivit\u00e0, tra cui:<\/p>\n<ul>\n<li><strong><a href=\"https:\/\/www.hqts.com\/it\/i-nostri-servizi\/ispezioni-approvate-dal-governo\/\">Certificazioni Governative e di Prodotto<\/a><\/strong><\/li>\n<li><strong><a href=\"https:\/\/www.hqts.com\/it\/i-nostri-servizi\/consulenza-controllo-qualita\/\">Consulenza<\/a><\/strong><\/li>\n<li><strong><a href=\"https:\/\/www.hqts.com\/it\/i-nostri-servizi\/consulenza-controllo-qualita\/\">Formazione<\/a><\/strong><\/li>\n<li><strong><a href=\"https:\/\/www.hqts.com\/it\/i-nostri-servizi\/ingegneria-della-qualita\/ingegneria-qualita-fornitori\/\">Ingegneria della Qualit\u00e0 dei Fornitori<\/a><\/strong><\/li>\n<\/ul>\n<p>&nbsp;<\/p>\n<p>Contattaci oggi stesso per saperne di pi\u00f9.<\/p>\n<p>&nbsp;<\/p>\n","protected":false},"excerpt":{"rendered":"<p>Controllo Qualit\u00e0 per gli Elettrodomestici Migliora la qualit\u00e0 dei tuoi elettrodomestici per soddisfare i pi\u00f9 alti standard con le soluzioni complete di controllo qualit\u00e0 di HQTS, progettate appositamente per l\u2019industria degli apparecchi domestici. Gli elettrodomestici da cucina e per la casa sono soggetti a rigide normative, come RoHS, Marcatura CE, Direttiva EMC, CCC e WEEE, [&hellip;]<\/p>\n","protected":false},"author":17,"featured_media":220761,"parent":220721,"menu_order":28,"comment_status":"closed","ping_status":"closed","template":"","meta":{"_acf_changed":false,"footnotes":""},"class_list":["post-220760","page","type-page","status-publish","has-post-thumbnail","hentry"],"acf":[],"_links":{"self":[{"href":"https:\/\/www.hqts.com\/it\/wp-json\/wp\/v2\/pages\/220760","targetHints":{"allow":["GET"]}}],"collection":[{"href":"https:\/\/www.hqts.com\/it\/wp-json\/wp\/v2\/pages"}],"about":[{"href":"https:\/\/www.hqts.com\/it\/wp-json\/wp\/v2\/types\/page"}],"author":[{"embeddable":true,"href":"https:\/\/www.hqts.com\/it\/wp-json\/wp\/v2\/users\/17"}],"replies":[{"embeddable":true,"href":"https:\/\/www.hqts.com\/it\/wp-json\/wp\/v2\/comments?post=220760"}],"version-history":[{"count":1,"href":"https:\/\/www.hqts.com\/it\/wp-json\/wp\/v2\/pages\/220760\/revisions"}],"predecessor-version":[{"id":220773,"href":"https:\/\/www.hqts.com\/it\/wp-json\/wp\/v2\/pages\/220760\/revisions\/220773"}],"up":[{"embeddable":true,"href":"https:\/\/www.hqts.com\/it\/wp-json\/wp\/v2\/pages\/220721"}],"wp:featuredmedia":[{"embeddable":true,"href":"https:\/\/www.hqts.com\/it\/wp-json\/wp\/v2\/media\/220761"}],"wp:attachment":[{"href":"https:\/\/www.hqts.com\/it\/wp-json\/wp\/v2\/media?parent=220760"}],"curies":[{"name":"wp","href":"https:\/\/api.w.org\/{rel}","templated":true}]}}