{"id":220774,"date":"2025-11-11T01:01:17","date_gmt":"2025-11-11T01:01:17","guid":{"rendered":"https:\/\/www.hqts.com\/settori-che-serviamo\/controllo-qualita-prodotti-retail\/controllo-qualita-elettronica\/controllo-qualita-per-prodotti-di-illuminazione-ac-led-e-lampade\/"},"modified":"2025-11-11T01:02:04","modified_gmt":"2025-11-11T01:02:04","slug":"controllo-qualita-lluminazione","status":"publish","type":"page","link":"https:\/\/www.hqts.com\/it\/settori-che-serviamo\/controllo-qualita-prodotti-retail\/controllo-qualita-elettronica\/controllo-qualita-lluminazione\/","title":{"rendered":"Controllo Qualit\u00e0 per Prodotti di Illuminazione AC, LED e Lampade"},"content":{"rendered":"<h3><strong>Ispezione e Servizi di Controllo Qualit\u00e0 per Prodotti di Illuminazione AC, LED e Lampade<\/strong><\/h3>\n<p><strong>Assicurati che i prodotti consegnati ai tuoi clienti siano di alta qualit\u00e0, sicuri da utilizzare e sempre conformi alle normative.<\/strong><\/p>\n<p>Il controllo qualit\u00e0 svolge un ruolo fondamentale nel garantire che i prodotti di illuminazione forniti ai clienti rispettino le normative di sicurezza, come gli standard UL, la Marcatura CE e la direttiva RoHS, e soddisfino gli standard qualitativi e le aspettative dei consumatori, sempre pi\u00f9 elevati.<\/p>\n<p>&nbsp;<\/p>\n<h3><strong>Controllo Qualit\u00e0 per Prodotti di Illuminazione AC, LED e Lampade<\/strong><\/h3>\n<p>HQTS \u00e8 una delle principali societ\u00e0 di controllo qualit\u00e0 con una comprovata esperienza come partner affidabile per le aziende del settore illuminotecnico. Il nostro team ha sviluppato una gamma di <strong><a href=\"https:\/\/www.hqts.com\/it\/settori-che-serviamo\/controllo-qualita-prodotti-retail\/controllo-qualita-elettronica\/\">servizi di controllo qualit\u00e0 dedicati all\u2019industria elettronica<\/a><\/strong>. Che tu abbia bisogno di ispezionare prodotti di illuminazione LED, strutture e componenti per apparecchi di illuminazione o lampade e parti correlate, possiamo aiutarti a garantire che gli standard di qualit\u00e0 dell\u2019illuminazione vengano mantenuti durante tutto il processo produttivo.<\/p>\n<h4><strong>Ispezioni di Qualit\u00e0 per Prodotti di Illuminazione<\/strong><\/h4>\n<p>I nostri servizi di ispezione qualit\u00e0 per l\u2019industria dell\u2019illuminazione LED, AC e Lampade includono:<\/p>\n<ul>\n<li><strong><a href=\"https:\/\/www.hqts.com\/it\/i-nostri-servizi\/quality-control-inspections\/ispezione-pre-produzione\/\">Ispezione dei Materiali in Entrata\/Prima della Produzione<\/a><\/strong>: I nostri ispettori verificheranno la qualit\u00e0 delle materie prime e dei componenti prima che vengano utilizzati nel processo produttivo delle luci.<\/li>\n<li><strong><a href=\"https:\/\/www.hqts.com\/it\/i-nostri-servizi\/quality-control-inspections\/ispezione-durante-la-produzione\/\">Ispezione Durante la Produzione (DPI)<\/a><\/strong>: I componenti AC, LED o altre parti di illuminazione verranno esaminati in termini di aspetto, costruzione e funzionalit\u00e0 per garantire che i requisiti e le specifiche di qualit\u00e0 siano rispettati.<\/li>\n<li><strong><a href=\"https:\/\/www.hqts.com\/it\/i-nostri-servizi\/quality-control-inspections\/ispezione-pre-spedizione\/\">Ispezione Pre-Spedizione (PSI)<\/a><\/strong>: Selezioneremo un campione casuale di prodotti LED o di altri articoli di illuminazione finiti prima della spedizione per verificare che rispettino i tuoi requisiti e gli standard di qualit\u00e0, valutando l\u2019aspetto generale, la lavorazione, la funzionalit\u00e0, la sicurezza e altre specifiche.<\/li>\n<li><strong><a href=\"https:\/\/www.hqts.com\/it\/i-nostri-servizi\/quality-control-inspections\/ispezione-pezzo-per-pezzo\/\">Ispezione Pezzo per Pezzo:<\/a><\/strong> Controllo di ogni singolo articolo del lotto, includendo un esame visivo accurato e una valutazione della qualit\u00e0 costruttiva.<\/li>\n<\/ul>\n<h4><strong>Audit per l\u2019Industria dell\u2019Illuminazione<\/strong><\/h4>\n<p>HQTS pu\u00f2 aiutarti a verificare la legittimit\u00e0 del tuo produttore e ad analizzare le condizioni, i punti di forza e le debolezze del tuo fornitore.<\/p>\n<ul>\n<li><strong><a href=\"https:\/\/www.hqts.com\/it\/i-nostri-servizi\/audit-di-fabbrica\/\">Audit di Fabbrica<\/a><\/strong>: Valutazione indipendente dei sistemi di controllo qualit\u00e0 del produttore, dei macchinari, delle strutture, delle attrezzature e della capacit\u00e0 produttiva.<\/li>\n<li><strong><a href=\"https:\/\/www.hqts.com\/it\/i-nostri-servizi\/audit-di-fabbrica\/\">Audit del Fornitore<\/a><\/strong>: Verifica delle informazioni legali dell\u2019azienda, dei dati bancari, delle risorse umane, delle capacit\u00e0 di esportazione e di altri aspetti rilevanti.<\/li>\n<\/ul>\n<h4><strong>Test per Prodotti di Illuminazione<\/strong><\/h4>\n<p>In HQTS disponiamo di un laboratorio interno e di una rete di laboratori partner in tutto il mondo. Offriamo una variet\u00e0 di servizi di test, tra cui test funzionali, test di durabilit\u00e0, <strong><a href=\"https:\/\/www.hqts.com\/it\/i-nostri-servizi\/test-prodotti-materiali\/test-rohs\/\">test RoHS<\/a><\/strong>, Marcatura CE, test di <strong><a href=\"https:\/\/www.hqts.com\/it\/i-nostri-servizi\/test-prodotti-materiali\/test-di-imballaggio-e-trasporto\/\">i<\/a><a href=\"https:\/\/www.hqts.com\/it\/i-nostri-servizi\/test-prodotti-materiali\/test-di-imballaggio-e-trasporto\/\">mballaggio ISTA<\/a><\/strong> e molti altri.<\/p>\n<h4><strong>Altri Servizi per l\u2019Industria dell\u2019Illuminazione<\/strong><\/h4>\n<p>I nostri esperti tecnici e ispettori vantano una vasta esperienza nel settore LED e dell\u2019illuminazione, con una conoscenza approfondita delle normative, degli standard e dei requisiti specifici del settore. Che tu abbia bisogno di un audit della catena di fornitura per la conformit\u00e0 sociale o di supporto per garantire la conformit\u00e0 a rigorosi standard di sicurezza come UL, Marcatura CE e RoHS, siamo il tuo partner di fiducia.<\/p>\n<ul>\n<li><strong><a href=\"https:\/\/www.hqts.com\/it\/i-nostri-servizi\/ispezioni-approvate-dal-governo\/\">Certificazioni Governative e di Prodotto<\/a><\/strong><\/li>\n<li><strong><a href=\"https:\/\/www.hqts.com\/it\/i-nostri-servizi\/consulenza-controllo-qualita\/\">Consulenza<\/a><\/strong><\/li>\n<li><strong><a href=\"https:\/\/www.hqts.com\/it\/i-nostri-servizi\/consulenza-controllo-qualita\/servizio-di-formazione\/\">Formazione<\/a><\/strong><\/li>\n<li><strong><a href=\"https:\/\/www.hqts.com\/it\/i-nostri-servizi\/ingegneria-della-qualita\/ingegneria-qualita-fornitori\/\">Ingegneria della Qualit\u00e0<\/a><\/strong><\/li>\n<\/ul>\n","protected":false},"excerpt":{"rendered":"<p>Ispezione e Servizi di Controllo Qualit\u00e0 per Prodotti di Illuminazione AC, LED e Lampade Assicurati che i prodotti consegnati ai tuoi clienti siano di alta qualit\u00e0, sicuri da utilizzare e sempre conformi alle normative. Il controllo qualit\u00e0 svolge un ruolo fondamentale nel garantire che i prodotti di illuminazione forniti ai clienti rispettino le normative di [&hellip;]<\/p>\n","protected":false},"author":17,"featured_media":220776,"parent":220721,"menu_order":28,"comment_status":"closed","ping_status":"closed","template":"","meta":{"_acf_changed":false,"footnotes":""},"class_list":["post-220774","page","type-page","status-publish","has-post-thumbnail","hentry"],"acf":[],"_links":{"self":[{"href":"https:\/\/www.hqts.com\/it\/wp-json\/wp\/v2\/pages\/220774","targetHints":{"allow":["GET"]}}],"collection":[{"href":"https:\/\/www.hqts.com\/it\/wp-json\/wp\/v2\/pages"}],"about":[{"href":"https:\/\/www.hqts.com\/it\/wp-json\/wp\/v2\/types\/page"}],"author":[{"embeddable":true,"href":"https:\/\/www.hqts.com\/it\/wp-json\/wp\/v2\/users\/17"}],"replies":[{"embeddable":true,"href":"https:\/\/www.hqts.com\/it\/wp-json\/wp\/v2\/comments?post=220774"}],"version-history":[{"count":1,"href":"https:\/\/www.hqts.com\/it\/wp-json\/wp\/v2\/pages\/220774\/revisions"}],"predecessor-version":[{"id":220787,"href":"https:\/\/www.hqts.com\/it\/wp-json\/wp\/v2\/pages\/220774\/revisions\/220787"}],"up":[{"embeddable":true,"href":"https:\/\/www.hqts.com\/it\/wp-json\/wp\/v2\/pages\/220721"}],"wp:featuredmedia":[{"embeddable":true,"href":"https:\/\/www.hqts.com\/it\/wp-json\/wp\/v2\/media\/220776"}],"wp:attachment":[{"href":"https:\/\/www.hqts.com\/it\/wp-json\/wp\/v2\/media?parent=220774"}],"curies":[{"name":"wp","href":"https:\/\/api.w.org\/{rel}","templated":true}]}}