{"id":220788,"date":"2025-11-11T01:09:15","date_gmt":"2025-11-11T01:09:15","guid":{"rendered":"https:\/\/www.hqts.com\/settori-che-serviamo\/controllo-qualita-prodotti-retail\/servizi-di-ispezione-e-test-per-beni-durevoli\/"},"modified":"2025-11-11T01:10:05","modified_gmt":"2025-11-11T01:10:05","slug":"ispezione-beni-durevoli","status":"publish","type":"page","link":"https:\/\/www.hqts.com\/it\/settori-che-serviamo\/controllo-qualita-prodotti-retail\/ispezione-beni-durevoli\/","title":{"rendered":"Servizi di Ispezione e Test per Beni Durevoli"},"content":{"rendered":"<h2><strong>Ispezione, Test e Altri Servizi di Controllo Qualit\u00e0 per Beni Durevoli<\/strong><\/h2>\n<p><strong>Assicurati che i tuoi prodotti siano conformi alle specifiche e agli standard normativi grazie ai servizi di controllo qualit\u00e0 personalizzati di HQTS.<\/strong><\/p>\n<p>Che tu sia un venditore Amazon FBA, un rivenditore o un produttore, \u00e8 fondamentale rispettare gli standard di conformit\u00e0 e garantire che i tuoi prodotti soddisfino le aspettative di qualit\u00e0 dei consumatori. HQTS offre servizi di ispezione, test e controllo qualit\u00e0 per beni durevoli in ogni fase del ciclo produttivo, aiutandoti a ridurre i rischi e a raggiungere i tuoi obiettivi.<\/p>\n<p>&nbsp;<\/p>\n<h5><strong>Servizi di Controllo Qualit\u00e0 per Beni Durevoli<\/strong><\/h5>\n<p>In qualit\u00e0 di uno dei principali fornitori di servizi di ispezione e test per beni durevoli in Asia, HQTS offre soluzioni complete a livello globale. I nostri servizi comprendono consulenza tecnica, garanzia di qualit\u00e0, valutazione della conformit\u00e0 e molto altro per diverse categorie di prodotti.<\/p>\n<p><strong>Prodotti inclusi:<\/strong><\/p>\n<ul>\n<li>Articoli in ceramica e vetro<\/li>\n<li>Candele e prodotti affini<\/li>\n<li><strong><a href=\"https:\/\/www.hqts.com\/your-industries\/consumer-retail\/toys-and-childrens-products\/\">Prodotti per bambini<\/a><\/strong><\/li>\n<li><strong><a href=\"https:\/\/www.hqts.com\/your-industries\/consumer-retail\/hardgoods-testing\/furniture-quality-control\/\">Mobili<\/a><\/strong><\/li>\n<li><strong><a href=\"https:\/\/www.hqts.com\/your-industries\/consumer-retail\/hardgoods-testing\/handicraft-quality-control\/\">Artigianato<\/a><\/strong><\/li>\n<li><strong><a href=\"https:\/\/www.hqts.com\/your-industries\/consumer-retail\/hardgoods-testing\/houseware-quality-control\/\">Articoli per la casa e beni domestici<\/a><\/strong><\/li>\n<li>Molti altri prodotti<\/li>\n<\/ul>\n<h5><strong>Ispezioni e Audit dei Fornitori di Beni Durevoli<\/strong><\/h5>\n<p>Che tu abbia bisogno di una semplice verifica di un fornitore in Vietnam, di un\u2019ispezione dei beni durevoli nello stabilimento del tuo produttore in Cina prima della spedizione, o della supervisione del carico e scarico, HQTS pu\u00f2 offrirti un\u2019ampia gamma di servizi di audit e ispezione nelle principali aree di produzione del mondo, tra cui:<\/p>\n<ul>\n<li><strong><a href=\"https:\/\/www.hqts.com\/it\/factory-supplier-audits\/\">Audit di fornitori e fabbriche<\/a><\/strong><\/li>\n<li><strong><a href=\"https:\/\/www.hqts.com\/it\/i-nostri-servizi\/quality-control-inspections\/ispezione-pre-produzione\/\">Ispezioni pre-produzione<\/a><\/strong><\/li>\n<li><strong><a href=\"https:\/\/www.hqts.com\/it\/i-nostri-servizi\/quality-control-inspections\/ispezione-durante-la-produzione\/\">Ispezioni durante la produzione<\/a><\/strong><\/li>\n<li><strong><a href=\"https:\/\/www.hqts.com\/it\/i-nostri-servizi\/quality-control-inspections\/ispezione-pre-spedizione\/\">Ispezioni pre-spedizione<\/a><\/strong><\/li>\n<li><strong><a href=\"https:\/\/www.hqts.com\/it\/i-nostri-servizi\/quality-control-inspections\/supervisione-del-carico-e-scarico\/\">Supervisione del carico\/scarico<\/a><\/strong><\/li>\n<\/ul>\n<h5><strong>Test sui Prodotti Durevoli<\/strong><\/h5>\n<p>Grazie ai nostri <strong><a href=\"https:\/\/www.hqts.com\/it\/i-nostri-servizi\/test-prodotti-materiali\/\">laboratori di prova<\/a><\/strong> interni e alla rete di laboratori partner, HQTS pu\u00f2 aiutarti a garantire la conformit\u00e0 agli standard internazionali come EN, ASTM, BS e GB. I nostri servizi di test assicurano che i tuoi prodotti siano conformi e sicuri per l\u2019utilizzo da parte dei consumatori.<\/p>\n<ul>\n<li><strong>Test chimici<\/strong> (FDA, contenuto di piombo, contenuto di cadmio, test alimentare UE e altri)<\/li>\n<li><strong>Test fisici<\/strong> (ad es. test di pulitura, ricottura, shock termico, test lavastoviglie, assorbimento d\u2019acqua, test microonde)<\/li>\n<li><strong>Test di durabilit\u00e0<\/strong><\/li>\n<li><strong><a href=\"https:\/\/www.hqts.com\/it\/i-nostri-servizi\/test-prodotti-materiali\/test-di-imballaggio-e-trasporto\/\">Test di caduta delle confezioni<\/a><\/strong><\/li>\n<li><strong>Test di infiammabilit\u00e0<\/strong><\/li>\n<li><strong>Test chimici<\/strong><\/li>\n<li><strong>Test sui materiali<\/strong><\/li>\n<\/ul>\n<h5><strong>Altri Servizi di Controllo Qualit\u00e0 per Beni Durevoli<\/strong><\/h5>\n<p>Offriamo inoltre vari servizi di controllo qualit\u00e0, tra cui <strong><a href=\"https:\/\/www.hqts.com\/it\/i-nostri-servizi\/ingegneria-della-qualita\/monitoraggio-della-produzione\/\">monitoraggio della produzione<\/a><\/strong>, <strong><a href=\"https:\/\/www.hqts.com\/it\/i-nostri-servizi\/consulenza-controllo-qualita\/servizio-di-formazione\/\">formazione sui sistemi di gestione della qualit\u00e0<\/a><\/strong>, <strong><a href=\"https:\/\/www.hqts.com\/it\/i-nostri-servizi\/consulenza-controllo-qualita\/\">consulenza per l\u2019ingresso nei mercati<\/a><\/strong> internazionali e altro ancora. <strong><a href=\"https:\/\/www.hqts.com\/it\/contatti\/\">Contattaci<\/a><\/strong> oggi per scoprire come possiamo aiutare la tua azienda!<\/p>\n","protected":false},"excerpt":{"rendered":"<p>Ispezione, Test e Altri Servizi di Controllo Qualit\u00e0 per Beni Durevoli Assicurati che i tuoi prodotti siano conformi alle specifiche e agli standard normativi grazie ai servizi di controllo qualit\u00e0 personalizzati di HQTS. Che tu sia un venditore Amazon FBA, un rivenditore o un produttore, \u00e8 fondamentale rispettare gli standard di conformit\u00e0 e garantire che [&hellip;]<\/p>\n","protected":false},"author":12,"featured_media":220791,"parent":220677,"menu_order":46,"comment_status":"closed","ping_status":"closed","template":"","meta":{"_acf_changed":false,"footnotes":""},"class_list":["post-220788","page","type-page","status-publish","has-post-thumbnail","hentry"],"acf":[],"_links":{"self":[{"href":"https:\/\/www.hqts.com\/it\/wp-json\/wp\/v2\/pages\/220788","targetHints":{"allow":["GET"]}}],"collection":[{"href":"https:\/\/www.hqts.com\/it\/wp-json\/wp\/v2\/pages"}],"about":[{"href":"https:\/\/www.hqts.com\/it\/wp-json\/wp\/v2\/types\/page"}],"author":[{"embeddable":true,"href":"https:\/\/www.hqts.com\/it\/wp-json\/wp\/v2\/users\/12"}],"replies":[{"embeddable":true,"href":"https:\/\/www.hqts.com\/it\/wp-json\/wp\/v2\/comments?post=220788"}],"version-history":[{"count":1,"href":"https:\/\/www.hqts.com\/it\/wp-json\/wp\/v2\/pages\/220788\/revisions"}],"predecessor-version":[{"id":220802,"href":"https:\/\/www.hqts.com\/it\/wp-json\/wp\/v2\/pages\/220788\/revisions\/220802"}],"up":[{"embeddable":true,"href":"https:\/\/www.hqts.com\/it\/wp-json\/wp\/v2\/pages\/220677"}],"wp:featuredmedia":[{"embeddable":true,"href":"https:\/\/www.hqts.com\/it\/wp-json\/wp\/v2\/media\/220791"}],"wp:attachment":[{"href":"https:\/\/www.hqts.com\/it\/wp-json\/wp\/v2\/media?parent=220788"}],"curies":[{"name":"wp","href":"https:\/\/api.w.org\/{rel}","templated":true}]}}