{"id":220804,"date":"2025-11-11T01:19:11","date_gmt":"2025-11-11T01:19:11","guid":{"rendered":"https:\/\/www.hqts.com\/settori-che-serviamo\/controllo-qualita-prodotti-retail\/ispezione-beni-durevoli\/controllo-qualita-dei-mobili\/"},"modified":"2025-11-11T01:19:57","modified_gmt":"2025-11-11T01:19:57","slug":"controllo-qualita-mobili","status":"publish","type":"page","link":"https:\/\/www.hqts.com\/it\/settori-che-serviamo\/controllo-qualita-prodotti-retail\/ispezione-beni-durevoli\/controllo-qualita-mobili\/","title":{"rendered":"Controllo Qualit\u00e0 dei Mobili"},"content":{"rendered":"<h2><strong>Servizi di Controllo Qualit\u00e0 per Mobili<\/strong><\/h2>\n<p><strong>Riduci il tasso di prodotti respinti a causa di crepe, graffi, variazioni di colore, dimensioni errate o instabilit\u00e0 strutturale grazie ai servizi di controllo qualit\u00e0 di HQTS per il settore dei mobili.<\/strong><\/p>\n<p>I prodotti d\u2019arredamento, come sedie, tavoli, armadi, cassettiere, lettini e molti altri, svolgono un ruolo fondamentale nella nostra vita quotidiana. Il controllo qualit\u00e0 nella produzione di mobili \u00e8 essenziale per garantire che i prodotti rispettino le specifiche richieste in termini di aspetto e prestazioni funzionali, oltre a garantire la sicurezza nel design e nella fabbricazione.<\/p>\n<p>&nbsp;<\/p>\n<h5><strong>Servizi di Controllo Qualit\u00e0 per Mobili<\/strong><\/h5>\n<p>In HQTS offriamo una gamma di servizi di controllo qualit\u00e0 <strong><a href=\"https:\/\/www.hqts.com\/it\/settori-che-serviamo\/controllo-qualita-prodotti-retail\/ispezione-beni-durevoli\/\">dedicati ai produttori e ai rivenditori di beni durevoli<\/a><\/strong>. Questi includono ispezioni visive, test di funzionalit\u00e0 e rilascio di <strong><a href=\"https:\/\/www.hqts.com\/it\/i-nostri-servizi\/certificato-di-conformita\/\">certificati di conformit\u00e0<\/a><\/strong> per armadi, scrivanie, tavoli e altri mobili. Con noi al tuo fianco, puoi avere la certezza di elevare gli standard qualitativi della tua azienda.<\/p>\n<p><strong>Prodotti inclusi:<\/strong><\/p>\n<ul>\n<li>Sedie<\/li>\n<li><strong><a href=\"https:\/\/www.hqts.com\/your-industries\/consumer-retail\/toys-and-childrens-products\/\">Mobili per bambini<\/a><\/strong><\/li>\n<li>Scrivanie<\/li>\n<li><strong><a href=\"https:\/\/www.hqts.com\/your-industries\/consumer-retail\/hardgoods-testing\/houseware-quality-control\/\">Articoli per la casa e beni domestici<\/a><\/strong><\/li>\n<li><strong><a href=\"https:\/\/www.hqts.com\/your-industries\/consumer-retail\/bags-and-accessories\/\">Valigie, zaini e altre borse<\/a><\/strong><\/li>\n<li>Tavoli<\/li>\n<li>Arredi da esterno<\/li>\n<li>Altro<\/li>\n<\/ul>\n<h5><strong>Servizi di Ispezione dei Mobili<\/strong><\/h5>\n<p>HQTS ha sviluppato servizi di ispezione qualit\u00e0 per aiutare produttori e rivenditori a garantire che i loro mobili rispettino gli standard richiesti e le aspettative dei clienti. Questi servizi vengono eseguiti in varie fasi del ciclo produttivo, <strong><a href=\"https:\/\/www.hqts.com\/it\/pre-production-inspection\/\">dall\u2019ispezione pre-produzione<\/a> <a href=\"https:\/\/www.hqts.com\/it\/i-nostri-servizi\/quality-control-inspections\/ispezione-pre-spedizione\/\">all\u2019ispezione pre-spedizione<\/a><\/strong>, fino al <strong><a href=\"https:\/\/www.hqts.com\/it\/i-nostri-servizi\/quality-control-inspections\/supervisione-del-carico-e-scarico\/\">controllo del carico nei container<\/a><\/strong>. In generale comprendono:<\/p>\n<ul>\n<li><span style=\"font-family: -apple-system, BlinkMacSystemFont, 'Segoe UI', Roboto, 'Helvetica Neue', Arial, 'Noto Sans', sans-serif, 'Apple Color Emoji', 'Segoe UI Emoji', 'Segoe UI Symbol', 'Noto Color Emoji';\"><strong>Ispezione visiva:<\/strong> valutazione delle sfumature di colore, dello stile, delle cuciture, della qualit\u00e0 dei materiali e dell\u2019aspetto complessivo del mobile.<br \/>\n<\/span><\/li>\n<li><span style=\"font-family: -apple-system, BlinkMacSystemFont, 'Segoe UI', Roboto, 'Helvetica Neue', Arial, 'Noto Sans', sans-serif, 'Apple Color Emoji', 'Segoe UI Emoji', 'Segoe UI Symbol', 'Noto Color Emoji';\"><strong>Controllo dimensionale:<\/strong> verifica che i prodotti rispettino le dimensioni e le tolleranze specificate.<br \/>\n<\/span><\/li>\n<li><span style=\"font-family: -apple-system, BlinkMacSystemFont, 'Segoe UI', Roboto, 'Helvetica Neue', Arial, 'Noto Sans', sans-serif, 'Apple Color Emoji', 'Segoe UI Emoji', 'Segoe UI Symbol', 'Noto Color Emoji';\"><strong>Funzionalit\u00e0<\/strong>: controllo di tutte le parti mobili, come cassetti, cerniere e meccanismi reclinabili.<br \/>\n<\/span><\/li>\n<li><span style=\"font-family: -apple-system, BlinkMacSystemFont, 'Segoe UI', Roboto, 'Helvetica Neue', Arial, 'Noto Sans', sans-serif, 'Apple Color Emoji', 'Segoe UI Emoji', 'Segoe UI Symbol', 'Noto Color Emoji';\"><strong>Verifica delle quantit\u00e0:<\/strong> conferma del numero di colli e delle marcature in base alle specifiche contrattuali..<\/span><\/li>\n<\/ul>\n<h5><strong>Laboratorio di Test per Mobili<\/strong><\/h5>\n<p>Eseguiamo una serie di <strong><a href=\"https:\/\/www.hqts.com\/it\/i-nostri-servizi\/test-prodotti-materiali\/\">test di laboratorio sui mobili,<\/a><\/strong> sia nei nostri laboratori in Cina che tramite la nostra rete di laboratori partner. I nostri test vengono condotti in conformit\u00e0 agli standard internazionali per i test sui mobili, come ASTM, EN, ISO e altri, e comprendono:<\/p>\n<ul>\n<li><strong>Test di durabilit\u00e0 dei mobili<\/strong><\/li>\n<li><strong>Test di caduta delle confezioni<\/strong><\/li>\n<li><strong>Test di infiammabilit\u00e0<\/strong><\/li>\n<li><strong>Test chimici<\/strong><\/li>\n<li><strong>Test sui tessuti<\/strong><\/li>\n<\/ul>\n<h5><strong>Altri Servizi di Controllo Qualit\u00e0 per Mobili<\/strong><\/h5>\n<p>Il nostro team di esperti pu\u00f2 eseguire <strong><a href=\"https:\/\/www.hqts.com\/it\/i-nostri-servizi\/audit-di-fabbrica\/\">audit sul tuo fornitore di mobili<\/a> <\/strong>e sulle sue capacit\u00e0 produttive, offrire consulenza tecnica, condurre ispezioni approfondite e attivit\u00e0 di valutazione della conformit\u00e0. Non esitare a <strong><a href=\"https:\/\/www.hqts.com\/it\/contatti\/\">contattarci oggi<\/a><\/strong>\u00a0per scoprire come possiamo supportare la tua azienda.<\/p>\n","protected":false},"excerpt":{"rendered":"<p>Servizi di Controllo Qualit\u00e0 per Mobili Riduci il tasso di prodotti respinti a causa di crepe, graffi, variazioni di colore, dimensioni errate o instabilit\u00e0 strutturale grazie ai servizi di controllo qualit\u00e0 di HQTS per il settore dei mobili. I prodotti d\u2019arredamento, come sedie, tavoli, armadi, cassettiere, lettini e molti altri, svolgono un ruolo fondamentale nella [&hellip;]<\/p>\n","protected":false},"author":17,"featured_media":220806,"parent":220788,"menu_order":46,"comment_status":"closed","ping_status":"closed","template":"","meta":{"_acf_changed":false,"footnotes":""},"class_list":["post-220804","page","type-page","status-publish","has-post-thumbnail","hentry"],"acf":[],"_links":{"self":[{"href":"https:\/\/www.hqts.com\/it\/wp-json\/wp\/v2\/pages\/220804","targetHints":{"allow":["GET"]}}],"collection":[{"href":"https:\/\/www.hqts.com\/it\/wp-json\/wp\/v2\/pages"}],"about":[{"href":"https:\/\/www.hqts.com\/it\/wp-json\/wp\/v2\/types\/page"}],"author":[{"embeddable":true,"href":"https:\/\/www.hqts.com\/it\/wp-json\/wp\/v2\/users\/17"}],"replies":[{"embeddable":true,"href":"https:\/\/www.hqts.com\/it\/wp-json\/wp\/v2\/comments?post=220804"}],"version-history":[{"count":1,"href":"https:\/\/www.hqts.com\/it\/wp-json\/wp\/v2\/pages\/220804\/revisions"}],"predecessor-version":[{"id":220817,"href":"https:\/\/www.hqts.com\/it\/wp-json\/wp\/v2\/pages\/220804\/revisions\/220817"}],"up":[{"embeddable":true,"href":"https:\/\/www.hqts.com\/it\/wp-json\/wp\/v2\/pages\/220788"}],"wp:featuredmedia":[{"embeddable":true,"href":"https:\/\/www.hqts.com\/it\/wp-json\/wp\/v2\/media\/220806"}],"wp:attachment":[{"href":"https:\/\/www.hqts.com\/it\/wp-json\/wp\/v2\/media?parent=220804"}],"curies":[{"name":"wp","href":"https:\/\/api.w.org\/{rel}","templated":true}]}}