{"id":220938,"date":"2025-11-13T00:27:09","date_gmt":"2025-11-13T00:27:09","guid":{"rendered":"https:\/\/www.hqts.com\/settori-che-serviamo\/controllo-qualita-prodotti-retail\/ispezione-beni-durevoli\/servizi-di-controllo-qualita-per-artigianato-in-asia\/"},"modified":"2025-11-13T00:28:24","modified_gmt":"2025-11-13T00:28:24","slug":"controllo-qualita-artigianato-asia","status":"publish","type":"page","link":"https:\/\/www.hqts.com\/it\/settori-che-serviamo\/controllo-qualita-prodotti-retail\/ispezione-beni-durevoli\/controllo-qualita-artigianato-asia\/","title":{"rendered":"Servizi di Controllo Qualit\u00e0 per Artigianato in Asia"},"content":{"rendered":"<h2><strong>Servizi di Controllo Qualit\u00e0 per Prodotti Artigianali<\/strong><\/h2>\n<p><strong>Riduci le non conformit\u00e0 dei prodotti dovute a macchie di colore, deviazioni dimensionali o quantit\u00e0 errate grazie alle soluzioni di controllo qualit\u00e0 di HQTS.<\/strong><\/p>\n<p>I prodotti artigianali sono articoli unici e di pregio che richiedono un\u2019eccellente maestria artigiana, con numerosi produttori di piccole e medie dimensioni distribuiti tra Vietnam, India, Indonesia e Cina. Rispetto ad altre categorie di prodotti, la variabilit\u00e0 qualitativa \u00e8 elevata, il che rende il controllo qualit\u00e0 particolarmente importante.<\/p>\n<p>&nbsp;<\/p>\n<h5><strong>Servizi di Controllo Qualit\u00e0 per Artigianato<\/strong><\/h5>\n<p>Che tu sia un venditore Amazon FBA che necessita di un audit presso una fabbrica artigianale o di un\u2019ispezione sui prodotti, oppure un produttore che vuole testare la conformit\u00e0 dei propri articoli agli standard di settore, HQTS \u00e8 al tuo fianco.<\/p>\n<p><strong>Offriamo una gamma di servizi dedicati a diverse tipologie di prodotti artigianali e altre categorie, tra cui:<\/strong><\/p>\n<ul>\n<li>Ceramiche<\/li>\n<li>Gioielli<\/li>\n<li>Sculture in pietra<\/li>\n<li>Articoli decorativi<\/li>\n<li><strong><a href=\"https:\/\/www.hqts.com\/it\/settori-che-serviamo\/controllo-qualita-prodotti-retail\/controllo-qualita-abbigliamento\/\">Tessuti<\/a><\/strong><\/li>\n<li><strong><a href=\"https:\/\/www.hqts.com\/your-industries\/consumer-retail\/bags-and-accessories\/\">Borse e cestini<\/a><\/strong><\/li>\n<li>Intagli in legno<\/li>\n<li>Altri prodotti artigianali<\/li>\n<li><strong><a href=\"https:\/\/www.hqts.com\/it\/settori-che-serviamo\/controllo-qualita-prodotti-retail\/ispezione-beni-durevoli\/controllo-qualita-mobili\/\">Mobili<\/a><\/strong><\/li>\n<li><strong><a href=\"https:\/\/www.hqts.com\/your-industries\/consumer-retail\/hardgoods-testing\/houseware-quality-control\/\">Articoli per la casa<\/a><\/strong><\/li>\n<\/ul>\n<h5><strong>Audit dei Fornitori Artigianali e Ispezioni di Qualit\u00e0<\/strong><\/h5>\n<p>I nostri audit dei fornitori artigianali e le ispezioni di qualit\u00e0 possono essere effettuati nei principali poli di produzione e in diverse fasi del ciclo produttivo, tra cui il <strong><a href=\"https:\/\/www.hqts.com\/it\/i-nostri-servizi\/quality-control-inspections\/ispezione-pre-produzione\/\">controllo dei materiali prima della produzione<\/a><\/strong>, le <strong><a href=\"https:\/\/www.hqts.com\/it\/i-nostri-servizi\/quality-control-inspections\/ispezione-pre-spedizione\/\">ispezioni pre-spedizione<\/a><\/strong> e le <strong><a href=\"https:\/\/www.hqts.com\/it\/i-nostri-servizi\/quality-control-inspections\/supervisione-del-carico-e-scarico\/\">ispezioni di carico dei container<\/a><\/strong>. I nostri ispettori valutano i prodotti artigianali, come ad esempio le ceramiche, sulla base di diversi criteri, tra cui:<\/p>\n<ul>\n<li>Verifica di quantit\u00e0, imballaggio ed etichettatura (conteggio dei pezzi, controllo della conformit\u00e0 dell\u2019imballaggio e dell\u2019etichetta)<\/li>\n<li>Lavorazione artigianale (valutazione complessiva delle condizioni del prodotto)<\/li>\n<li>Stile, colore e documentazione<\/li>\n<li>Altre dimensioni specificate dal cliente<\/li>\n<\/ul>\n<h5><strong>Laboratorio di Test per Prodotti Artigianali<\/strong><\/h5>\n<p>Se intendi importare o esportare prodotti artigianali verso gli Stati Uniti o l\u2019Europa, i tuoi articoli potrebbero essere soggetti a normative come CPSC, REACH, RoHS e altri standard applicabili, a seconda della tipologia di prodotto. I nostri <strong><a href=\"https:\/\/www.hqts.com\/it\/i-nostri-servizi\/test-prodotti-materiali\/\">laboratori di test<\/a><\/strong> offrono servizi di analisi per diversi aspetti dei prodotti artigianali, tra cui:<\/p>\n<ul>\n<li>Test di durabilit\u00e0<\/li>\n<li>Test di infiammabilit\u00e0<\/li>\n<li>Test chimici<\/li>\n<li>Test sui materiali<\/li>\n<li><strong><a href=\"https:\/\/www.hqts.com\/it\/i-nostri-servizi\/test-prodotti-materiali\/test-di-imballaggio-e-trasporto\/\">Test di caduta delle confezioni<\/a><\/strong><\/li>\n<\/ul>\n<h5><strong>Altri Servizi di Controllo Qualit\u00e0<\/strong><\/h5>\n<p>Oltre ai nostri servizi di audit, ispezione e test, offriamo <strong><a href=\"https:\/\/www.hqts.com\/it\/i-nostri-servizi\/consulenza-controllo-qualita\/servizio-di-formazione\/\">formazione sulla gestione della qualit\u00e0<\/a><\/strong>, <strong><a href=\"https:\/\/www.hqts.com\/it\/i-nostri-servizi\/ingegneria-della-qualita\/monitoraggio-della-produzione\/\">ottimizzazione della produzione<\/a><\/strong>, <strong><a href=\"https:\/\/www.hqts.com\/it\/i-nostri-servizi\/certificato-di-conformita\/\">valutazioni di conformit\u00e0<\/a><\/strong> e altri servizi per aiutarti a far crescere la tua attivit\u00e0. Contattaci oggi stesso per saperne di pi\u00f9!<\/p>\n","protected":false},"excerpt":{"rendered":"<p>Servizi di Controllo Qualit\u00e0 per Prodotti Artigianali Riduci le non conformit\u00e0 dei prodotti dovute a macchie di colore, deviazioni dimensionali o quantit\u00e0 errate grazie alle soluzioni di controllo qualit\u00e0 di HQTS. I prodotti artigianali sono articoli unici e di pregio che richiedono un\u2019eccellente maestria artigiana, con numerosi produttori di piccole e medie dimensioni distribuiti tra [&hellip;]<\/p>\n","protected":false},"author":17,"featured_media":220940,"parent":220788,"menu_order":46,"comment_status":"closed","ping_status":"closed","template":"","meta":{"_acf_changed":false,"footnotes":""},"class_list":["post-220938","page","type-page","status-publish","has-post-thumbnail","hentry"],"acf":[],"_links":{"self":[{"href":"https:\/\/www.hqts.com\/it\/wp-json\/wp\/v2\/pages\/220938","targetHints":{"allow":["GET"]}}],"collection":[{"href":"https:\/\/www.hqts.com\/it\/wp-json\/wp\/v2\/pages"}],"about":[{"href":"https:\/\/www.hqts.com\/it\/wp-json\/wp\/v2\/types\/page"}],"author":[{"embeddable":true,"href":"https:\/\/www.hqts.com\/it\/wp-json\/wp\/v2\/users\/17"}],"replies":[{"embeddable":true,"href":"https:\/\/www.hqts.com\/it\/wp-json\/wp\/v2\/comments?post=220938"}],"version-history":[{"count":1,"href":"https:\/\/www.hqts.com\/it\/wp-json\/wp\/v2\/pages\/220938\/revisions"}],"predecessor-version":[{"id":220951,"href":"https:\/\/www.hqts.com\/it\/wp-json\/wp\/v2\/pages\/220938\/revisions\/220951"}],"up":[{"embeddable":true,"href":"https:\/\/www.hqts.com\/it\/wp-json\/wp\/v2\/pages\/220788"}],"wp:featuredmedia":[{"embeddable":true,"href":"https:\/\/www.hqts.com\/it\/wp-json\/wp\/v2\/media\/220940"}],"wp:attachment":[{"href":"https:\/\/www.hqts.com\/it\/wp-json\/wp\/v2\/media?parent=220938"}],"curies":[{"name":"wp","href":"https:\/\/api.w.org\/{rel}","templated":true}]}}