{"id":220986,"date":"2025-11-13T00:45:10","date_gmt":"2025-11-13T00:45:10","guid":{"rendered":"https:\/\/www.hqts.com\/settori-che-serviamo\/controllo-qualita-prodotti-retail\/servizi-di-controllo-qualita-per-abbigliamento-sportivo\/"},"modified":"2025-11-13T00:45:47","modified_gmt":"2025-11-13T00:45:47","slug":"controllo-qualita-abbigliamento-sportivo","status":"publish","type":"page","link":"https:\/\/www.hqts.com\/it\/settori-che-serviamo\/controllo-qualita-prodotti-retail\/controllo-qualita-abbigliamento-sportivo\/","title":{"rendered":"Servizi di Controllo Qualit\u00e0 per Abbigliamento Sportivo"},"content":{"rendered":"<h3><strong>Ispezione e Controllo Qualit\u00e0 per Abbigliamento Sportivo<\/strong><\/h3>\n<p><strong>Ottieni la certezza che le attrezzature e i capi sportivi che acquisti o produci rispettino gli standard di qualit\u00e0 in ogni fase del processo produttivo.<\/strong><\/p>\n<p>In HQTS comprendiamo l\u2019importanza di realizzare capi sportivi di alta qualit\u00e0 in grado di soddisfare le crescenti aspettative dei consumatori. I nostri <strong><a href=\"https:\/\/www.hqts.com\/it\/settori-che-serviamo\/controllo-qualita-prodotti-retail\/controllo-qualita-abbigliamento\/\">servizi completi di controllo qualit\u00e0 per abbigliamento sportivo<\/a><\/strong> coprono ogni aspetto: dall\u2019individuazione di difetti e non conformit\u00e0 nelle ispezioni, al test per rilevare sostanze chimiche pericolose, fino all\u2019ottenimento di certificazioni governative e molto altro.<\/p>\n<p>&nbsp;<\/p>\n<h3><strong>Controllo Qualit\u00e0 per Indumenti, Abbigliamento e Attrezzature Sportive<\/strong><\/h3>\n<p>L\u2019abbigliamento sportivo \u00e8 spesso soggetto a normative e standard rigorosi, come l\u2019etichettatura tessile, i requisiti sul contenuto di fibre, la durabilit\u00e0, il regolamento REACH, gli standard ASTM e la resistenza alla fiamma.<\/p>\n<p>HQTS \u00e8 un punto di riferimento nel settore del controllo qualit\u00e0 per tessuti e abbigliamento sportivo da decenni. Siamo accreditati CNAS ISO17020:2012 per le ispezioni e ISO17025:2005 per i test, e disponiamo di laboratori di prova in alcune delle principali aree di produzione a livello mondiale.<\/p>\n<p>I nostri esperti tecnici e ispettori conoscono a fondo l\u2019industria dell\u2019abbigliamento sportivo e i requisiti specifici dei capi tecnici. Che si tratti di verificare la conformit\u00e0 dei tuoi prodotti agli standard di settore o di analizzare i capi per la presenza di sostanze chimiche pericolose, siamo al tuo fianco.<\/p>\n<p><strong>I nostri servizi includono:<\/strong><\/p>\n<ul>\n<li><strong><a href=\"https:\/\/www.hqts.com\/it\/i-nostri-servizi\/quality-control-inspections\/ispezione-pre-produzione\/\">Ispezioni pre-produzione<\/a><\/strong><\/li>\n<li><strong><a href=\"https:\/\/www.hqts.com\/it\/i-nostri-servizi\/quality-control-inspections\/ispezione-durante-la-produzione\/\">Ispezioni durante la produzione<\/a><\/strong><\/li>\n<li><strong><a href=\"https:\/\/www.hqts.com\/it\/i-nostri-servizi\/quality-control-inspections\/ispezione-pre-spedizione\/\">Ispezioni pre-spedizione<\/a><\/strong><\/li>\n<li><strong><a href=\"https:\/\/www.hqts.com\/it\/i-nostri-servizi\/quality-control-inspections\/ispezione-pezzo-per-pezzo\/\">Ispezioni pezzo per pezzo<\/a><\/strong><\/li>\n<li><strong><a href=\"https:\/\/www.hqts.com\/it\/i-nostri-servizi\/audit-di-fabbrica\/\">Audit di fornitori e fabbriche<\/a><\/strong><\/li>\n<li><strong><a href=\"https:\/\/www.hqts.com\/it\/i-nostri-servizi\/certificato-di-conformita\/\">Certificazioni governative e di prodotto<\/a><\/strong><\/li>\n<li><strong><a href=\"https:\/\/www.hqts.com\/it\/i-nostri-servizi\/consulenza-controllo-qualita\/\">Consulenza<\/a><\/strong><\/li>\n<\/ul>\n<p>&nbsp;<\/p>\n<p>Offriamo inoltre test di laboratorio per abbigliamento sportivo, tra cui test di resistenza all\u2019evaporazione, traspirabilit\u00e0, elasticit\u00e0 e recupero, resistenza allo strappo, solidit\u00e0 del colore, conformit\u00e0 REACH e molti altri.<\/p>\n<p>Scegliendo i nostri servizi di controllo qualit\u00e0 per l\u2019abbigliamento sportivo, potrai avere la certezza che i tuoi prodotti rispetteranno i pi\u00f9 alti standard di qualit\u00e0. <strong><a href=\"https:\/\/www.hqts.com\/it\/contatti\/\">Contattaci<\/a><\/strong> oggi per saperne di pi\u00f9 e discutere le tue esigenze specifiche.<\/p>\n","protected":false},"excerpt":{"rendered":"<p>Ispezione e Controllo Qualit\u00e0 per Abbigliamento Sportivo Ottieni la certezza che le attrezzature e i capi sportivi che acquisti o produci rispettino gli standard di qualit\u00e0 in ogni fase del processo produttivo. In HQTS comprendiamo l\u2019importanza di realizzare capi sportivi di alta qualit\u00e0 in grado di soddisfare le crescenti aspettative dei consumatori. I nostri servizi [&hellip;]<\/p>\n","protected":false},"author":17,"featured_media":220988,"parent":220677,"menu_order":28,"comment_status":"closed","ping_status":"closed","template":"","meta":{"_acf_changed":false,"footnotes":""},"class_list":["post-220986","page","type-page","status-publish","has-post-thumbnail","hentry"],"acf":[],"_links":{"self":[{"href":"https:\/\/www.hqts.com\/it\/wp-json\/wp\/v2\/pages\/220986","targetHints":{"allow":["GET"]}}],"collection":[{"href":"https:\/\/www.hqts.com\/it\/wp-json\/wp\/v2\/pages"}],"about":[{"href":"https:\/\/www.hqts.com\/it\/wp-json\/wp\/v2\/types\/page"}],"author":[{"embeddable":true,"href":"https:\/\/www.hqts.com\/it\/wp-json\/wp\/v2\/users\/17"}],"replies":[{"embeddable":true,"href":"https:\/\/www.hqts.com\/it\/wp-json\/wp\/v2\/comments?post=220986"}],"version-history":[{"count":1,"href":"https:\/\/www.hqts.com\/it\/wp-json\/wp\/v2\/pages\/220986\/revisions"}],"predecessor-version":[{"id":220999,"href":"https:\/\/www.hqts.com\/it\/wp-json\/wp\/v2\/pages\/220986\/revisions\/220999"}],"up":[{"embeddable":true,"href":"https:\/\/www.hqts.com\/it\/wp-json\/wp\/v2\/pages\/220677"}],"wp:featuredmedia":[{"embeddable":true,"href":"https:\/\/www.hqts.com\/it\/wp-json\/wp\/v2\/media\/220988"}],"wp:attachment":[{"href":"https:\/\/www.hqts.com\/it\/wp-json\/wp\/v2\/media?parent=220986"}],"curies":[{"name":"wp","href":"https:\/\/api.w.org\/{rel}","templated":true}]}}