{"id":221034,"date":"2025-11-13T01:08:06","date_gmt":"2025-11-13T01:08:06","guid":{"rendered":"https:\/\/www.hqts.com\/settori-che-serviamo\/controllo-qualita-ecommerce\/servizi-di-ispezione-e-test-amazon-fba-in-cina\/"},"modified":"2025-11-13T01:08:56","modified_gmt":"2025-11-13T01:08:56","slug":"ispezione-amazon-fba-cina","status":"publish","type":"page","link":"https:\/\/www.hqts.com\/it\/settori-che-serviamo\/controllo-qualita-ecommerce\/ispezione-amazon-fba-cina\/","title":{"rendered":"Servizi di Ispezione e Test Amazon FBA in Cina"},"content":{"rendered":"<h2><strong>Servizi di Ispezione e Test Amazon FBA<\/strong><\/h2>\n<p><strong>Assicurati che i tuoi prodotti siano conformi agli standard di qualit\u00e0 di Amazon con i nostri servizi di ispezione e test Amazon FBA in Cina.<\/strong><\/p>\n<p>In qualit\u00e0 di <strong>fornitore ufficiale di servizi Amazon<\/strong>, HQTS aderisce a rigorosi protocolli di sicurezza e qualit\u00e0. Siamo una delle principali aziende di ispezione FBA in Cina e garantiamo che i tuoi prodotti soddisfino i pi\u00f9 elevati standard di qualit\u00e0 e sicurezza prima della spedizione ai magazzini Amazon.<\/p>\n<p>&nbsp;<\/p>\n<h5><strong>Ispezione Amazon FBA in Cina<\/strong><\/h5>\n<p>Possiamo eseguire <strong><a href=\"https:\/\/www.hqts.com\/it\/i-nostri-servizi\/audit-di-fabbrica\/\">audit di verifica dei fornitori<\/a> <\/strong>e <strong><a href=\"https:\/\/www.hqts.com\/it\/i-nostri-servizi\/quality-control-inspections\/\">ispezioni dei prodotti<\/a> <\/strong>direttamente presso lo stabilimento produttivo, prima che vengano spediti ai magazzini Amazon. I nostri ispettori seguono protocolli rigorosi per assicurare che tutte le ispezioni siano conformi alle normative di Amazon.<\/p>\n<p><strong>Le ispezioni possono essere effettuate in diverse fasi, tra cui:<\/strong><\/p>\n<ul>\n<li><strong><a href=\"https:\/\/www.hqts.com\/it\/i-nostri-servizi\/quality-control-inspections\/ispezione-durante-la-produzione\/\">Ispezione durante la produzione<\/a><\/strong>: controllo casuale dei campioni durante il processo produttivo per garantire che rispettino le specifiche richieste e mantengano gli standard di qualit\u00e0.<\/li>\n<li><strong><a href=\"https:\/\/www.hqts.com\/it\/i-nostri-servizi\/quality-control-inspections\/ispezione-pre-spedizione\/\">Ispezione pre-spedizione<\/a><\/strong>: verifica di un campione di prodotti prima della spedizione al magazzino Amazon FBA per garantire la conformit\u00e0 agli standard di qualit\u00e0 e sicurezza.<\/li>\n<li><strong>Ispezione di imballaggio ed etichettatura<\/strong>: controllo che l\u2019imballaggio rispetti le linee guida di Amazon e verifica dell\u2019esattezza delle etichette dei prodotti, inclusa la conformit\u00e0 ai requisiti di etichettatura Amazon.<\/li>\n<\/ul>\n<h5><strong>Laboratorio di Test per Venditori Amazon<\/strong><\/h5>\n<p>HQTS offre una gamma di <strong><a href=\"https:\/\/www.hqts.com\/it\/i-nostri-servizi\/test-prodotti-materiali\/\">servizi di test per prodotti<\/a><\/strong> e-commerce per garantire che i tuoi articoli siano sicuri da utilizzare e conformi alle normative industriali o nazionali applicabili, tra cui (ma non solo) RoHS, REACH, CPSIA, EN-71, ASTM e altri standard pertinenti.<\/p>\n<h5><strong>Altri Servizi di Controllo Qualit\u00e0 per Venditori Amazon<\/strong><\/h5>\n<p>Che tu stia ampliando la tua linea di prodotti e abbia bisogno di supporto in materia di regolamenti tecnici o di sicurezza, o di formazione sui sistemi di gestione della qualit\u00e0, HQTS \u00e8 qui per aiutarti. Offriamo una gamma completa di <strong><a href=\"https:\/\/www.hqts.com\/it\/settori-che-serviamo\/controllo-qualita-ecommerce\/\">soluzioni di controllo qualit\u00e0 per l\u2019e-commerce<\/a><\/strong> oltre alle ispezioni FBA in Cina, tra cui:<\/p>\n<ul>\n<li><strong><a href=\"https:\/\/www.hqts.com\/it\/i-nostri-servizi\/certificato-di-conformita\/\">Certificazioni governative e di prodotto<\/a><\/strong><\/li>\n<li><strong><a href=\"https:\/\/www.hqts.com\/it\/i-nostri-servizi\/ingegneria-della-qualita\/monitoraggio-della-produzione\/\">Monitoraggio della produzione<\/a><\/strong><\/li>\n<li><strong><a href=\"https:\/\/www.hqts.com\/it\/i-nostri-servizi\/consulenza-controllo-qualita\/\">Consulenza<\/a><\/strong><\/li>\n<li><strong><a href=\"https:\/\/www.hqts.com\/it\/i-nostri-servizi\/consulenza-controllo-qualita\/servizio-di-formazione\/\">Formazione<\/a><\/strong><\/li>\n<\/ul>\n<p><strong><a href=\"https:\/\/www.hqts.com\/it\/contatti\/\">Contattaci<\/a><\/strong> oggi per scoprire come possiamo supportarti con i nostri servizi di controllo qualit\u00e0 per Amazon.<\/p>\n","protected":false},"excerpt":{"rendered":"<p>HQTS collabora con diverse piattaforme di e-commerce in Asia per fornire numerosi servizi di controllo e garanzia della qualit\u00e0.<\/p>\n","protected":false},"author":17,"featured_media":221036,"parent":221020,"menu_order":5,"comment_status":"closed","ping_status":"closed","template":"","meta":{"_acf_changed":false,"footnotes":""},"class_list":["post-221034","page","type-page","status-publish","has-post-thumbnail","hentry"],"acf":[],"_links":{"self":[{"href":"https:\/\/www.hqts.com\/it\/wp-json\/wp\/v2\/pages\/221034","targetHints":{"allow":["GET"]}}],"collection":[{"href":"https:\/\/www.hqts.com\/it\/wp-json\/wp\/v2\/pages"}],"about":[{"href":"https:\/\/www.hqts.com\/it\/wp-json\/wp\/v2\/types\/page"}],"author":[{"embeddable":true,"href":"https:\/\/www.hqts.com\/it\/wp-json\/wp\/v2\/users\/17"}],"replies":[{"embeddable":true,"href":"https:\/\/www.hqts.com\/it\/wp-json\/wp\/v2\/comments?post=221034"}],"version-history":[{"count":1,"href":"https:\/\/www.hqts.com\/it\/wp-json\/wp\/v2\/pages\/221034\/revisions"}],"predecessor-version":[{"id":221047,"href":"https:\/\/www.hqts.com\/it\/wp-json\/wp\/v2\/pages\/221034\/revisions\/221047"}],"up":[{"embeddable":true,"href":"https:\/\/www.hqts.com\/it\/wp-json\/wp\/v2\/pages\/221020"}],"wp:featuredmedia":[{"embeddable":true,"href":"https:\/\/www.hqts.com\/it\/wp-json\/wp\/v2\/media\/221036"}],"wp:attachment":[{"href":"https:\/\/www.hqts.com\/it\/wp-json\/wp\/v2\/media?parent=221034"}],"curies":[{"name":"wp","href":"https:\/\/api.w.org\/{rel}","templated":true}]}}