{"id":221077,"date":"2025-11-13T01:24:14","date_gmt":"2025-11-13T01:24:14","guid":{"rendered":"https:\/\/www.hqts.com\/settori-che-serviamo\/controllo-qualita-alimenti\/controllo-qualita-dei-latticini-servizi-di-ispezione-audit-e-test\/"},"modified":"2025-11-13T01:25:11","modified_gmt":"2025-11-13T01:25:11","slug":"controllo-qualita-latticini","status":"publish","type":"page","link":"https:\/\/www.hqts.com\/it\/settori-che-serviamo\/controllo-qualita-alimenti\/controllo-qualita-latticini\/","title":{"rendered":"Controllo Qualit\u00e0 dei Latticini &#8211; Servizi di Ispezione, Audit e Test"},"content":{"rendered":"<p><strong>Raggiungi rigorosi standard di qualit\u00e0 con l\u2019aiuto dei servizi di controllo qualit\u00e0 completi di HQTS.<\/strong><\/p>\n<p>Che tu sia un produttore e trasformatore di prodotti lattiero-caseari, un\u2019azienda alimentare, un distributore o un rivenditore, garantire i pi\u00f9 elevati standard di qualit\u00e0 per i prodotti caseari \u00e8 fondamentale, ed \u00e8 proprio qui che il controllo qualit\u00e0 gioca un ruolo essenziale.<\/p>\n<h2><strong>Controllo Qualit\u00e0 dei Prodotti Lattiero-Caseari<\/strong><\/h2>\n<p>Comprendiamo l\u2019importanza di mantenere la sicurezza dei prodotti caseari. La nostra gamma di servizi di controllo qualit\u00e0 copre ogni aspetto del processo produttivo e le principali categorie di prodotti, tra cui:<\/p>\n<p><strong>I nostri servizi di controllo qualit\u00e0 si estendono a vari prodotti alimentari, tra cui:<\/strong><\/p>\n<ul>\n<li>Latte<\/li>\n<li>Formaggio<\/li>\n<li>Yogurt<\/li>\n<li>Burro<\/li>\n<li>Panna<\/li>\n<li>Alimenti trasformati<\/li>\n<li>Spezie<\/li>\n<li>Carne e pollame<\/li>\n<\/ul>\n<h2><strong>Ispezione dei Prodotti Lattiero-Caseari<\/strong><\/h2>\n<p>I nostri ispettori possono verificare che i tuoi prodotti caseari rispettino i pi\u00f9 alti standard, valutando fattori come freschezza, consistenza, aspetto e confezionamento.<\/p>\n<p>Queste ispezioni possono essere condotte in diverse fasi della catena di fornitura, tra cui <strong><a href=\"https:\/\/www.hqts.com\/it\/i-nostri-servizi\/audit-di-fabbrica\/\">audit dei fornitori<\/a><\/strong>, <strong><a href=\"https:\/\/www.hqts.com\/it\/i-nostri-servizi\/quality-control-inspections\/ispezione-pre-spedizione\/\">ispezioni pre-spedizione<\/a><\/strong> e <strong><a href=\"https:\/\/www.hqts.com\/it\/i-nostri-servizi\/quality-control-inspections\/supervisione-del-carico-e-scarico\/\">supervisione del carico dei container<\/a><\/strong>.<\/p>\n<h2><strong>Soluzioni di Test per i Produttori di Latticini<\/strong><\/h2>\n<p><strong>HQTS pu\u00f2 testare i tuoi prodotti lattiero-caseari in <a href=\"https:\/\/www.hqts.com\/it\/i-nostri-servizi\/test-prodotti-materiali\/test-prodotti-alimentari\/\">laboratori partner<\/a> ed eseguire una vasta gamma di analisi, tra cui:<\/strong><\/p>\n<ul>\n<li>Test per metalli in tracce nei prodotti lattiero-caseari<\/li>\n<li>Test microbiologici<\/li>\n<li>Analisi chimiche<\/li>\n<li>Test fisici<\/li>\n<\/ul>\n<h2><strong>Altri Servizi di Controllo Qualit\u00e0 per i Latticini<\/strong><\/h2>\n<p>Oltre alle ispezioni e ai test, HQTS fornisce diversi altri servizi di controllo qualit\u00e0 per i prodotti caseari, tra cui <strong><a href=\"https:\/\/www.hqts.com\/it\/sezione-conformita\/\">consulenza sulla conformit\u00e0 dei prodotti<\/a><\/strong>, <strong><a href=\"https:\/\/www.hqts.com\/it\/i-nostri-servizi\/ingegneria-della-qualita\/monitoraggio-della-produzione\/\">monitoraggio della produzione<\/a><\/strong> e molto altro.<\/p>\n<p><strong><a href=\"https:\/\/www.hqts.com\/it\/contatti\/\">Scegli HQTS<\/a><\/strong> oggi per saperne di pi\u00f9!<\/p>\n","protected":false},"excerpt":{"rendered":"<p>Raggiungi rigorosi standard di qualit\u00e0 con l\u2019aiuto dei servizi di controllo qualit\u00e0 completi di HQTS. Che tu sia un produttore e trasformatore di prodotti lattiero-caseari, un\u2019azienda alimentare, un distributore o un rivenditore, garantire i pi\u00f9 elevati standard di qualit\u00e0 per i prodotti caseari \u00e8 fondamentale, ed \u00e8 proprio qui che il controllo qualit\u00e0 gioca un [&hellip;]<\/p>\n","protected":false},"author":17,"featured_media":221080,"parent":221048,"menu_order":0,"comment_status":"closed","ping_status":"closed","template":"","meta":{"_acf_changed":false,"footnotes":""},"class_list":["post-221077","page","type-page","status-publish","has-post-thumbnail","hentry"],"acf":[],"_links":{"self":[{"href":"https:\/\/www.hqts.com\/it\/wp-json\/wp\/v2\/pages\/221077","targetHints":{"allow":["GET"]}}],"collection":[{"href":"https:\/\/www.hqts.com\/it\/wp-json\/wp\/v2\/pages"}],"about":[{"href":"https:\/\/www.hqts.com\/it\/wp-json\/wp\/v2\/types\/page"}],"author":[{"embeddable":true,"href":"https:\/\/www.hqts.com\/it\/wp-json\/wp\/v2\/users\/17"}],"replies":[{"embeddable":true,"href":"https:\/\/www.hqts.com\/it\/wp-json\/wp\/v2\/comments?post=221077"}],"version-history":[{"count":1,"href":"https:\/\/www.hqts.com\/it\/wp-json\/wp\/v2\/pages\/221077\/revisions"}],"predecessor-version":[{"id":221091,"href":"https:\/\/www.hqts.com\/it\/wp-json\/wp\/v2\/pages\/221077\/revisions\/221091"}],"up":[{"embeddable":true,"href":"https:\/\/www.hqts.com\/it\/wp-json\/wp\/v2\/pages\/221048"}],"wp:featuredmedia":[{"embeddable":true,"href":"https:\/\/www.hqts.com\/it\/wp-json\/wp\/v2\/media\/221080"}],"wp:attachment":[{"href":"https:\/\/www.hqts.com\/it\/wp-json\/wp\/v2\/media?parent=221077"}],"curies":[{"name":"wp","href":"https:\/\/api.w.org\/{rel}","templated":true}]}}