{"id":221185,"date":"2025-11-13T11:43:07","date_gmt":"2025-11-13T11:43:07","guid":{"rendered":"https:\/\/www.hqts.com\/settori-che-serviamo\/controllo-qualita-alimenti\/ispezioni-test-audit-e-servizi-di-certificazione-per-alimenti-lavorati\/"},"modified":"2025-11-13T11:43:58","modified_gmt":"2025-11-13T11:43:58","slug":"ispezioni-alimenti-lavorati","status":"publish","type":"page","link":"https:\/\/www.hqts.com\/it\/settori-che-serviamo\/controllo-qualita-alimenti\/ispezioni-alimenti-lavorati\/","title":{"rendered":"Ispezioni, Test, Audit e Servizi di Certificazione per Alimenti Lavorati"},"content":{"rendered":"<p><strong>Verifica la qualit\u00e0 dei tuoi prodotti alimentari trasformati per rispettare gli standard normativi e di qualit\u00e0.<\/strong><\/p>\n<p>Gli alimenti trasformati comprendono un\u2019ampia gamma di prodotti alimentari, tra cui piatti pronti, prodotti congelati e snack. Questi prodotti attraversano molteplici fasi di lavorazione, contengono vari ingredienti e vengono confezionati per una conservazione a lungo termine.<\/p>\n<p>Data la complessit\u00e0 dei processi produttivi e i rigorosi quadri normativi, il controllo qualit\u00e0 degli alimenti trasformati \u00e8 diventato sempre pi\u00f9 fondamentale.<\/p>\n<h2><strong>Servizi di Controllo Qualit\u00e0 degli Alimenti Trasformati di HQTS<\/strong><\/h2>\n<p>HQTS \u00e8 un\u2019azienda esperta nel controllo qualit\u00e0 che pu\u00f2 assisterti nell\u2019audit, nei test e nelle ispezioni degli alimenti lavorati in qualsiasi fase della tua catena di fornitura. I nostri ispettori qualificati forniscono valutazioni per vari prodotti alimentari, tra cui:<\/p>\n<ul>\n<li>Colazione, cereali, pasta<\/li>\n<li>Formaggi, yogurt, burro<\/li>\n<li>Piatti pronti<\/li>\n<li><strong><a href=\"https:\/\/www.hqts.com\/your-industries\/food-and-agriculture\/rice-quality-control\/\">Riso<\/a><\/strong><\/li>\n<li><strong><a href=\"https:\/\/www.hqts.com\/your-industries\/food-and-agriculture\/spices-quality-control\/\">Spezie<\/a><\/strong><\/li>\n<li>Snack<\/li>\n<li><strong><a href=\"https:\/\/www.hqts.com\/it\/settori-che-serviamo\/controllo-qualita-alimenti\/controllo-qualita-latticini\/\">Prodotti lattiero-caseari<\/a><\/strong><\/li>\n<li>Carne e pesce in scatola<\/li>\n<li>Bevande<\/li>\n<li>Cibo per animali<\/li>\n<li>Frutta secca, frutta e spezie<\/li>\n<\/ul>\n<h2><strong>Ispezioni di Alimenti Trasformati<\/strong><\/h2>\n<p>HQTS offre un\u2019ampia gamma di ispezioni di qualit\u00e0 per alimenti trasformati. Che tu debba ispezionare frutta secca, spezie o un piatto pronto, siamo al tuo fianco. Adottiamo processi di campionamento statistico e possiamo effettuare ispezioni in qualsiasi fase del processo produttivo, tra cui:<\/p>\n<ul>\n<li><strong><a href=\"https:\/\/www.hqts.com\/it\/i-nostri-servizi\/quality-control-inspections\/ispezione-pre-produzione\/\">Ispezione Prima della Produzione<\/a><\/strong><\/li>\n<li><strong><a href=\"https:\/\/www.hqts.com\/it\/i-nostri-servizi\/ingegneria-della-qualita\/monitoraggio-della-produzione\/\">Monitoraggio della Produzione<\/a><\/strong><\/li>\n<li><strong><a href=\"https:\/\/www.hqts.com\/it\/i-nostri-servizi\/quality-control-inspections\/ispezione-pre-spedizione\/\">Ispezione Pre-Spedizione<\/a><\/strong><\/li>\n<li><strong><a href=\"https:\/\/www.hqts.com\/it\/i-nostri-servizi\/quality-control-inspections\/supervisione-del-carico-e-scarico\/\">Supervisione del Carico\/Scarico dei Container<\/a><\/strong><\/li>\n<li>Survey\/Ispezioni dei Danni<\/li>\n<li>Servizi di Campionamento<\/li>\n<li>Servizi di Tally<\/li>\n<\/ul>\n<p>L\u2019ambito di ogni ispezione varia in base alle tue esigenze e pu\u00f2 includere revisioni delle specifiche del prodotto, raccolta di campioni rappresentativi per test di laboratorio, verifiche delle quantit\u00e0 e altro.<\/p>\n<h2><strong>Audit per Produttori di Alimenti Trasformati<\/strong><\/h2>\n<p>Per valutare objetivamente la capacit\u00e0, le competenze, le procedure di sicurezza e le pratiche della fabbrica selezionata, HQTS offre ricerche approfondite e audit.<\/p>\n<p><strong>Questi audit includono:<\/strong><\/p>\n<ul>\n<li><strong><a href=\"https:\/\/www.hqts.com\/it\/i-nostri-servizi\/audit-di-fabbrica\/audit-di-conformita-sociale\/\">Audit di Conformit\u00e0 Sociale<\/a><\/strong><\/li>\n<li><strong><a href=\"https:\/\/www.hqts.com\/it\/i-nostri-servizi\/audit-di-fabbrica\/\">Audit dei Fornitori<\/a><\/strong><\/li>\n<li>Audit della Capacit\u00e0 Tecnica della Fabbrica<\/li>\n<li>Audit di Igiene Alimentare<\/li>\n<li>Audit di Stoccaggio<\/li>\n<\/ul>\n<h2><strong>Test sugli Alimenti Trasformati<\/strong><\/h2>\n<p>Possiamo testare la qualit\u00e0 degli alimenti trasformati nei nostri <strong><a href=\"https:\/\/www.hqts.com\/it\/i-nostri-servizi\/test-prodotti-materiali\/test-prodotti-alimentari\/\">laboratori partner accreditati per prodotti alimentari<\/a><\/strong>, garantendo la conformit\u00e0 a regolamenti internazionali e nazionali e riducendo al minimo i rischi per la tua supply chain.<\/p>\n<p><strong>I nostri test sugli alimenti trasformati includono:<\/strong><\/p>\n<ul>\n<li>Test Fisici<\/li>\n<li>Analisi della Composizione Chimica<\/li>\n<li>Test Microbiologici<\/li>\n<li>Test Sensoriali<\/li>\n<li>Test Nutrizionali<\/li>\n<li>Test degli Imballaggi e dei Materiali a Contatto con Alimenti<\/li>\n<\/ul>\n<h2><strong>Certificazione per Alimenti Trasformati<\/strong><\/h2>\n<p>Alcuni alimenti lavorati richiedono una certificazione per l\u2019importazione in Uganda e Arabia Saudita. HQTS \u00e8 autorizzata a eseguire le Certificazioni <strong><a href=\"https:\/\/www.hqts.com\/our-services\/uganda-pvoc\/\">Uganda PVoC<\/a><\/strong> e <strong><a href=\"https:\/\/www.hqts.com\/it\/i-nostri-servizi\/certificato-conformita-sfda-arabia\/\">SFDA<\/a> <\/strong>per i prodotti destinati all\u2019Arabia Saudita.<\/p>\n<p><strong><a href=\"https:\/\/www.hqts.com\/it\/contatti\/\">Contattaci<\/a> <\/strong>oggi per saperne di pi\u00f9!<\/p>\n","protected":false},"excerpt":{"rendered":"<p>Verifica la qualit\u00e0 dei tuoi prodotti alimentari trasformati per rispettare gli standard normativi e di qualit\u00e0. Gli alimenti trasformati comprendono un\u2019ampia gamma di prodotti alimentari, tra cui piatti pronti, prodotti congelati e snack. Questi prodotti attraversano molteplici fasi di lavorazione, contengono vari ingredienti e vengono confezionati per una conservazione a lungo termine. Data la complessit\u00e0 [&hellip;]<\/p>\n","protected":false},"author":12,"featured_media":221187,"parent":221048,"menu_order":0,"comment_status":"closed","ping_status":"closed","template":"","meta":{"_acf_changed":false,"footnotes":""},"class_list":["post-221185","page","type-page","status-publish","has-post-thumbnail","hentry"],"acf":[],"_links":{"self":[{"href":"https:\/\/www.hqts.com\/it\/wp-json\/wp\/v2\/pages\/221185","targetHints":{"allow":["GET"]}}],"collection":[{"href":"https:\/\/www.hqts.com\/it\/wp-json\/wp\/v2\/pages"}],"about":[{"href":"https:\/\/www.hqts.com\/it\/wp-json\/wp\/v2\/types\/page"}],"author":[{"embeddable":true,"href":"https:\/\/www.hqts.com\/it\/wp-json\/wp\/v2\/users\/12"}],"replies":[{"embeddable":true,"href":"https:\/\/www.hqts.com\/it\/wp-json\/wp\/v2\/comments?post=221185"}],"version-history":[{"count":1,"href":"https:\/\/www.hqts.com\/it\/wp-json\/wp\/v2\/pages\/221185\/revisions"}],"predecessor-version":[{"id":221198,"href":"https:\/\/www.hqts.com\/it\/wp-json\/wp\/v2\/pages\/221185\/revisions\/221198"}],"up":[{"embeddable":true,"href":"https:\/\/www.hqts.com\/it\/wp-json\/wp\/v2\/pages\/221048"}],"wp:featuredmedia":[{"embeddable":true,"href":"https:\/\/www.hqts.com\/it\/wp-json\/wp\/v2\/media\/221187"}],"wp:attachment":[{"href":"https:\/\/www.hqts.com\/it\/wp-json\/wp\/v2\/media?parent=221185"}],"curies":[{"name":"wp","href":"https:\/\/api.w.org\/{rel}","templated":true}]}}