{"id":221211,"date":"2025-11-13T11:50:20","date_gmt":"2025-11-13T11:50:20","guid":{"rendered":"https:\/\/www.hqts.com\/settori-che-serviamo\/controllo-qualita-alimenti\/controllo-qualita-del-riso-test-e-ispezioni\/"},"modified":"2025-11-13T11:51:03","modified_gmt":"2025-11-13T11:51:03","slug":"controllo-riso-ispezioni","status":"publish","type":"page","link":"https:\/\/www.hqts.com\/it\/settori-che-serviamo\/controllo-qualita-alimenti\/controllo-riso-ispezioni\/","title":{"rendered":"Controllo Qualit\u00e0 del Riso &#8211; Test e Ispezioni"},"content":{"rendered":"<p><strong>Collabora con HQTS per garantire che il tuo riso mantenga una qualit\u00e0 costante e soddisfi gli standard stabiliti dalle autorit\u00e0 di sicurezza alimentare e dagli enti regolatori.<\/strong><\/p>\n<p>Il riso \u00e8 un alimento fondamentale consumato da milioni di persone in tutto il mondo e, come altri prodotti alimentari, deve rispettare parametri di qualit\u00e0 specifici e conformarsi agli standard del settore, rendendo il controllo qualit\u00e0 del riso essenziale.<\/p>\n<p>&nbsp;<\/p>\n<h2><strong>Servizi di Controllo Qualit\u00e0 del Riso<\/strong><\/h2>\n<p>HQTS ha sviluppato soluzioni complete di controllo qualit\u00e0 del riso che coprono l\u2019intero ciclo produttivo, inclusi raccolta, selezione dei fornitori, produzione, spedizione ed esportazione.<\/p>\n<p>Oltre al riso, offriamo servizi di ispezione per numerosi prodotti alimentari, tra cui:<\/p>\n<ul>\n<li><strong><a href=\"https:\/\/www.hqts.com\/your-industries\/food-and-agriculture\/spices-quality-control\/\">Spezie<\/a><\/strong><\/li>\n<li><strong><a href=\"https:\/\/www.hqts.com\/it\/settori-che-serviamo\/controllo-qualita-alimenti\/controllo-qualita-latticini\/\">Prodotti lattiero-caseari<\/a><\/strong><\/li>\n<li><strong><a href=\"https:\/\/www.hqts.com\/it\/settori-che-serviamo\/controllo-qualita-alimenti\/controllo-cereali\/\">Cereali<\/a><\/strong><\/li>\n<li><strong><a href=\"https:\/\/www.hqts.com\/it\/settori-che-serviamo\/controllo-qualita-alimenti\/ispezioni-alimenti-lavorati\/\">Alimenti trasformati<\/a><\/strong><\/li>\n<li>T\u00e8<\/li>\n<li><strong><a href=\"https:\/\/www.hqts.com\/it\/settori-che-serviamo\/controllo-qualita-alimenti\/controllo-qualita-carne\/\">Carne e pollame<\/a><\/strong><\/li>\n<li><strong><a href=\"https:\/\/www.hqts.com\/it\/settori-che-serviamo\/controllo-qualita-alimenti\/controllo-qualita-frutta-verdura\/\">Verdura e frutta<\/a><\/strong><\/li>\n<\/ul>\n<h2><strong>Audit di Fabbrica per il Riso<\/strong><\/h2>\n<p>Determina se il tuo fornitore \u00e8 legittimo e in grado di produrre riso che soddisfi i tuoi elevati standard qualitativi grazie ai nostri servizi di audit, che includono:<\/p>\n<ul>\n<li>Audit dei Fornitori<\/li>\n<li><strong><a href=\"https:\/\/www.hqts.com\/it\/i-nostri-servizi\/audit-di-fabbrica\/\">Audit di Fabbrica<\/a><\/strong><\/li>\n<li><strong><a href=\"https:\/\/www.hqts.com\/it\/i-nostri-servizi\/audit-di-fabbrica\/audit-di-conformita-sociale\/\">Audit di Conformit\u00e0 Sociale<\/a><\/strong><\/li>\n<\/ul>\n<h2><strong>Servizi di Ispezione del Riso<\/strong><\/h2>\n<p>Eseguiamo ispezioni visive, conteggio e pesatura casuale dei sacchi, verifica dell\u2019imballaggio e raccolta dei documenti di spedizione per verificare la conformit\u00e0 alle tue richieste. I nostri servizi di ispezione del riso possono identificare eventuali deviazioni, consentendoti di intervenire tempestivamente.<\/p>\n<p>Queste ispezioni possono essere eseguite in varie fasi, tra cui riserie, magazzini e strutture di stoccaggio, e impianti di confezionamento ed etichettatura. Includono:<\/p>\n<ul>\n<li><strong><a href=\"https:\/\/www.hqts.com\/it\/i-nostri-servizi\/quality-control-inspections\/ispezione-durante-la-produzione\/\">Ispezione Durante la Produzione<\/a><\/strong>: Controllo del riso nelle varie fasi del processo produttivo.<\/li>\n<li><strong><a href=\"https:\/\/www.hqts.com\/it\/i-nostri-servizi\/quality-control-inspections\/ispezione-pre-spedizione\/\">Ispezione Pre-Spedizione<\/a><\/strong>: Verifica del riso prima della spedizione.<\/li>\n<li><strong><a href=\"https:\/\/www.hqts.com\/it\/i-nostri-servizi\/quality-control-inspections\/supervisione-del-carico-e-scarico\/\">Ispezione del Carico dei Container<\/a><\/strong>: Eseguita al porto o in magazzino prima del caricamento dei container di riso su camion o navi.<\/li>\n<\/ul>\n<h2><strong>Laboratori di Test per il Riso<\/strong><\/h2>\n<p>Possiamo eseguire analisi e campionamenti del riso direttamente in fabbrica o testarlo tramite la nostra <strong><a href=\"https:\/\/www.hqts.com\/it\/i-nostri-servizi\/test-prodotti-materiali\/test-prodotti-alimentari\/\">rete di laboratori partner accreditati<\/a><\/strong> per test comuni, quali:<\/p>\n<ul>\n<li>Analisi fisiche e chimiche<\/li>\n<li>Metalli pesanti<\/li>\n<li>Classificazione<\/li>\n<\/ul>\n<h2><strong>Certificazione del Riso per Uganda e Arabia Saudita<\/strong><\/h2>\n<p>Riconosciamo l\u2019importanza di rispettare rigidi regolamenti del settore, standard internazionali e requisiti specifici dei vari mercati. Offriamo attivit\u00e0 di valutazione di conformit\u00e0 per prodotti a base di riso nell\u2019ambito del <strong><a href=\"https:\/\/www.hqts.com\/our-services\/uganda-pvoc\/\">Programma Uganda PVoC<\/a><\/strong> e delle <strong><a href=\"https:\/\/www.hqts.com\/it\/i-nostri-servizi\/certificato-conformita-sfda-arabia\/\">Certificazioni SFDA<\/a><\/strong>.<\/p>\n<p><strong><a href=\"https:\/\/www.hqts.com\/it\/contatti\/\">Contatta oggi il nostro team<\/a><\/strong> per discutere le tue esigenze di controllo qualit\u00e0 del riso e scoprire come HQTS pu\u00f2 supportare la tua attivit\u00e0.<\/p>\n","protected":false},"excerpt":{"rendered":"<p>Collabora con HQTS per garantire che il tuo riso mantenga una qualit\u00e0 costante e soddisfi gli standard stabiliti dalle autorit\u00e0 di sicurezza alimentare e dagli enti regolatori. Il riso \u00e8 un alimento fondamentale consumato da milioni di persone in tutto il mondo e, come altri prodotti alimentari, deve rispettare parametri di qualit\u00e0 specifici e conformarsi [&hellip;]<\/p>\n","protected":false},"author":17,"featured_media":221212,"parent":221048,"menu_order":0,"comment_status":"closed","ping_status":"closed","template":"","meta":{"_acf_changed":false,"footnotes":""},"class_list":["post-221211","page","type-page","status-publish","has-post-thumbnail","hentry"],"acf":[],"_links":{"self":[{"href":"https:\/\/www.hqts.com\/it\/wp-json\/wp\/v2\/pages\/221211","targetHints":{"allow":["GET"]}}],"collection":[{"href":"https:\/\/www.hqts.com\/it\/wp-json\/wp\/v2\/pages"}],"about":[{"href":"https:\/\/www.hqts.com\/it\/wp-json\/wp\/v2\/types\/page"}],"author":[{"embeddable":true,"href":"https:\/\/www.hqts.com\/it\/wp-json\/wp\/v2\/users\/17"}],"replies":[{"embeddable":true,"href":"https:\/\/www.hqts.com\/it\/wp-json\/wp\/v2\/comments?post=221211"}],"version-history":[{"count":1,"href":"https:\/\/www.hqts.com\/it\/wp-json\/wp\/v2\/pages\/221211\/revisions"}],"predecessor-version":[{"id":221224,"href":"https:\/\/www.hqts.com\/it\/wp-json\/wp\/v2\/pages\/221211\/revisions\/221224"}],"up":[{"embeddable":true,"href":"https:\/\/www.hqts.com\/it\/wp-json\/wp\/v2\/pages\/221048"}],"wp:featuredmedia":[{"embeddable":true,"href":"https:\/\/www.hqts.com\/it\/wp-json\/wp\/v2\/media\/221212"}],"wp:attachment":[{"href":"https:\/\/www.hqts.com\/it\/wp-json\/wp\/v2\/media?parent=221211"}],"curies":[{"name":"wp","href":"https:\/\/api.w.org\/{rel}","templated":true}]}}