{"id":221225,"date":"2025-11-13T11:53:11","date_gmt":"2025-11-13T11:53:11","guid":{"rendered":"https:\/\/www.hqts.com\/settori-che-serviamo\/controllo-qualita-alimenti\/seafood-quality-control-inspection-testing-and-audits\/"},"modified":"2025-11-13T11:58:23","modified_gmt":"2025-11-13T11:58:23","slug":"controllo-qualita-prodotti-ittici","status":"publish","type":"page","link":"https:\/\/www.hqts.com\/it\/settori-che-serviamo\/controllo-qualita-alimenti\/controllo-qualita-prodotti-ittici\/","title":{"rendered":"Controllo Qualit\u00e0 dei Prodotti Ittici: Ispezioni, Test e Audit"},"content":{"rendered":"<p><strong>Offriamo servizi di controllo qualit\u00e0 dei prodotti ittici che coprono ogni fase della catena di fornitura, dall\u2019approvvigionamento alla tavola.<\/strong><\/p>\n<p>Il controllo qualit\u00e0 \u00e8 fondamentale nell\u2019industria dei prodotti ittici. Che tu sia un distributore, importatore, rivenditore o operatore del settore food service, garantire che i tuoi prodotti rispettino gli standard normativi, qualitativi e igienici \u00e8 essenziale per prevenire malattie e intossicazioni alimentari.<\/p>\n<h2><strong>HQTS \u2013 Servizi di Controllo Qualit\u00e0 per Prodotti Ittici<\/strong><\/h2>\n<p>HQTS \u00e8 un\u2019agenzia terza parte specializzata nell\u2019ispezione dei prodotti ittici. Siamo esperti nell\u2019effettuare audit, test e ispezioni in ogni fase della filiera, assicurando una rigorosa conformit\u00e0 ai requisiti normativi nazionali e internazionali.<\/p>\n<p>Disponiamo di un team di ispettori alimentari qualificati e certificati dedicati a fornire valutazioni accurate per diverse tipologie di prodotti ittici, tra cui:<\/p>\n<ul>\n<li><strong><a href=\"https:\/\/www.hqts.com\/your-industries\/food-and-agriculture\/seafood-inspections\/fish-quality-control\/\">Pesce<\/a><\/strong><\/li>\n<li>Crostacei<\/li>\n<li>Molluschi cefalopodi<\/li>\n<li>Prodotti ittici affumicati e stagionati<\/li>\n<li>Prodotti ittici preparati<\/li>\n<\/ul>\n<p><iframe title=\"YouTube video player\" src=\"https:\/\/www.youtube.com\/embed\/KMnqYAxipSM\" width=\"560\" height=\"365\" frameborder=\"0\" allowfullscreen=\"allowfullscreen\" data-mce-fragment=\"1\"><\/iframe><\/p>\n<h2><strong>Servizi di Ispezione dei Prodotti Ittici<\/strong><\/h2>\n<p>Il nostro processo di ispezione include pre-product inspection (PPI), during-product inspection (DUPRO), pre-shipment inspection (PSI) e supervisione di carico e scarico (LS\/US).<\/p>\n<h2><strong>Perizie su Prodotti Ittici<\/strong><\/h2>\n<p>Le perizie sono diventate sempre pi\u00f9 importanti a causa dei lunghi periodi di trasporto e delle maggiori possibilit\u00e0 di perdita di qualit\u00e0 durante il transito.<\/p>\n<p>Offriamo perizie sui prodotti ittici per aiutarti a identificare la causa e l\u2019entit\u00e0 di eventuali danni avvenuti durante il trasporto. Le perizie includono:<\/p>\n<ul>\n<li><strong>Perizia preliminare<\/strong> &#8211; L\u2019ispettore esamina i prodotti ittici prima che raggiungano la destinazione<\/li>\n<li><strong>Perizia sui danni<\/strong> &#8211; Determinare la causa dei danni subiti durante il trasporto e fornire soluzioni utili per il futuro<\/li>\n<\/ul>\n<h2><strong>Audit per Prodotti Ittici<\/strong><\/h2>\n<p>I nostri Audit alle Fabbriche di Prodotti Ittici ti permettono di selezionare fornitori adeguati e valutarli in base ai criteri necessari. Gli audit includono:<\/p>\n<ul>\n<li><strong><a href=\"https:\/\/www.hqts.com\/it\/i-nostri-servizi\/audit-di-fabbrica\/\">Audit del Fornitore\/Fabbrica di Prodotti Ittici<\/a><\/strong><\/li>\n<li><strong><a href=\"https:\/\/www.hqts.com\/your-industries\/food-and-agriculture\/third-party-food-safety-audits\/\">Audit sulla Sicurezza dei Prodotti Ittici<\/a><\/strong><\/li>\n<li>Audit di Capacit\u00e0 Tecnica della Fabbrica<\/li>\n<li>Audit di Igiene Alimentare<\/li>\n<\/ul>\n<h2><strong>Test sui Prodotti Ittici<\/strong><\/h2>\n<p>Possiamo testare i tuoi prodotti ittici secondo standard nazionali e internazionali per confermarne la conformit\u00e0 ai contratti e alle normative vigenti, presso <strong><a href=\"https:\/\/www.hqts.com\/it\/i-nostri-servizi\/test-prodotti-materiali\/test-prodotti-alimentari\/\">laboratori accreditati specializzati in prodotti ittici<\/a><\/strong>.<\/p>\n<ul>\n<li>Analisi della Componente Chimica<\/li>\n<li>Test Microbiologici<\/li>\n<li>Test Fisici<\/li>\n<li>Test Nutrizionali<\/li>\n<li>Test su Materiali a Contatto con Alimenti e Imballaggi<\/li>\n<\/ul>\n<h2><strong>Altri Servizi di Controllo Qualit\u00e0 per Prodotti Ittici<\/strong><\/h2>\n<p>Oltre ai servizi menzionati, possiamo emettere <strong><a href=\"https:\/\/www.hqts.com\/it\/i-nostri-servizi\/certificato-conformita-sfda-arabia\/\">Certificati di Conformit\u00e0 SFDA<\/a><\/strong> per esportazioni verso l\u2019Arabia Saudita.<\/p>\n<p><strong><a href=\"https:\/\/www.hqts.com\/it\/contatti\/\">Contattaci<\/a> <\/strong>oggi per saperne di pi\u00f9 sui nostri servizi di assicurazione qualit\u00e0 dei prodotti ittici.<\/p>\n","protected":false},"excerpt":{"rendered":"<p>Offriamo servizi di controllo qualit\u00e0 dei prodotti ittici che coprono ogni fase della catena di fornitura, dall\u2019approvvigionamento alla tavola. Il controllo qualit\u00e0 \u00e8 fondamentale nell\u2019industria dei prodotti ittici. Che tu sia un distributore, importatore, rivenditore o operatore del settore food service, garantire che i tuoi prodotti rispettino gli standard normativi, qualitativi e igienici \u00e8 essenziale [&hellip;]<\/p>\n","protected":false},"author":12,"featured_media":221228,"parent":221048,"menu_order":0,"comment_status":"closed","ping_status":"closed","template":"","meta":{"_acf_changed":false,"footnotes":""},"class_list":["post-221225","page","type-page","status-publish","has-post-thumbnail","hentry"],"acf":[],"_links":{"self":[{"href":"https:\/\/www.hqts.com\/it\/wp-json\/wp\/v2\/pages\/221225","targetHints":{"allow":["GET"]}}],"collection":[{"href":"https:\/\/www.hqts.com\/it\/wp-json\/wp\/v2\/pages"}],"about":[{"href":"https:\/\/www.hqts.com\/it\/wp-json\/wp\/v2\/types\/page"}],"author":[{"embeddable":true,"href":"https:\/\/www.hqts.com\/it\/wp-json\/wp\/v2\/users\/12"}],"replies":[{"embeddable":true,"href":"https:\/\/www.hqts.com\/it\/wp-json\/wp\/v2\/comments?post=221225"}],"version-history":[{"count":4,"href":"https:\/\/www.hqts.com\/it\/wp-json\/wp\/v2\/pages\/221225\/revisions"}],"predecessor-version":[{"id":221243,"href":"https:\/\/www.hqts.com\/it\/wp-json\/wp\/v2\/pages\/221225\/revisions\/221243"}],"up":[{"embeddable":true,"href":"https:\/\/www.hqts.com\/it\/wp-json\/wp\/v2\/pages\/221048"}],"wp:featuredmedia":[{"embeddable":true,"href":"https:\/\/www.hqts.com\/it\/wp-json\/wp\/v2\/media\/221228"}],"wp:attachment":[{"href":"https:\/\/www.hqts.com\/it\/wp-json\/wp\/v2\/media?parent=221225"}],"curies":[{"name":"wp","href":"https:\/\/api.w.org\/{rel}","templated":true}]}}