{"id":221260,"date":"2025-11-13T12:09:26","date_gmt":"2025-11-13T12:09:26","guid":{"rendered":"https:\/\/www.hqts.com\/settori-che-serviamo\/controllo-qualita-alimenti\/servizi-di-controllo-qualita-delle-spezie-test-ispezioni-e-audit\/"},"modified":"2025-11-13T12:10:01","modified_gmt":"2025-11-13T12:10:01","slug":"controllo-qualita-spezie","status":"publish","type":"page","link":"https:\/\/www.hqts.com\/it\/settori-che-serviamo\/controllo-qualita-alimenti\/controllo-qualita-spezie\/","title":{"rendered":"Servizi di Controllo Qualit\u00e0 delle Spezie &#8211; Test, Ispezioni e Audit"},"content":{"rendered":"<p><strong>Raggiungi rigorosi standard di qualit\u00e0 con i servizi completi di controllo qualit\u00e0 delle spezie offerti da HQTS.<\/strong><\/p>\n<p>Che tu sia un produttore, distributore o rivenditore che approvvigiona spezie o intenda espandersi in nuovi mercati, \u00e8 fondamentale assicurarsi che i tuoi prodotti siano privi di rischi per la salute e conformi agli standard normativi.<\/p>\n<h2><strong>Controllo Qualit\u00e0 delle Spezie<\/strong><\/h2>\n<p>HQTS offre una gamma completa di servizi di controllo qualit\u00e0 delle spezie che coprono ogni fase del processo produttivo. Dall\u2019audit dei fornitori al rispetto dei requisiti di qualit\u00e0 pi\u00f9 rigorosi, fino all\u2019ottenimento delle certificazioni per l\u2019esportazione, ti supportiamo in ogni passaggio.<\/p>\n<p><strong>I nostri servizi di controllo qualit\u00e0 si estendono a vari prodotti alimentari, tra cui:<\/strong><\/p>\n<ul>\n<li>Erbe e aromi<\/li>\n<li>Condimenti<\/li>\n<li><strong><a href=\"https:\/\/www.hqts.com\/it\/settori-che-serviamo\/controllo-qualita-alimenti\/controllo-riso-ispezioni\/\">Riso<\/a><\/strong><\/li>\n<li><strong><a href=\"https:\/\/www.hqts.com\/it\/settori-che-serviamo\/controllo-qualita-alimenti\/controllo-qualita-frutta-verdura\/\">Frutta e verdura<\/a><\/strong><\/li>\n<li><strong><a href=\"https:\/\/www.hqts.com\/it\/settori-che-serviamo\/controllo-qualita-alimenti\/controllo-cereali\/\">Cereali<\/a><\/strong><\/li>\n<li><strong><a href=\"https:\/\/www.hqts.com\/it\/settori-che-serviamo\/controllo-qualita-alimenti\/ispezioni-alimenti-lavorati\/\">Alimenti trasformati<\/a><\/strong><\/li>\n<li><strong><a href=\"https:\/\/www.hqts.com\/it\/settori-che-serviamo\/controllo-qualita-alimenti\/controllo-qualita-prodotti-ittici\/\">Prodotti ittici<\/a><\/strong><\/li>\n<li>Latticini<\/li>\n<li><strong><a href=\"https:\/\/www.hqts.com\/it\/settori-che-serviamo\/controllo-qualita-alimenti\/controllo-qualita-carne\/\">Carne e pollame<\/a><\/strong><\/li>\n<\/ul>\n<h2><strong>Ispezione delle Spezie<\/strong><\/h2>\n<p>HQTS pu\u00f2 verificare la qualit\u00e0 e l\u2019integrit\u00e0 delle tue spezie. I nostri ispettori esaminano attentamente fattori critici come colore, consistenza, dimensione e contaminazione da corpi estranei. Offriamo ispezioni in diverse fasi della tua supply chain, tra cui:<\/p>\n<ul>\n<li><strong><a href=\"https:\/\/www.hqts.com\/it\/i-nostri-servizi\/audit-di-fabbrica\/\">Audit dei fornitori<\/a><\/strong><\/li>\n<li><strong><a href=\"https:\/\/www.hqts.com\/it\/i-nostri-servizi\/quality-control-inspections\/ispezione-pre-spedizione\/\">Ispezione pre-spedizione<\/a><\/strong><\/li>\n<li><strong><a href=\"https:\/\/www.hqts.com\/it\/i-nostri-servizi\/quality-control-inspections\/supervisione-del-carico-e-scarico\/\">Supervisione di carico\/scarico dei container<\/a><\/strong><\/li>\n<li>Perizie<\/li>\n<\/ul>\n<h2><strong>Servizi di Laboratorio per il Test delle Spezie<\/strong><\/h2>\n<p>HQTS pu\u00f2 prelevare un campione rappresentativo delle spezie e analizzarlo in uno dei nostri <strong><a href=\"https:\/\/www.hqts.com\/it\/i-nostri-servizi\/test-prodotti-materiali\/test-prodotti-alimentari\/\">laboratori partner<\/a><\/strong> in India, Cina o altri paesi. I parametri di test dipendono dal prodotto e dalle esigenze e possono includere analisi fisiche, chimiche, botaniche e organolettiche.<\/p>\n<h2><strong>Altri Servizi di Controllo Qualit\u00e0 per le Spezie<\/strong><\/h2>\n<p>In alcuni paesi, le spezie sono soggette a valutazioni di conformit\u00e0. Che tu esporti spezie dall\u2019India all\u2019Arabia Saudita o verso altre destinazioni, possiamo emettere <strong><a href=\"https:\/\/www.hqts.com\/it\/i-nostri-servizi\/certificato-di-conformita\/\">certificati di conformit\u00e0<\/a><\/strong> previa verifica dei requisiti.<\/p>\n<p><strong><a href=\"https:\/\/www.hqts.com\/it\/contatti\/\">Scegli HQTS<\/a><\/strong> oggi stesso per saperne di pi\u00f9!<\/p>\n","protected":false},"excerpt":{"rendered":"<p>Raggiungi rigorosi standard di qualit\u00e0 con i servizi completi di controllo qualit\u00e0 delle spezie offerti da HQTS. Che tu sia un produttore, distributore o rivenditore che approvvigiona spezie o intenda espandersi in nuovi mercati, \u00e8 fondamentale assicurarsi che i tuoi prodotti siano privi di rischi per la salute e conformi agli standard normativi. Controllo Qualit\u00e0 [&hellip;]<\/p>\n","protected":false},"author":17,"featured_media":221262,"parent":221048,"menu_order":0,"comment_status":"closed","ping_status":"closed","template":"","meta":{"_acf_changed":false,"footnotes":""},"class_list":["post-221260","page","type-page","status-publish","has-post-thumbnail","hentry"],"acf":[],"_links":{"self":[{"href":"https:\/\/www.hqts.com\/it\/wp-json\/wp\/v2\/pages\/221260","targetHints":{"allow":["GET"]}}],"collection":[{"href":"https:\/\/www.hqts.com\/it\/wp-json\/wp\/v2\/pages"}],"about":[{"href":"https:\/\/www.hqts.com\/it\/wp-json\/wp\/v2\/types\/page"}],"author":[{"embeddable":true,"href":"https:\/\/www.hqts.com\/it\/wp-json\/wp\/v2\/users\/17"}],"replies":[{"embeddable":true,"href":"https:\/\/www.hqts.com\/it\/wp-json\/wp\/v2\/comments?post=221260"}],"version-history":[{"count":1,"href":"https:\/\/www.hqts.com\/it\/wp-json\/wp\/v2\/pages\/221260\/revisions"}],"predecessor-version":[{"id":221273,"href":"https:\/\/www.hqts.com\/it\/wp-json\/wp\/v2\/pages\/221260\/revisions\/221273"}],"up":[{"embeddable":true,"href":"https:\/\/www.hqts.com\/it\/wp-json\/wp\/v2\/pages\/221048"}],"wp:featuredmedia":[{"embeddable":true,"href":"https:\/\/www.hqts.com\/it\/wp-json\/wp\/v2\/media\/221262"}],"wp:attachment":[{"href":"https:\/\/www.hqts.com\/it\/wp-json\/wp\/v2\/media?parent=221260"}],"curies":[{"name":"wp","href":"https:\/\/api.w.org\/{rel}","templated":true}]}}