{"id":221288,"date":"2025-11-13T12:23:29","date_gmt":"2025-11-13T12:23:29","guid":{"rendered":"https:\/\/www.hqts.com\/settori-che-serviamo\/ispezioni-di-controllo-qualita-per-impianti-industriali-e-macchinari\/"},"modified":"2025-11-13T12:25:01","modified_gmt":"2025-11-13T12:25:01","slug":"controllo-qualita-macchinari","status":"publish","type":"page","link":"https:\/\/www.hqts.com\/it\/settori-che-serviamo\/controllo-qualita-macchinari\/","title":{"rendered":"Ispezioni di Controllo Qualit\u00e0 per Impianti Industriali e Macchinari"},"content":{"rendered":"<p><strong>HQTS offre un\u2019ampia gamma di servizi di controllo qualit\u00e0 per impianti industriali, tra cui ispezioni di qualit\u00e0, audit dei fornitori e servizi di testing.<\/strong><\/p>\n<p>Il controllo qualit\u00e0 \u00e8 fondamentale negli impianti industriali, poich\u00e9 questi settori sono spesso soggetti a severi standard e requisiti normativi. I servizi di assicurazione qualit\u00e0 di HQTS per impianti industriali ti aiutano a ridurre al minimo il rischio di difetti e a prevenire guasti che possono compromettere le tue operazioni.<\/p>\n<h2><strong>Servizi di Controllo Qualit\u00e0 per Impianti Industriali<\/strong><\/h2>\n<p>I nostri esperti ingegneri del controllo qualit\u00e0 e tecnici specializzati possiedono una vasta conoscenza delle pratiche di ispezione e testing dei materiali, dei macchinari e delle attrezzature utilizzati in impianti industriali, miniere, trasporti e costruzioni pesanti. Copriamo diverse categorie di prodotti, tra cui:<\/p>\n<ul>\n<li><strong><a href=\"https:\/\/www.hqts.com\/your-industries\/industrial-plants-quality-control\/valve-inspection\/\">Valvole<\/a><\/strong><\/li>\n<li>Pompe<\/li>\n<li><strong><a href=\"https:\/\/www.hqts.com\/your-industries\/industrial-plants-quality-control\/tank-inspection\/\">Serbatoi<\/a><\/strong><\/li>\n<li><strong><a href=\"https:\/\/www.hqts.com\/your-industries\/industrial-plants-quality-control\/tank-inspection\/\">Caldaie<\/a><\/strong><\/li>\n<li>Ascensori<\/li>\n<li><strong><a href=\"https:\/\/www.hqts.com\/your-industries\/machinery-quality-control\/heavy-machinery\/\">Macchinari e Attrezzature<\/a><\/strong><\/li>\n<li><strong><a href=\"https:\/\/www.hqts.com\/your-industries\/machinery-quality-control\/spare-parts-inspection\/\">Ricambi e Utensili<\/a><\/strong><\/li>\n<li>Materie prime<\/li>\n<li>Altri <strong><a href=\"https:\/\/www.hqts.com\/your-industries\/machinery-quality-control\/heavy-machinery\/\">Macchinari Pesanti<\/a><\/strong><\/li>\n<\/ul>\n<h2><strong>Servizi di Ispezione Industriale<\/strong><\/h2>\n<p>I servizi di ispezione industriale sono fondamentali per garantire che i prodotti che acquisti siano fabbricati secondo i pi\u00f9 elevati standard di sicurezza, qualit\u00e0 e prestazioni. Presso HQTS offriamo vari servizi di ispezione per supportare gli impianti industriali in diversi settori, tra cui:<\/p>\n<ul>\n<li><strong><a href=\"https:\/\/www.hqts.com\/it\/i-nostri-servizi\/quality-control-inspections\/ispezione-pre-produzione\/\">Ispezione Pre-Produzione<\/a><\/strong><\/li>\n<li><strong><a href=\"https:\/\/www.hqts.com\/it\/i-nostri-servizi\/quality-control-inspections\/ispezione-durante-la-produzione\/\">Ispezione Durante la Produzione<\/a><\/strong><\/li>\n<li><strong><a href=\"https:\/\/www.hqts.com\/it\/i-nostri-servizi\/quality-control-inspections\/ispezione-pre-spedizione\/\">Ispezione Pre-Spedizione<\/a><\/strong><\/li>\n<li><strong><a href=\"https:\/\/www.hqts.com\/it\/i-nostri-servizi\/quality-control-inspections\/\">Supervisione di Carico\/Scarico<\/a><\/strong><\/li>\n<li><strong><a href=\"https:\/\/www.hqts.com\/it\/i-nostri-servizi\/ingegneria-della-qualita\/monitoraggio-della-produzione\/\">Monitoraggio della Produzione<\/a><\/strong><\/li>\n<li>Le attivit\u00e0 di ispezione e supervisione riguardano saldatura, controlli non distruttivi, macchinari, elettricit\u00e0, materiali, strutture, chimica e sicurezza.<\/li>\n<\/ul>\n<p><span data-preserver-spaces=\"true\"><br \/>\n<strong>Inoltre, offriamo ispezioni FAT (Factory Acceptance Test), durante le quali i nostri ispettori valutano:<\/strong><\/span><\/p>\n<ul>\n<li>Ispezione funzionale: sicurezza e integrit\u00e0 dei componenti e dei macchinari, layout delle linee, ecc.<\/li>\n<li>Valutazione delle prestazioni: conformit\u00e0 degli indicatori di performance alle specifiche di progettazione<\/li>\n<li>Valutazione della sicurezza: affidabilit\u00e0 dei sistemi di sicurezza<\/li>\n<li>Ispezione per certificazione<\/li>\n<\/ul>\n<h2><strong>Audit dei Fornitori<\/strong><\/h2>\n<p>HQTS offre anche audit dei fornitori, sia che tu stia acquistando una caldaia da un nuovo fornitore in Cina, sia che tu voglia assicurarti che il tuo produttore possa realizzare beni conformi ai tuoi standard e alle tue specifiche. I nostri servizi includono:<\/p>\n<ul>\n<li><strong><a href=\"https:\/\/www.hqts.com\/it\/i-nostri-servizi\/audit-di-fabbrica\/\">Audit del Fornitore<\/a><\/strong><\/li>\n<li>Audit di Fabbrica<\/li>\n<\/ul>\n<p><span data-preserver-spaces=\"true\"><strong><br \/>\n<a href=\"https:\/\/www.hqts.com\/it\/contatti\/\">Contattaci<\/a> <\/strong>oggi per saperne di pi\u00f9 sui nostri servizi di assicurazione qualit\u00e0 per impianti industriali.<br \/>\n<strong><br \/>\n<\/strong><\/span><\/p>\n","protected":false},"excerpt":{"rendered":"<p>HQTS offre un\u2019ampia gamma di servizi di controllo qualit\u00e0 per impianti industriali, tra cui ispezioni di qualit\u00e0, audit dei fornitori e servizi di testing. Il controllo qualit\u00e0 \u00e8 fondamentale negli impianti industriali, poich\u00e9 questi settori sono spesso soggetti a severi standard e requisiti normativi. I servizi di assicurazione qualit\u00e0 di HQTS per impianti industriali ti [&hellip;]<\/p>\n","protected":false},"author":12,"featured_media":219719,"parent":220156,"menu_order":18,"comment_status":"closed","ping_status":"closed","template":"","meta":{"_acf_changed":false,"footnotes":""},"class_list":["post-221288","page","type-page","status-publish","has-post-thumbnail","hentry"],"acf":[],"_links":{"self":[{"href":"https:\/\/www.hqts.com\/it\/wp-json\/wp\/v2\/pages\/221288","targetHints":{"allow":["GET"]}}],"collection":[{"href":"https:\/\/www.hqts.com\/it\/wp-json\/wp\/v2\/pages"}],"about":[{"href":"https:\/\/www.hqts.com\/it\/wp-json\/wp\/v2\/types\/page"}],"author":[{"embeddable":true,"href":"https:\/\/www.hqts.com\/it\/wp-json\/wp\/v2\/users\/12"}],"replies":[{"embeddable":true,"href":"https:\/\/www.hqts.com\/it\/wp-json\/wp\/v2\/comments?post=221288"}],"version-history":[{"count":2,"href":"https:\/\/www.hqts.com\/it\/wp-json\/wp\/v2\/pages\/221288\/revisions"}],"predecessor-version":[{"id":221300,"href":"https:\/\/www.hqts.com\/it\/wp-json\/wp\/v2\/pages\/221288\/revisions\/221300"}],"up":[{"embeddable":true,"href":"https:\/\/www.hqts.com\/it\/wp-json\/wp\/v2\/pages\/220156"}],"wp:featuredmedia":[{"embeddable":true,"href":"https:\/\/www.hqts.com\/it\/wp-json\/wp\/v2\/media\/219719"}],"wp:attachment":[{"href":"https:\/\/www.hqts.com\/it\/wp-json\/wp\/v2\/media?parent=221288"}],"curies":[{"name":"wp","href":"https:\/\/api.w.org\/{rel}","templated":true}]}}