{"id":221345,"date":"2025-11-13T12:42:33","date_gmt":"2025-11-13T12:42:33","guid":{"rendered":"https:\/\/www.hqts.com\/settori-che-serviamo\/ispezioni-di-prodotti-industriali\/controllo-qualita-dei-prodotti-chimici-ispezione-e-test\/"},"modified":"2025-11-13T12:43:04","modified_gmt":"2025-11-13T12:43:04","slug":"controllo-prodotti-chimici","status":"publish","type":"page","link":"https:\/\/www.hqts.com\/it\/settori-che-serviamo\/ispezioni-di-prodotti-industriali\/controllo-prodotti-chimici\/","title":{"rendered":"Controllo Qualit\u00e0 dei Prodotti Chimici &#8211; Ispezione e Test"},"content":{"rendered":"<h2><strong>Servizi di Ispezione e Testing per Prodotti Chimici<\/strong><\/h2>\n<p><strong><span data-preserver-spaces=\"true\">Assicurati che le sostanze chimiche che acquisti siano conformi agli standard di qualit\u00e0 previsti e ai requisiti legislativi grazie ai servizi di ispezione e testing chimico di HQTS.<\/span><\/strong><\/p>\n<p><span data-preserver-spaces=\"true\">Che tu stia cercando un servizio di ispezione chimica di terza parte in Cina o test su petrolchimici, agrochimici, polimeri o altre sostanze chimiche in India o altrove, HQTS \u00e8 qui per aiutarti a verificare che i tuoi prodotti rispettino specifiche tecniche e standard di qualit\u00e0.<\/span><\/p>\n<h2><strong>Servizi di Controllo Qualit\u00e0 per Prodotti Chimici<\/strong><\/h2>\n<p>Nel settore della produzione chimica, garantire la qualit\u00e0 dei prodotti \u00e8 essenziale per prevenire non conformit\u00e0 e rispettare le normative che tutelano persone e ambiente.<\/p>\n<p><span data-preserver-spaces=\"true\">HQTS offre da molti anni servizi di controllo qualit\u00e0 per il settore chimico, supportando produttori, fornitori e acquirenti.<\/span><\/p>\n<p><strong><span data-preserver-spaces=\"true\">Le principali categorie di prodotti industriali che serviamo:<\/span><\/strong><\/p>\n<ul>\n<li><span data-preserver-spaces=\"true\">Agrochimici<\/span><\/li>\n<li><span data-preserver-spaces=\"true\">Pesticidi<\/span><\/li>\n<li><span data-preserver-spaces=\"true\">Prodotti chimici di base e industriali<\/span><\/li>\n<li><span data-preserver-spaces=\"true\">Coloranti e detergenti<\/span><\/li>\n<li><span data-preserver-spaces=\"true\">Lubrificanti e grassi<\/span><\/li>\n<li><span data-preserver-spaces=\"true\">Nanomateriali<\/span><\/li>\n<li><span data-preserver-spaces=\"true\">Petrolchimici<\/span><\/li>\n<li><span data-preserver-spaces=\"true\">Polimeri<\/span><\/li>\n<li><span data-preserver-spaces=\"true\">Materie plastiche<\/span><\/li>\n<li><strong><a href=\"https:\/\/www.hqts.com\/your-industries\/industrial\/oil-gas-quality-control\/\">Attrezzature e materiali per petrolio e gas<\/a><\/strong><\/li>\n<li><span data-preserver-spaces=\"true\">Coloranti e detergenti<\/span><\/li>\n<li><span data-preserver-spaces=\"true\">Raccordi, flange, tubazioni<\/span><\/li>\n<li><span data-preserver-spaces=\"true\">Acciaio<\/span><\/li>\n<\/ul>\n<h5><strong>Ispezioni di Qualit\u00e0 per Prodotti Chimici<\/strong><\/h5>\n<p><span data-preserver-spaces=\"true\">Offriamo una gamma di servizi di ispezione chimica di terza parte: dall\u2019ispezione delle materie prime utilizzate nella produzione, alla verifica che i processi produttivi seguano le migliori pratiche del settore, fino al testing dei prodotti finiti per accertare che siano privi di difetti e contaminanti e correttamente etichettati.<\/span><\/p>\n<ul>\n<li><strong><a href=\"https:\/\/www.hqts.com\/it\/i-nostri-servizi\/quality-control-inspections\/ispezione-pre-produzione\/\">Ispezioni Prima della Produzione<\/a><\/strong><\/li>\n<li><strong><a href=\"https:\/\/www.hqts.com\/it\/i-nostri-servizi\/quality-control-inspections\/ispezione-durante-la-produzione\/\">Ispezioni Durante la Produzione<\/a><\/strong><\/li>\n<li><strong><a href=\"https:\/\/www.hqts.com\/it\/i-nostri-servizi\/quality-control-inspections\/ispezione-pre-spedizione\/\">Ispezioni Pre-Spedizione<\/a><\/strong><\/li>\n<li><strong><a href=\"https:\/\/www.hqts.com\/it\/i-nostri-servizi\/quality-control-inspections\/supervisione-del-carico-e-scarico\/\">Supervisione del Carico\/Scarico al Porto<\/a><\/strong><\/li>\n<\/ul>\n<h5><strong>Audit del Fornitore e della Fabbrica Chimica<\/strong><\/h5>\n<p><span data-preserver-spaces=\"true\">Offriamo servizi di audit per aiutarti a ridurre il rischio di ricevere prodotti scadenti o non sicuri. I nostri auditor esaminano accuratamente il fornitore in base a diversi criteri, tra cui licenze aziendali, strutture produttive, attrezzature e sistemi di gestione della qualit\u00e0.<\/span><\/p>\n<ul>\n<li><strong><a href=\"https:\/\/www.hqts.com\/it\/i-nostri-servizi\/audit-di-fabbrica\/\">Audit del Fornitore<\/a><\/strong><\/li>\n<li><span data-preserver-spaces=\"true\">Audit della Fabbrica<\/span><\/li>\n<\/ul>\n<h5><strong>Testing dei Prodotti Chimici<\/strong><\/h5>\n<p><span data-preserver-spaces=\"true\">Possiamo valutare se il prodotto chimico acquistato rispetta i livelli di purezza previsti ed \u00e8 privo di sostanze nocive e metalli pesanti che potrebbero rappresentare un pericolo per la salute o l\u2019ambiente.<\/span><\/p>\n<p><span data-preserver-spaces=\"true\">I prodotti chimici possono essere sottoposti a <strong><a href=\"https:\/\/www.hqts.com\/it\/i-nostri-servizi\/test-prodotti-materiali\/\">test<\/a><\/strong> secondo standard e protocolli specifici del settore, come ASTM, ISO e screening REACH per le SVHC. I nostri ispettori raccolgono un campione rappresentativo in loco e lo analizzano in laboratorio utilizzando tecniche e strumenti avanzati.<\/span><\/p>\n<h5><strong>Altri Servizi di Controllo Qualit\u00e0 per il Settore Chimico<\/strong><\/h5>\n<p><span data-preserver-spaces=\"true\">HQTS \u00e8 attrezzata per fornire una serie di servizi correlati all\u2019industria chimica, tra cui:<\/span><\/p>\n<ul>\n<li><strong><a href=\"https:\/\/www.hqts.com\/it\/i-nostri-servizi\/consulenza-controllo-qualita\/\">Servizi di Consulenza<\/a><\/strong><\/li>\n<li><strong><a href=\"https:\/\/www.hqts.com\/it\/i-nostri-servizi\/certificato-di-conformita\/\">Servizi di Certificazione Governativa<\/a><\/strong><\/li>\n<\/ul>\n<p>&nbsp;<\/p>\n<p><span data-preserver-spaces=\"true\">Per qualsiasi domanda o per ulteriori informazioni sui nostri servizi di controllo qualit\u00e0 per prodotti chimici, <strong><a href=\"https:\/\/www.hqts.com\/it\/contatti\/\">contattaci<\/a><\/strong> oggi stesso!<\/span><\/p>\n","protected":false},"excerpt":{"rendered":"<p>HQTS collabora con diverse piattaforme e-commerce in Asia per offrire numerosi servizi di controllo qualit\u00e0 e assicurazione qualit\u00e0.<\/p>\n","protected":false},"author":17,"featured_media":221346,"parent":221332,"menu_order":5,"comment_status":"closed","ping_status":"closed","template":"","meta":{"_acf_changed":false,"footnotes":""},"class_list":["post-221345","page","type-page","status-publish","has-post-thumbnail","hentry"],"acf":[],"_links":{"self":[{"href":"https:\/\/www.hqts.com\/it\/wp-json\/wp\/v2\/pages\/221345","targetHints":{"allow":["GET"]}}],"collection":[{"href":"https:\/\/www.hqts.com\/it\/wp-json\/wp\/v2\/pages"}],"about":[{"href":"https:\/\/www.hqts.com\/it\/wp-json\/wp\/v2\/types\/page"}],"author":[{"embeddable":true,"href":"https:\/\/www.hqts.com\/it\/wp-json\/wp\/v2\/users\/17"}],"replies":[{"embeddable":true,"href":"https:\/\/www.hqts.com\/it\/wp-json\/wp\/v2\/comments?post=221345"}],"version-history":[{"count":1,"href":"https:\/\/www.hqts.com\/it\/wp-json\/wp\/v2\/pages\/221345\/revisions"}],"predecessor-version":[{"id":221358,"href":"https:\/\/www.hqts.com\/it\/wp-json\/wp\/v2\/pages\/221345\/revisions\/221358"}],"up":[{"embeddable":true,"href":"https:\/\/www.hqts.com\/it\/wp-json\/wp\/v2\/pages\/221332"}],"wp:featuredmedia":[{"embeddable":true,"href":"https:\/\/www.hqts.com\/it\/wp-json\/wp\/v2\/media\/221346"}],"wp:attachment":[{"href":"https:\/\/www.hqts.com\/it\/wp-json\/wp\/v2\/media?parent=221345"}],"curies":[{"name":"wp","href":"https:\/\/api.w.org\/{rel}","templated":true}]}}